{"id":7723,"date":"2025-10-30T19:49:46","date_gmt":"2025-10-30T17:49:46","guid":{"rendered":"https:\/\/sisu.ut.ee\/ewod\/?page_id=7723"},"modified":"2025-10-30T19:50:08","modified_gmt":"2025-10-30T17:50:08","slug":"lehte-hainsalu-kohta","status":"publish","type":"page","link":"https:\/\/sisu.ut.ee\/ewod\/et\/h\/lehte-hainsalu\/lehte-hainsalu-kohta\/","title":{"rendered":"Lehte Hainsalu kohta"},"content":{"rendered":"<p><strong><em>Artiklid<\/em><\/strong><br>Ain Kaalep, <strong>Visand Lehte Hainsalust<\/strong>. \u2013 Sirp ja Vasar, 28. X 1988, lk 5.<br>Peeter Olesk, <strong>Mis on k\u00f5ige taga?<\/strong> \u2013 Looming, nr 10, 1988, lk 1431\u20131432. [Lehte Hainsalu 50.]<br>Asta P\u00f5ldm\u00e4e, <strong>Pimeduse \u00fcksikjuht: Lehte Hainsalu t\u00e4htp\u00e4evaks<\/strong>. \u2013 Keel ja Kirjandus, nr 10, 1988, lk 610\u2013617. [Lehte Hainsalu loomingust tema 50. s\u00fcnnip\u00e4eva puhul. Ilmunud ka: Ja valguse armulise: kirjat\u00f6id aastaist 1975\u20132013. Tallinn: Eesti Keele Sihtasutus, 2014, 587 lk, lk 11\u201326.]<br>Mari Klein, <strong>Lehte Hainsalu \u2013 v\u00e4simatu s\u00f5nahaldjas<\/strong>. \u2013 Eesti P\u00e4evaleht, 25. X 2008, lk 16. [Lehte Hainsalu 70.]<br>Raimu Hanson, <strong>Kirjanik soovib igas eas lugejatele raamatur\u00f5\u00f5mu<\/strong>. \u2013 Tartu Postimees, 31. X 2008, lk 7. [Lehte Hainsalu 70.]<br>Nele Otto, <strong>Lehte Hainsalu ballaadide motiivid<\/strong>. \u2013 Noored filoloogid. Emakeelep\u00e4ev t\u00e4is tarkuseteri. Tallinn: Tallinna \u00dclikooli Kirjastus, 2009, 273 lk, lk 193\u2013207.<br>Rein Veidemann, <strong>\u00dcheksav\u00e4gine Lehte Hainsalu<\/strong>. \u2013 Postimees, 27. X 2018, lk 10\u201311.<br>Raimu Hanson, <strong>Lehte Hainsalu t\u00f5i lugejate ette hilisluulet<\/strong>. \u2013 Tartu Postimees, 9. XI 2021, lk 8.<br>Raimu Hanson, <strong>Lehte Hainsalu v\u00f5itis Arved Viirlaiu auhinna<\/strong>. \u2013 Tartu Postimees, 16. XII 2022, lk 4.<br>Aivar Kull, <strong>Lehte Hainsalu hargnevate teede aed<\/strong>. \u2013 Tartu Postimees, 23. IX 2025, lk 8.<\/p>\n\n\n\n<p><strong><em>Arvustused<\/em><\/strong><br>Oskar Kruus, <strong>Peeglist ja kildudest, p\u00e4ikesest ja vastuhelgist<\/strong>. \u2013 Looming, nr 7, 1960, lk 1108\u20131111. [Raamatust \u2018Peeglikillud\u2019.]<br>Olev J\u00f5gi, <strong>Romaaniv\u00f5istluse kokkuv\u00f5tteid<\/strong>. \u2013 Keel ja Kirjandus, nr 1, 1966, lk 1\u201310. [Raamatust \u2018Pigilinnu laul\u2019 lk 7.]<br>Oskar Kruus, <strong>Pealoomise aegu<\/strong>. \u2013 Sirp ja Vasar, 3. VI 1966, lk 2\u20133. [Raamatust \u2018Rukis loob pead\u2019.]<br>Valeeria Villandi, <strong>Kristallpuhta kangelase lugu<\/strong>. \u2013 Keel ja Kirjandus, nr 3, 1968, lk 186\u2013187. [\u2018Pigilinnu laul\u2019.]<br>Ruth Mirov, <strong>P\u00e4hkliotsijast<\/strong>. \u2013 Keel ja Kirjandus, nr 2, 1973, lk 114\u2013116. [Raamatust \u2018Siinpool Toone voolamist\u2019.]<br>Mart M\u00e4ger, <strong>[Arvustus raamatutele \u2018Liivakellas niriseb aeg\u2019 ja \u2018P\u00f5hjavesi\u2019]<\/strong>. \u2013 Sirp ja Vasar, 2. V 1974, lk 5.<br>Oskar Kruus, <strong>Tammaru Mari kompleks ehk abielu puhkusel<\/strong>. \u2013 Sirp ja Vasar, 11. X 1974, lk 4\u20135. [Raamatust \u2018Luulepuhkusel\u2019.]<br>K\u00e4rt Hellerma, <strong>Fakt, arutlus, emotsioon<\/strong>. \u2013 Noorte H\u00e4\u00e4l, 26. XII 1982, lk 2. [Raamatust \u2018Tere \u00f5htust. Kuidas elate?\u2019.]<br>Rutt Hinrikus, <strong>Elulisele ainele toetudes<\/strong>. \u2013 Edasi, 5. III 1983, lk 5. [\u2018Tere \u00f5htust, kuidas elate?\u2019.]<br>Julius \u00dcrt, <strong>Adressaadiks koolilaps<\/strong>. \u2013 Sirp ja Vasar, 21. XII 1984, lk 5. [Raamatust \u2018Laps tahab klassi kammitsaist lahti\u2019.]<br>Tiit K\u00e4ndler, <strong>Kes te m\u00e4rgatud olete<\/strong>. \u2013 Looming, nr 5, 1989, lk 699\u2013700. [Raamatust \u2018Kes te koormatud olete\u2019.]<br>Aivar Kull, <strong>[Arvustus raamatule \u2018Kes te koormatud olete\u2019]<\/strong>. \u2013 Edasi, 17. VI 1989, lk 5. [Ilmunud ka: Kulli pilk, Tartu: Ilmamaa, 2005, 462 lk, lk 218\u2013221.]<br>Silvia Nagelmaa, <strong>Raamat \u2018Riiulilt\u2019<\/strong>. \u2013 Reede, 18. V 1990, lk 5. [Raamatust \u2018Taprite pidu\u2019.]<br>Sirje Maasikam\u00e4e, <strong>S\u00fcda kingiks<\/strong>. \u2013 \u00d5htuleht, 20. II 1995, lk 8. [Raamatust \u2018Pikkurilli\u2019.]<br>T\u00f5nu Seero, <strong>Ilus t\u00f5de olla vana ja mitte kedagi h\u00e4irida<\/strong>. \u2013 S\u00f5numileht, 5. IV 1997, lk 13. [Raamatust \u2018Viis minutit enne vihma\u2019.]<br>Mall J\u00f5gi, <strong>Inimese k\u00f5ikse parem raamat on tema p\u00e4\u00e4<\/strong>. \u2013 Eesti Ekspress, 11. IV 1997, lk B6. [\u2018Viis minutit enne vihma\u2019.]<br>Peeter K\u00fcnstler, <strong>Hea proosa, etem kui jutt<\/strong>. \u2013 Eesti P\u00e4evaleht, 19. IV 1997, lk 8. [\u2018Viis minutit enne vihma\u2019.]<br>Mati Soomre, <strong>S\u00f5narikas kirjas\u00f5na<\/strong>. \u2013 Maaleht, 27. XI 1997, lk 28. [Raamatust \u2018S\u00f5nalinnriik\u2019.]<br>Marika Mikli, <strong>Proosa 1997; tekste ja hoiakuid<\/strong>. \u2013 Looming, nr 3, 1998, lk 428\u2013400. [Lehte Hainsalust lk 435.]<br>Inna Gr\u00fcnfeldt, <strong>Viis minutit vihmani<\/strong>. \u2013 Virumaa Teataja, 7. III 1998, lk 6. [\u2018Viis minutit enne vihma\u2019.]<br>Aivar Kull, <strong>Hainsalu on kirjutanud oma parima teose<\/strong>. \u2013 Tartu Postimees, 30. X 1998, lk 4. [\u2018Viis minutit enne vihma\u2019.]<br>Mihkel Samar\u00fc\u00fctel, <strong>Pahase lugeja kiri<\/strong>. \u2013 Looming, nr 6, 1999, lk 948. [Romaanist \u2018Kukelokuti\u2019.]<br>Aivar Kull, <strong>Lehte Hainsalu mitmekihiline ohvriromaan<\/strong>. \u2013 Sirp, 14. I 2000, lk 12. [\u2018Kukelokuti\u2019. Ilmunud ka: Kulli pilk, Tartu: Ilmamaa, 2005, 462 lk, lk 222\u2013224.]<br>Olavi Ruitlane,<strong> V\u00e4gistamise anatoomia<\/strong>. \u2013 Sirp, 14. I 2000, lk 13. [\u2018Kukelokuti\u2019.]<br>Hedda Maurer, <strong>Valiku v\u00f5imalikkusest<\/strong>. \u2013 Postimees, 15. I 2000, lk 13. [\u2018Kukelokuti\u2019.]<br>Rutt Hinrikus, <strong>\u00c4ra minna luulesse<\/strong>. \u2013 Eesti P\u00e4evaleht: Arkaadia, 29. I 2000, lk 10. [Raamatutest \u2018Viis minutit p\u00e4rast vihma\u2019 ja \u2018Kukelokuti\u2019.]<br>Veiko M\u00e4rka, <strong>Filoloogia v\u00f5i \u017eurnalism, feminism v\u00f5i seksism?<\/strong> \u2013 Vikerkaar, nr 1, 2000, lk 109\u2013112. [\u2018Kukelokuti\u2019.]<br>Eeva Park, <strong>L\u00e4bi kaleidoskoobi<\/strong>. \u2013 Looming, nr 3, 2000, lk 466\u2013467. [\u2018Kukelokuti\u2019.]<br>Urmas Vadi, <strong>Kurikael Wiedemann<\/strong>. \u2013 Looming, nr 3, 2000, lk 464\u2013466. [\u2018Kukelokuti\u2019.]<br>Inna Gr\u00fcnfeldt, <strong>Hingesilma pilgu all<\/strong>. \u2013 Virumaa Teataja, 8. VII 2000, lk 5. [\u2018Viis minutit p\u00e4rast vihma\u2019.]<br>Inna Gr\u00fcnfeldt, <strong>Hargnevad elul\u00f5ngad<\/strong>. \u2013 Virumaa Teataja, 16. IX 2000, lk 5. [\u2018Kukelokuti\u2019.]<br>Eduard Krants, <strong>Kukelokuti kummitus<\/strong>. \u2013 Meie Elu=Our Life: Estonian weekly, 11. X 2000. [\u2018Kukelokuti\u2019.]<br>Aivar Kull, <strong>Lehte Hainsalu kirjanduslooline m\u00f5ttelend<\/strong>. \u2013 Postimees, 9. II 2002, lk 12. [Romaanist \u2018Kellakuuljad\u2019. Ilmunud ka: Kulli pilk, Tartu: Ilmamaa, 2005, 462 lk, lk 222\u2013227.]<br>Ele S\u00fcvalep, <strong>Ahel ja tee<\/strong>. \u2013 Keel ja Kirjandus, nr 6, 2002, lk 440 \u2013 443. [\u2018Kellakuuljad\u2019.]<br>Oskar Kruus, <strong>Romaan Eesti riigi idee idanemisest<\/strong>. \u2013 Akadeemia, nr 8, 2002, lk 1750\u20131755. [\u2018Kellakuuljad\u2019.]<br>Krista Kumberg, <strong>Vana ja uus maailma hajujate tagasih\u00f5ikuja<\/strong>. \u2013 Postimees, 4. IV 2003, lk 17. [Raamatust \u2018Kool on koolon: lustakas lugemik\u2019.]<br>Eduard Krants, <strong>Kirjanduslikud kellam\u00e4ngud<\/strong>. \u2013 Eesti Elu=Estonian Life: Estonian weekly, 21. V 2003. [\u2018Kellakuuljad\u2019.]<br>Aivar Kull, <strong>Lehte Hainsalu uurib noore neiu hingeelu<\/strong>. \u2013 Postimees, 31. X 2003, lk 14. [Raamatust \u2018Sul on teine\u2019.]<br>Aivar Kull, <strong>Haldjalik portree Lehte Hainsalust<\/strong>. \u2013 Postimees, 11. VI 2004, lk 19. [Arvustus Valeria R\u00e4niku raamatule \u2018Lehte Hainsalu: miski peab olema p\u00fcha\u2019. Ilmunud ka: Kulli pilk, Tartu: Ilmamaa, 2005, 462 lk, lk 428\u2013429.]<br>Mari Niitra, <strong>Hoolimise \u00f5ppetund<\/strong>. \u2013 Postimees, 25. X 2008, lk 9. [Raamatust \u2018V\u00e4ike valge\u2019.]<br>Ivi Drikkit, <strong>See maailm, kuhu me k\u00f5ik peame \u00e4ra mahtuma. Lugemiselamus: Lehte Hainsalu \u2018\u00dcksteist \u00fchte\u2019<\/strong>. \u2013 Postimees, 19. XI 2012, lk 10.<\/p>\n\n\n\n<p><em><strong>Intervjuud<\/strong><\/em><br>Ivi Drikkit, <strong>Lehte S\u00f6\u00f6t on j\u00e4lle Lehte Hainsalu<\/strong>. \u2013 Postimees, 23. I 1993, lk 2.<br>Erik Linnum\u00e4gi, <strong>Eluaeg ei saa ainult haikusid kirjutada<\/strong>. \u2013 Maaleht, 14. XII 1995, lk 29.<br>Livia Viitol, <strong>Intervjuu Lehte Hainsaluga<\/strong>. \u2013 Keel ja Kirjandus, nr 10, 1998, lk 704\u2013708.<br>Rein Raudvere, <strong>Parim kink emadep\u00e4evaks on laps<\/strong>. \u2013 Maaleht, 6. V 2004, lk 296\u2013297.<br>Annely Suits, <strong>Lehte Hainsalu: s\u00f5na v\u00f5ib olla tegu<\/strong>. \u2013 Eesti P\u00e4evaleht: Arkaadia, 11. VI 2005, lk 14.<br>Ilmar Palli, <strong>Lehte Hainsalu-S\u00f6\u00f6t: Seda vaba riiki tuleb iga\u00fchel ja iga p\u00e4ev hoida!<\/strong> \u2013 Maaleht, 18. VIII 2011, lk 28\u201329.<br>Ivi Drikkit,<strong> Ivi Drikkit r\u00e4\u00e4kis kirjanik Lehte Hainsaluga<\/strong>. \u2013 Tartu Postimees, 22. XII 2011, lk 3.<br>Raimu Hanson, <strong>Luule n\u00f5uab rasket t\u00f6\u00f6d arhiivides: Lehte Hainsalul valmis 75. s\u00fcnnip\u00e4eva eel ballaadikogu \u2018Ilma \u00e4\u00e4re p\u00e4\u00e4l\u2019<\/strong>. \u2013 Tartu Postimees, 31. X 2013, lk 8.<br>Rainer Kerge, <strong>Lehte Hainsalu: \u2018K\u00f5ige olulisem on see, milliste silmadega elu vaatad.\u2019<\/strong> \u2013 \u00d5htuleht, 7. IV 2018, lk 18\u201319.<br>Raimu Hanson, <strong>P\u00f5hiseadus s\u00fcndis raskelt ja kergelt<\/strong>. \u2013 Tartu Postimees, 10. XI 2021, lk 8.<\/p>\n","protected":false},"excerpt":{"rendered":"<p>ArtiklidAin Kaalep, Visand Lehte Hainsalust. \u2013 Sirp ja Vasar, 28. X 1988, lk 5.Peeter Olesk, Mis on k\u00f5ige taga? \u2013 Looming, nr 10, 1988, lk 1431\u20131432. [Lehte Hainsalu 50.]Asta P\u00f5ldm\u00e4e, Pimeduse \u00fcksikjuht: Lehte Hainsalu t\u00e4htp\u00e4evaks. \u2013 Keel ja Kirjandus, nr &#8230;<\/p>\n","protected":false},"author":43,"featured_media":0,"parent":7718,"menu_order":0,"comment_status":"closed","ping_status":"closed","template":"","meta":{"_acf_changed":false,"inline_featured_image":false,"footnotes":""},"class_list":["post-7723","page","type-page","status-publish","hentry"],"acf":[],"_links":{"self":[{"href":"https:\/\/sisu.ut.ee\/ewod\/et\/wp-json\/wp\/v2\/pages\/7723","targetHints":{"allow":["GET"]}}],"collection":[{"href":"https:\/\/sisu.ut.ee\/ewod\/et\/wp-json\/wp\/v2\/pages"}],"about":[{"href":"https:\/\/sisu.ut.ee\/ewod\/et\/wp-json\/wp\/v2\/types\/page"}],"author":[{"embeddable":true,"href":"https:\/\/sisu.ut.ee\/ewod\/et\/wp-json\/wp\/v2\/users\/43"}],"replies":[{"embeddable":true,"href":"https:\/\/sisu.ut.ee\/ewod\/et\/wp-json\/wp\/v2\/comments?post=7723"}],"version-history":[{"count":1,"href":"https:\/\/sisu.ut.ee\/ewod\/et\/wp-json\/wp\/v2\/pages\/7723\/revisions"}],"predecessor-version":[{"id":7724,"href":"https:\/\/sisu.ut.ee\/ewod\/et\/wp-json\/wp\/v2\/pages\/7723\/revisions\/7724"}],"up":[{"embeddable":true,"href":"https:\/\/sisu.ut.ee\/ewod\/et\/wp-json\/wp\/v2\/pages\/7718"}],"wp:attachment":[{"href":"https:\/\/sisu.ut.ee\/ewod\/et\/wp-json\/wp\/v2\/media?parent=7723"}],"curies":[{"name":"wp","href":"https:\/\/api.w.org\/{rel}","templated":true}]}}