{"id":7718,"date":"2024-04-03T23:42:34","date_gmt":"2024-04-03T20:42:34","guid":{"rendered":"https:\/\/sisu.ut.ee\/ewod\/?page_id=7718"},"modified":"2025-10-30T19:51:02","modified_gmt":"2025-10-30T17:51:02","slug":"lehte-hainsalu","status":"publish","type":"page","link":"https:\/\/sisu.ut.ee\/ewod\/et\/h\/lehte-hainsalu\/","title":{"rendered":"Lehte Hainsalu"},"content":{"rendered":"<figure class=\"wp-block-image alignright size-large\"><a href=\"https:\/\/sisu.ut.ee\/wp-content\/uploads\/sites\/108\/hainsalu_lehte_alar_madissoni_foto.jpg\"><img loading=\"lazy\" decoding=\"async\" width=\"638\" height=\"1024\" src=\"https:\/\/sisu.ut.ee\/wp-content\/uploads\/sites\/108\/hainsalu_lehte_2_alar_madissoni_foto-638x1024.jpg\" alt=\"\" class=\"wp-image-2262\" title=\"Foto: Alar Madisson\" srcset=\"https:\/\/sisu.ut.ee\/wp-content\/uploads\/sites\/108\/hainsalu_lehte_2_alar_madissoni_foto-638x1024.jpg 638w, https:\/\/sisu.ut.ee\/wp-content\/uploads\/sites\/108\/hainsalu_lehte_2_alar_madissoni_foto-187x300.jpg 187w, https:\/\/sisu.ut.ee\/wp-content\/uploads\/sites\/108\/hainsalu_lehte_2_alar_madissoni_foto.jpg 748w\" sizes=\"auto, (max-width: 638px) 100vw, 638px\"><\/a><\/figure>\n\n\n\n<p>Lehte Hainsalu (s. 31. X 1938) on eesti kirjanik ja luuletaja ning poliitik.<\/p>\n\n\n\n<p>Hainsalu s\u00fcndis Tartumaal Haaslava vallas. Ta on l\u00f5petanud Tartu 2. Keskkooli (1956) ning Tartu Riikliku \u00dclikooli (1961) eesti filoloogina. Aastast 1959 kannab kodanikunime S\u00f6\u00f6t. Hainsalu on t\u00f6\u00f6tanud ajalehes Edasi, Tartu aparaaditehases ja Eesti Televisiooni Tartu stuudios, samuti \u00f5petajana mitmes Tartu koolis ning Tartu Teoloogia Akadeemias. Alates 1958. aastast on ta Eesti Kirjanike Liidu liige, aastatel 1981\u20131990 oli Kirjanike Liidu Tartu osakonna juht. Osalenud aktiivselt Tartu NAK-i tegevuses. Aastatel 1990\u20131992 oli Eesti Vabariigi \u00dclemn\u00f5ukogu liige ja sotsiaalkomisjoni esimees ning P\u00f5hiseaduse Assamblee kodanike p\u00f5hi\u00f5iguste toimkonna aseesimees. 1980. aastal kirjutas ta alla Eesti poliitikas olulisele maam\u00e4rgile \u2013 40 kirjale \u2013 ning 1991. aastal h\u00e4\u00e4letas \u00fclemn\u00f5ukogus Eesti iseseisvuse poolt.<\/p>\n\n\n\n<p>Luuletamist alustas Lehte Hainsalu kooliajal. Esimesed luulekogud sisaldavad nii nooruslikku elutunnetust kui ka lembel\u00fc\u00fcrikat, t\u00f6\u00f6- ja loodusmotiive, hilisematesse lisandus t\u00f5simeelne m\u00f5tisklus ja \u00fchiskonnakriitika. Ajastukohaselt sai talle omaseks piltluule laad. Ta on kirjutanud sonette ja ballaade, saanud m\u00f5jutust ajaloost ja rahvaluulest. Luulest siirdus proosa juurde, anal\u00fc\u00fcsides selles \u00fchiskondlikke valupunkte nii noorte kui vanade elumurede kaudu, ning on andnud suure panuse ka eesti lastekirjandusse mitme p\u00f5lvkonna v\u00e4ltel.<\/p>\n\n\n\n<p>Ta on p\u00e4lvinud rohket tunnustust: ajakirja Looming aastapreemia (1981, 1985), Eduard Vilde kirjandusauhinna (1983, 1998), Friedebert Tuglase novelliauhinna (1987), Karl Eduard S\u00f6\u00f6di luuleauhinna (1992, 2015), Eesti romaaniv\u00f5istluse II preemia (1996) ja III preemia (2000). Sel sajandil on talle omistatud Valget\u00e4he V klassi teenetem\u00e4rk (2001), Riigivapi IV klassi teenetem\u00e4rk (2002), Riigivapi III klassi teenetem\u00e4rk (2006), Tartu Suurt\u00e4ht ja Tartu aukodaniku tiitel (2012), Bengt Gottfried Forseliuse Seltsi Suur Kuldtukat (2012), Vanemuise Seltsi auliikme nimetus (2015) ja Eesti Kultuurkapitali kirjanduse sihtkapitali elut\u00f6\u00f6preemia (2021).<\/p>\n\n\n\n<p><a><\/a> Ta on osalenud mitmesuguste \u00f5ppematerjalide koostamisel. Tema luulet on viisistatud ning valitud paljudesse antoloogiatesse.<\/p>\n\n\n\n<p><em>M. K.<\/em><\/p>\n\n\n\n<h4 class=\"wp-block-heading\"><br>Raamatud eesti keeles<\/h4>\n\n\n\n<p><strong><em>Luule<\/em><\/strong><br><strong>S\u00f5najala \u00f5is<\/strong>. Tallinn: Eesti Riiklik Kirjastus, 1957, 72 lk.<br><strong>Peeglikillud<\/strong>. Tallinn: Eesti Riiklik Kirjastus, 1960, 80 lk.<br><strong>Rukis loob pead<\/strong>. Tallinn: Eesti Riiklik Kirjastus, 1966, 88 lk.<br><strong>Siinpool Toone voolamist<\/strong>. Tallinn: Eesti Raamat, 1972, 68 lk.<br><strong>Liivakellas niriseb aeg<\/strong>. Tallinn: Eesti Raamat, 1973, 88 lk.<br><strong>P\u00f5hjavesi<\/strong>. Tallinn: Eesti Raamat, 1974, 54 lk.<br><strong>Ainsa \u00f6\u00f6ga l\u00e4bi maa<\/strong>. Tallinn: Eesti Raamat, 1980, 208 lk.<br><strong>Tuli tuhkhauas<\/strong>. Tallinn: Eesti Raamat, 1986, 96 lk.<br><strong>Taprite pidu<\/strong>. Tallinn: Eesti Raamat, 1989, 78 lk.<br><strong>Pika Hermanniga<\/strong>. Tartu: L. Hainsalu, 1994, 151 lk.<br><strong>Lapsed lennand tuulde<\/strong>. Tallinn: Eesti Raamat, 2003, 352 lk.<br><strong>Mineviku tulevik<\/strong>. Tallinn: Atlex, 2008, 63 lk.<br><strong>Laul kindaid \u00fcles harutades<\/strong>. Tallinn: Eesti Raamat, 2008, 134 lk.<br><strong>Maximini<\/strong>. Tallinn: Eesti Raamat, 2009, 208 lk.<br><strong>Ilma \u00e4\u00e4re p\u00e4\u00e4l<\/strong>. Tallinn: Eesti Raamat, 2013, 96 lk.<br><strong>Tuttuus titt<\/strong>. Tallinn: Kentaur, 2013, 28 lk.<br><strong>Maailm m\u00f6\u00f6dub<\/strong>. Tallinn: Eesti Keele Sihtasutus, 2014, 64 lk.<br><strong>Emaj\u00f5e sinine veri<\/strong>. Tartu: Punane Maakera, 2018, 73 lk.<br><strong>Valuvaba<\/strong>. Tallinn: Tuum, 2021, 130 lk.<\/p>\n\n\n\n<p><strong><em>Romaanid<\/em><\/strong><br><strong>Pigilinnu laul<\/strong>. Tallinn: Eesti Raamat, 1967, 128 lk.<br><strong>Viis minutit enne vihma<\/strong>. Tallinn: Eesti Raamat, 1997, 136 lk.<br><strong>Viis minutit p\u00e4rast vihma<\/strong>. Tallinn: Eesti Raamat, 1999, 128 lk.<br><strong>Kukelokuti<\/strong>. Tallinn: Virgela, 1999, 174 lk.<br><strong>Kellakuuljad<\/strong>. Tallinn: Eesti Raamat, 2001, 488 lk. [2. tr\u00fckk, Tallinn: Eesti Raamat, 2007, 509 lk.]<br><strong>Sul on teine<\/strong>. Tallinn: Eesti Raamat, 2003, 159 lk.<br><strong>Kolmk\u00f5la ehk 3 k\u00f5la<\/strong>. Tallinn: Eesti Raamat, 2008, 159 lk.<br><strong>Vastamata k\u00f5ne<\/strong>. Tallinn: Eesti Raamat, 2011, 110 lk.<\/p>\n\n\n\n<p><strong><em>L\u00fchiproosa<\/em><\/strong><br><strong>Luulepuhkusel<\/strong>. Tallinn: Eesti Raamat, 1974, 200 lk.<br><strong>Kes te koormatud olete<\/strong>. Tallinn: Eesti Raamat, 1988, 192 lk.<br><strong>Lakka ilma redelita<\/strong>. Tallinn: Eesti Raamat, 1996, 143 lk.<\/p>\n\n\n\n<p><strong><em>Lastekirjandus (luule ja proosa)<\/em><\/strong><br><strong>Kui ma \u00fckskord<\/strong>. Tallinn: Eesti Raamat, 1971, 23 lk. [2. tr\u00fckk, Tallinn: KPD, 2005, 23 lk \u2013 kakskeelne teos, eesti ja vene keeles.]<br><strong>10 kooki<\/strong>. Tallinn: Eesti Raamat, 1972, 17 lk; [2. tr\u00fckk, Tallinn: Perioodika, 1990, 24 lk; 3. tr\u00fckk: Tallinn: Tulikiri, 2015, 32 lk.]<br><strong>Suur vend Mati ja v\u00e4ike \u00f5de Kati<\/strong>. Tallinn: Eesti Raamat, 1973, 48 lk.<br><strong>Anned ja Marid<\/strong>. Tallinn: Eesti Raamat, 1974, 24 lk.<br><strong>Laps tahab klassi kammitsaist lahti<\/strong>. Tallinn: Eesti Raamat, 1984, 40 lk.<br><strong>Vanas\u00f5nam\u00e4ng<\/strong>. Tallinn: Tiritamm, 1992, 34 lk.<br><strong>Ega sina ometi k\u00e4rnkonna karda<\/strong>. Tallinn: Eesti Raamat, 1994, 32 lk.<br><strong>Pikkurilli<\/strong>. Tartu: Ilmamaa, 1994, 48 lk.<br><strong>N\u00f5iamaja<\/strong>. Tartu: Elmatar, 1995, 6 lk.<br><strong>Jette<\/strong>. Tallinn: Kupar, 1997, 40 lk.<br><strong>Pimmi<\/strong>. Tallinn: Varrak, 1998, 32 lk.<br><strong>Seitse m\u00fctsikest<\/strong>. Tallinn: Varrak, 1999, 48 lk.<br><strong>Kool on koolon<\/strong>. Tartu: Elmatar, 2003, 168 lk.<br><strong>P\u00e4ikeseplika<\/strong>. Tartu: Elmatar, 2003, 23 lk.<br><strong>V\u00e4ike hiiglane<\/strong>. Tallinn: Maalehe Raamat, 2003, 82 lk.<br><strong>Lemmiko, vanema poeg<\/strong>. Tallinn: Maalehe Raamat, 2005, 144 lk.<br><strong>Suurej\u00fcri peremees<\/strong>. Tallinn: Eesti Keele Sihtasutus, 2006, 74 lk.<br><strong>R\u00f5\u00f5muratas<\/strong>. Tallinn: TEA Kirjastus, 2007, 64 lk.<br><strong>V\u00e4ike valge<\/strong>. Tartu: Atlex, 2008, 64 lk.<br><strong>Koerliblikas<\/strong>. Tallinn: TEA Kirjastus, 2008, 112 lk.<br><strong>M\u00e4ngiks midagi<\/strong>. Tallinn: Eesti Raamat, 2009, 47 lk.<br><strong>K\u00f5ne k\u00e4\u00e4ndub k\u00f5veraks<\/strong>. Tallinn: TEA Kirjastus, 2011, 63 lk.<br><strong>\u00dcksteist \u00fchte<\/strong>. Tartu: Elmatar, 2011, 503 lk.<br><strong>Kolm leopardikutsut<\/strong>. Tallinn: Avita, 2015, 48 lk.<br><strong>Kolm tosinat karvast ja sulelist<\/strong>. Tartu: Punane Maakera, 2015, 64 lk.<br><strong>Kui ma \u00fckskord \u2013 ja kuidas veel!<\/strong> Tallinn: Tuum, 2023, 43 lk.<br><strong>Hai laps on pai laps<\/strong>. Tallinn: Tuum, 2023, 56 lk.<br><strong>Tupsukeste imelised seiklused<\/strong>. Tallinn: Tuum, 2025, 44 lk.<\/p>\n\n\n\n<p><strong><em>Publitsistika<\/em><\/strong><br><strong>Tere \u00f5htust. Kuidas elate?<\/strong>. Tallinn: Eesti Raamat, 1982, 119 lk.<br><strong>Tagasivaatepeegel<\/strong>. Tartu: Tartu Autoveod, 1994, 216 lk.<br><strong>Dixi<\/strong>. Tallinn: Eesti Raamat, 2007, 334 lk.<\/p>\n\n\n\n<p><strong><em>Lehte Hainsalu kohta<\/em><\/strong><br>Valeria R\u00e4nik, <strong>Lehte Hainsalu: miski peab olema p\u00fcha<\/strong>. Tartu: V. R\u00e4nik, 2004, 263 lk.<\/p>\n\n\n\n<h4 class=\"wp-block-heading\"><a href=\"https:\/\/sisu.ut.ee\/ewod\/et\/h\/lehte-hainsalu\/lehte-hainsalu-kohta\/\" data-type=\"page\" data-id=\"7723\">Artiklid ja arvustused Lehte Hainsalu kohta<\/a><\/h4>\n","protected":false},"excerpt":{"rendered":"<p>Lehte Hainsalu (s. 31. X 1938) on eesti kirjanik ja luuletaja ning poliitik. Hainsalu s\u00fcndis Tartumaal Haaslava vallas. Ta on l\u00f5petanud Tartu 2. Keskkooli (1956) ning Tartu Riikliku \u00dclikooli (1961) eesti filoloogina. Aastast 1959 kannab kodanikunime S\u00f6\u00f6t. Hainsalu on t\u00f6\u00f6tanud &#8230;<\/p>\n","protected":false},"author":43,"featured_media":0,"parent":6478,"menu_order":0,"comment_status":"closed","ping_status":"closed","template":"","meta":{"_acf_changed":false,"inline_featured_image":false,"footnotes":""},"class_list":["post-7718","page","type-page","status-publish","hentry"],"acf":[],"_links":{"self":[{"href":"https:\/\/sisu.ut.ee\/ewod\/et\/wp-json\/wp\/v2\/pages\/7718","targetHints":{"allow":["GET"]}}],"collection":[{"href":"https:\/\/sisu.ut.ee\/ewod\/et\/wp-json\/wp\/v2\/pages"}],"about":[{"href":"https:\/\/sisu.ut.ee\/ewod\/et\/wp-json\/wp\/v2\/types\/page"}],"author":[{"embeddable":true,"href":"https:\/\/sisu.ut.ee\/ewod\/et\/wp-json\/wp\/v2\/users\/43"}],"replies":[{"embeddable":true,"href":"https:\/\/sisu.ut.ee\/ewod\/et\/wp-json\/wp\/v2\/comments?post=7718"}],"version-history":[{"count":3,"href":"https:\/\/sisu.ut.ee\/ewod\/et\/wp-json\/wp\/v2\/pages\/7718\/revisions"}],"predecessor-version":[{"id":7725,"href":"https:\/\/sisu.ut.ee\/ewod\/et\/wp-json\/wp\/v2\/pages\/7718\/revisions\/7725"}],"up":[{"embeddable":true,"href":"https:\/\/sisu.ut.ee\/ewod\/et\/wp-json\/wp\/v2\/pages\/6478"}],"wp:attachment":[{"href":"https:\/\/sisu.ut.ee\/ewod\/et\/wp-json\/wp\/v2\/media?parent=7718"}],"curies":[{"name":"wp","href":"https:\/\/api.w.org\/{rel}","templated":true}]}}