{"id":7708,"date":"2025-10-24T18:19:42","date_gmt":"2025-10-24T15:19:42","guid":{"rendered":"https:\/\/sisu.ut.ee\/ewod\/?page_id=7708"},"modified":"2025-10-24T18:19:44","modified_gmt":"2025-10-24T15:19:44","slug":"nikolai-baturini-kohta","status":"publish","type":"page","link":"https:\/\/sisu.ut.ee\/ewod\/et\/b\/nikolai-baturin\/nikolai-baturini-kohta\/","title":{"rendered":"Nikolai Baturini kohta"},"content":{"rendered":"<p><strong><em>Artiklid<\/em><\/strong><br>Aivo L\u00f5hmus, <strong>Nikolai Baturinist tema k\u00fcmnenda raamatu puhul, ilmse r\u00f5huasetusega proosale<\/strong>. \u2013 Sirp ja Vasar, 8. VIII 1980, lk 6. [Ilmunud ka: V\u00f5im ja vari: lugusid kaugematest ja l\u00e4hematest aegadest. Tartu: Ilmamaa, 2002, 318 lk, lk 221\u2013229.]<br>Raimond Kaugver, <strong>Pealkirjata m\u00f5tteid<\/strong>. \u2013 Looming, nr 1, 1981, lk 116\u2013117. [M\u00f5tteid A. L\u00f5hmuse artiklist Baturini kohta.]<br>Aivo L\u00f5hmus, <strong>Karu s\u00fcdame s\u00fcgavus<\/strong>. \u2013 Reede, 11. XI 1989. [Ilmunud ka: V\u00f5im ja vari: lugusid kaugematest ja l\u00e4hematest aegadest. Tartu: Ilmamaa, 2002, lk 229\u2013236.]<br>P\u00e4rt Lias, <strong>Nikolai Baturin<\/strong>. \u2013 Eesti kirjanduse ajalugu viies k\u00f6ites. V k\u00f6ide, 2. raamat, Kirjandus Eestis 1950\u20131980-ndail aastail. Tallinn: Eesti Raamat, 1991, 691 lk, Baturinist lk 530\u2013535.<br>Luule Epner, <strong>\u2018Maailm on oma p\u00f5hiehituses lihtne.\u2019 Jooni Nikolai Baturini loomingust<\/strong>. \u2013 Keel ja Kirjandus, nr 8, 1996, lk 521\u2013530.<br>Aivo L\u00f5hmus, <strong>M\u00fc\u00fct ja reaalsus, aeg ja igavik. Baturinit \u00fcle lugedes<\/strong>. \u2013 Looming, nr 8, 1996, lk 1128\u20131136. [Ilmunud ka: V\u00f5im ja vari: lugusid kaugematest ja l\u00e4hematest aegadest. Tartu: Ilmamaa, 2002, 318 lk, lk 236\u2013249.]<br>Juku-Kalle Raid, <strong>Mees ja tema s\u00f5na<\/strong>. \u2013 Luup, 25. XI 1996, lk 50\u201351.<br>Juhan Kangur, <strong>\u00dchest omap\u00e4rasest eesti kirjanikust<\/strong>. \u2013 Rahvuslik Kontakt (Stockholm), nr 2, 1997, 19\u201321.<br>Indrek Peterson, <strong>Autorileksika uurimisv\u00f5imalusi Nikolai Baturini kirjakeelse luule n\u00e4itel<\/strong>. \u2013 Keel ja Kirjandus, nr 10, 2002, lk 692\u2013701. [Bibliograafia joonealustes m\u00e4rkustes. Artikkel p\u00f5hineb magistrit\u00f6\u00f6l \u2018Erip\u00e4rast s\u00f5navara N. Baturini kirjakeelsetes luuletustes (1963\u20131981)\u2019 (Tartu \u00dclikooli eesti keele \u00f5ppetool, 1997).]<br>Arvo Iho, <strong>Suur mees, kes loob m\u00fc\u00fcte<\/strong>. \u2013 Eesti P\u00e4evaleht, 31. VII 2006, lk 17. [Nikolai Baturin 70.]<br>Lii Unt, <strong>\u00dcksik hunt V\u00f5rtsj\u00e4rve \u00e4\u00e4res<\/strong>. \u2013 Eesti Naine, nr 8, 2006, lk 17. [Nikolai Baturin 70.]<br>Epp Annus, <strong>Hea ilus valu: Baturini tegelaste estetiseeritud kannatused<\/strong>. \u2013 Keel ja Kirjandus, nr 11, 2006, lk 863\u2013874. [Ilmunud ka: Retked avarilmas: m\u00f5tisklusi Nikolai Baturini loomingust. Tartu: Eesti Kirjanike Liidu Tartu osakond, 2009, 135 lk, lk 31\u201348, kommenteerinud Nikolai Baturin, Berk Vaher.]<br>Lauri Sommer, <strong>Sinivalla serval \u2013 Nikas luuletajana<\/strong>. \u2013 Retked avarilmas: m\u00f5tisklusi Nikolai Baturini loomingust. Tartu: Eesti Kirjanike Liidu Tartu osakond, 2009, 135 lk, lk 75\u201386. [Nikolai Baturini luuleloomingust. Kommenteerinud Nikolai Baturin.]<br>Luule Epner, <strong>Nikolai Baturini n\u00e4htav ja n\u00e4htamatu teater<\/strong>. \u2013 Retked avarilmas: m\u00f5tisklusi Nikolai Baturini loomingust. Tartu: Eesti Kirjanike Liidu Tartu osakond, 2009, 135 lk, lk 89\u2013102. [Nikolai Baturini draamatekstidest. Kommenteerinud Nikolai Baturin, Berk Vaher.]<br>Alo Joospeson, <strong>Kultuuriteemade k\u00fctielu: r\u00e4nnurajad romaanist ekraanile<\/strong>. \u2013 Retked avarilmas: m\u00f5tisklusi Nikolai Baturini loomingust. Tartu: Eesti Kirjanike Liidu Tartu osakond, 2009, 135 lk, lk 105\u2013119. [Nikolai Baturini romaani j\u00e4rgi tehtud filmist \u2018Karu s\u00fcda\u2019 (re\u017eiss\u00f6\u00f6r Arvo Iho). Kommenteerinud Nikolai Baturin.]<br>Tiina Kirss, <strong>Karu s\u00fcdamest jutum\u00e4rkideta<\/strong>. \u2013 Retked avarilmas: m\u00f5tisklusi Nikolai Baturini loomingust. Tartu: Eesti Kirjanike Liidu Tartu osakond, 2009, 135 lk, lk 61\u201372. [Romaanist \u2018Karu s\u00fcda\u2019. Kommenteerinud Nikolai Baturin.]<br>Janika Kronberg, <strong>Vaade glokaalsele Baturinile<\/strong>. \u2013 Retked avarilmas: m\u00f5tisklusi Nikolai Baturini loomingust. Tartu: Eesti Kirjanike Liidu Tartu osakond, 2009, 135 lk, lk 23\u201329. [Polaarsustest Nikolai Baturini loomingus. Kommenteerinud Nikolai Baturin.]<br>Berk Vaher, <strong>V\u00f5idukalt kaotada: suure kirjanduse kaitseks<\/strong>. \u2013 Retked avarilmas: m\u00f5tisklusi Nikolai Baturini loomingust. Tartu: Eesti Kirjanike Liidu Tartu osakond, 2009, 135 lk, lk 9\u201321. [Nikolai Baturini loomingust kui nn k\u00f5rgkirjandusest. Pikemalt Baturini romaanist \u2018S\u00f5najalg kivis\u2019.]<br>Aimar Ventsel, <strong>\u2018Karu s\u00fcda\u2019 etnoloogi pilguga<\/strong>. \u2013 Retked avarilmas: m\u00f5tisklusi Nikolai Baturini loomingust. Tartu: Eesti Kirjanike Liidu Tartu osakond, 2009, 135 lk, lk 51\u201359. [Kommenteerinud Nikolai Baturin, Berk Vaher, Hando Runnel.]<br>Monica-Linde Klemet, <strong>Eneseotsingud Nikolai Baturini taigaromaanides<\/strong>. \u2013 Noored filoloogid. Emakeelep\u00e4ev t\u00e4is tarkuseteri. Tallinn: Tallinna \u00dclikooli Kirjastus, 2009, 273 lk, lk 208\u2013229.<br>Berk Vaher, <strong>Baturini helid ja vaikused. \u2018Ringi vangid\u2019<\/strong>. \u2013 Looming, nr 8, 2011, lk 1149\u20131167. [Nikolai Baturini 75. s\u00fcnnip\u00e4evaks, romaanist \u2018Ringi vangid\u2019.]<br>Ilmar Palli, <strong>Just \u00fcksinduses t\u00e4ituvad s\u00fcda ja hing sisuga<\/strong>. \u2013Kodukohalood: r\u00e4nnakud Eesti kultuuriinimeste lapsep\u00f5lve. Tallinn: Hea Lugu, 2013, 343 lk, lk 311\u2013318. [Nikolai Baturini lapsep\u00f5lveradadel Arumetsa k\u00fclas ja Viljandis.]<br>Tambet Kaugema, <strong>Priit P\u00f5ldma: \u2018Nikolai Baturinil on lause: m\u00f5istmine on andestus.\u2019<\/strong> \u2013 Teatrielu 2023. Tallinn: Eesti Teatriliit, 2024, lk 219\u2013226. [Nikolai Baturini elust t\u00f5ukuvast lavastusest \u2018Kotka tee taeva all\u2019.]<\/p>\n\n\n\n<p><em><strong>Arvustused<\/strong><\/em><br>Einar Kraut, <strong>Luua maailm uuesti<\/strong>. \u2013 Keel ja Kirjandus, nr 4, 1969, lk 242\u2013246. [Luulekassetist \u2018Noored autorid 1967\u2019 ja kassetti kuuluvast Baturini luulekogust \u2018Maaalused j\u00e4rved\u2019.]<br>Ain Kaalep, <strong>Viienda noorte autorite kasseti puhul<\/strong>. \u2013 Sirp ja Vasar, 23. V 1969, lk 5. [\u2018Noored autorid 1967\u2019, \u2018Maaalused j\u00e4rved\u2019.]<br>Eha L\u00e4ttem\u00e4e, <strong>Baturinist murdekeele taustal<\/strong>. \u2013 Looming, nr 4, 1973, lk 693\u2013694. [Raamatust \u2018V\u00e4ljadelt ja v\u00e4ljakutelt\u2019.]<br>Mart M\u00e4ger, <strong>Avarilma v\u00e4rvidest<\/strong>. \u2013 Looming, nr 3, 1974, lk 517\u2013518. [Raamatust \u2018Kuningaonni kuningas\u2019.]<br>Arno Oja, <strong>Hajapoeem proosas<\/strong>. \u2013 Sirp ja Vasar, 19. IV 1974, lk 4\u20135. [Raamatust \u2018Varahilisel ajal\u2019.]<br>Silvia Nagelmaa, <strong>Keski veerip lugede<\/strong>. \u2013 Sirp ja Vasar, 11. VII 1975. [Raamatust \u2018Kajokurelend\u2019.]<br>Arno Oja, <strong>Ki\u00e4ki \u00fc\u00fcveldep elkj\u00e4t ajalastu<\/strong>. \u2013 Looming, nr 11, 1975, lk 1929\u20131931. [\u2018Kajokurelend\u2019.]<br>Mall J\u00f5gi. <strong>Oaasi j\u00f5udmine<\/strong>. \u2013 Sirp ja Vasar, 13. VIII 1976, lk 5. [Raamatust \u2018Oaas\u2019.]<br>Silvia Nagelmaa, <strong>Vanu pilte uutes raamides ja vastupidi<\/strong>. \u2013 Sirp ja Vasar, 24. VII 1977, lk 5. [Raamatust \u2018Galerii\u2019.]<br>Paul Pii, <strong>Luuletades Lethe kaldal. Baturini teose esietendus<\/strong>. \u2013 Sirp ja Vasar, 13. III 1981, lk 11. [Lavastusest \u2018Anekdoot Haroni venest\u2019.]<br>Olev Remsu, <strong>Raske lugu<\/strong>. \u2013 Looming, nr 8, 1985, lk 1138\u20131139. [Romaanist \u2018Noor j\u00e4\u00e4\u2019.]<br>Livia Viitol, <strong>Kildu Valdholmi juhtum<\/strong>. \u2013 Keel ja Kirjandus, nr 9, 1985, lk 556\u2013558. [\u2018Noor j\u00e4\u00e4\u2019.]<br>Aivo L\u00f5hmus, <strong>Karu s\u00fcdame s\u00fcgavus<\/strong>. \u2013 Reede, 11. XI 1989, lk 5; 17. XI 1989, lk 5. [Romaanist \u2018Karu s\u00fcda\u2019.]<br>Ilmar Mikiver, <strong>[Arvustus romaanile \u2018Karu s\u00fcda\u2019]<\/strong>. \u2013 World Literature Today, nr 1, 1991, lk 151.<br>Olev Remsu, <strong>M\u00f5rv &amp; esteetika<\/strong>. \u2013 Looming, nr 6, 1993, lk 845\u2013846. [Raamatust \u2018M\u00f5rv majakal\u2019.]<br>Talvo Pabut, <strong>Nikolai Baturin ei karda surma<\/strong>. \u2013 Kultuurileht, 26. II 1994. [Romaanist \u2018Kartlik Nikas, l\u00f5vilakkade kammija\u2019.]<br>Henn-Kaarel Hellat, <strong>M\u00e4lestustem\u00e4ng<\/strong>. \u2013 Keel ja Kirjandus, nr 4, 1994, lk 243\u2013244. [\u2018Kartlik Nikas, l\u00f5vilakkade kammija\u2019.]<br>Peeter K\u00fcnstler, <strong>Vaga, groteskne ja keelel\u00f5bus muinasjutt<\/strong>. \u2013 Looming, nr 5, 1996, lk 704\u2013705. [Romaanist \u2018Ringi vangid\u2019.]<br>Toomas Raudam, <strong>S\u00f5na vang<\/strong>. \u2013 Postimees, 18. VI 1996, lk 13. [\u2018Ringi vangid\u2019.]<br>Maire Liivamets, <strong>M\u00fcsteeriumi k\u00fctkes<\/strong>. \u2013 Keel ja Kirjandus, nr 7, 1996, lk 481\u2013482. [\u2018Ringi vangid\u2019.]<br>Aita Kivi, <strong>Kr\u00fcsanteem ja takjas uue ilma ahistuses<\/strong>. \u2013 S\u00f5numileht, 19. VII 1996, lk 15. [\u2018Ringi vangid\u2019.]<br>Arno Oja, <strong>R\u00e4ndav s\u00f5nnukumardikas sigitab ringe<\/strong>. \u2013 Eesti P\u00e4evaleht, 27. IX 1996, lk 7. [\u2018Ringi vangid\u2019.]<br>Led Seppel, <strong>Lapsep\u00f5lve v\u00f5rrandid<\/strong>. \u2013 Kultuurimaa, 20. XI 1996, lk 12. [\u2018Ringi vangid\u2019.]<br>Jaanika Kressa, <strong>Raske imeline Baturin ja pr\u00fcgim\u00e4e nukud: anal\u00fc\u00fctikuid ja keelefilosoofe oodates<\/strong>. \u2013 Sakala, 15. I 1998, lk. 5.[Romaanist \u2018Apokal\u00fcpsis anno Domini\u2026\u2019.]<br>Peeter K\u00fcnstler, <strong>Antiutoopia, paroodia, hapukas l\u00fcpsis<\/strong>. \u2013 Postimees 1. III 1998, lk 5. [\u2018Apokal\u00fcpsis anno Domini\u2026\u2019.]<br>Lauri Sommer, <strong>Vaimupomm Barbie\u2019le ja Kenile<\/strong>. \u2013 Vikerkaar, nr. 7\/8, 1998, lk 186\u2013187. [\u2018Apokal\u00fcpsis anno Domini\u2026\u2019.]<br>Toomas Liiv, <strong>Baturini maailmal\u00f5pp: k\u00e4es v\u00f5i ees<\/strong>. \u2013 Looming, nr 8, 1998, lk 1280\u20131281. [\u2018Apokal\u00fcpsis anno Domini\u2026\u2019.]<br>Kadri K\u00f5usaar, Juku-Kalle Raid, <strong>[Arvustus romaanile \u2018Karu s\u00fcda\u2019]<\/strong>. \u2013Eesti Ekspress, 31. X 2002, lk B9.<br>Urve Sinisalu, <strong>Nikolai Baturini \u2018Karus\u00fcda\u2019<\/strong>. \u2013Valgamaalane, 3. VII 2003, lk 5. [\u2018Karu s\u00fcda\u2019.]<br>Eeva Park, <strong>Suur maailm Baturini tugevas haardes<\/strong>. \u2013 Eesti P\u00e4evaleht: Arkaadia, 12. IX 2003, lk 13. [Romaanist \u2018Kentaur\u2019.]<br>Berk Vaher, <strong>Jan Kaus, K\u00f5rge ja s\u00fcgav laotus<\/strong>. \u2013 Sirp, 26. IX 2003, lk 6. [\u2018Kentaur\u2019.]<br>Sven Vabar, <strong>Taiga p\u00f5leb, k\u00f5rb j\u00e4\u00e4b<\/strong>. \u2013 Sirp, 26. IX 2003, lk 7. [\u2018Kentaur\u2019.]<br>Janika Kronberg, <strong>Baturini kentauris\u00f6\u00f6st suurde tulevikku<\/strong>. \u2013 Postimees, 31. X 2003, lk 17. [\u2018Kentaur\u2019.]<br>Jaanus Adamson, <strong>Uus ja oluline eesti romaan!<\/strong> \u2013 Eesti Ekspress, 16. XI 2003, lk B9. [\u2018Kentaur\u2019.]<br>K\u00e4rt Hellerma, <strong>Baturini romantilised absoluudid<\/strong>. \u2013 Keel ja Kirjandus, nr 1, 2004, lk 60\u201363. [\u2018Kentaur\u2019. Ilmunud ka: Kohanenud kirjandus: valik kirjanduskriitikat 1987\u20132006. Tallinn: Eesti Keele Sihtasutus, 2006, 206 lk, lk 57\u201363.]<br>Kadri K\u00f5usaar, <strong>\u00dclekaaluline, aga ikkagi ilusaim<\/strong>. \u2013 Looming, nr 1, 2004, lk 135\u2013137. [\u2018Kentaur\u2019.]<br>Andres Langemets, <strong>Kentauri v\u00f5itlus v\u00f5i v\u00f5itlus kentauridega?<\/strong> \u2013 Vikerkaar, nr 3, 2004, lk 101\u2013104. [\u2018Kentaur\u2019.]<br>Maarius Suviste, <strong>M\u00e4rkmeid kauni teksti tekkest<\/strong>. \u2013 Maaleht, 21. X 2004, lk 22. [\u2018Kentaur\u2019.]<br>Rein Sikk, <strong>\u00c4rimehe \u00f6\u00f6kapiraamat r\u00e4\u00e4gib t\u00f5e rahahunnikust<\/strong>. \u2013Virumaa Teataja, 23. II 2005, lk 5. [\u2018Kentaur\u2019.]<br>Eduard Krants, <strong>Jahivaim kirvari j\u00e4lgedes<\/strong>. \u2013 Eesti Elu=Estonian Life: Estonian weekly, 24. III 2005. [\u2018Karu s\u00fcda\u2019.]<br>Kalju Lillepuu, <strong>Nukumaailma virvatuled<\/strong>. \u2013 Tr\u00fckikirjad: m\u00f5tteuiteid kirjandusradadelt. Viljandi: K. Lillepuu, 2005, 160 lk, lk 96\u2013100. [\u2018Apokal\u00fcpsis anno Domini\u2026\u2019. Varem ilmunud: Sakala, 9. I 1998.]<br>Kalju Lillepuu, <strong>Suur kunst elada ehk L\u00e4bi kitsa tee<\/strong>. \u2013 Tr\u00fckikirjad: m\u00f5tteuiteid kirjandusradadelt. Viljandi: K. Lillepuu, 2005, 160 lk, lk 101\u2013103. [\u2018Kentaur\u2019. Varem ilmunud: Sakala, 10. I 2004, lk 5.]<br>Kalju Lillepuu, <strong>Avarilma triloogia apoteooslik l\u00f5pp<\/strong>. \u2013 Sakala, 5. VIII 2006, lk 5. [Romaanist \u2018S\u00f5najalg kivis\u2019. Lisatud on N. Baturini bibliograafia ja valik auhindu.]<br>J\u00fcrgen Rooste, <strong>Militaarne ja ulmeline Iiob<\/strong>. \u2013 Sirp, 10. XI 2006, lk 6. [Romaanist \u2018S\u00f5najalg kivis\u2019. Vastukaja: Baturin, Nikolai. Pooluste vahel on maa(ilm), Sirp, 5. I 2007, lk 10.]<br>Henri Schmidt, <strong>Salamander kivis<\/strong>. \u2013 Sirp, 10. XI 2006, lk 6. [\u2018S\u00f5najalg kivis\u2019. Vastukaja: Baturin, Nikolai. Pooluste vahel on maa(ilm), Sirp, 5. I 2007, lk 10.]<br>Peeter Helme, <strong>Kaks \u00fches tulemus on null<\/strong>. \u2013 Sirp, 10. XI 2006, lk 7. [\u2018S\u00f5najalg kivis\u2019. Vastukaja: Baturin, Nikolai. Pooluste vahel on maa(ilm), Sirp, 5. I 2007, lk 10.]<br>Berk Vaher, <strong>V\u00f5idukalt kaotada<\/strong>. \u2013 Looming, nr 11, 2006, lk 1740\u20131745.[\u2018S\u00f5najalg kivis\u2019. Ilmunud ka: S\u00f5nastamatu lend s\u00f5nades: kirjutusi kirjandusest. I. Tallinn: Eesti Keele Sihtasutus, 2014, 310 lk, lk 240\u2013253.]<br>Jaanus Vaiksoo, <strong>Kivi, kivim, k\u00f5ige kivim\u2026<\/strong> \u2013 Sirp, 5. I 2007, lk 10. [\u2018S\u00f5najalg kivis\u2019. Vastukaja: Baturin, Nikolai. Pooluste vahel on maa(ilm), Sirp, 5. I 2007, lk 10.]<br>Eva-Elise Oll, <strong>M\u00fcrgita pole muinasjutte<\/strong>. \u2013 V\u00e4rske R\u00f5hk, nr 11, 2007, lk 82\u201383. [Romaanist \u2018Apokal\u00fcpsis anno Domini\u2026\u2019.]<br>Berk Vaher, <strong>Kirjanik Baturini muu ja suurem maailm<\/strong>. \u2013 Eesti P\u00e4evaleht 17. IV 2009, lk 13. [Romaanist \u2018Delfiinide tee\u2019.]<br>Tiit Aleksejev, <strong>Lugedes Nikolai Baturini \u2018Delfiinide teed\u2019<\/strong>. \u2013 Looming, nr 8, 2009, lk 1152\u20131156. [\u2018Delfiinide tee\u2019.]<br>Priit Kruus, <strong>Baturini tee<\/strong>. \u2013 Vikerkaar, nr 10\/11, 2009, lk 163\u2013164. [\u2018Delfiinide tee\u2019.]<br>Berk Vaher, <strong>Parimad raamatud 2012<\/strong>. \u2013 Eesti Ekspress, 20. XII 2012, lk 36. [Romaanist \u2018Lendav hollandlanna\u2019.]<br>Berk Vaher, <strong>Baturini helid ja vaikused. \u2018Lendav hollandlanna\u2019<\/strong>. \u2013Looming, nr 8, 2013, lk 1152\u20131164.<br>Mihkel Mutt, <strong>Eesti kirjandus kui pretensioon.vanden\u00f5u.com. 2006. aasta proosa\u00fclevaade<\/strong>. \u2013 \u00d5htumaa Eesti. I, Kultuuripublitsistikat ja kirjandusartikleid. Tallinn: Fabian, 2014, 416 lk, lk 218\u2013260.<br>Berk Vaher, Jan Kaus, <strong>K\u00f5rge ja s\u00fcgav laotus: Berk Vaher ja Jan Kaus r\u00e4ndavad Baturini haaramatus ruumis<\/strong>. \u2013 S\u00f5nastamatu lend s\u00f5nades: kirjutusi kirjandusest. I. Tallinn: Eesti Keele Sihtasutus, 2014, 310 lk, lk 233\u2013239. [Romaanist \u2018Kentaur\u2019.]<br>Berk Vaher, <strong>Baturini helid ja vaikused. \u2018Ringi vangid\u2019; \u2018Lendav hollandlanna\u2019<\/strong>. \u2013 S\u00f5nastamatu lend s\u00f5nades: kirjutusi kirjandusest. I. Tallinn: Eesti Keele Sihtasutus, 2014, 310 lk, lk 254\u2013306.<br>Rein Veidemann, <strong>P\u00e4ikesevarjutus laskub Euroopale idast<\/strong>. \u2013 Postimees 16. IV 2016, lk 12\u201313. [Romaanist \u2018Mongolite unen\u00e4oline invasioon Euroopasse\u2019.]<br>Tiit Aleksejev, <strong>Teekond unen\u00e4o teise otsa<\/strong>. \u2013 Looming, nr 8, 2016, lk. 1196\u20131198. [\u2018Mongolite unen\u00e4oline invasioon Euroopasse\u2019.]<br>Berk Vaher, <strong>Baturini helid ja vaikused. \u2018Kentaur\u2019<\/strong>. \u2013 Looming, nr 8, 2016, lk 1174\u20131188.<\/p>\n\n\n\n<p><strong><em>Intervjuud<\/em><\/strong><br><strong>Nikolai Baturin Anno Domini\u2026<\/strong> \u2013 Kodukolle, nr 8, 2000, lk 10\u201312.<br>Aime J\u00f5gi, <strong>\u2018Aastavahetusel oled \u00e4kki paljude heade inimeste hulgas\u2026\u2019<\/strong> \u2013 Sakala, 6. I 1996, lk 4.<br>Sven Vabar, <strong>Maa-aluste j\u00e4rvede allikad<\/strong>. \u2013 Looming, nr 1, 2004, lk 116\u2013126.<br>Merit Kask, <strong>V\u00f5imatuse v\u00f5imaluste looja: ma pole ulmekirjanik<\/strong>. \u2013 Postimees, 5. VIII 2005, lk 14. [Nikolai Baturin 69. Kommenteerinud Igor Baturin.]<br>Helina Piip,<strong> V\u00f5imatuse v\u00f5imalikkus<\/strong>. \u2013 Kodukolle, nr 3, 2006, lk 92.<br>Tiina Sarv, <strong>Inimolemus on ammendamatu nagu ookean<\/strong>. \u2013 Sakala, 5. VIII 2006, lk 4. [Nikolai Baturin 70.]<\/p>\n","protected":false},"excerpt":{"rendered":"<p>ArtiklidAivo L\u00f5hmus, Nikolai Baturinist tema k\u00fcmnenda raamatu puhul, ilmse r\u00f5huasetusega proosale. \u2013 Sirp ja Vasar, 8. VIII 1980, lk 6. [Ilmunud ka: V\u00f5im ja vari: lugusid kaugematest ja l\u00e4hematest aegadest. Tartu: Ilmamaa, 2002, 318 lk, lk 221\u2013229.]Raimond Kaugver, Pealkirjata m\u00f5tteid. &#8230;<\/p>\n","protected":false},"author":43,"featured_media":0,"parent":7702,"menu_order":0,"comment_status":"closed","ping_status":"closed","template":"","meta":{"_acf_changed":false,"inline_featured_image":false,"footnotes":""},"class_list":["post-7708","page","type-page","status-publish","hentry"],"acf":[],"_links":{"self":[{"href":"https:\/\/sisu.ut.ee\/ewod\/et\/wp-json\/wp\/v2\/pages\/7708","targetHints":{"allow":["GET"]}}],"collection":[{"href":"https:\/\/sisu.ut.ee\/ewod\/et\/wp-json\/wp\/v2\/pages"}],"about":[{"href":"https:\/\/sisu.ut.ee\/ewod\/et\/wp-json\/wp\/v2\/types\/page"}],"author":[{"embeddable":true,"href":"https:\/\/sisu.ut.ee\/ewod\/et\/wp-json\/wp\/v2\/users\/43"}],"replies":[{"embeddable":true,"href":"https:\/\/sisu.ut.ee\/ewod\/et\/wp-json\/wp\/v2\/comments?post=7708"}],"version-history":[{"count":1,"href":"https:\/\/sisu.ut.ee\/ewod\/et\/wp-json\/wp\/v2\/pages\/7708\/revisions"}],"predecessor-version":[{"id":7709,"href":"https:\/\/sisu.ut.ee\/ewod\/et\/wp-json\/wp\/v2\/pages\/7708\/revisions\/7709"}],"up":[{"embeddable":true,"href":"https:\/\/sisu.ut.ee\/ewod\/et\/wp-json\/wp\/v2\/pages\/7702"}],"wp:attachment":[{"href":"https:\/\/sisu.ut.ee\/ewod\/et\/wp-json\/wp\/v2\/media?parent=7708"}],"curies":[{"name":"wp","href":"https:\/\/api.w.org\/{rel}","templated":true}]}}