{"id":7695,"date":"2025-10-15T12:02:43","date_gmt":"2025-10-15T09:02:43","guid":{"rendered":"https:\/\/sisu.ut.ee\/ewod\/?page_id=7695"},"modified":"2025-10-15T12:02:44","modified_gmt":"2025-10-15T09:02:44","slug":"helga-nou-kohta","status":"publish","type":"page","link":"https:\/\/sisu.ut.ee\/ewod\/et\/n\/helga-nou\/helga-nou-kohta\/","title":{"rendered":"Helga N\u00f5u kohta"},"content":{"rendered":"<p><strong><em>Artiklid<\/em><\/strong><br>Arvo M\u00e4gi, <strong>Kirjanik heitleb tiigriga \u2013 Helga N\u00f5u 60<\/strong>. \u2013 Eesti P\u00e4evaleht, 21. IX 1994, lk 4.<br>Rutt Hinrikus, <strong>Helga N\u00f5u proosa<\/strong>. \u2013 Keel ja Kirjandus, nr 9, 1994, lk 527\u2013533.<br>Arvo M\u00e4gi, <strong>Helga N\u00f5u 70: kui palju \u00fcmbrus meid m\u00f5jutab?<\/strong> \u2013 Eesti P\u00e4evaleht = Estniska Dagbladet, 30. IX 2004.<br><strong>Eesti kirjandus paguluses XX sajandil, toimetanud Piret Kruuspere<\/strong>. \u2013 Tallinn: Underi ja Tuglase Kirjanduskeskus, 2008, 822 lk. [Helga N\u00f5ust lk 220\u2013228 ja bibliograafia lk 248\u2013249, k\u00e4sitluse autor Rutt Hinrikus; lk 349\u2013350 (n\u00e4idendist \u2018P\u00f5genejad\u2019, Piret Kruuspere) ja lk 549\u2013550 (laste- ja noorsooraamatutest, Reet Krusten).]<br><strong>Rootsis elav kirjanik Helga N\u00f5u: \u2018Ma oskan ilukirjandust ainult oma emakeeles kirjutada\u2019<\/strong>. \u2013 Eesti Elu = Estonian Life: Estonian weekly, 3. IV 2009. [Uppsalas elava kirjanikepaari Helga ja Enn N\u00f5u elust ja koolip\u00e4evadest Rootsis, Helga N\u00f5u noorsooromaanidest.]<br>Rein Veidemann, <strong>Helga N\u00f5u piirolu(d)<\/strong>. \u2013 Postimees, 19. IX 2009, lk 8. [Helga N\u00f5u 70.]<br><strong>Kirjanik Helga N\u00f5u t\u00e4histas septembris 75. s\u00fcnnip\u00e4eva<\/strong>. \u2013 Eesti P\u00e4evaleht = Estniska Dagbladet, 14. X 2009.<br>K\u00e4rt Hellerma, <strong>Helga N\u00f5u \u00fcksinduse lab\u00fcrindis: otse ja m\u00f5istu<\/strong>. \u2013 Sirp, 30. X 2009, lk 15.<br>Rasmus Rekand, <strong>Helga N\u00f5u r\u00e4\u00e4gib valjult asjadest, millest noored vaevu m\u00f5elda julgevad<\/strong>. \u2013 Tartu Ekspress, 18. III 2010, lk 4. [Helga N\u00f5u esitles Tartus oma uut noorsooromaani \u2018J\u00e4\u00e4auku\u2019.]<br>Paul Laand, <strong>Enn ja Helga N\u00f5u tulevad S. Eesti Majja<\/strong>. \u2013 Eesti P\u00e4evaleht = Estniska Dagbladet, 1. IX 2010, lk 4.<br>Raimu Hanson, <strong>Helga N\u00f5u: t\u00f5de peitub kirjanduses<\/strong>. \u2013 Tartu Postimees, 16. X 2014, lk 1.<br>Valner Valme, <strong>Helga N\u00f5u 80. s\u00fcnnip\u00e4eva konverents \u2018Valetaja t\u00f5eotsinguil\u2019 Tallinnas<\/strong>. \u2013 Eesti P\u00e4evaleht = Estniska Dagbladet, 12. XI 2014, lk 12.<br>Rutt Hinrikus, <strong>Helga N\u00f5u elust ja loomingust k\u00f5rvaltvaates<\/strong>. \u2013 Kahe vahel: artikleid kirjandusest ja elulugudest. Tartu: Eesti Kirjandusmuuseumi Teaduskirjastus, 2016, 350 lk, lk 286\u2013315.<\/p>\n\n\n\n<p><em><strong>Arvustused<\/strong><\/em><br>Paul Rummo, <strong>Kiri autorile<\/strong>. \u2013 Kodumaa, 20. X 1965, lk 2. [Raamatust \u2018Kass s\u00f6\u00f6b rohtu\u2019.]<br>Arvo M\u00e4gi, <strong>Kahevahel<\/strong>. \u2013 Tulimuld, nr 4, 1965, lk 254\u2013255. [\u2018Kass s\u00f6\u00f6b rohtu\u2019.]<br>Ivar Gr\u00fcnthal, <strong>Kassiromaan<\/strong>. \u2013 Mana, nr 4, 1965, lk 38\u201339. [\u2018Kass s\u00f6\u00f6b rohtu\u2019.]<br>Juhan Viiding, <strong>Kui k\u00f5ikidel majadel on aknad<\/strong>. \u2013 Mana, nr 32, 1967, lk 7\u20139. [Novellikogust \u2018Kord kolmap\u00e4eval\u2019.]<br>Uno Laht, <strong>Eess\u00f5na asemel<\/strong>. \u2013 Kodumaa, 5. VII 1967. [Novellist \u2018V\u00e4lismaalane\u2019.]<br>Eduard Krants, <strong>[Arvustus raamatule \u2018Paha poiss\u2019]<\/strong>. \u2013 Mana, nr 4, 1974, lk 103.<br>Elin Toona, <strong>[Arvustus raamatule \u2018Pea suu!\u2019]<\/strong>. \u2013 Mana, nr 53, 1984, lk 81\u201383.<br>Rutt Hinrikus, <strong>Juhused ja vastamata k\u00fcsimused<\/strong>. \u2013 Keel ja Kirjandus, nr 6, 1991, lk 370\u2013371. [Raamatust \u2018Paha poiss\u2019.]<br>Astrid Reinla, <strong>Ikka ja j\u00e4lle tankidest<\/strong>. \u2013 Keel ja Kirjandus, nr 6, 1991, lk 372\u2013373. [Raamatust \u2018Tiiger, tiiger\u2019.]<br>Oskar Kruus, <strong>Raamat, mis ajab hirmu nahka<\/strong>. \u2013 Looming, nr 3, 1994, lk. 421\u2013423. [Romaanist \u2018Inimvaresed\u2019.]<br>Toomas Liiv, <strong>Helga N\u00f5u ja Kord Kolmap\u00e4eval<\/strong>. \u2013 Looming, nr 12, 1994, lk 1669\u20131675. [Raamatust \u2018Kord kolmap\u00e4eval\u2019. Ilmunud ka: Toomas Liiv, Proosast. Tallinn: Virgela, 1997, 237 lk, lk 192\u2013200.]<br>Katrin Renter, <strong>Inimvareseid pole raske r\u00fchmitada<\/strong>. \u2013 P\u00e4evaleht, 2. VI 1995, lk 15. [\u2018Inimvaresed\u2019.]<br>Livia Viitol, <strong>Meeste maailm naise silmade l\u00e4bi<\/strong>. \u2013 Eesti P\u00e4evaleht, 11. VII 1995, lk 6. [\u2018Inimvaresed\u2019.]<br>Mati Unt, <strong>Elga untide ulgas<\/strong>. \u2013 Eesti Ekspress, 11. III 1999, lk B13. [Raamatust \u2018Hundi silmas\u2019.]<br>Asta P\u00f5ldm\u00e4e, <strong>Ulatuvuse m\u00f5\u00f5de<\/strong>. \u2013 Looming, nr 5, 1999, lk 776\u2013779.[\u2018Hundi silmas\u2019. Ilmunud ka: Ja valguse armulise: kirjat\u00f6id aastaist 1975\u20132013. Tallinn: Eesti Keele Sihtasutus, 2014, 587 lk, lk 419\u2013425.]<br>K\u00e4rt Hellerma, <strong>Hundi k\u00e4ttemaks naise (vaimu)silmas<\/strong>. \u2013 Sirp, 7. V 1999, lk 6. [\u2018Hundi silmas\u2019. Ilmunud ka: Hellerma, K\u00e4rt. Kohanenud kirjandus: valik kirjanduskriitikat 1987\u20132006. Tallinn: Eesti Keele Sihtasutus, 2006, 206 lk, lk 118\u2013122.]<br>Oskar Kruus, <strong>Libahundi ellu\u00e4ratamine<\/strong>. \u2013 Videvik, 11. VI 1999, lk 4. [\u2018Hundi silmas\u2019.]<br>Rutt Hinrikus, <strong>Mis on hundi silmas?<\/strong>. \u2013 Keel ja Kirjandus, nr 9, 1999, lk 650\u2013651. [\u2018Hundi silmas\u2019.]<br>Rein Veidemann, <strong>Helga N\u00f5u kirjutas romaani eesti noortest<\/strong>. \u2013 Postimees, 9. XI 2001, lk 13. [Raamatust \u2018T\u00f5mba uttu!\u2019.]<br>Arvi Leosk, <strong>Uus (hea ja p\u00f5nev) noorsooraamat<\/strong>. \u2013 \u00d5petajate Leht, 14. XII 2001, lk 13. [\u2018T\u00f5mba uttu!\u2019.]<br>Rutt Hinrikus, <strong>Kuidas elad, Joonas-poiss?<\/strong> \u2013 Postimees, 4. I 2002, lk 14. [\u2018T\u00f5mba uttu!\u2019.]<br>Arvo M\u00e4gi, <strong>T\u00e4nap\u00e4eva eesti koolinoored ei t\u00f5mba uttu!<\/strong> \u2013 Eesti P\u00e4evaleht = Estniska Dagbladet, 10. I 2002. [\u2018T\u00f5mba uttu!\u2019.]<br>K\u00e4rt Hellerma, <strong>Terve ahel noorteprobleeme<\/strong>. \u2013 Keel ja Kirjandus, nr 3, 2002, lk 206\u2013207. [\u2018T\u00f5mba uttu!\u2019.]<br>Berk Vaher, <strong>Tiiniriik<\/strong>. \u2013 Looming, nr 3, 2002, lk 465\u2013468. [\u2018T\u00f5mba uttu!\u2019.]<br>Kalju Lillepuu, <strong>Postmodernistlik teos ehk muiates elu paradokse otsimas<\/strong>. \u2013 Postimees, 26. IV 2002, lk 11. [Raamatust \u2018Peaaegu geenius ehk Schr\u00f6dingeri kassi otsimas\u2019.]<br>Krista Kumberg, <strong>Noortejutt k\u00fcll, aga natuke nihkes<\/strong>. \u2013 Postimees, 9. V 2003, lk 22. [Raamatust \u2018Kuues s\u00f5rm\u2019.]<br>Jaanika Palm, <strong>Helga N\u00f5u lastep\u00e4rane kuues s\u00f5rm<\/strong>. \u2013 Postimees, 9. V 2003, lk 22. [\u2018Kuues s\u00f5rm\u2019.]<br>Maria Juur, <strong>L\u00f5puni kihutav lugu<\/strong>. \u2013 Eesti P\u00e4evaleht: Arkaadia, 16. V 2003, lk 15. [\u2018Kuues s\u00f5rm\u2019.]<br>Rutt Hinrikus, <strong>[Arvustus raamatule \u2018T\u00f5mba uttu!\u2019]<\/strong>. \u2013World Literature Today, nr 1, 2003, lk 113\u2013114.<br>Signe Kalberg, <strong>Salap\u00e4rane murdvaras ja maha lastud rebane<\/strong>. \u2013 Eesti P\u00e4evaleht: Arkaadia, 21. IV 2006, lk 15. [Romaanist \u2018Ood lastud rebasele\u2019.]<br>K\u00e4rt Hellerma, <strong>M\u00f5istus ja tunded<\/strong>. \u2013 Keel ja Kirjandus, nr 7, 2006, lk 589\u2013591. [\u2018Ood lastud rebasele\u2019.]<br>Janika Kronberg, Anna-Liina Murel, <strong>Naiste v\u00e4rk v\u00f5i rebaselugu?<\/strong> \u2013 Looming, nr 9, 2006, lk 1423\u20131426. [\u2018Ood lastud rebasele\u2019.]<br>Olev Remsu, <strong>Tunneb ja oskab<\/strong>. \u2013 Sirp, 1. XII 2006, lk 7. [\u2018Ood lastud rebasele\u2019.]<br>Signe Kalberg, <strong>V\u00e4liseestlane Helga N\u00f5u kordab ajalugu<\/strong>. \u2013 Eesti P\u00e4evaleht: Arkaadia, 11. IV 2008, lk 15. [\u2018Peaaegu geenius ehk Schr\u00f6dingeri kassi otsimas\u2019.]<br>Kalju Lillepuu, <strong>Varsti t\u00f5useb p\u00e4ike<\/strong>. \u2013 Postimees, 5. I 2009, lk 7. [Raamatust \u2018Appi!\u2019.]<br>K\u00e4rt Hellerma, <strong>Helga N\u00f5u otsib Schr\u00f6dingeri kassi<\/strong>. \u2013 Maaleht, 4. VI 2009, lk 26. [\u2018Peaaegu geenius ehk Schr\u00f6dingeri kassi otsimas\u2019.]<br>Milvi Seim, <strong>Helga N\u00f5u uus p\u00f5nevusromaan<\/strong>. \u2013 Eesti P\u00e4evaleht = Estniska Dagbladet, 10. VI 2009. [\u2018Appi!\u2019.]<br>Elo Lindsalu, <strong>Helga N\u00f5u. Elu t\u00e4is \u00fcllatusi. Helga N\u00f5u 75: maale ja m\u00f5tteid 1956\u20132009 segil\u00e4bi, nagu m\u00f5tted ikka tulevad<\/strong>. \u2013 Eesti Ekspress, 19. XI 2009, lk B11. [Raamatust \u2018Elu t\u00e4is \u00fcllatusi\u2019.]<br>Kaarel Kressa, <strong>Helga N\u00f5u noorteromaani tegelased ajaga pahuksis<\/strong>. \u2013 Eesti P\u00e4evaleht, 14. V 2010, lk 14. [Raamatust \u2018J\u00e4\u00e4auku\u2019.]<br>Mari Niitra, <strong>Ingellik inimeses ja inimlik inglis<\/strong>. \u2013 Postimees, 15. V 2010, lk 9. [\u2018J\u00e4\u00e4auku\u2019.]<br>Fagira D. Morti, <strong>[Raamatust \u2018Pea suu! T\u00f5mba uttu!\u2019]<\/strong>. \u2013 Eesti Ekspress, 16. IX 2010, lk 34.<br>Rein Veidemann, <strong>Helga N\u00f5u \u2018Tiiger, tiiger\u2019<\/strong>. \u2013 101 Eesti kirjandusteost. Tallinn: Varrak, 2011, 224 lk, lk 108\u2013109.<br>Rutt Hinrikus, <strong>Valetaja<\/strong>. \u2013 Looming, nr 8, 2011, lk 1175\u20131177. [Raamatust \u2018Valetaja: m\u00e4lestused, t\u00f5eotsimised\u2019.]<br>Meelas Karutald, <strong>Usaldusv\u00e4\u00e4rne Valetaja<\/strong>. \u2013 Sirp, 30. IX 2011, lk 20\u201321. [\u2018Valetaja: m\u00e4lestused, t\u00f5eotsimised\u2019.]<br>Madli Vitismann, <strong>Elust Rootsis, mida me ei tundnud<\/strong>. \u2013 Eesti P\u00e4evaleht = Estniska Dagbladet, 19. XII 2012, lk 18. [\u2018Valetaja: m\u00e4lestused, t\u00f5eotsimised\u2019.]<br>Eerik-Jaan Sergo, <strong>Helga N\u00f5u romaan \u2018Mahaj\u00e4tjad\u2019<\/strong>. \u2013 Eesti P\u00e4evaleht = Estniska Dagbladet, 18. XII 2013, lk 10.<br>Eerik-Jaan Sergo, <strong>Kirjanik Helga N\u00f5u \u2018Hunt lambanahas\u2019<\/strong>. \u2013 Eesti P\u00e4evaleht = Estniska Dagbladet, 10. XII 2014, lk 10.<br>Aivar Kull, <strong>Helga N\u00f5u kui hunt lambanahas<\/strong>. \u2013 Tartu Postimees, 18. XII 2014, lk 4. [Raamatust \u2018Kas sa Tammsaaret oled lugenud? Kirjanduslik eluloovestlus Helga N\u00f5uga\u2019, koostanud Rutt Hinrikus.]<br>Anu Salu\u00e4\u00e4r, <strong>Rolling Estonian<\/strong>. \u2013 Looming, nr 7, 2016, lk 1046\u20131047. [Romaanist \u2018Nartsiss, meeste\u00f5gija\u2019.]<\/p>\n\n\n\n<p><em><strong>Intervjuud<\/strong><\/em><br>Pille Runnel, <strong>Helga N\u00f5u endast ja hundi silmast<\/strong>. \u2013 Raamatukuulutaja, nr 1, 1999, lk 22\u201323. [Kirjaniku kommentaar romaanile \u2018Hundi silmas\u2019.]<br>Margus Kasterpalu, <strong>Roppus tabab valusamalt kui rusikas<\/strong>. \u2013 Postimees, 17. V 1999, lk 19.<br>Ilona Laaman, <strong>Riigikogu s\u00fcnnip\u00e4evakingiks<\/strong>. \u2013 Eesti P\u00e4evaleht: Arkaadia, 5. II 2000, lk 7\u20138.<br>Rutt Hinrikus, <strong>Malbe m\u00e4ssaja. Usutlus Helga N\u00f5uga<\/strong>. \u2013 Looming, nr 9, 2004, lk 1399\u20131415.<br>\u00dclle L\u00e4tte, <strong>Helga N\u00f5u: Eesti keel on minu jaoks tundekeel<\/strong>. \u2013 Vali Uudised, 8. IV 2005, lk 5.<br>Anu Kaupmees, <strong>Eesti on alati r\u00f5\u00f5mustanud, vihastanud \u2013 ja kirjutama pannud<\/strong>. \u2013 Eesti P\u00e4evaleht = Estniska Dagbladet, 18. III 2009.[Noorsooromaanidest, kohtumistest noortega, lapsep\u00f5lvest.]<br>J\u00fcri Aarma, <strong>Helga N\u00f5u: Raamatu kirjutamine on elul\u00f5ngast m\u00e4lestuste mustri kudumine<\/strong>. \u2013 Maaleht, 8. IV 2010, lk 24\u201325.<br>Ly Lestberg, <strong>Helga N\u00f5u \u2013 inimeste inspireerija<\/strong>. \u2013 Kultuur ja Elu, nr 4, 2014, lk 73\u201378.<br>Aita Kivi, <strong>Tegus unistaja<\/strong>. \u2013 Eesti Naine: Elu Lood, nr 6, 2014, lk 76\u201380. [Kommenteerinud Enn N\u00f5u.]<\/p>\n","protected":false},"excerpt":{"rendered":"<p>ArtiklidArvo M\u00e4gi, Kirjanik heitleb tiigriga \u2013 Helga N\u00f5u 60. \u2013 Eesti P\u00e4evaleht, 21. IX 1994, lk 4.Rutt Hinrikus, Helga N\u00f5u proosa. \u2013 Keel ja Kirjandus, nr 9, 1994, lk 527\u2013533.Arvo M\u00e4gi, Helga N\u00f5u 70: kui palju \u00fcmbrus meid m\u00f5jutab? \u2013 &#8230;<\/p>\n","protected":false},"author":43,"featured_media":0,"parent":7691,"menu_order":0,"comment_status":"closed","ping_status":"closed","template":"","meta":{"_acf_changed":false,"inline_featured_image":false,"footnotes":""},"class_list":["post-7695","page","type-page","status-publish","hentry"],"acf":[],"_links":{"self":[{"href":"https:\/\/sisu.ut.ee\/ewod\/et\/wp-json\/wp\/v2\/pages\/7695","targetHints":{"allow":["GET"]}}],"collection":[{"href":"https:\/\/sisu.ut.ee\/ewod\/et\/wp-json\/wp\/v2\/pages"}],"about":[{"href":"https:\/\/sisu.ut.ee\/ewod\/et\/wp-json\/wp\/v2\/types\/page"}],"author":[{"embeddable":true,"href":"https:\/\/sisu.ut.ee\/ewod\/et\/wp-json\/wp\/v2\/users\/43"}],"replies":[{"embeddable":true,"href":"https:\/\/sisu.ut.ee\/ewod\/et\/wp-json\/wp\/v2\/comments?post=7695"}],"version-history":[{"count":1,"href":"https:\/\/sisu.ut.ee\/ewod\/et\/wp-json\/wp\/v2\/pages\/7695\/revisions"}],"predecessor-version":[{"id":7696,"href":"https:\/\/sisu.ut.ee\/ewod\/et\/wp-json\/wp\/v2\/pages\/7695\/revisions\/7696"}],"up":[{"embeddable":true,"href":"https:\/\/sisu.ut.ee\/ewod\/et\/wp-json\/wp\/v2\/pages\/7691"}],"wp:attachment":[{"href":"https:\/\/sisu.ut.ee\/ewod\/et\/wp-json\/wp\/v2\/media?parent=7695"}],"curies":[{"name":"wp","href":"https:\/\/api.w.org\/{rel}","templated":true}]}}