{"id":7672,"date":"2025-10-14T16:07:49","date_gmt":"2025-10-14T13:07:49","guid":{"rendered":"https:\/\/sisu.ut.ee\/ewod\/?page_id=7672"},"modified":"2025-10-14T16:07:50","modified_gmt":"2025-10-14T13:07:50","slug":"kersti-merilaasi-kohta","status":"publish","type":"page","link":"https:\/\/sisu.ut.ee\/ewod\/et\/m\/kersti-merilaas\/kersti-merilaasi-kohta\/","title":{"rendered":"Kersti Merilaasi kohta"},"content":{"rendered":"<p><strong><em>Artiklid<\/em><\/strong><br>Paul Rummo, <strong>Armastuskiri Kersti Merilaasile<\/strong>. \u2013 Keel ja Kirjandus, nr 12, 1963, lk 713\u2013716.<br>Oskar Kruus, <strong>Kersti Merilaasi noorusmaad<\/strong>. \u2013 Naine hanesulega, Tallinn: Eesti Raamat, 1971, 342 lk, lk 240\u2013249.<br>Karl Muru, <strong>Kersti Merilaasi luule l\u00e4hteil<\/strong>. \u2013 Keel ja Kirjandus, nr 12, 1973, lk 705\u2013710. [Ilmunud ka: Karl Muru, Luuleseletamine. Tartu: Ilmamaa, 2001, 485 lk, lk 194\u2013201.]<br>Karl Muru, <strong>Kuukresside-et\u00fc\u00fcd: Kersti Merilaasile juubeli\u00f5nnitluse asemel<\/strong>. \u2013 Edasi, 9. XII 1973. [Ilmunud ka: Karl Muru, Luuleseletamine. Tartu: Ilmamaa, 2001, lk 218\u2013221.<br>Ain Kaalep, <strong>Kusagil on tummad sepad<\/strong>. \u2013 Sirp ja Vasar, 2. XII 1983, lk 6. [Kersti Merilaasi 70. s\u00fcnnip\u00e4evaks. Ilmunud ka: Ain Kaalep, Kolm Lydiat, Tartu: Ilmamaa, 1997, 598 lk, lk 429\u2013433.]<br>Karl Muru, <strong>P\u00e4rast \u2018Maantee tuuli\u2019<\/strong>. \u2013 Looming, nr 12, 1983, lk 1690\u20131698.<br>Endel Nirk, <strong>Eesti kirjandus: arengulooline \u00fclevaade<\/strong>. \u2013 Tallinn: Perioodika, 1983, 344 lk. [Kersti Merilaasist lk 269\u2013271.]<br>Paul-Eerik Rummo, <strong>\u2018\u2026 elule s\u00f5brak\u00e4tt h\u00fcvastij\u00e4tuks andma\u2019. In memoriam Kersti Merilaas<\/strong>. \u2013 Keel ja Kirjandus, nr 5, 1986, lk 314.<br>Karl Muru, <strong>M\u00f5nda une(n\u00e4o)motiividest sajandikeskme eesti l\u00fc\u00fcrikas<\/strong>. \u2013 Looming, nr 2, 1998, lk 279\u2013286. [Arbujate luulest.]<br>Viivi Luik, <strong>Seitse luuletajat [Lydia Koidula, Anna Haava, Marie Under, Betti Alver, Debora Vaarandi, Kersti Merilaas, Doris Kareva]<\/strong>. \u2013 Viivi Luik, Inimese kapike, Tallinn: Vagabund, 1998, 111 lk, lk 99\u2013111. [Ettekanne Torontos mais 1988.]<br>Jaan Kross, <strong>Kolm poetessi: p\u00fchendatud Marie Underile, Kersti Merilaasile ja Betti Alverile<\/strong>. \u2013 K\u00f5ik muutub lauluks: luule ja luuletaja eesti luules. Koostanud ja pildistanud Vallo Kepp, Tallinn: Varrak, 2005, 397 lk, lk 232\u2013233.<br>Maie Kalda, <strong>Evald M\u00e4nd ja Eugenie Moorberg<\/strong>. \u2013 Looming, nr 8, 2006, lk 1249\u20131264. [Ain Kalmuse (Evald M\u00e4nd) ja Kersti Merilaasi (Eugenie Moorberg) tutvusest.]<br>Katre Saar, <strong>Ma m\u00f5tlen nii<\/strong>. \u2013 Meie Maa, 26. III 2008, lk 6. [Autori k\u00fclask\u00e4igust Kersti Merilaasi ja August Sanga juurde Peedul Kirjanike Maja suvilas.]<br>Rein Veidemann, <strong>Kersti Merilaas, \u2018P\u00f5hjarannik\u2019<\/strong>. \u2013 101 Eesti kirjandusteost. Tallinn: Varrak, 2011, 224 lk, lk 86\u201387.<br>Johanna Ross, <strong>Kersti Merilaas ja August Sang 100<\/strong>. \u2013 Keel ja Kirjandus, nr 4, 2014, lk. 322\u2013323.<br>Katre Talviste, <strong>Luuletusi \u00fctlemata asjadest ja k\u00e4imata teedest ehk \u00f5nnitlusi luuletajate olemasolu puhul<\/strong>. \u2013 Keel ja Kirjandus, nr 6, 2014, lk 409\u2013417. [Puudumise, kaotuse ja ilmaj\u00e4etuse meeleoludest August Sanga ja Kersti Merilaasi luules, ka nende t\u00f5lgitud luules.]<br>Paul-Eerik Rummo, <strong>\u2018\u2026 ja nii pagana raske teha \/ on t\u00f5eliselt m\u00f5tteta v\u00e4rsse\u2019 \/<\/strong>. \u2013 Looming, nr 6, 2014, lk 810\u2013814. [Kersti Merilaasi luuletusest \u2018M\u00f5tteta v\u00e4rsid\u2019.]<\/p>\n\n\n\n<p><em><strong>Arvustused<\/strong><\/em><br>Ants Oras, <strong>[Arvustus raamatule \u2018Maanteede tuuled\u2019]<\/strong>. \u2013 Eesti Kirjandus, nr 1, 1939, lk 26\u201328.<br>Jaan K\u00e4rner, <strong>Eesti luule 1938<\/strong>. \u2013 Looming, nr 1, 1939, lk 67\u201374. [Raamatust \u2018Maanteede tuuled\u2019 lk 67\u201368.]<br>Paul Viiding, <strong>[Arvustus raamatule \u2018P\u00e4ikese paistel\u2019]<\/strong>. \u2013 Looming, nr 7, 1948, lk 872\u2013875.<br>Villem Alttoa, <strong>T\u00e4nap\u00e4evane luulepilk minevikku<\/strong>. \u2013 Keel ja Kirjandus, nr 5, 1963, lk 305\u2013306. [Raamatust \u2018Rannap\u00e4\u00e4suke\u2019.]<br>Heldur Niit, <strong>Kahek\u00fcmne aasta tee<\/strong>. \u2013 Sirp ja Vasar, 14. VI 1963, lk 3. [\u2018Rannap\u00e4\u00e4suke\u2019.]<br>Minni Nurme, <strong>Rannap\u00e4\u00e4sukese lend<\/strong>. \u2013 Looming, nr 12, 1963, lk 12. [\u2018Rannap\u00e4\u00e4suke\u2019.]<br>Karl Muru, <strong>Kevadiste koplite k\u00f5lad<\/strong>. \u2013 Sirp ja Vasar, 18. XI 1966, lk 3. [Raamatust \u2018Kevadised koplid\u2019.]<br>Karl Muru, <strong>Hilism\u00e4rkmeid \u00fche valikkogu puhul<\/strong>. \u2013 Keel ja Kirjandus, nr 7, 1970, lk 438\u2013440. [Raamatust \u2018Kuukressid\u2019.]<br>Toomas Haug, <strong>\u00c4\u00e4rem\u00e4rkmeid Kersti Merilaasi luule juurde<\/strong>. \u2013 Keel ja Kirjandus, nr 7, 1981, lk 431\u2013432. [Raamatust \u2018Antud ja v\u00f5etud\u2019.]<br>Hando Runnel, <strong>[Arvustus raamatule \u2018Kui vanaema noor oli\u2019]<\/strong>. \u2013 Edasi, 16. VI 1984, lk 5. [Ilmunud ka: Nelik\u00fcmmend aastat hiljem: tekstoloogilisi m\u00e4rkmeid Kersti Merilaanest. \u2013 Hando Runnel, Jooksu pealt suudeldud, Tartu: Ilmamaa, 1998, 559 lk, lk 58\u201361.]<br>Sirje Kiin, <strong>Valitud teosed \u2013 make-up v\u00f5i olemus?<\/strong> \u2013 Looming, nr 12, 1987, lk 1690\u20131695. [Raamatust \u2018Valitud teosed. 1\u20132\u2019.]<br>Karl Muru, <strong>L\u00f5plikkus ja l\u00f5pmatu Kersti Merilaasi luules<\/strong>. \u2013 Luuleseletamine. Tartu: Ilmamaa, 2001, 485 lk, lk. 222\u2013227. [Raamatust \u2018Antud ja v\u00f5etud\u2019. Varem ilmunud: Sirp ja Vasar, 26. VI 1981.]<br>Paul-Eerik Rummo, <strong>Kersti Merilaasi valikkogust<\/strong>. \u2013 Kuldnokk k\u00f5nnib: jooksvast kirjandusest 1964\u20132010, Tartu: Ilmamaa, 607 lk, lk 275-278. [Raamatust \u2018Kuukressid\u2019.]<br>Arne Merilai, <strong>K\u00f5rge sari<\/strong>. \u2013 Vokimeister: kriitilisi konstruktsioone 1990\u20132011, Tartu: Tartu \u00dclikooli Kirjastus, 2011, 615 lk, lk 161\u2013165. [Arvustus Sirje Kiini raamatule \u2018Kersti Merilaas: luuletaja elu\u2019.]<\/p>\n\n\n\n<p><em><strong>Intervjuud<\/strong><\/em><br>S. S., <strong>L\u00e4inud kevade l\u00fc\u00fcriline avam\u00e4ng<\/strong>. \u2013 Kevadik, nr 1, 1939, lk 6\u20137.<\/p>\n","protected":false},"excerpt":{"rendered":"<p>ArtiklidPaul Rummo, Armastuskiri Kersti Merilaasile. \u2013 Keel ja Kirjandus, nr 12, 1963, lk 713\u2013716.Oskar Kruus, Kersti Merilaasi noorusmaad. \u2013 Naine hanesulega, Tallinn: Eesti Raamat, 1971, 342 lk, lk 240\u2013249.Karl Muru, Kersti Merilaasi luule l\u00e4hteil. \u2013 Keel ja Kirjandus, nr 12, &#8230;<\/p>\n","protected":false},"author":43,"featured_media":0,"parent":7670,"menu_order":0,"comment_status":"closed","ping_status":"closed","template":"","meta":{"_acf_changed":false,"inline_featured_image":false,"footnotes":""},"class_list":["post-7672","page","type-page","status-publish","hentry"],"acf":[],"_links":{"self":[{"href":"https:\/\/sisu.ut.ee\/ewod\/et\/wp-json\/wp\/v2\/pages\/7672","targetHints":{"allow":["GET"]}}],"collection":[{"href":"https:\/\/sisu.ut.ee\/ewod\/et\/wp-json\/wp\/v2\/pages"}],"about":[{"href":"https:\/\/sisu.ut.ee\/ewod\/et\/wp-json\/wp\/v2\/types\/page"}],"author":[{"embeddable":true,"href":"https:\/\/sisu.ut.ee\/ewod\/et\/wp-json\/wp\/v2\/users\/43"}],"replies":[{"embeddable":true,"href":"https:\/\/sisu.ut.ee\/ewod\/et\/wp-json\/wp\/v2\/comments?post=7672"}],"version-history":[{"count":1,"href":"https:\/\/sisu.ut.ee\/ewod\/et\/wp-json\/wp\/v2\/pages\/7672\/revisions"}],"predecessor-version":[{"id":7674,"href":"https:\/\/sisu.ut.ee\/ewod\/et\/wp-json\/wp\/v2\/pages\/7672\/revisions\/7674"}],"up":[{"embeddable":true,"href":"https:\/\/sisu.ut.ee\/ewod\/et\/wp-json\/wp\/v2\/pages\/7670"}],"wp:attachment":[{"href":"https:\/\/sisu.ut.ee\/ewod\/et\/wp-json\/wp\/v2\/media?parent=7672"}],"curies":[{"name":"wp","href":"https:\/\/api.w.org\/{rel}","templated":true}]}}