{"id":7666,"date":"2025-10-14T15:28:20","date_gmt":"2025-10-14T12:28:20","guid":{"rendered":"https:\/\/sisu.ut.ee\/ewod\/?page_id=7666"},"modified":"2025-10-14T15:30:56","modified_gmt":"2025-10-14T12:30:56","slug":"viiu-harmi-kohta","status":"publish","type":"page","link":"https:\/\/sisu.ut.ee\/ewod\/et\/h\/viiu-harm\/viiu-harmi-kohta\/","title":{"rendered":"Viiu H\u00e4rmi kohta"},"content":{"rendered":"<p><strong><em>Artiklid<\/em><\/strong><br>Toomas Haug, <strong>Pilk eesti luuleilma 1984<\/strong>. \u2013 Looming, nr 3, 1985, lk 392\u2013397. [Viiu H\u00e4rmist lk 397.]<\/p>\n\n\n\n<p><strong><em>Arvustused<\/em><\/strong><br>Nigol Andresen, <strong>Uus l\u00fc\u00fcrikaraamat<\/strong>. \u2013 Looming, nr 3, 1974, lk 522\u2013523. [Raamatust \u2018Pealkirjata\u2019.]<br>Henn-Kaarel Hellat, <strong>S\u00f5nahaaval olemas k\u00f5ik mu k\u00f5nekeeles<\/strong>. \u2013 Noorte H\u00e4\u00e4l, 18. VIII 1974, lk 2. [\u2018Pealkirjata\u2019.]<br>Karl Muru, <strong>See p\u00f5genev h\u00e4\u00e4l<\/strong>. \u2013 Sirp ja Vasar, 12. I 1979, lk 5, 13. [Raamatust \u2018Luuletusi, lugusid ja midagi ka Margareetast\u2019.]<br>Silvia Nagelmaa, <strong>Tugeva pingega luuleraamat<\/strong>. \u2013 Keel ja Kirjandus, nr 3, 1979, lk 178\u2013180. [\u2018Luuletusi, lugusid ja midagi ka Margareetast\u2019.]<br>Julius \u00dcrt, <strong>Jahe valgus<\/strong>. \u2013 Looming, nr 9, 1980, lk 1334\u20131335. [Raamatust \u2018Valge vaikus\u2019.]<br>Peeter K\u00fcnstler, <strong>Tundekasvatus ja nostalgia<\/strong>. \u2013 Sirp, 5. V 2000, lk 7. [Romaanist \u2018Duubel kaks\u2019.]<br>K\u00e4rt Hellerma, <strong>S\u00fc\u00fctuse aeg<\/strong>. \u2013 Looming, nr 10, 2000, lk 1585\u20131587. [\u2018Duubel kaks\u2019.]<br>Rein Veidemann, <strong>Viiu H\u00e4rmi v\u00f5imas taastulemine<\/strong>. \u2013 Postimees, 11. VI 2004, lk 19. [Raamatust \u2018Keegi teeline\u2019.]<br>Toomas Raudam, <strong>Uksematt<\/strong>. \u2013 Sirp, 19. VIII 2004, lk 7. [Romaanist \u2018\u00d5huaken\u2019. Ilmunud ka: Raudam, Toomas. V\u00e4ike \u00e4ratundmiste raamat. Tallinn: Eesti Keele Sihtasutus, 2006, 191 lk, lk 169\u2013176.]<br>Asta P\u00f5ldm\u00e4e, <strong>Sa oled minule \u00f5hk<\/strong>. \u2013 Looming, nr 10, 2004, lk 1579\u20131581. [\u2018\u00d5huaken\u2019.]<br>Sirje Olesk, <strong>Luule on \u00fcks \u2013 lihtne ja imelik<\/strong>. Looming, nr 11, 2004, lk 1730\u20131733. [\u2018Keegi teeline\u2019.]<br>Rolf Liiv, <strong>Meisterlik igavikutunnetaja<\/strong>. \u2013 Sirp, 5. XI 2004, lk 4. [\u2018Keegi teeline\u2019.]<br>Merle Veesalu-Rand, <strong>Eluline t\u00fcdrukuteraamat Viiu H\u00e4rmilt<\/strong>. \u2013 Postimees, 13. III 2010, lk 9. [Raamatust \u2018Oh sind t\u00fcdrukut\u2019.]<\/p>\n\n\n\n<p><em><strong>Intervjuud<\/strong><\/em><br>Rein Veidemann, <strong>Peata oma peegeldus voolavas vees: luuletaja ja romaanikirjanik m\u00e4letab veel seda nelja-aastaselt \u00f6eldud lauset, mis on saatnud teda l\u00e4bi terve elutee t\u00e4nini<\/strong>. \u2013 Postimees, 3. VII 2006, lk 14.<br>Esta H\u00e4rm, <strong>Viiu H\u00e4rm ja Paul-Eerik Rummo<\/strong>. \u2013 Eesti Naine, nr 12, 2005, lk 122\u2013123. [Oma abielust ja perekonnast r\u00e4\u00e4givad rahvastikuminister Paul-Eerik Rummo ja tema kirjanikust abikaasa Viiu H\u00e4rm.]<\/p>\n","protected":false},"excerpt":{"rendered":"<p>ArtiklidToomas Haug, Pilk eesti luuleilma 1984. \u2013 Looming, nr 3, 1985, lk 392\u2013397. [Viiu H\u00e4rmist lk 397.] ArvustusedNigol Andresen, Uus l\u00fc\u00fcrikaraamat. \u2013 Looming, nr 3, 1974, lk 522\u2013523. [Raamatust \u2018Pealkirjata\u2019.]Henn-Kaarel Hellat, S\u00f5nahaaval olemas k\u00f5ik mu k\u00f5nekeeles. \u2013 Noorte H\u00e4\u00e4l, 18. &#8230;<\/p>\n","protected":false},"author":43,"featured_media":0,"parent":7662,"menu_order":0,"comment_status":"closed","ping_status":"closed","template":"","meta":{"_acf_changed":false,"inline_featured_image":false,"footnotes":""},"class_list":["post-7666","page","type-page","status-publish","hentry"],"acf":[],"_links":{"self":[{"href":"https:\/\/sisu.ut.ee\/ewod\/et\/wp-json\/wp\/v2\/pages\/7666","targetHints":{"allow":["GET"]}}],"collection":[{"href":"https:\/\/sisu.ut.ee\/ewod\/et\/wp-json\/wp\/v2\/pages"}],"about":[{"href":"https:\/\/sisu.ut.ee\/ewod\/et\/wp-json\/wp\/v2\/types\/page"}],"author":[{"embeddable":true,"href":"https:\/\/sisu.ut.ee\/ewod\/et\/wp-json\/wp\/v2\/users\/43"}],"replies":[{"embeddable":true,"href":"https:\/\/sisu.ut.ee\/ewod\/et\/wp-json\/wp\/v2\/comments?post=7666"}],"version-history":[{"count":1,"href":"https:\/\/sisu.ut.ee\/ewod\/et\/wp-json\/wp\/v2\/pages\/7666\/revisions"}],"predecessor-version":[{"id":7667,"href":"https:\/\/sisu.ut.ee\/ewod\/et\/wp-json\/wp\/v2\/pages\/7666\/revisions\/7667"}],"up":[{"embeddable":true,"href":"https:\/\/sisu.ut.ee\/ewod\/et\/wp-json\/wp\/v2\/pages\/7662"}],"wp:attachment":[{"href":"https:\/\/sisu.ut.ee\/ewod\/et\/wp-json\/wp\/v2\/media?parent=7666"}],"curies":[{"name":"wp","href":"https:\/\/api.w.org\/{rel}","templated":true}]}}