{"id":7662,"date":"2024-04-03T23:40:54","date_gmt":"2024-04-03T20:40:54","guid":{"rendered":"https:\/\/sisu.ut.ee\/ewod\/?page_id=7662"},"modified":"2025-10-14T15:28:57","modified_gmt":"2025-10-14T12:28:57","slug":"viiu-harm","status":"publish","type":"page","link":"https:\/\/sisu.ut.ee\/ewod\/et\/h\/viiu-harm\/","title":{"rendered":"Viiu H\u00e4rm"},"content":{"rendered":"<figure class=\"wp-block-image alignright size-large is-resized\"><a href=\"https:\/\/sisu.ut.ee\/wp-content\/uploads\/sites\/108\/viiu_harm_alar_madisson-scaled.jpg\"><img loading=\"lazy\" decoding=\"async\" width=\"685\" height=\"1024\" src=\"https:\/\/sisu.ut.ee\/wp-content\/uploads\/sites\/108\/viiu_harm_alar_madisson-685x1024.jpg\" alt=\"\" class=\"wp-image-5962\" style=\"width:285px;height:auto\" title=\"Photo: Alar Madisson (2008)\" srcset=\"https:\/\/sisu.ut.ee\/wp-content\/uploads\/sites\/108\/viiu_harm_alar_madisson-685x1024.jpg 685w, https:\/\/sisu.ut.ee\/wp-content\/uploads\/sites\/108\/viiu_harm_alar_madisson-201x300.jpg 201w, https:\/\/sisu.ut.ee\/wp-content\/uploads\/sites\/108\/viiu_harm_alar_madisson-768x1147.jpg 768w, https:\/\/sisu.ut.ee\/wp-content\/uploads\/sites\/108\/viiu_harm_alar_madisson-1028x1536.jpg 1028w, https:\/\/sisu.ut.ee\/wp-content\/uploads\/sites\/108\/viiu_harm_alar_madisson-1371x2048.jpg 1371w, https:\/\/sisu.ut.ee\/wp-content\/uploads\/sites\/108\/viiu_harm_alar_madisson-1920x2868.jpg 1920w, https:\/\/sisu.ut.ee\/wp-content\/uploads\/sites\/108\/viiu_harm_alar_madisson-scaled.jpg 1714w\" sizes=\"auto, (max-width: 685px) 100vw, 685px\"><\/a><\/figure>\n\n\n\n<p>Viiu H\u00e4rm on eesti luuletaja, n\u00e4itleja, t\u00f5lkija ja loodusfotograaf.<\/p>\n\n\n\n<p>Ta s\u00fcndis 3. juulil 1944 Tallinnas t\u00f6\u00f6lisperekonnas. \u00d5ppis Tallinna 29. Mittet\u00e4ielikus Keskkoolis (1951\u20131958), Tallinna 7. keskkoolis (1958\u20131962) ja TRK Lavakunstikateedris (1962\u20131965). Ta on m\u00e4nginud filmides \u201e\u00d5htust hommikuni\u201c (1962), \u201e\u00dche katuse all\u201c (1963), \u201eT\u00fctarlaps mustas\u201c (1967), \u201eL\u00f5ppematu p\u00e4ev\u201c (1971), samuti telelavastustes. H\u00e4rm oli 1965. aastal moodustatud Eesti Riikliku Noorsooteatri \u00fcks asutajaliige ja t\u00f6\u00f6tas seal 1971. aastani, kui pidi tervislikel p\u00f5hjustel t\u00f6\u00f6lt eemale j\u00e4\u00e4ma. Sealt alates on olnud vabakutseline. Ta on alates 1966. aastast Eesti Teatriliidu ning 1979. aastast Eesti Kirjanike Liidu liige. Oli 1990. aastal \u00fcks Eesti Liberaaldemokraatliku Partei asutajaliikmeid, alates 1994. aastast, p\u00e4rast ELDP \u00fchinemist Reformierakonnaga selle liige.<\/p>\n\n\n\n<p>Luuledeb\u00fc\u00fcdi tegi ajastule omaselt ajakirjanduses \u2013 ajalehes S\u00e4de ja ajakirjas Noorus, hiljem on avaldanud oma loomet j\u00e4rjepidevalt ajakirjas Looming. Eelk\u00f5ige luuletajana tuntud, kuid end ise v\u00e4hemalt sama palju ka n\u00e4itlejaks pidav H\u00e4rm on nimetanud luulet enda siseh\u00e4\u00e4leks. Ta on v\u00e4lja andnud isikkogusid ja osalenud \u00fchiskogudes, aga ka koostanud luulekavu ning olnud n\u00e4itlejana sageli luule ettekandja, sealhulgas mitmel helikandjal. Aastatel 1997\u20131998 oli tema kanda Kanal 2 iga\u00f5htune luulesaade \u201eAinult \u00fcks luuletus\u201c.<\/p>\n\n\n\n<p>Tema luules \u2013 olgu tegu lastele v\u00f5i suurtele m\u00f5elduga \u2013 on t\u00e4htsal kohal loodus. Oma s\u00f5nul on talle l\u00e4him s\u00fcmbol olnud vesi. Lisaks loodusele v\u00e4\u00e4rtustab H\u00e4rm lapsep\u00f5lve, elurahu ja tingimusteta armastust. Ta on selgelt eelistanud riimilist nelikv\u00e4rssi.<\/p>\n\n\n\n<p>Tema sulest on ilmunud kaks romaani, mida v\u00f5ib kujundlikult v\u00f5tta seotuna, kuigi lugu on erinev \u2013 m\u00f5lema peategelaseks t\u00fctarlaps, tolle hingeeluline v\u00f5rsumine ja l\u00e4bielamised. Viimase eest sai ta 2005. aastal Eduard Vilde nimelise kirjandusauhinna.<\/p>\n\n\n\n<p>Ta on koostanud Marie Underi valikkogu (\u201eLaternaks mu enda s\u00fcda\u201c, 2006) ning kirjutanud sellele saates\u00f5na, t\u00f5lkinud l\u00e4ti keelest v\u00e4rsse \u201eL\u00e4ti uuema luule valimikku\u201c (1997) ning Astrid ja Ivar Ivaski \u00fchiskogusse \u201eR\u00e4ndav j\u00e4rv\u201c (2002). Ka on ta t\u00f5lkinud n\u00e4idendeid vene keelest (Leonid \u017duhhovitski \u201eIsekeskis inglitega\u201c, Anton T\u0161ehhovi \u201eKirsiaed\u201c, Aleksei Arbuzovi \u201eR\u00e4nnuaastad\u201c).<\/p>\n\n\n\n<p>Oma loomes on H\u00e4rm p\u00f5iminud luulet ja pilti. N\u00e4iteks on koos Peeter Toominguga valminud raamat \u201eSina, j\u00f5gi\u201c (1984) ning Toomingu ja Ants S\u00e4dega koos tehtud loodusm\u00f5tiskluste kogu \u201eValge Vaikus\u201c (1979). Viimasel ajal on H\u00e4rm ise keskendunud loodusfotode tegemisele. 2017. aastal p\u00e4lvis ta oma loodusfotodega nii fotojahi \u201ePilvepiir\u201c kui ka ajakirja Eesti Loodus auhinna. Samal aastal oli K\u00f5pu tuletornis ja Tallinna Kirjanduskeskuse A. H. Tammsaare muuseumis avatud tema loodusfotode n\u00e4itus \u201eL\u00e4hedal\u201c.<\/p>\n\n\n\n<p> H\u00e4rmi abikaasa on luuletaja ja poliitik Paul-Eerik Rummo. Nad on andnud koos v\u00e4lja \u00fche luulekogu ning kirjutanud libreto ja laulutekstid muusikalile \u201eOliver ja Jennifer\u201c (1972) ning n\u00e4idendi \u201eK\u00f6rged, k\u00f6rged K\u00f6pu m\u00e4ged\u201c (2000).<\/p>\n\n\n\n<p><em>M. K.<\/em><\/p>\n\n\n\n<h4 class=\"wp-block-heading\"><br>Raamatud eesti keeles<\/h4>\n\n\n\n<p><strong><em>Luule<\/em><\/strong><br><strong>Pealkirjata<\/strong>. Tallinn: Eesti Raamat, 1973, 55 lk.<br><strong>Luuletusi, lugusid ja midagi ka Margareetast<\/strong>. Tallinn: Eesti Raamat, 1978, 192 lk.<br>Viiu H\u00e4rm, Peeter Tooming, Ants S\u00e4de,\u00a0<strong>Valge vaikus<\/strong>. Tallinn: Eesti Raamat, 1979, 34 lk.<br>Viiu H\u00e4rm, Peeter Tooming,\u00a0<strong>Sina, j\u00f5gi<\/strong>. Tallinn: Eesti Raamat, 1984, 95 lk.<br>Viiu H\u00e4rm,\u00a0<strong>Avamaastik<\/strong>; Paul-Eerik Rummo,\u00a0<strong>Kusagil tuksub s\u00fcda<\/strong>. Toronto: Maarjamaa, 1989, 16 lk. [Tirelraamat.]<br><strong>Keegi teeline<\/strong>. Tallinn: Varrak, 2004, 724 lk.<\/p>\n\n\n\n<p><strong><em>Romaanid<\/em><\/strong><br><strong>Duubel kaks: n\u00fc\u00fcd, kus ma midagi ei k\u00fcsi\u2026<\/strong>. Tallinn: Varrak, 2000, 280 lk.<br><strong>\u00d5huaken<\/strong>. Tallinn: Varrak, 2004, 280 lk.<\/p>\n\n\n\n<p><strong><em>Proosa<\/em><\/strong><br><strong>Ilmatuga<\/strong>. Tekst ja fotod: Viiu H\u00e4rm Rummo. Tallinn: Varrak, 2024, 223 lk.<\/p>\n\n\n\n<p><strong><em>Lasteraamatud<\/em><\/strong><br><strong>Oh sind t\u00fcdrukut<\/strong>. Tallinn: TEA Kirjastus, 2009, 39 lk.<br><strong>Pallim\u00e4ng<\/strong>. Tallinn: Tammerraamat, 2017, 32 lk.<\/p>\n\n\n\n<h4 class=\"wp-block-heading\"><a href=\"https:\/\/sisu.ut.ee\/ewod\/et\/h\/viiu-harm\/viiu-harmi-kohta\/\" data-type=\"page\" data-id=\"7666\">Artiklid ja arvustused Viiu H\u00e4rmi kohta<\/a><\/h4>\n","protected":false},"excerpt":{"rendered":"<p>Viiu H\u00e4rm on eesti luuletaja, n\u00e4itleja, t\u00f5lkija ja loodusfotograaf. Ta s\u00fcndis 3. juulil 1944 Tallinnas t\u00f6\u00f6lisperekonnas. \u00d5ppis Tallinna 29. Mittet\u00e4ielikus Keskkoolis (1951\u20131958), Tallinna 7. keskkoolis (1958\u20131962) ja TRK Lavakunstikateedris (1962\u20131965). Ta on m\u00e4nginud filmides \u201e\u00d5htust hommikuni\u201c (1962), \u201e\u00dche katuse all\u201c &#8230;<\/p>\n","protected":false},"author":43,"featured_media":0,"parent":6478,"menu_order":0,"comment_status":"closed","ping_status":"closed","template":"","meta":{"_acf_changed":false,"inline_featured_image":false,"footnotes":""},"class_list":["post-7662","page","type-page","status-publish","hentry"],"acf":[],"_links":{"self":[{"href":"https:\/\/sisu.ut.ee\/ewod\/et\/wp-json\/wp\/v2\/pages\/7662","targetHints":{"allow":["GET"]}}],"collection":[{"href":"https:\/\/sisu.ut.ee\/ewod\/et\/wp-json\/wp\/v2\/pages"}],"about":[{"href":"https:\/\/sisu.ut.ee\/ewod\/et\/wp-json\/wp\/v2\/types\/page"}],"author":[{"embeddable":true,"href":"https:\/\/sisu.ut.ee\/ewod\/et\/wp-json\/wp\/v2\/users\/43"}],"replies":[{"embeddable":true,"href":"https:\/\/sisu.ut.ee\/ewod\/et\/wp-json\/wp\/v2\/comments?post=7662"}],"version-history":[{"count":3,"href":"https:\/\/sisu.ut.ee\/ewod\/et\/wp-json\/wp\/v2\/pages\/7662\/revisions"}],"predecessor-version":[{"id":7668,"href":"https:\/\/sisu.ut.ee\/ewod\/et\/wp-json\/wp\/v2\/pages\/7662\/revisions\/7668"}],"up":[{"embeddable":true,"href":"https:\/\/sisu.ut.ee\/ewod\/et\/wp-json\/wp\/v2\/pages\/6478"}],"wp:attachment":[{"href":"https:\/\/sisu.ut.ee\/ewod\/et\/wp-json\/wp\/v2\/media?parent=7662"}],"curies":[{"name":"wp","href":"https:\/\/api.w.org\/{rel}","templated":true}]}}