{"id":7657,"date":"2025-10-14T14:17:31","date_gmt":"2025-10-14T11:17:31","guid":{"rendered":"https:\/\/sisu.ut.ee\/ewod\/?page_id=7657"},"modified":"2025-10-14T14:17:32","modified_gmt":"2025-10-14T11:17:32","slug":"herta-laipaiga-kohta","status":"publish","type":"page","link":"https:\/\/sisu.ut.ee\/ewod\/et\/l\/herta-laipaik\/herta-laipaiga-kohta\/","title":{"rendered":"Herta Laipaiga kohta"},"content":{"rendered":"<p><strong><em>Artiklid<\/em><\/strong><br>Heljo M\u00e4nd, <strong>Herta Laipaik hilisloomingu paistel<\/strong>. \u2013 Looming, nr 1, 1991, lk 133\u2013135.<br>Maimu Berg, <strong>Julgesti truu oma teemale<\/strong>. \u2013 Eesti P\u00e4evaleht, 29. I 2001, lk 12A. [Herta Laipaik 80.]<br>Margus Haav, <strong>Herta Laipaiga imeline mulgi maagia<\/strong>. \u2013 Postimees: Kultuur Extra, 10. VI 2006, lk 4.<br>Margus Haav, <strong>Herta Laipaik kinkis m\u00e4lestustele elu<\/strong>. [Nekroloog.] \u2013 Postimees, 21. I 2008, lk. 18.<br><strong>In memoriam Herta Laipaik<\/strong>. \u2013 Sakala, 22. I 2008, lk 15.<br>Eesti Kirjanike Liit, <strong>[Nekroloog]<\/strong>. \u2013 Sirp, 25. I 2008, lk 19.<br>Karl Martin Sinij\u00e4rv, <strong>Herta Laipaik hoidis alati alal h\u00e4\u00e4buma kippuvaid virvatulukesi<\/strong>. \u2013 Sakala, 30. I 2008, lk 6.<br>Veiko M\u00e4rka, <strong>Herta Laipaik in memoriam<\/strong>. \u2013 Eesti Ekspress, 31. I 2008, lk. B6.<br><strong>[Nekroloog.]<\/strong> \u2013 Looming, nr 2, 2008, lk 318\u2013319.<\/p>\n\n\n\n<p><em><strong>Arvustused<\/strong><\/em><br>August Eelm\u00e4e, <strong>Seikluslikkusest ja eksootikast noorsooraamatus<\/strong>. \u2013 Keel ja Kirjandus, nr 10, 1958, lk 635\u2013637. [Raamatust \u2018H\u00f5bet\u00e4hega taigas\u2019.]<br>Heljo Ernesaks, <strong>\u00dche raamatu kaks poolust<\/strong>. \u2013 Sirp ja Vasar, 14. VII 1967, lk 4. [Raamatust \u2018\u00dcksik paat Jenisseil\u2019.]<br>Rein Kalsoner, <strong>Majori kosjask\u00e4ik<\/strong>. \u2013 Looming, nr 4, 1982, lk 568\u2013569. [Raamatust \u2018Professor Lillepooli kroonika\u2019.]<br>Reet Krusten, <strong>Jutuvestja m\u00e4lestusteraamat<\/strong>. \u2013 Keel ja Kirjandus, nr 12, 1983, lk 706\u2013707. [Raamatust \u2018Maarjakask\u2019.]<br>\u00dclo Tonts, <strong>\u00dche lapsep\u00f5lve l\u00f5pp<\/strong>. \u2013 Keel ja Kirjandus, nr 7, 1987, lk 441\u2013442. [Raamatust \u2018Hallid luiged\u2019.]<br>Oskar Kruus, <strong>Vagajutu romaaniks muutmise raskused<\/strong>. \u2013 Sirp, 13. XI 1992, lk 4. [Raamatust \u2018Vagajutt Vaskraamatust\u2019.]<br>Olev Remsu, <strong>Kas kasumi v\u00f5i kahjumiga?<\/strong> \u2013 Looming, nr 4, 1993, lk 562\u2013564. [Raamatust \u2018Angara \u00e4\u00e4res. Anno 1950\u2019.]<br>Aita Kivi, <strong>Meisterlikult kujutatud kurjuserada<\/strong>. \u2013 S\u00f5numileht, 29. I 1996, lk 15. [Raamatust \u2018Musta opaali rada\u2019.]<br>Eduard V\u00e4\u00e4ri, <strong>Herta Laipaiga Feija-romaan<\/strong>. \u2013 Mulkide almanak 7, Tartu, 1997, lk 93. [\u2018Musta opaali rada\u2019.]<br>Peeter K\u00fcnstler, <strong>Narri k\u00f5rvakiil kirikus<\/strong>. \u2013 Postimees, 11. V 1998, lk 16. [Raamatust \u2018Oma koja narr\u2019.]<br>Karl Martin Sinij\u00e4rv, <strong>Roiu Minn pole elanud asjata<\/strong>. \u2013 Sirp, 3. XI 2006, lk 7. [Raamatust \u2018Kurjasadu\u2019.]<\/p>\n\n\n\n<p><em><strong>Intervjuud<\/strong><\/em><br>Kristi P\u00e4rn, <strong>T\u00e4hekamber ja kalliskivid<\/strong>. \u2013 P\u00e4evaleht, 17. II 1995, lk. 14\u201315.<br>Raimu Hanson, <strong>Kirjaniku koer r\u00e4\u00e4gib mitut keelt<\/strong>. \u2013 Postimees: Extra, 4. IV 1998, lk 9.<br>Ene Veiper, <strong>Taevalinnu elu ei ole kunagi olnud meelakkumine<\/strong>. \u2013 Elukiri, nr 6, 2001, lk 22\u201325.<\/p>\n","protected":false},"excerpt":{"rendered":"<p>ArtiklidHeljo M\u00e4nd, Herta Laipaik hilisloomingu paistel. \u2013 Looming, nr 1, 1991, lk 133\u2013135.Maimu Berg, Julgesti truu oma teemale. \u2013 Eesti P\u00e4evaleht, 29. I 2001, lk 12A. [Herta Laipaik 80.]Margus Haav, Herta Laipaiga imeline mulgi maagia. \u2013 Postimees: Kultuur Extra, 10. &#8230;<\/p>\n","protected":false},"author":43,"featured_media":0,"parent":7655,"menu_order":0,"comment_status":"closed","ping_status":"closed","template":"","meta":{"_acf_changed":false,"inline_featured_image":false,"footnotes":""},"class_list":["post-7657","page","type-page","status-publish","hentry"],"acf":[],"_links":{"self":[{"href":"https:\/\/sisu.ut.ee\/ewod\/et\/wp-json\/wp\/v2\/pages\/7657","targetHints":{"allow":["GET"]}}],"collection":[{"href":"https:\/\/sisu.ut.ee\/ewod\/et\/wp-json\/wp\/v2\/pages"}],"about":[{"href":"https:\/\/sisu.ut.ee\/ewod\/et\/wp-json\/wp\/v2\/types\/page"}],"author":[{"embeddable":true,"href":"https:\/\/sisu.ut.ee\/ewod\/et\/wp-json\/wp\/v2\/users\/43"}],"replies":[{"embeddable":true,"href":"https:\/\/sisu.ut.ee\/ewod\/et\/wp-json\/wp\/v2\/comments?post=7657"}],"version-history":[{"count":1,"href":"https:\/\/sisu.ut.ee\/ewod\/et\/wp-json\/wp\/v2\/pages\/7657\/revisions"}],"predecessor-version":[{"id":7658,"href":"https:\/\/sisu.ut.ee\/ewod\/et\/wp-json\/wp\/v2\/pages\/7657\/revisions\/7658"}],"up":[{"embeddable":true,"href":"https:\/\/sisu.ut.ee\/ewod\/et\/wp-json\/wp\/v2\/pages\/7655"}],"wp:attachment":[{"href":"https:\/\/sisu.ut.ee\/ewod\/et\/wp-json\/wp\/v2\/media?parent=7657"}],"curies":[{"name":"wp","href":"https:\/\/api.w.org\/{rel}","templated":true}]}}