{"id":7645,"date":"2025-10-13T16:50:45","date_gmt":"2025-10-13T13:50:45","guid":{"rendered":"https:\/\/sisu.ut.ee\/ewod\/?page_id=7645"},"modified":"2025-10-13T16:51:03","modified_gmt":"2025-10-13T13:51:03","slug":"august-gailiti-kohta","status":"publish","type":"page","link":"https:\/\/sisu.ut.ee\/ewod\/et\/g\/august-gailit\/august-gailiti-kohta\/","title":{"rendered":"August Gailiti kohta"},"content":{"rendered":"<p><em><strong>Artiklid<\/strong><\/em><br>Helmi Eller, <strong>Tagasi vaatav Gailit<\/strong>. \u2013 Tulimuld, nr 5, 1956, lk 219\u2013220.<br>August M\u00e4lk, <strong>Scripta manent<\/strong>. [Nekroloog.] \u2013 Mana, nr 4, 1960, lk 175.<br>Bernard Kangro, <strong>Noor Gailit<\/strong>. \u2013 Tulimuld, nr 4, 1960, lk 242\u2013263.<br>Arvo M\u00e4gi, <strong>Gailiti hilisemast loomingust<\/strong>. \u2013 Tulimuld, nr 4, 1960, lk 268\u2013284.<br>Felikss Krusa, <strong>Gailiti kaast\u00f6\u00f6 L\u00e4ti ajakirjandusele<\/strong>. \u2013 Tulimuld, nr 2 , 1961, lk 87.<br>Mall J\u00fcrma, <strong>Naine ja ema August Gailiti teostes<\/strong>. \u2013 Tulimuld, nr 3, 1961, 184\u2013192. [Emadep\u00e4eval 1961 Baltimore\u2019is peetud k\u00f5ne.]<br>Ivar Gr\u00fcnthal, <strong>August Gailiti moondumised<\/strong>. \u2013 Mana, nr 3, 1966, lk 4\u20139.<br>Sirje Endre, <strong>M\u00f5tisklusi Nipernaadi variatsioonide \u00fcmber<\/strong>. \u2013 Sirp ja Vasar, 5. XII 1969, lk 6.<br>Bernard Kangro, <strong>Noor Gailit. Eluloolisi ja muid andmeid<\/strong>. \u2013 H\u00e4itsmemehi ja p\u00e4rlip\u00fc\u00fcdjaid. Esseed ja m\u00e4rkmed pagulaskirjanikest. Lund: Eesti Kirjanike Kooperatiiv, 1978, 151 lk, lk 47\u201368.<br>Bernard Kangro, <strong>\u00d5htust hommikuvalgeni<\/strong>. \u2013 H\u00e4itsmemehi ja p\u00e4rlip\u00fc\u00fcdjaid. Esseed ja m\u00e4rkmed pagulaskirjanikest. Lund: Eesti Kirjanike Kooperatiiv, 1978, 151 lk, lk 69\u201373.<br>Reet Krusten, Endel S\u00f5gel, <strong>Eesti kirjanduse ajalugu, IV k\u00f6ide, 1. raamat<\/strong>. Tallinn: Eesti Raamat, 1981, 518 lk. [August Gailitist lk 369\u2013383; bibliograafia lk 392\u2013393.]<br>Toomas Haug, <strong>August Gailit p\u00e4rast s\u00fcndi kinolinal<\/strong>. \u2013 Sirp ja Vasar, 5. XI 1982, lk 11. [Romaani \u2018Karge meri\u2019 p\u00f5hjal tehtud filmist.]<br>\u00d5ie Orav, <strong>Kohtumisi Toomas Nipernaadiga<\/strong>. \u2013 \u00d5htuleht, 8. VI 1983, lk 2. [Filmist \u2018Nipernaadi\u2019.]<br>Harald Peep, <strong>Armastuse ja mere romaan<\/strong>. \u2013 August Gailit, Karge meri. Tallinn: Eesti Raamat, 1983, 191 lk, lk 188\u2013191.<br>Harald Peep, <strong>Gailitlik stiilifenomen<\/strong>. \u2013 Looming, nr 11, 1984, lk 1555\u20131563.<br>Endel Nirk, <strong>Peiarim\u00e4ngud elu s\u00fcgavike kohal<\/strong>. \u2013 Avardumine: vaatlusi eesti romaani arenguteelt. Tallinn: Eesti Raamat, 1985, 264 lk, lk 128\u2013143.<br>Mart Susi, <strong>M\u00e4rkmeid August Gailiti romaanist \u2018Leegitsev s\u00fcda\u2019<\/strong>. \u2013 Looming, nr 7, 1987, lk 970\u2013976.<br>Arvo M\u00e4gi, <strong>August Gailiti 100. s\u00fcnniaastap\u00e4ev. Eesti kirjanduse kolorist<\/strong>. \u2013 Eesti P\u00e4evaleht, 4. I 1991, lk 4.<br>Toomas Liiv, <strong>August Gailiti teatrip\u00e4rasus<\/strong>. \u2013 Sirp, 11. I 1991, lk 3.<br>Karl Gailit, <strong>August Gailitit meenutades<\/strong>. \u2013 Looming, nr 1, 1991, lk 88\u201395.<br>Margus Kasterpalu, <strong>Kui August Gailit \u2018Vanemuise\u2019 direktor oli\u2026<\/strong> \u2013 Teater. Muusika. Kino, nr 1, 1991, lk 33.<br>Heino Puhvel, <strong>Romantilise teekonna algus (T\u00e4helepanekuid August Gailiti varasemast loomingust)<\/strong>. \u2013 Keel ja Kirjandus, nr 1, 1991, lk 1\u201313.<br>Heino Puhvel, <strong>August Gailiti novellistika piirjooni<\/strong>. \u2013 August Gailit, \u2018P\u00f5hjaneitsi\u2019. Tallinn: Eesti Raamat, 1991, 325 lk, lk 315\u2013324.<br>Toomas Liiv, <strong>Infernaalne Gailit (varasemast loomingust, 1910\u20131924)<\/strong>. \u2013 Looming, nr 8, 1991, lk 1098\u20131103.<br>Salme J\u00e4rv, <strong>Vestlus August Gailiti loomingust<\/strong>. \u2013 Tulimuld, nr 2, 1992, lk 59\u201366.<br>Leenu Siimisker, <strong>August Gailiti \u2018Karge meri\u2019 ja Ruhnu<\/strong>. \u2013 Looming, nr 7, 1994, lk 971\u2013991.<br>Jaanus Vaiksoo, <strong>August Gailiti romaani \u2018Toomas Nipernaadi\u2019 lugemismudelid<\/strong>. \u2013 Keel ja Kirjandus, nr 8, 1994, lk 460\u2013475.<br>Priit Kruus, <strong>\u2018Ekke Moor\u2019 viipab lugejale s\u00f5bralikult<\/strong>. \u2013 August Gailit, Ekke Moor. Tallinn: Pegasus, 2007, 292 lk, lk 287\u2013292.<br><strong>Eesti kirjandus paguluses XX sajandil<\/strong>. Toim. Piret Kruuspere. Tallinn: Eesti TA Underi ja Tuglase Kirjanduskeskus, 2008, 822 lk. [Gailitist lk 35\u201341 ja bibliograafia lk 58 (\u00fclevaate autor Jaanus Vaiksoo); lk 618 ja bibliograafia lk 633\u2013634 (t\u00f5lked, Hilve Rebane).]<br>Merlin Kirikal, <strong>Gailiti teraapia<\/strong>. \u2013 Looming, nr 2, 2023, lk 277\u2013280.<\/p>\n\n\n\n<p><em><strong>Arvustused<\/strong><\/em><br>Henrik Visnapuu, <strong>August Gailit: \u2018Vastu hommikut\u2019<\/strong>. \u2013 Looming, nr 2, 1927, lk 168\u2013171. [Novellikogust \u2018Vastu hommikut\u2019.]<br>Artur Adson, <strong>Toomas Nipernaadi ideest ja t\u00e4hendusest<\/strong>. \u2013 Looming, nr 1, 1929, lk 84\u201388.<br>Marta Sillaots, <strong>August Gailiti \u2018Karge meri\u2019<\/strong>. \u2013 Looming, nr 10, 1938, lk 1153\u20131154.<br>Hugo Raudsepp, <strong>August Gailit: \u2018Ekke Moor\u2019<\/strong>. \u2013 Postimees, 26. I 1942, lk 4.<br>Brita Melts, <strong>Gailiti retseptsiooni kontrastid ja l\u00fcngad<\/strong>. \u2013 Keel ja Kirjandus, nr 11, 2020, lk 990\u2013993. [Raamatust \u2018Lugusid Mr. Ge\u2019st, August Gailitist\u2019.]<br>Janika Kronberg, <strong>Liikumine allikate poole<\/strong>. \u2013 Keel ja Kirjandus, nr 12, 2022, lk 1136\u20131138. [Aivar Kulli raamatust \u2018Lahtiste allikate poole\u2019.]<\/p>\n","protected":false},"excerpt":{"rendered":"<p>ArtiklidHelmi Eller, Tagasi vaatav Gailit. \u2013 Tulimuld, nr 5, 1956, lk 219\u2013220.August M\u00e4lk, Scripta manent. [Nekroloog.] \u2013 Mana, nr 4, 1960, lk 175.Bernard Kangro, Noor Gailit. \u2013 Tulimuld, nr 4, 1960, lk 242\u2013263.Arvo M\u00e4gi, Gailiti hilisemast loomingust. \u2013 Tulimuld, nr &#8230;<\/p>\n","protected":false},"author":43,"featured_media":0,"parent":7638,"menu_order":0,"comment_status":"closed","ping_status":"closed","template":"","meta":{"_acf_changed":false,"inline_featured_image":false,"footnotes":""},"class_list":["post-7645","page","type-page","status-publish","hentry"],"acf":[],"_links":{"self":[{"href":"https:\/\/sisu.ut.ee\/ewod\/et\/wp-json\/wp\/v2\/pages\/7645","targetHints":{"allow":["GET"]}}],"collection":[{"href":"https:\/\/sisu.ut.ee\/ewod\/et\/wp-json\/wp\/v2\/pages"}],"about":[{"href":"https:\/\/sisu.ut.ee\/ewod\/et\/wp-json\/wp\/v2\/types\/page"}],"author":[{"embeddable":true,"href":"https:\/\/sisu.ut.ee\/ewod\/et\/wp-json\/wp\/v2\/users\/43"}],"replies":[{"embeddable":true,"href":"https:\/\/sisu.ut.ee\/ewod\/et\/wp-json\/wp\/v2\/comments?post=7645"}],"version-history":[{"count":1,"href":"https:\/\/sisu.ut.ee\/ewod\/et\/wp-json\/wp\/v2\/pages\/7645\/revisions"}],"predecessor-version":[{"id":7646,"href":"https:\/\/sisu.ut.ee\/ewod\/et\/wp-json\/wp\/v2\/pages\/7645\/revisions\/7646"}],"up":[{"embeddable":true,"href":"https:\/\/sisu.ut.ee\/ewod\/et\/wp-json\/wp\/v2\/pages\/7638"}],"wp:attachment":[{"href":"https:\/\/sisu.ut.ee\/ewod\/et\/wp-json\/wp\/v2\/media?parent=7645"}],"curies":[{"name":"wp","href":"https:\/\/api.w.org\/{rel}","templated":true}]}}