{"id":7629,"date":"2024-04-03T23:40:44","date_gmt":"2024-04-03T20:40:44","guid":{"rendered":"https:\/\/sisu.ut.ee\/ewod\/?page_id=7629"},"modified":"2025-10-07T00:37:59","modified_gmt":"2025-10-06T21:37:59","slug":"raissa-kovamees","status":"publish","type":"page","link":"https:\/\/sisu.ut.ee\/ewod\/et\/k\/raissa-kovamees\/","title":{"rendered":"Raissa K\u00f5vamees"},"content":{"rendered":"<figure class=\"wp-block-image alignright size-large\"><a href=\"https:\/\/sisu.ut.ee\/wp-content\/uploads\/sites\/108\/raissa_kovamees-scaled.jpg\"><img loading=\"lazy\" decoding=\"async\" width=\"1024\" height=\"726\" src=\"https:\/\/sisu.ut.ee\/wp-content\/uploads\/sites\/108\/raissa_kovamees-1024x726.jpg\" alt=\"Raissa K\u00f5vamees\" class=\"wp-image-2469\" srcset=\"https:\/\/sisu.ut.ee\/wp-content\/uploads\/sites\/108\/raissa_kovamees-1024x726.jpg 1024w, https:\/\/sisu.ut.ee\/wp-content\/uploads\/sites\/108\/raissa_kovamees-300x213.jpg 300w, https:\/\/sisu.ut.ee\/wp-content\/uploads\/sites\/108\/raissa_kovamees-768x545.jpg 768w, https:\/\/sisu.ut.ee\/wp-content\/uploads\/sites\/108\/raissa_kovamees-1536x1089.jpg 1536w, https:\/\/sisu.ut.ee\/wp-content\/uploads\/sites\/108\/raissa_kovamees-2048x1453.jpg 2048w, https:\/\/sisu.ut.ee\/wp-content\/uploads\/sites\/108\/raissa_kovamees-1920x1362.jpg 1920w\" sizes=\"auto, (max-width: 1024px) 100vw, 1024px\"><\/a><\/figure>\n\n\n\n<p>Raissa K\u00f5vamees (1933. aastani Kesk\u00fcla; 4. III\/19. II 1907 \u2013 18. IV 1989) oli v\u00e4liseesti prosaist.<\/p>\n\n\n\n<p>K\u00f5vamees s\u00fcndis ja \u00f5ppis Muhus, hiljem Kunda rahva\u00fclikoolis. T\u00f6\u00f6tas kaubanduses. P\u00e4rast abiellumist asus elama M\u00f5isak\u00fclla Muhus. 1944. aastal l\u00e4ks Rootsi, sealt 1951. aastal Kanadasse, kus p\u00fcsivamalt elas Vancouveris, kus ka suri. Tema t\u00fctar oli keeleteadlane Juta K\u00f5vamees-Kitching (1935-2025).<\/p>\n\n\n\n<p>1930. aastate alguses l\u00fchiproosaga Kuressaare ajalehes Meie Maa deb\u00fcteerinud K\u00f5vamehe loomingu p\u00f5hiosa on kirjutatud paguluses. Ta p\u00e4lvis t\u00e4helepanu ja kirjastuse Orto romaaniv\u00f5istlusel teise auhinna romaaniga \u201eKahe v\u00e4ina vahel\u201c (1956), mis \u00fches romaaniga \u201eOn lindudel pesad\u2026\u201c (1960) moodustab 19. sajandi l\u00f5pust 1940. aastateni ulatuva Muhu keskkonda paigutuva perekonnaloo. Autor loob detailit\u00e4pse pildi kohalikust elu-olust ning on kasutanud murdekeelt. M\u00f5lemas romaanis on kesksel kohal tugevad naistegelased. Muhu olustikus areneb ka romaani \u201eRandlased\u201c (1960) s\u00fcndmustik. Kunstiliselt k\u00f5ige \u00f5nnestunumaks peetava, huvitava nimitegelasega romaani \u201eTeela\u201c (1965) tegevustik liigub mandrile. Selle j\u00e4rg \u201eP\u00e4risosa\u201c (1969) keskendub vabariigiaegsele k\u00fclaelule. Pagulasteemat k\u00e4sitleb romaan \u201eS\u00f5ja lapsed\u201c (1967). Postuumselt ilmunud romaani \u201eT\u00fctarlaps laugelt merelt\u201c (1998) tegevustik leiab taas aset Muhu saarel, mis on kesksel kohal ka l\u00fchiproosakogumikus \u201eOli kord\u2026\u201c (1988).<\/p>\n\n\n\n<p><em>A. K.<\/em><\/p>\n\n\n\n<h4 class=\"wp-block-heading\"><br>Raamatud eesti keeles<\/h4>\n\n\n\n<p><strong><em>Romaanid<\/em><\/strong><br><strong>Kahe v\u00e4ina vahel<\/strong>. Toronto: Orto, 1956, 320 lk. [2. tr\u00fckk: 1994.]<br><strong>On lindudel pesad\u2026<\/strong>. Toronto: Orto, 1960, 319 lk.<br><strong>Randlased<\/strong>. Toronto: Orto, 1962, 190 lk.<br><strong>Teela<\/strong>. Toronto: Orto, 1965, 286 lk.<br><strong>S\u00f5ja lapsed<\/strong>. Toronto: Orto, 1967, 280 lk.<br><strong>P\u00e4risosa<\/strong>. Toronto: Orto, 1969, 235 lk.<br><strong>T\u00fctarlaps kaugelt neemelt<\/strong>. Tallinn: Olion, 1998, 299 lk.<\/p>\n\n\n\n<p><strong><em>Jutustused<\/em><\/strong><br><strong>Oli kord\u2026<\/strong>. Jutte ja jutukesi m\u00f6\u00f6dunud aegadest. Vancouver: Laurel Press, 1988, 101 lk.<\/p>\n\n\n\n<p><strong><em>N\u00e4idendid<\/em><\/strong><br><strong>Kolm n\u00e4idendit<\/strong>. Habaja: Kentaur, 2013, 113 lk.<\/p>\n\n\n\n<h4 class=\"wp-block-heading\"><br><a href=\"https:\/\/sisu.ut.ee\/ewod\/et\/k\/raissa-kovamees\/raissa-kovamehe-kohta\/\" data-type=\"page\" data-id=\"7633\">Artiklid ja arvustused Raissa K\u00f5vamehe kohta<\/a><\/h4>\n","protected":false},"excerpt":{"rendered":"<p>Raissa K\u00f5vamees (1933. aastani Kesk\u00fcla; 4. III\/19. II 1907 \u2013 18. IV 1989) oli v\u00e4liseesti prosaist. K\u00f5vamees s\u00fcndis ja \u00f5ppis Muhus, hiljem Kunda rahva\u00fclikoolis. T\u00f6\u00f6tas kaubanduses. P\u00e4rast abiellumist asus elama M\u00f5isak\u00fclla Muhus. 1944. aastal l\u00e4ks Rootsi, sealt 1951. aastal Kanadasse, &#8230;<\/p>\n","protected":false},"author":43,"featured_media":0,"parent":6484,"menu_order":0,"comment_status":"closed","ping_status":"closed","template":"","meta":{"_acf_changed":false,"inline_featured_image":false,"footnotes":""},"class_list":["post-7629","page","type-page","status-publish","hentry"],"acf":[],"_links":{"self":[{"href":"https:\/\/sisu.ut.ee\/ewod\/et\/wp-json\/wp\/v2\/pages\/7629","targetHints":{"allow":["GET"]}}],"collection":[{"href":"https:\/\/sisu.ut.ee\/ewod\/et\/wp-json\/wp\/v2\/pages"}],"about":[{"href":"https:\/\/sisu.ut.ee\/ewod\/et\/wp-json\/wp\/v2\/types\/page"}],"author":[{"embeddable":true,"href":"https:\/\/sisu.ut.ee\/ewod\/et\/wp-json\/wp\/v2\/users\/43"}],"replies":[{"embeddable":true,"href":"https:\/\/sisu.ut.ee\/ewod\/et\/wp-json\/wp\/v2\/comments?post=7629"}],"version-history":[{"count":3,"href":"https:\/\/sisu.ut.ee\/ewod\/et\/wp-json\/wp\/v2\/pages\/7629\/revisions"}],"predecessor-version":[{"id":7635,"href":"https:\/\/sisu.ut.ee\/ewod\/et\/wp-json\/wp\/v2\/pages\/7629\/revisions\/7635"}],"up":[{"embeddable":true,"href":"https:\/\/sisu.ut.ee\/ewod\/et\/wp-json\/wp\/v2\/pages\/6484"}],"wp:attachment":[{"href":"https:\/\/sisu.ut.ee\/ewod\/et\/wp-json\/wp\/v2\/media?parent=7629"}],"curies":[{"name":"wp","href":"https:\/\/api.w.org\/{rel}","templated":true}]}}