{"id":7614,"date":"2025-09-20T14:09:59","date_gmt":"2025-09-20T11:09:59","guid":{"rendered":"https:\/\/sisu.ut.ee\/ewod\/?page_id=7614"},"modified":"2025-10-15T10:09:54","modified_gmt":"2025-10-15T07:09:54","slug":"ilmar-jaksi-kohta","status":"publish","type":"page","link":"https:\/\/sisu.ut.ee\/ewod\/et\/j\/ilmar-jaks\/ilmar-jaksi-kohta\/","title":{"rendered":"Ilmar Jaksi kohta"},"content":{"rendered":"<p><strong><em>Artiklid<\/em><\/strong><br><strong>Estonian Literature in Exile<\/strong>. \u2013 Lund: Eesti Kirjanike Kooperatiiv, 1967, 88 lk. [Ilmar Jaksist lk 39, 40, 75.]<br>Arvo M\u00e4gi, <strong>Aruanne eikellegi maalt<\/strong>. \u2013 Teataja, 24. III 1973, lk 3. [Ilmar Jaksi 50. s\u00fcnnip\u00e4evaks.]<br>Helmi Eller, <strong>Peidetu paljastaja<\/strong>. \u2013 Eesti P\u00e4evaleht, 11. IV 1973, lk 4.<br>Bernard Kangro, <strong>Jaks odaheites 61. 31<\/strong>. \u2013 H\u00e4itsmemehi ja p\u00e4rlip\u00fc\u00fcdjaid. Esseed ja m\u00e4rkmed pagulaskirjanikest. Lund: Eesti Kirjanike Kooperatiiv, 1978, 151 lk, lk 138\u2013142.<br>Arvo M\u00e4gi, <strong>Avalik kiri Ilmar Jaksile, kui ta sai 60<\/strong>. \u2013 Eesti P\u00e4evaleht, 30. IV 1983.<br>Oskar Kruus, <strong>Elu nagu seiklusromaan [kirjanik I. Jaksi 70. s\u00fcnnip\u00e4evaks]<\/strong>. \u2013 Postimees, 5. IV 1993, lk 7.<br>Jaan Undusk, <strong>Anarhisti pilguga. Ilmar Jaks \u2013 Skai Ramli \u2013 Sky Rambler<\/strong>. \u2013 Looming, nr 6, 1993, lk 806\u2013827. [Ka raamatus: Jaan Undusk, \u2018Maagiline m\u00fcstiline keel\u2019. \u2013 Tallinn: Virgela, 1998, 348 lk, lk 224\u2013257.]<br>Hellar Grabbi, <strong>Vabal h\u00e4\u00e4lel. M\u00f5tteid kahesajast eesti raamatust<\/strong>. \u2013 Tallinn: Virgela, 1997, 304 lk. [Ilmar Jaksi raamatust \u2018Augeiase tallid\u2019 lk 57\u201359.]<br>Kalle K\u00e4sper, <strong>Kui seadus muutub maailmaks iseeneses<\/strong>. \u2013 S\u00f5numileht, 13. IV 1998, lk 12. [Essee Jaksi novellidest.]<br>Kalle K\u00e4sper, <strong>L\u00f5pmatult \u00fcksildane h\u00e4rg: Ilmar Jaksi t\u00e4htsusest ja t\u00e4hendusest eesti kirjanduses<\/strong>. \u2013 Sirp, 28. III 2003, lk 7.<br>Margus V\u00e4lja, <strong>Aasta tippnovellid l\u00e4\u00e4nlaste sulest: Eesti l\u00fchiproosa k\u00f5rgeim tunnustus, Tuglase novelliauhind tuli t\u00e4navu esimest korda kahele l\u00e4\u00e4nlasele<\/strong>. \u2013 L\u00e4\u00e4ne Elu, 6. III 2004, lk 5.<br>Janika Kronberg, <strong>Ilmar Jaks<\/strong>. \u2013 A sharp cut: contemporary Estonian literature. Tallinn: Estonian Literature Information Centre, 2005, 91 lk. [L\u00fchi\u00fclevaade Ilmar Jaksi loomingust.]<br><strong>Eesti kirjandus paguluses XX sajandil<\/strong>. \u2013 Tallinn: Underi ja Tuglase Kirjanduskeskus, 2008, 822 lk. [Ilmar Jaksist lk 210\u2013220 (\u00fclevaate autor Jaan Undusk) ja bibliograafia lk 246\u2013248.]<br>Asta P\u00f5ldm\u00e4e, <strong>Millest ei saa r\u00e4\u00e4kida, sellest tuleb teistmoodi r\u00e4\u00e4kida<\/strong>. \u2013 Looming, nr 4, 2013, lk 529\u2013540. [Ilmar Jaksi elust ja loomingust.]<\/p>\n\n\n\n<p><strong><em>Arvustused<\/em><\/strong><br>Arvo M\u00e4gi, <strong>Siimoni reisim\u00e4rkmed<\/strong>. \u2013 Tulimuld, nr 4, 1963, lk 285\u2013286. [Raamatust \u2018Eikellegi maal\u2019.]<br>Ants Oras, <strong>Kes? Kus? Kuhu? Miks? Misjaoks?<\/strong> \u2013 Mana, nr 1, 1964, lk 77\u201378. [\u2018Eikellegi maal\u2019.]<br>Arvo M\u00e4gi, <strong>Hingejoonistusi<\/strong>. \u2013 Tulimuld, nr 1, 1970, lk 48\u201349. [Raamatust \u2018Mapp: novelle ja katkendeid\u2019.]<br>Helmi Eller, <strong>Kahju inimestest<\/strong>. \u2013 Eesti P\u00e4evaleht, 29. XII 1971, lk 4. [Raamatust \u2018Keldrist p\u00f6\u00f6ningule\u2019.]<br>Rein Tootmaa, <strong>Arvustus raamatule \u2018Eikellegi maal. \u00dclest\u00e4hendusi Siimonist\u2019<\/strong>. \u2013 Vikerkaar, nr 2, 1992, lk 86\u201388.<br>\u00dclo Tonts, <strong>Arvustus raamatule \u2018Eikellegi maal. \u00dclest\u00e4hendusi Siimonist\u2019<\/strong>. \u2013 Keel ja Kirjandus, nr 3, 1992, lk 182\u2013184.<br>Holger Kaints, <strong>2 x Ilmar Jaks<\/strong>. \u2013 Sirp, 18. VI 1993, lk 6. [Raamatutest \u2018Neptun\u2019 ja \u2018Talu\u2019.]<br>Veiko M\u00e4rka, <strong>Ilmar Jaks k\u00fcsib endalt, aga harilikult ei vasta<\/strong>. \u2013 Eesti P\u00e4evaleht: Arkaadia, 10. X 2003, lk. 17. [Raamatust \u2018Pimedus\u2019.]<br>Kalle K\u00e4sper, <strong>Skeptiline ja aristokraatlik Ilmar Jaks<\/strong>. \u2013 Postimees, 7. XI 2003, lk 17. [\u2018Pimedus\u2019.]<br>Janika Kronberg, <strong>Uitava eurooplase novellid<\/strong>. \u2013 Vikerkaar, nr 1\/2, 2004, lk 161\u2013163. [\u2018Pimedus\u2019.]<br>Jaak Tomberg, <strong>L\u00f5pp-punkti eiramatu gravitatsioon<\/strong>. \u2013 Looming, nr 2, 2004, lk 305\u2013307. [\u2018Pimedus\u2019.]<\/p>\n\n\n\n<p><strong><em>Intervjuud<\/em><\/strong><br>Arvi Moor, <strong>Novell on mu viis luuletada<\/strong>. \u2013 Eesti P\u00e4evaleht, 29. XII 1971, lk 4.<br>Juhan Kokla, <strong>Romaanid on lakanud jutustamast. Kirjanduslikke arutlusi Ilmar Jaksiga<\/strong>. \u2013 Eesti P\u00e4evaleht, 13. X 1973, lk 10.<\/p>\n","protected":false},"excerpt":{"rendered":"<p>ArtiklidEstonian Literature in Exile. \u2013 Lund: Eesti Kirjanike Kooperatiiv, 1967, 88 lk. [Ilmar Jaksist lk 39, 40, 75.]Arvo M\u00e4gi, Aruanne eikellegi maalt. \u2013 Teataja, 24. III 1973, lk 3. [Ilmar Jaksi 50. s\u00fcnnip\u00e4evaks.]Helmi Eller, Peidetu paljastaja. \u2013 Eesti P\u00e4evaleht, 11. &#8230;<\/p>\n","protected":false},"author":43,"featured_media":0,"parent":7612,"menu_order":0,"comment_status":"closed","ping_status":"closed","template":"","meta":{"_acf_changed":false,"inline_featured_image":false,"footnotes":""},"class_list":["post-7614","page","type-page","status-publish","hentry"],"acf":[],"_links":{"self":[{"href":"https:\/\/sisu.ut.ee\/ewod\/et\/wp-json\/wp\/v2\/pages\/7614","targetHints":{"allow":["GET"]}}],"collection":[{"href":"https:\/\/sisu.ut.ee\/ewod\/et\/wp-json\/wp\/v2\/pages"}],"about":[{"href":"https:\/\/sisu.ut.ee\/ewod\/et\/wp-json\/wp\/v2\/types\/page"}],"author":[{"embeddable":true,"href":"https:\/\/sisu.ut.ee\/ewod\/et\/wp-json\/wp\/v2\/users\/43"}],"replies":[{"embeddable":true,"href":"https:\/\/sisu.ut.ee\/ewod\/et\/wp-json\/wp\/v2\/comments?post=7614"}],"version-history":[{"count":2,"href":"https:\/\/sisu.ut.ee\/ewod\/et\/wp-json\/wp\/v2\/pages\/7614\/revisions"}],"predecessor-version":[{"id":7690,"href":"https:\/\/sisu.ut.ee\/ewod\/et\/wp-json\/wp\/v2\/pages\/7614\/revisions\/7690"}],"up":[{"embeddable":true,"href":"https:\/\/sisu.ut.ee\/ewod\/et\/wp-json\/wp\/v2\/pages\/7612"}],"wp:attachment":[{"href":"https:\/\/sisu.ut.ee\/ewod\/et\/wp-json\/wp\/v2\/media?parent=7614"}],"curies":[{"name":"wp","href":"https:\/\/api.w.org\/{rel}","templated":true}]}}