{"id":7608,"date":"2025-09-20T13:11:08","date_gmt":"2025-09-20T10:11:08","guid":{"rendered":"https:\/\/sisu.ut.ee\/ewod\/?page_id=7608"},"modified":"2025-09-20T13:11:09","modified_gmt":"2025-09-20T10:11:09","slug":"august-jakobsoni-kohta","status":"publish","type":"page","link":"https:\/\/sisu.ut.ee\/ewod\/et\/j\/august-jakobson\/august-jakobsoni-kohta\/","title":{"rendered":"August Jakobsoni kohta"},"content":{"rendered":"<p><strong><em>Artiklid<\/em><\/strong><br>Leo Anvelt, <strong>Maailmavaatelisi k\u00fcsimusi August Jakobsoni toodangus<\/strong>. \u2013 Eesti Kirjandus, nr 6\/7, 1940, lk 245\u2013254.<br>Richard Alek\u00f5rs, <strong>August Jakobsoni draamaloomingu keelest ja stiilist<\/strong>. \u2013 Looming, nr 8, 1954, lk 996\u20131013.<br>Liidia Toom, <strong>August Jakobsoni loominguline tee<\/strong>. \u2013 Looming, nr 9, 1954, lk 1124\u20131142.<br>Paul Kuusberg, <strong>August Jakobsonist ja tema \u2018Valitud teostest\u2019<\/strong>. \u2013 Looming, nr 7, 1958, lk 1090\u20131107.<br><strong>August Jakobson \u2013 in memoriam<\/strong>. \u2013 Rahva H\u00e4\u00e4l, 24. V 1963, lk 4.<br><strong>[Nekroloog.]<\/strong> \u2013 Looming, nr 6, 1963, lk 958\u2013959.<br>Martin Neithal, <strong>\u2018Vaeste-Patuste alev\u2019 kui sotsiaalne romaan<\/strong>. \u2013 Looming, nr 10, 1970, lk 1578\u20131586.<br>Harald Peep, <strong>\u017danriprobleeme August Jakobsoni dramaturgias<\/strong>. \u2013 Keel ja Kirjandus, nr 7, 1972, lk 385\u2013389.<br>Lili-Ann Sinij\u00e4rv, <strong>Kilde August Jakobsoni elust<\/strong>. \u2013 Looming, nr 9, 1974, lk 1517\u20131535.<br>Martin Neithal, <strong>August Jakobsoni varasem novellilooming<\/strong>. \u2013 Keel ja Kirjandus, nr 10, 1975, lk 586\u2013593.<br>Martin Neithal, <strong>August Jakobsoni haritlasromaanid<\/strong>. \u2013 Looming, nr 9, 1984, lk 1275\u20131282.<br>Lilian Vellerand, <strong>Noorp\u00f5lv August Jakobsoni seltsis. August Jakobsoni n\u00e4idenditest s\u00f5jaj\u00e4rgsetel aastatel eesti laval<\/strong>. \u2013 Teater. Muusika. Kino, nr 9, 1984, lk 66\u201371.<br>Paul Kuusberg, <strong>Kokkupuutumisi August Jakobsoniga<\/strong>. \u2013 Postimees, 9. XI 1995, lk 16.<br>Linda Kaljundi, <strong>August Jakobsoni \u2018Vaeste-Patuste alev\u2019<\/strong>. \u2013 Eesti P\u00e4evaleht, 20. II 2009, lk 20.<br>Rein Veidemann, <strong>August Jakobson ja tema \u2018Vaeste-Patuste alev\u2019<\/strong>. \u2013 August Jakobson, \u2018Vaeste-patuste alev\u2019. Tallinn: Eesti P\u00e4evaleht, 2009, 432 lk, lk 421\u2013432.<br>Rein Veidemann, <strong>August Jakobson: \u2018Vaeste-Patuste alev\u2019<\/strong>. \u2013 101 Eesti kirjandusteost. Tallinn: Varrak, 2011, 224 lk, lk 70\u201371.<br>Anneli K\u00f5vamees, <strong>Teejuht August Jakobsoni loomingu tihnikusse<\/strong>. \u2013 Sirp, 4. IV 2014, lk 33. [Arvustus M. Neithali l\u00fchimonograafiale.]<br>Jaak Urmet,<strong> Elas kord August Jakobson<\/strong>. \u2013 Vintp\u00fcss k\u00f5rval: valitud kirjandusloolisi artikleid. Tallinn: Eesti Keele Sihtasutus, 2015, 432 lk, lk 61\u201371. [Arvustus M. Neithali l\u00fchimonograafiale.]<\/p>\n\n\n\n<p><em><strong>Arvustused<\/strong><\/em><br>Eduard Hubel, <strong>M\u00e4rkmeid \u2018Looduse\u2019 kirjandusv\u00f5istluse tulemusist<\/strong>. \u2013 Looming, nr 10, 1927, lk 951\u2013957.<br>Marta Sillaots, <strong>August Jakobsoni \u2018Vaeste-Patuste alev\u2019<\/strong>. \u2013 Eesti Kirjandus, nr 12, 1927, lk 668\u2013671.<br>Jaan K\u00e4rner, <strong>Eesti proosa 1927. \u00dclevaade<\/strong>. \u2013 Looming, nr 4, 1928, lk 333\u2013335. [Raamatust \u2018Vaeste-Patuste alev\u2019.]<br>Bernhard Linde, <strong>August Jakobsoni \u2018Tuhkur hobune\u2019<\/strong>. \u2013 Looming, nr 1, 1929, lk 77\u201384. [Romaanist \u2018Tuhkur hobune\u2019.]<br>Heiti Talvik, <strong>Kehalise stiihia s\u00f5nastaja<\/strong>. \u2013 Eesti Kirjandus, nr 4, 1936, lk 192\u2013194. [Romaanist \u2018Vana kaardiv\u00e4gi\u2019.]<br>Henrik Visnapuu, <strong>Rahvuse selginemise ideoloogia<\/strong>. \u2013 Varamu, nr 2, 1938, lk 259\u2013261.[Romaanist \u2018Vaikne \u00f5htu\u2019.]<br>Bernard Kangro, <strong>M\u00e4rkmeid A. Jakobsoni Vaikse \u00f5htu s\u00fcnniloost<\/strong>. \u2013 Looming, nr 3, 1938, lk 340\u2013341. [\u2018Vaikne \u00f5htu\u2019.]<br>Henrik Visnapuu, <strong>Rahvuse salgajad otsivad uusi esivanemaid<\/strong>. \u2013 Varamu, nr 4, 1938, lk 521\u2013522. [Raamatust \u2018Oktoobrituul\u2019.]<\/p>\n","protected":false},"excerpt":{"rendered":"<p>ArtiklidLeo Anvelt, Maailmavaatelisi k\u00fcsimusi August Jakobsoni toodangus. \u2013 Eesti Kirjandus, nr 6\/7, 1940, lk 245\u2013254.Richard Alek\u00f5rs, August Jakobsoni draamaloomingu keelest ja stiilist. \u2013 Looming, nr 8, 1954, lk 996\u20131013.Liidia Toom, August Jakobsoni loominguline tee. \u2013 Looming, nr 9, 1954, lk &#8230;<\/p>\n","protected":false},"author":43,"featured_media":0,"parent":7601,"menu_order":0,"comment_status":"closed","ping_status":"closed","template":"","meta":{"_acf_changed":false,"inline_featured_image":false,"footnotes":""},"class_list":["post-7608","page","type-page","status-publish","hentry"],"acf":[],"_links":{"self":[{"href":"https:\/\/sisu.ut.ee\/ewod\/et\/wp-json\/wp\/v2\/pages\/7608","targetHints":{"allow":["GET"]}}],"collection":[{"href":"https:\/\/sisu.ut.ee\/ewod\/et\/wp-json\/wp\/v2\/pages"}],"about":[{"href":"https:\/\/sisu.ut.ee\/ewod\/et\/wp-json\/wp\/v2\/types\/page"}],"author":[{"embeddable":true,"href":"https:\/\/sisu.ut.ee\/ewod\/et\/wp-json\/wp\/v2\/users\/43"}],"replies":[{"embeddable":true,"href":"https:\/\/sisu.ut.ee\/ewod\/et\/wp-json\/wp\/v2\/comments?post=7608"}],"version-history":[{"count":1,"href":"https:\/\/sisu.ut.ee\/ewod\/et\/wp-json\/wp\/v2\/pages\/7608\/revisions"}],"predecessor-version":[{"id":7609,"href":"https:\/\/sisu.ut.ee\/ewod\/et\/wp-json\/wp\/v2\/pages\/7608\/revisions\/7609"}],"up":[{"embeddable":true,"href":"https:\/\/sisu.ut.ee\/ewod\/et\/wp-json\/wp\/v2\/pages\/7601"}],"wp:attachment":[{"href":"https:\/\/sisu.ut.ee\/ewod\/et\/wp-json\/wp\/v2\/media?parent=7608"}],"curies":[{"name":"wp","href":"https:\/\/api.w.org\/{rel}","templated":true}]}}