{"id":7588,"date":"2025-09-18T15:28:58","date_gmt":"2025-09-18T12:28:58","guid":{"rendered":"https:\/\/sisu.ut.ee\/ewod\/?page_id=7588"},"modified":"2025-09-18T15:28:59","modified_gmt":"2025-09-18T12:28:59","slug":"ain-kaalepi-kohta","status":"publish","type":"page","link":"https:\/\/sisu.ut.ee\/ewod\/et\/k\/ain-kaalep\/ain-kaalepi-kohta\/","title":{"rendered":"Ain Kaalepi kohta"},"content":{"rendered":"<p><br><em><strong>Artiklid<\/strong><\/em><br>Silvia Nagelmaa, <strong>Mitmuslik Ain Kaalep<\/strong>. \u2013 Looming, nr 6, 1976, lk 1012\u20131018.<br>Jaak P\u00f5ldm\u00e4e, <strong>Ain Kaalepi luuleteoreetiliste vaadete kajasid tema loomingus (Kollaa\u017e, segatehnika)<\/strong>. \u2013 Keel ja Kirjandus, nr 6, 1976, lk 329\u2013335.<br>Nigol Andresen, <strong>Laulu algus<\/strong>. \u2013 Looming, nr 12, 1976, lk 2071\u20132076.<br>J\u00fcri Talvet, <strong>Ain Kaalepi poetica iberica<\/strong>. \u2013 Keel ja Kirjandus, nr 6, 1981, lk 368\u2013376.<br>Nasta Pino, <strong>Ain Kaalep 60<\/strong>. \u2013 Edasi, 7. VI 1986, lk 4\u20135.<br>J\u00fcri Talvet, <strong>Kirjaniku portree tema s\u00fcnnip\u00e4evaks ehk Ain Kaalepi luule ja tarkus<\/strong>. \u2013 Looming, nr 6, 1986, lk 815\u2013823.<br>Ilmar Vene, <strong>Maailmatajust<\/strong>. \u2013 Looming, nr 2, 1987, lk 230\u2013242. [Ain Kaalepi loomingust. Hiljem ilmunud ka: Vahemere tuuled H\u00fcperboreas. Tartu: Ilmamaa, 1997, 399 lk, lk 43\u201369.]<br>Silvia Nagelmaa, <strong>Ain Kaalep<\/strong>. \u2013 Eesti kirjanduse ajalugu, V k\u00f6ide, 2. raamat, Tallinn: Eesti Raamat, Tallinn 1991, lk 360\u2013367; bibliograafia lk 374\u2013375.<br>Ilmar Vene, <strong>Tantsiv uni<\/strong>. \u2013 Postimees, 4. VI 1996, lk 15. [Ain Kaalepi loomingu seostest valgustusajastuga.]<br>Kauksi \u00dclle, <strong>Illos on p\u00e4iv. Ain Kaalepist h\u00e4ll\u00fcp\u00e4\u00e4v\u00e4 per\u00e4st<\/strong>. \u2013 Keel ja Kirjandus, nr 6, 1996, lk 361\u2013363.<br>Peeter Olesk, <strong>Korras\u00f5bra vabaduskiusatus<\/strong>. \u2013 Keel ja Kirjandus, nr 6, 1996, lk 364\u2013365.<br>Teet Kallas, <strong>Ain Kaalep k\u00fclvab haritust ja erudeeritust<\/strong>. \u2013 Postimees, 4. VI 2001, lk 18.<br>Madis K\u00f5iv, <strong>Kaalepi Ain \u2013 kolmveerand aastasata<\/strong>. \u2013 Uma Leht, 5. VI 2001, lk 4.<br>J\u00fcri Talvet, <strong>Ain Kaalepi kiituseks<\/strong>. \u2013 Looming, nr 11, 2002, lk. 1714\u20131721.<br>Toomas Liiv, <strong>Kaalep \u2013 hru\u0161t\u0161oviaan ja rapsood<\/strong>. \u2013 Sirp, 28. X 2005, lk 6. [Ain Kaalepi luuletustest.]<br><strong>Ain Kaalep<\/strong>. \u2013 Tuntud elvalasi l\u00e4bi aegade. Koostanud Lembit ja Uno Ainsoo. Tartu: Liivimaa M\u00e4lu, 2006, lk 49\u201352.<br>Oskar Kruus, <strong>Lisandus<\/strong>. \u2013 Looming, nr 4, 2007, lk. 638. [Vastukaja Loomingus nr 12, 2006 ilmunud Ain Kaalepi jutule \u2018J\u00f5ulu\u00f5htu August Allega\u2019.]<br>Sirje Olesk, <strong>Kaks vaimukaaslast eri aegadest. Valik Ain Kaalepi ja Nigol Andreseni kirjavahetusest aastatel 1965\u20131975<\/strong>. \u2013 Tuna, nr 4, 2007, lk 103\u2013122; j\u00e4rg: nr 1, 2008, lk 113\u2013128.<br>Peeter Olesk, <strong>Inimesest ja poliitikast. Ain Kaalepile tema 75. s\u00fcnnip\u00e4eval<\/strong>. \u2013 Tartu: Ilmamaa, 2008, 455 lk, lk 69\u201372.<br>Janika P\u00e4ll, <strong>Ain Kaalepi v\u00e4ltelis-pikkuselise v\u00e4rsi koolkond vanakreeka ja rooma luule t\u00f5lkimisel<\/strong>. \u2013 Ain Kaalep 80: konverentsikogumik. Tartu: Eesti Kirjanduse Selts, 2008, 188 lk, lk 13\u201330.<br>Raimu Hanson, <strong>Ilmus Kaalepi raamat ja raamat Kaalepist<\/strong>. \u2013 Tartu Postimees, 30. X 2008, lk 2.<br>Rein Veidemann, <strong>Ain Kaalep \u2018Prooimion\u2019<\/strong>. \u2013 101 Eesti kirjandusteost. Tallinn: Varrak, 2011, 224 lk, lk 126\u2013127.<br>Brigitte von Engelhardt, <strong>Ain Kaalepist m\u00f5eldes<\/strong>. \u2013 Looming, nr 6, 2016, lk. 842\u2013843. [T\u00f5lkinud Asta P\u00f5ldm\u00e4e.]<br>Marju Lepaj\u00f5e, <strong>Ain Kaalepi ilmingutest eesti kultuuris<\/strong>. \u2013 Looming, nr 6, 2016, lk 839\u2013841.<br>Ilmar Vene, <strong>Pool sajandit Ain Kaalepiga<\/strong>. \u2013 Sirp, 3. VI 2016, lk. 12\u201313.<br>Olev Remsu, <strong>Ain Kaalep \u2013 s\u00fcdametunnistusega esteet, erudiit ja s\u00f5dur<\/strong>. \u2013 Delfi\/Eesti P\u00e4evaleht, 4. VI 2016.<br>Rein Veidemann, <strong>Ain Kaalepi \u00fcheksak\u00fcmmend ringi \u00fcmber p\u00e4ikese<\/strong>. \u2013 Postimees, 4. VI 2016, lk. 10\u201311. [Ain Kaalepi 90. juubelile p\u00fchendatud \u00fclevaade eluk\u00e4igust ja loomingust.]<br>Arne Merilai, <strong>Kaval-Ain ja Vanapagan. Nooruse kihermeid I<\/strong>. \u2013 Keel ja Kirjandus, nr 7, 2016, lk 489\u2013503. [Ain Kaalepi 1960. aastatel ajakirjas \u2018Noorus\u2019 ilmunud artiklisarjast \u2018Kirjanduslikke kihermeid\u2019, mida ta avaldas O. Muusapoja nime all kokku 37 korral.]<br>Mats Traat, <strong>\u00dchest ballaadist<\/strong>. \u2013 Looming, nr 11, 2016, lk 1597\u20131599. [Ain Kaalepi ballaadist \u2018Ballaad Ameerika lennuv\u00e4e ohvitserist\u2019 ja Mats Traadi ballaadist \u2018Ballaad Eestimaa kulakust\u2019.]<br>Rein Veidemann, <strong>Ain Kaalep (4. juuni 1926\u201310. juuni 2020). In memoriam: suur Paan on surnud. Maastikud j\u00e4\u00e4vad<\/strong>. \u2013 Postimees, 12. VI 2020, lk 16\u201317.<br>J\u00fcri Talvet, <strong>\u2018S\u00f5ber, kui ehitad maja, tee sellele suured aknad\u2026\u2019: Ain Kaalep (4. VI 1926\u20139. VI 2020) in memoriam<\/strong>. \u2013 Eesti Ekspress, 17. VI 2020, lk 51\u201352.<br>Toomas Kiho, <strong>Aukartlikult Ain Kaalepist<\/strong>. \u2013 Sirp, 19. VI 2020, lk 16\u201317.<br>Asta P\u00f5ldm\u00e4e, <strong>Ain Kaalep 4. VI 1926\u20139. VI 2020<\/strong>. \u2013 Sirp, 19. VI 2020, lk. 17.<\/p>\n\n\n\n<p><em><strong>Arvustused<\/strong><\/em><br>Paul Rummo, <strong>Kaks r\u00e4nnumeest<\/strong>. \u2013 Looming, nr 3, 1962, lk 476\u2013478. [Luulekogust \u2018Samarkandi vihik\u2019.]<br>Nigol Andresen, <strong>Kaasaja optimistlik luule<\/strong>. \u2013 Keel ja Kirjandus, nr 4, 1963, lk 232\u2013234. [Raamatust \u2018Aomaastikud\u2019.]<br>Heldur Niit, <strong>Muusal on vaja palju h\u00e4id poeete<\/strong>. \u2013 Looming, nr 8, 1963, lk 1263\u20131269. [\u2018Aomaastikud\u2019.]<br>Nigol Andresen, <strong>Muljeid \u00fchelt etenduselt<\/strong>. \u2013 Sirp ja Vasar, 12. II 1965, lk 6. [N\u00e4idendist \u2018Minu silmad ja sinu silmad\u2019.]<br>V. Sirm, <strong>Anal\u00fc\u00fcsiti esikn\u00e4idendit<\/strong>. \u2013 Edasi, 21. III 1965, lk 3. [\u2018Minu silmad ja sinu silmad\u2019.]<br>Mati Unt, <strong>Paha ta igatahes ei tee\u2026<\/strong> \u2013 Edasi, 21. III 1965, lk 3. [\u2018Minu silmad ja sinu silmad\u2019.]<br>Silvia Nagelmaa, <strong>Atika tuul j\u00e4rvemaastike kohal<\/strong>. \u2013 Edasi, 18. VIII 1968, lk 3. [Raamatust \u2018J\u00e4rvemaastikud\u2019.]<br>Linda Ruud, <strong>M\u00f5\u00f5n ja m\u00f5\u00f5t<\/strong>. \u2013 Keel ja Kirjandus, nr 10, 1968, lk 634\u2013635. [\u2018J\u00e4rvemaastikud\u2019.]<br>Henn-Kaarel Hellat. <strong>Mensura Zoili<\/strong>. \u2013 Looming, nr 8, 1971, lk 1267\u20131269. [Raamatust \u2018Klaasmaastikud\u2019.]<br>Leili Iher, <strong>Klaas ja luule<\/strong>. \u2013 Keel ja Kirjandus, nr 8, 1971, lk 496\u2013498. [\u2018Klaasmaastikud\u2019.]<br>Asta P\u00f5ldm\u00e4e, <strong>Punane l\u00f5vi Ain Kaalepi laboratooriumis<\/strong>. \u2013 Looming, nr 2, 1972, lk 341\u2013343. [Raamatust \u2018Paani surm ja teisi luuletusi\u2019.]<br>Nigol Andresen, <strong>Klassika lummuses<\/strong>. \u2013 Keel ja Kirjandus, nr 4, 1977, lk 243\u2013244. [\u2018Paani surm ja teisi luuletusi\u2019.]<br>Hando Runnel, <strong>Luulet\u00f5lkeid Ain Kaalepi moodi<\/strong>. \u2013 Looming, nr 9, 1977, lk 1573\u20131576. [Raamatust \u2018Peegelmaastikud. Luulet\u00f5lkeid\u2019.]<br>Jaak P\u00f5ldm\u00e4e, <strong>T\u00f5lkijaantoloogia ja t\u00f5lkemeetod<\/strong>. \u2013 Keel ja Kirjandus, nr 9, 1977, lk 563\u2013568. [\u2018Peegelmaastikud\u2019.]<br>Aivo L\u00f5hmus, <strong>Dialoog \u2018M\u00e4e vere\u2019 asjus<\/strong>. \u2013 Edasi, 28. IV 1979. [N\u00e4idendist \u2018Totomauna ehk M\u00e4e veri\u2019.]<br>Rein Veidemann, <strong>Ain Kaalepi viiem\u00f5\u00f5tmeline maailm<\/strong>. \u2013 Looming, nr 11, 1984, lk 1567\u20131570. [Raamatust \u2018Maavallast ja maailmakirjandusest\u2019.]<br>Mait Meerits, <strong>Ain Kaalepi vaistud<\/strong>. \u2013 Sirp ja Vasar, 14. XII 1984, lk 4. [\u2018Maavallast ja maailmakirjandusest\u2019.]<br>Rein Raud, <strong>L\u00e4\u00e4ne ja Ida piiril<\/strong>. \u2013 Vikerkaar, nr 3, 1986, lk 76\u201377. [\u2018Kuldne Aphrodite ja teisi luuletusi\u2019.]<br>Linnar Priim\u00e4gi, <strong>Arvustus luulekogule \u2018Kuldne Aphrodite\u2019<\/strong>. \u2013 Edasi, 7. VI 1986, lk 4.<br>Sirje Olesk, <strong>Rohkem Ain Kaalepist kui \u2018Kuldsest Aphroditest\u2019<\/strong>. \u2013 Keel ja Kirjandus, nr 9, 1986, lk 559\u2013561. [\u2018Kuldne Aphrodite ja teisi luuletusi\u2019.]<br>Janika Kronberg, <strong>Kingitus, mis kinnitab ja jaatab p\u00fcsivaid kultuuriv\u00e4\u00e4rtusi<\/strong>. \u2013 Postimees, 26. II 1998, lk 16. [Raamatust \u2018Kolm Lydiat\u2019.]<br>\u00dclo Tonts, <strong>H\u00f5lmamatu Ain Kaalep maailma h\u00f5lmamas<\/strong>. \u2013 S\u00f5numileht, 17. III 1998, lk 13. [\u2018Kolm Lydiat\u2019.]<br>Mati Unt, <strong>Kaalep on kultuur ise<\/strong>. \u2013 Eesti Ekspress, 27. III 1998, lk B4. [\u2018Kolm Lydiat\u2019.]<br>\u00dclo Tonts, <strong>Kaalep on Kaalep<\/strong>. \u2013 Keel ja Kirjandus, nr 9, 1998, lk 641\u2013642. [\u2018Kolm Lydiat\u2019.]<br>Vaapo Vaher, <strong>Donkihotilik Kaalep<\/strong>. \u2013 Surmakuul &amp; seemnepurse. Tallinn: Eesti\u2013Kambod\u017ea S\u00f5prus\u00fching &amp; Juku-Kalle Raid, 2002, 528 lk, lk 189\u2013193. [\u2018Kolm Lydiat\u2019.]<br>Janika Kronberg, <strong>Kuuleka lugejana klassiku aias<\/strong>. \u2013 Looming, nr 5, 2008, lk 783\u2013785. [Raamatust \u2018Jumalatosin\u2019.]<br>Rein Veidemann, <strong>Maakuulaja, teejuht, vaimuteener \u2013 ainus Ain Kaalep<\/strong>. \u2013 Postimees 18. X 2008, lk. 11. [Raamatust \u2018Muusad ja maastikud: luuletusi aastaist 1945\u20132008\u2019.]<br>Maria-Kristiina Lotman, Rebekka Lotman, <strong>Ain Kaalepi luulekool<\/strong>. \u2013 Vikerkaar, nr 12, 2008, lk. 116\u2013119. [\u2018Muusad ja maastikud: luuletusi aastaist 1945\u20132008\u2019.]<br>Mari Klein, <strong>Ain Kaalep viib lugeja v\u00e4rskendavale kultuuriretkele minevikku<\/strong>. \u2013 \u00d5petajate Leht, 14. VI 2013, lk. 11. [Raamatust \u2018Kodu k\u00f5ikjal kaasas\u2019.]<br>Rein Veidemann, <strong>Elu- ja kultuurir\u00e4nnakutel koos Ain Kaalepiga<\/strong>. \u2013 Postimees, 15. VI 2013, lk 8. [\u2018Kodu k\u00f5ikjal kaasas\u2019.]<br>Tiit Pruuli, <strong>Vana mehe armastus<\/strong>. \u2013 Vikerkaar, nr 10\/11, 2013, lk 178\u2013182. [\u2018Kodu k\u00f5ikjal kaasas\u2019.]<br>Brita Melts, <strong>Vaimuaristokraadi maastikulembus<\/strong>. \u2013 Looming, nr 12, 2013, lk 1711\u20131713. [\u2018Kodu k\u00f5ikjal kaasas\u2019.]<\/p>\n\n\n\n<p><strong><em>Intervjuud<\/em><\/strong><br>Margot Visnap, <strong>\u2018Just seet\u00f5ttu, et ei tunta k\u00fcllaldaselt kogu maailmakultuuri p\u00e4randit, ongi meie teatri v\u00f5imalused ahtamad kui nad olla v\u00f5iksid\u2019, \u00fctleb Ain Kaalep<\/strong>. \u2013 Teater. Muusika. Kino, nr 6, 1983, lk 26\u201331.<br>Ene Paaver, <strong>Ateenas, Weimaris, Elvas<\/strong>. \u2013 Edasi, 7. VI 1986, lk 4.<br>Mart Soidro, <strong>\u2018Akadeemia\u2019 oli, on ja ehk ka j\u00e4\u00e4b<\/strong>. \u2013 Postimees, 10. I 1991, lk 5.<br>Priidu Beier, <strong>\u2018Akadeemiat\u2019 loevad haritlased<\/strong>. \u2013 Postimees, 4. VI 1993, lk 6.<br>Ivi Drikkit, <strong>Ain Kaalep ei taha noorust tagasi<\/strong>. \u2013 Postimees: Extra, 2. X 1993.<br>Ivi Drikkit, <strong>Ain Kaalep: aeg-ajalt oleks tarvis luua uusi eesti s\u00f5nu<\/strong>. \u2013Postimees: Extra, 6. XI 1993, lk 5.<br>Pille Runnel, <strong>\u2018Akadeemia\u2019 seisab eesti teaduse terviklikkuse eest<\/strong>. \u2013 Eesti P\u00e4evaleht, 29. IV 1999, lk 11. [Intervjuu ajakirja Akadeemia peatoimetaja Ain Kaalepiga.]<br>Margus Kasterpalu, <strong>V\u00e4\u00e4rika riigi v\u00e4\u00e4rikas ajakiri<\/strong>. \u2013 Postimees, 30. IV 1999, lk 14. [Intervjuu ajakirja Akadeemia peatoimetajaga ajakirja taasilmumise 10. aastap\u00e4eva puhul.]<br>Rein Veidemann, <strong>Kaalep: v\u00f5ibolla on k\u00f5ige olulisem ees. Silmapaistev t\u00f5lkija, luuletaja ja esseist Ain Kaalep saab riigi kultuuripreemia<\/strong>. \u2013 Postimees, 20. II 2002, lk 12\u201313.<br>Anari Koppel, <strong>Ain Kaalep ja suured luuletajad<\/strong>. \u2013 Eesti P\u00e4evaleht, 2. V 2005.<br>Kaarel Tarand, <strong>Ain Kaalep: minevikupilt on liiga roosaks muutunud<\/strong>. \u2013 Eesti P\u00e4evaleht, 14. V 2005, lk 3.<br>Rein Veidemann, <strong>Eesti kultuuriline allak\u00e4ik vihastab v\u00e4gagi humanisti<\/strong>. \u2013 Postimees, 29. V 2006, lk 14.<br>Daniele Monticelli, <strong>Maailmakultuuri s\u00f5numitooja Ain Kaalep<\/strong>. \u2013 Keel ja Kirjandus, nr 6, 2006, lk 491\u2013495.<br>Raimu Hanson, <strong>Rahvusm\u00f5tte auhinna p\u00e4lvis Ain Kaalep<\/strong>. \u2013 Tartu Postimees, 2. XII 2008, lk 2.<br>Mari Paenurm, <strong>Ain Kaalepiga Euroopa taustal<\/strong>. \u2013 Eesti Kirik, 13. V 2009, lk 5.<br>Arne Merilai, <strong>Ain Kaalepi keeletegu: Arne Merilai usutlus emakeele suurmeistriga<\/strong>. \u2013 Sirp, 19. II 2010, lk. 4. [Intervjuu Wiedemanni keeleauhinna laureaadi Ain Kaalepiga.]<br>J\u00fcri Aarma, <strong>Ain Kaalep: Vimm minu karakterisse ei kuulu<\/strong>. \u2013 Maaleht, 13. I 2011, lk. 20\u201321.<\/p>\n","protected":false},"excerpt":{"rendered":"<p>ArtiklidSilvia Nagelmaa, Mitmuslik Ain Kaalep. \u2013 Looming, nr 6, 1976, lk 1012\u20131018.Jaak P\u00f5ldm\u00e4e, Ain Kaalepi luuleteoreetiliste vaadete kajasid tema loomingus (Kollaa\u017e, segatehnika). \u2013 Keel ja Kirjandus, nr 6, 1976, lk 329\u2013335.Nigol Andresen, Laulu algus. \u2013 Looming, nr 12, 1976, lk &#8230;<\/p>\n","protected":false},"author":43,"featured_media":0,"parent":7584,"menu_order":0,"comment_status":"closed","ping_status":"closed","template":"","meta":{"_acf_changed":false,"inline_featured_image":false,"footnotes":""},"class_list":["post-7588","page","type-page","status-publish","hentry"],"acf":[],"_links":{"self":[{"href":"https:\/\/sisu.ut.ee\/ewod\/et\/wp-json\/wp\/v2\/pages\/7588","targetHints":{"allow":["GET"]}}],"collection":[{"href":"https:\/\/sisu.ut.ee\/ewod\/et\/wp-json\/wp\/v2\/pages"}],"about":[{"href":"https:\/\/sisu.ut.ee\/ewod\/et\/wp-json\/wp\/v2\/types\/page"}],"author":[{"embeddable":true,"href":"https:\/\/sisu.ut.ee\/ewod\/et\/wp-json\/wp\/v2\/users\/43"}],"replies":[{"embeddable":true,"href":"https:\/\/sisu.ut.ee\/ewod\/et\/wp-json\/wp\/v2\/comments?post=7588"}],"version-history":[{"count":1,"href":"https:\/\/sisu.ut.ee\/ewod\/et\/wp-json\/wp\/v2\/pages\/7588\/revisions"}],"predecessor-version":[{"id":7589,"href":"https:\/\/sisu.ut.ee\/ewod\/et\/wp-json\/wp\/v2\/pages\/7588\/revisions\/7589"}],"up":[{"embeddable":true,"href":"https:\/\/sisu.ut.ee\/ewod\/et\/wp-json\/wp\/v2\/pages\/7584"}],"wp:attachment":[{"href":"https:\/\/sisu.ut.ee\/ewod\/et\/wp-json\/wp\/v2\/media?parent=7588"}],"curies":[{"name":"wp","href":"https:\/\/api.w.org\/{rel}","templated":true}]}}