{"id":7563,"date":"2025-08-28T12:13:24","date_gmt":"2025-08-28T09:13:24","guid":{"rendered":"https:\/\/sisu.ut.ee\/ewod\/?page_id=7563"},"modified":"2025-08-28T12:13:40","modified_gmt":"2025-08-28T09:13:40","slug":"karl-august-hermanni-kohta","status":"publish","type":"page","link":"https:\/\/sisu.ut.ee\/ewod\/et\/h\/karl-august-hermann\/karl-august-hermanni-kohta\/","title":{"rendered":"Karl August Hermanni kohta"},"content":{"rendered":"<p><strong><em>Artiklid<\/em><\/strong><br>Villem Reiman, <strong>Dr phil Karl August Hermann<\/strong>. \u2013 Eesti Kirjandus, nr 2, 1909, lk 49\u201365. [Hiljem ka: Villem Reiman, Mis meist saab? \u2013 Tartu: Ilmamaa, 2008, 511 lk, lk 113\u2013131.]<br>Rudolf P\u00f5ldm\u00e4e, <strong>Karl August Hermann<\/strong>. \u2013 Eesti kirjanduse ajalugu, II. Tallinn: Eesti Raamat, 1966, 663 lk, lk 558\u2013561.<br>Sergei Issakov, <strong>K. A. Hermanni ajakirjanduslikust tegevusest<\/strong>. \u2013 Keel ja Kirjandus, nr 8, 1968, lk 486\u2013493.<br>Benita Brambat, <strong>K. A. Hermann eesti s\u00f5navara rikastajana<\/strong>. \u2013 Emakeele Seltsi toimetised 9, Tallinn: Valgus, 1974, 299 lk, lk 218\u2013234.<br>Ea Jansen, <strong>Karl August Hermanni ajast<\/strong>. \u2013 Artur Vahter, Karl August Hermanni p\u00e4evik. Tallinn: Eesti Raamat, 1990, 278 lk, lk 9\u201316.<br>Hillar Palamets, <strong>Mitmek\u00fclgne Karl August Hermann<\/strong>. \u2013 Tartu Ekspress, 8. I 2009, lk 7.<br>Valve-Liivi Kingisepp, <strong>Karl August Hermann Tartu \u00dclikooli eesti keele lektorina: 150 aastat s\u00fcnnist<\/strong>. \u2013 Keel ja Kirjandus, nr 9, 2001, lk 611\u2013623; nr 10, 2001, lk 704\u2013715.<br>Toomas Liiv, <strong>Postmodernist Karl August Hermann 150<\/strong>. \u2013 Eesti P\u00e4evaleht: Arkaadia, 21. IX 2001, lk 21.<br>Artur Vahter, <strong>Karl August Hermann kirjamehena<\/strong>. \u2013 Esimesest algusest meie ajani: Karl August Hermann 150. Tallinn: Eesti Keele Sihtasutus, 2001, 287 lk, lk 233\u2013240.<br>Krista Aru, <strong>Karl August Hermann toimetaja ja v\u00e4ljaandjana: kaotused Hermannile, v\u00f5idud k\u00f5igile<\/strong>. \u2013 EKLA t\u00f6id kirjandusest ja kultuuriloost, nr 6, Tartu: Eesti Kirjandusmuuseumi Teaduskirjastus, 2008, 479 lk, lk 43\u2013106.<br>Udo Kolk, <strong>Karl August Hermann: ennastohverdav patrioot<\/strong>. \u2013 Udo Kolk, Folkloori olemust otsides, Tartu: Ilmamaa, 2013, 517 lk, lk 454\u2013459.<\/p>\n","protected":false},"excerpt":{"rendered":"<p>ArtiklidVillem Reiman, Dr phil Karl August Hermann. \u2013 Eesti Kirjandus, nr 2, 1909, lk 49\u201365. [Hiljem ka: Villem Reiman, Mis meist saab? \u2013 Tartu: Ilmamaa, 2008, 511 lk, lk 113\u2013131.]Rudolf P\u00f5ldm\u00e4e, Karl August Hermann. \u2013 Eesti kirjanduse ajalugu, II. Tallinn: &#8230;<\/p>\n","protected":false},"author":43,"featured_media":0,"parent":7562,"menu_order":0,"comment_status":"closed","ping_status":"closed","template":"","meta":{"_acf_changed":false,"inline_featured_image":false,"footnotes":""},"class_list":["post-7563","page","type-page","status-publish","hentry"],"acf":[],"_links":{"self":[{"href":"https:\/\/sisu.ut.ee\/ewod\/et\/wp-json\/wp\/v2\/pages\/7563","targetHints":{"allow":["GET"]}}],"collection":[{"href":"https:\/\/sisu.ut.ee\/ewod\/et\/wp-json\/wp\/v2\/pages"}],"about":[{"href":"https:\/\/sisu.ut.ee\/ewod\/et\/wp-json\/wp\/v2\/types\/page"}],"author":[{"embeddable":true,"href":"https:\/\/sisu.ut.ee\/ewod\/et\/wp-json\/wp\/v2\/users\/43"}],"replies":[{"embeddable":true,"href":"https:\/\/sisu.ut.ee\/ewod\/et\/wp-json\/wp\/v2\/comments?post=7563"}],"version-history":[{"count":1,"href":"https:\/\/sisu.ut.ee\/ewod\/et\/wp-json\/wp\/v2\/pages\/7563\/revisions"}],"predecessor-version":[{"id":7566,"href":"https:\/\/sisu.ut.ee\/ewod\/et\/wp-json\/wp\/v2\/pages\/7563\/revisions\/7566"}],"up":[{"embeddable":true,"href":"https:\/\/sisu.ut.ee\/ewod\/et\/wp-json\/wp\/v2\/pages\/7562"}],"wp:attachment":[{"href":"https:\/\/sisu.ut.ee\/ewod\/et\/wp-json\/wp\/v2\/media?parent=7563"}],"curies":[{"name":"wp","href":"https:\/\/api.w.org\/{rel}","templated":true}]}}