{"id":7550,"date":"2025-08-28T11:22:01","date_gmt":"2025-08-28T08:22:01","guid":{"rendered":"https:\/\/sisu.ut.ee\/ewod\/?page_id=7550"},"modified":"2025-08-28T11:22:02","modified_gmt":"2025-08-28T08:22:02","slug":"carl-robert-jakobsoni-kirjandusliku-tegevuse-kohta","status":"publish","type":"page","link":"https:\/\/sisu.ut.ee\/ewod\/et\/j\/carl-robert-jakobson\/carl-robert-jakobsoni-kirjandusliku-tegevuse-kohta\/","title":{"rendered":"Carl Robert Jakobsoni kirjandusliku tegevuse kohta"},"content":{"rendered":"<p><em><strong>Artiklid<\/strong><\/em><br>Heino Veiper, <strong>Kurgja Linnutaja uuestis\u00fcnd<\/strong>. \u2013 Sirp ja Vasar, 25. V 1984, lk 12.<br>Oskar Kruus, <strong>Carl Robert Jakobson ja \u2018Sakala\u2019. Aatemehe 150. s\u00fcnniaastap\u00e4eva puhul<\/strong>. \u2013 Sirp, 26. VII 1991, lk 1, 2.<br>Ea Jansen, <strong>Ka \u00fcks suur Eesti sules\u00f5da: C. R. Jakobson XX sajandi alguse poliitilise ajakirjanduse peeglis<\/strong>. \u2013 Keel ja Kirjandus, nr 7, 1991, lk 385\u2013391.<br>Oskar Kruus, <strong>Carl Robert Jakobsoni haigus ja surm<\/strong>. \u2013 Keel ja Kirjandus, nr 3, 1993, lk 129\u2013135.<br>Juhan Luiga, <strong>C. R. Jakobson: 40 a. surma-m\u00e4lestuse puhul<\/strong>. \u2013 Juhan Luiga, Hingej\u00f5u ilmed. Tartu: Ilmamaa, 1995, 495 lk, lk 235\u2013240.<br>Jaan Undusk,<strong> Kolm v\u00f5imalust kirjutada eestlaste ajalugu: Merkel \u2013 Jakobson \u2013 Hurt<\/strong>. \u2013 Keel ja Kirjandus, nr 11, 1997, lk 721\u2013734; nr 12, 1997, lk 797\u2013811.<br>Gustav Suits, <strong>Eesti kirjanduslugu<\/strong>. \u2013 Tartu: Ilmamaa, 1999, 429 lk. [Carl Robert Jakobsonist lk 228\u2013235.]<br>Ea Jansen, <strong>Jakobson \u2013 eestlaste rahvusm\u00fc\u00fct<\/strong>. \u2013 Luup, nr 5, 2002, lk 21.<br>Toomas Liiv, <strong>Raha l\u00f5hn<\/strong>. \u2013 Sirp, 4. II 2005, lk 18. [Jakobsoni isamaak\u00f5nedest.]<br>Vello Paatsi, <strong>C. R. Jakobsoni kaks senitundmatut k\u00e4sikirja<\/strong>. \u2013 Keel ja Kirjandus, nr 3, 2006, lk 211\u2013218.<br>Vello Paatsi, <strong>Mitte Koidula, vaid Jakobson: C. R. Jakobsoni n\u00e4idenditest \u2018Kuuno ja Salme\u2019 ning \u2018Artur ja Anna\u2019<\/strong>. \u2013 Keel ja Kirjandus, nr 9, 2006, lk 751\u2013759.<br>Peeter Olesk, <strong>Carl Robert Jakobsoni teema pole endiselt ammendunud<\/strong>. \u2013 Sakala, 31. I 2007, lk 5.<br>Villem Ernits, <strong>Noorp\u00f5lve ideaalid<\/strong>. \u2013 Tartu: Ilmamaa, 2013, 453 lk. [Jakobsoni eluloost, t\u00f6\u00f6st ja tegevusest. N\u00e4iteid Jakobsoni luulest ja t\u00f5lgetest, lk 379\u2013436.]<\/p>\n","protected":false},"excerpt":{"rendered":"<p>ArtiklidHeino Veiper, Kurgja Linnutaja uuestis\u00fcnd. \u2013 Sirp ja Vasar, 25. V 1984, lk 12.Oskar Kruus, Carl Robert Jakobson ja \u2018Sakala\u2019. Aatemehe 150. s\u00fcnniaastap\u00e4eva puhul. \u2013 Sirp, 26. VII 1991, lk 1, 2.Ea Jansen, Ka \u00fcks suur Eesti sules\u00f5da: C. R. &#8230;<\/p>\n","protected":false},"author":43,"featured_media":0,"parent":7547,"menu_order":0,"comment_status":"closed","ping_status":"closed","template":"","meta":{"_acf_changed":false,"inline_featured_image":false,"footnotes":""},"class_list":["post-7550","page","type-page","status-publish","hentry"],"acf":[],"_links":{"self":[{"href":"https:\/\/sisu.ut.ee\/ewod\/et\/wp-json\/wp\/v2\/pages\/7550","targetHints":{"allow":["GET"]}}],"collection":[{"href":"https:\/\/sisu.ut.ee\/ewod\/et\/wp-json\/wp\/v2\/pages"}],"about":[{"href":"https:\/\/sisu.ut.ee\/ewod\/et\/wp-json\/wp\/v2\/types\/page"}],"author":[{"embeddable":true,"href":"https:\/\/sisu.ut.ee\/ewod\/et\/wp-json\/wp\/v2\/users\/43"}],"replies":[{"embeddable":true,"href":"https:\/\/sisu.ut.ee\/ewod\/et\/wp-json\/wp\/v2\/comments?post=7550"}],"version-history":[{"count":1,"href":"https:\/\/sisu.ut.ee\/ewod\/et\/wp-json\/wp\/v2\/pages\/7550\/revisions"}],"predecessor-version":[{"id":7551,"href":"https:\/\/sisu.ut.ee\/ewod\/et\/wp-json\/wp\/v2\/pages\/7550\/revisions\/7551"}],"up":[{"embeddable":true,"href":"https:\/\/sisu.ut.ee\/ewod\/et\/wp-json\/wp\/v2\/pages\/7547"}],"wp:attachment":[{"href":"https:\/\/sisu.ut.ee\/ewod\/et\/wp-json\/wp\/v2\/media?parent=7550"}],"curies":[{"name":"wp","href":"https:\/\/api.w.org\/{rel}","templated":true}]}}