{"id":7541,"date":"2025-08-27T16:20:28","date_gmt":"2025-08-27T13:20:28","guid":{"rendered":"https:\/\/sisu.ut.ee\/ewod\/?page_id=7541"},"modified":"2025-08-27T16:20:29","modified_gmt":"2025-08-27T13:20:29","slug":"karl-august-hindrey-kohta","status":"publish","type":"page","link":"https:\/\/sisu.ut.ee\/ewod\/et\/h\/karl-august-hindrey\/karl-august-hindrey-kohta\/","title":{"rendered":"Karl August Hindrey kohta"},"content":{"rendered":"<p><strong><em>Artiklid<\/em><\/strong><br>Johannes Semper, <strong>M\u00f5ttekilde K. A. Hindrey puhul<\/strong>. \u2013 Looming, nr 6, 1935, lk 676\u2013681.<br>Ants Oras, <strong>Karl August Hindrey novellistina<\/strong>. \u2013 Eesti Kirjandus, nr 8, 1935, lk 339\u2013345.<br>Ernest Raudsepp, <strong>K. A. Hindrey juttude peategelasest<\/strong>. \u2013 Eesti Kirjandus, nr 5, 1940, lk 193\u2013208.<br>\u00dclo Tonts, <strong>Kaks eesti novellikirjanikku<\/strong>. \u2013 Looming, nr 4, 1969, lk 623\u2013629. [Raamatust \u2018Ja oli kunagi keegi\u2026 \u2018]<br>Ello S\u00e4\u00e4rits, <strong>Karl August Hindrey<\/strong>. \u2013 Eesti kirjanduse ajalugu. IV k\u00f6ide, 2. raamat, Tallinn: Eesti Raamat, 1984, 526 lk, lk 216\u2013227.<br>Toomas Liiv, <strong>K. A. Hindrey romaanikirjanikuna<\/strong>. \u2013 Looming, nr 8, 1985, lk 1114\u20131117.<br>Oskar Kruus, <strong>K. A. Hindrey j\u00e4lgi ajamas<\/strong>. \u2013 Looming, nr 2, 1990, lk 271\u2013274.<br>Rutt Hinrikus, <strong>Hindrey Irus<\/strong>. \u2013 Looming, nr 8, 1995, lk 1102\u20131106.<br>Toomas Liiv, <strong>Taaniel T\u00fcmm kui igavikust v\u00e4ljalangenud t\u00e4ht<\/strong>. \u2013 Looming, nr 8, 1995, lk 1107\u20131113.<br>Rutt Hinrikus, <strong>Karl August Hindrey totaalne tekst<\/strong>. \u2013 Karl August Hindrey, Iru p\u00e4evik. S\u00fcgis 1946. Litteraria, nr 8, Tartu: Eesti Kirjandusmuuseum ja kirjastus Virgela, 1996, 81 lk, lk 3\u20138.<br>Krista Aru, <strong>Karl August Hindrey Postimehe juures<\/strong>. \u2013 Karl August Hindrey, Iru p\u00e4evik. S\u00fcgis 1946. Litteraria, nr 8, Tartu: Eesti Kirjandusmuuseum ja kirjastus Virgela, 1996, 81 lk, lk 9\u201316.<br>\u00dclo Tedre, <strong>K. A. Hindrey kogutud teostest ja viimasest romaanist<\/strong>. \u2013 Keel ja Kirjandus, nr 3, 1996, lk 197\u2013200. [Romaanist \u2018Aovalged aknad\u2019.]<br>Rutt Hinrikus, <strong>Ja oli kunagi keegi: K. A. Hindrey kirjad Anton J\u00fcrgensteinile<\/strong>. \u2013 Looming, nr 8, 2005, lk 1240\u20131257.<\/p>\n\n\n\n<p><strong><em>Arvustused<\/em><\/strong><br>Ants Oras, <strong>K. A. Hindrey \u2018Armastuskiri\u2019<\/strong>. \u2013 Looming, nr 3, 1934, lk 347\u2013349.<br>Oskar Urgart, <strong>K. A. Hindrey \u2013 Suremise eod<\/strong>. \u2013 Eesti Kirjandus, nr 1, 1936, lk 40\u201342. [Romaanist \u2018Suremise eod\u2019.]<br>Marta Sillaots, <strong>Arvustus romaanile \u2018Suremise eod\u2019<\/strong>. \u2013 Looming, nr 2, 1936, lk 228\u2013229.<br>Artur Adson, <strong>K. A. Hindrey: \u2018Urmas ja Merike\u2019<\/strong>. \u2013 Looming, nr 2, 1936, lk 231\u2013233.<br>Oskar Urgart, <strong>K. A. Hindrey \u2018S\u00fcndmusteta suvi\u2019<\/strong>. \u2013 Looming, nr 3, 1938, lk 242\u2013244.<br>Harald Paulson (Parrest), <strong>K. A. Hindrey \u2018N\u00f5id\u2019<\/strong>. \u2013 Looming, nr 10, 1938, lk 1151\u20131153.<br>Bernard Kangro, <strong>K. A. Hindrey ja n\u00f5iad<\/strong>. \u2013 Looming, nr 2, 1939, lk 154\u2013158. [Romaanist \u2018N\u00f5id\u2019.]<br>Marta Sillaots, <strong>K. A. Hindrey \u2013 \u2018Ja ilma ja inimesi ma tundsin viimati \u00e4ra. Suvejutt\u2019<\/strong>. \u2013 Eesti Kirjandus, nr 1, 1940, lk 44\u201345.<br>Harald Peep, <strong>Arvustus K. A. Hindrey novellikogumikule \u2018Ja oli kunagi keegi\u2019<\/strong>. \u2013 Sirp ja Vasar, 15. XI 1968, lk 4.<\/p>\n","protected":false},"excerpt":{"rendered":"<p>ArtiklidJohannes Semper, M\u00f5ttekilde K. A. Hindrey puhul. \u2013 Looming, nr 6, 1935, lk 676\u2013681.Ants Oras, Karl August Hindrey novellistina. \u2013 Eesti Kirjandus, nr 8, 1935, lk 339\u2013345.Ernest Raudsepp, K. A. Hindrey juttude peategelasest. \u2013 Eesti Kirjandus, nr 5, 1940, lk &#8230;<\/p>\n","protected":false},"author":43,"featured_media":0,"parent":7536,"menu_order":0,"comment_status":"closed","ping_status":"closed","template":"","meta":{"_acf_changed":false,"inline_featured_image":false,"footnotes":""},"class_list":["post-7541","page","type-page","status-publish","hentry"],"acf":[],"_links":{"self":[{"href":"https:\/\/sisu.ut.ee\/ewod\/et\/wp-json\/wp\/v2\/pages\/7541","targetHints":{"allow":["GET"]}}],"collection":[{"href":"https:\/\/sisu.ut.ee\/ewod\/et\/wp-json\/wp\/v2\/pages"}],"about":[{"href":"https:\/\/sisu.ut.ee\/ewod\/et\/wp-json\/wp\/v2\/types\/page"}],"author":[{"embeddable":true,"href":"https:\/\/sisu.ut.ee\/ewod\/et\/wp-json\/wp\/v2\/users\/43"}],"replies":[{"embeddable":true,"href":"https:\/\/sisu.ut.ee\/ewod\/et\/wp-json\/wp\/v2\/comments?post=7541"}],"version-history":[{"count":1,"href":"https:\/\/sisu.ut.ee\/ewod\/et\/wp-json\/wp\/v2\/pages\/7541\/revisions"}],"predecessor-version":[{"id":7544,"href":"https:\/\/sisu.ut.ee\/ewod\/et\/wp-json\/wp\/v2\/pages\/7541\/revisions\/7544"}],"up":[{"embeddable":true,"href":"https:\/\/sisu.ut.ee\/ewod\/et\/wp-json\/wp\/v2\/pages\/7536"}],"wp:attachment":[{"href":"https:\/\/sisu.ut.ee\/ewod\/et\/wp-json\/wp\/v2\/media?parent=7541"}],"curies":[{"name":"wp","href":"https:\/\/api.w.org\/{rel}","templated":true}]}}