{"id":7526,"date":"2025-08-27T14:45:53","date_gmt":"2025-08-27T11:45:53","guid":{"rendered":"https:\/\/sisu.ut.ee\/ewod\/?page_id=7526"},"modified":"2025-08-27T14:47:36","modified_gmt":"2025-08-27T11:47:36","slug":"anna-haava-kohta","status":"publish","type":"page","link":"https:\/\/sisu.ut.ee\/ewod\/et\/h\/anna-haava\/anna-haava-kohta\/","title":{"rendered":"Anna Haava kohta"},"content":{"rendered":"<p><em><strong>Artiklid<\/strong><\/em><br>Gustav Suits, <strong>Anna Haava luuletajana<\/strong>. \u2013  Postimees, 22. IX 1906. [Ilmunud ka: Gustav Suits, Vabaduse v\u00e4raval. Tartu: Ilmamaa, 2002, 444 lk, lk 21\u201335.]<br>Villem Ridala, <strong>Anna Haava. 50-aastase s\u00fcnnip\u00e4eva puhul<\/strong>. \u2013 Eesti Kirjandus. Lisa, Tartu 1914, 84 lk. [Hiljem ka: Villem Gr\u00fcnthal-Ridala, \u2018T\u00f5u k\u00fcsimus\u2019, Tartu: Ilmamaa, 2014, 472 lk, lk 290\u2013382.]<br>Bernhard S\u00f6\u00f6t, <strong>Heine Fr. Kreutzwaldi, C. R. Jakobsoni, L. Koidula ja A. Haava l\u00fc\u00fcrikas<\/strong>. \u2013 Eesti Kirjandus, nr 10, 1928, lk 539\u2013550. [Heine m\u00f5just Anna Haava luulele.]<br>Friedebert Tuglas, <strong>Anna Haava lasteluulest<\/strong>. \u2013 Anna Haava, Miina Hermann, Aino Tamm. 70 a. s\u00fcnnip\u00e4evaks. Tallinn: Koguteose Komitee, 1934, 340 lk.<br>Karl Mihkla, <strong>Anna Haava luule l\u00e4tted<\/strong>. \u2013 Looming, nr 8, 1939, lk 861\u2013865.<br>August Sang, <strong>Anna Haavat lugedes<\/strong>. \u2013 Looming, nr 8, 1939, lk 849\u2013858.<br>Julius M\u00e4giste, <strong>M\u00e4lestuskilde Anna Haavast ja tema perekonnast<\/strong>. \u2013 Tulimuld, nr 4, 1954, lk 204\u2013213.<br>Paul Rummo, <strong>Anna Haava elust ja loomingust<\/strong>. \u2013 Looming, nr 10, 1954, lk 1220\u20131228.<br><strong>[Nekroloog]<\/strong>. \u2013 Looming, nr 3, 1957, lk 478\u2013479.<br>Oskar Kuningas, <strong>Luule, see ei tule tuulest\u2026 Anna Haava tee realistlikku luulesse<\/strong>. \u2013 Looming, nr 10, 1964, lk 1556\u20131559.<br>Paul Rummo, <strong>Inimlikku Anna Haavast<\/strong>. \u2013 Looming, nr 10, 1964, lk 1549\u20131555. [Hiljem ka: Paul Rummo, \u2018Mitme laulu lood\u2019, Eesti Raamat, Tallinn: Eesti Raamat, 1969, 208 lk, lk 54\u201365.]<br>Ello S\u00e4\u00e4rits, <strong>Anna Haava noorusluule l\u00e4tetest ja eluj\u00f5ust: luuletaja 100. s\u00fcnniaastap\u00e4eva puhul<\/strong>. \u2013 Keel ja Kirjandus, nr 10, 1964, lk 586\u2013595.<br>Ello S\u00e4\u00e4rits, <strong>Anna Haava<\/strong>. \u2013 Eesti kirjanduse ajalugu, III k\u00f6ide. Tallinn: Eesti Raamat, 1969, 656 lk, lk 81\u201399.<br>Paul Rummo, <strong>Anna Haava s\u00f5japaos<\/strong>. \u2013 Keel ja Kirjandus, nr 11, 1972. [Hiljem ka: Paul Rummo, \u2018Kirjat\u00e4he kammitsas\u2019, Tallinn: Eesti Raamat, 1977, 336 lk, lk 197\u2013202.]<br>Toomas Haug, <strong>Anna Haava teine olemine. 120. s\u00fcnniaastap\u00e4evaks<\/strong>.\u2013 Sirp ja Vasar, 19. X 1984, lk 4.<br>Aristarch Sinkel, <strong>M\u00e4lestusi Anna Haavast<\/strong>. \u2013 Keel ja Kirjandus, nr 2, 1985, lk 108\u2013109.<br>Juhan Luiga, <strong>Hingej\u00f5u ilmed<\/strong>. Tartu: Ilmamaa, 1995, 495 lk. [Anna Haavast lk 373\u2013375.]<br>Oskar Kuningas, <strong>Anna Haava tagasitulek<\/strong>. \u2013 P\u00e4rnu Postimees, 21. IX 1996, lk 5.<br>Silvia Nagelmaa, <strong>Aktsente Anna Haava luulest<\/strong>. \u2013 Anna Haava, Laulan oma eesti laulu. Tallinn: Eesti Raamat, 1996, 383 lk, lk 371\u2013379.<br>Aarne Ruuben, <strong>Anna Haava ja korsett: kuidas poetess neitsiaust ilma j\u00e4i<\/strong>. \u2013 KesKus, veebruar 2001, lk 26. [Anna Haava ja Karl Eduard S\u00f6\u00f6di vahelisest vastuolust.]<br>Friedebert Tuglas, <strong>Anna Haava: tema kuuek\u00fcmnenda s\u00fcnnip\u00e4eva puhul<\/strong>. \u2013 Friedebert Tuglas, Kriitika. Kogutud teosed 7. Tallinn: Underi ja Tuglase Kirjanduskeskus, 2004, 524 lk, lk 301\u2013312.<br>Ilmar Palli, <strong>See tundmatu Anna Haava. Meeta Haldre: Olin poetessi l\u00e4hedane tuttav<\/strong>. \u2013 Maaleht 13. IV 2006, lk 22.<br>Tiiu Laks, <strong>Anna Haava unistas oma kodust ega abiellunud iial<\/strong>. \u2013 Eesti P\u00e4evaleht: Arkaadia, 6. VII 2007, lk 14. [Ello S\u00e4\u00e4ritsa monograafiast \u2018Anna Haava. Elu ja loomingu lugu\u2019.]<br>Indrek S\u00e4rg, <strong>Ello S\u00e4\u00e4rits, Anna Haava<\/strong>. \u2013 Eesti Ekspress 12. VII 2007, lk B13.<br>Mari Klein, <strong>Anna Haava \u2013 koidukiire j\u00e4rgse ehapuna kustumatu kuma<\/strong>. \u2013 Eesti P\u00e4evaleht, 17. X 2008, lk 11.<br>Rutt Hinrikus, <strong>Anna Haava. M\u00e4lestusi Laanekivi Manni lapsep\u00f5lvest<\/strong>. \u2013 Eesti P\u00e4evaleht, 1. IV 2010, lk 20.<\/p>\n\n\n\n<p><strong><em>Arvustused<\/em><\/strong><br>Karl August Hindrey, <strong>Anna Haava ristlained<\/strong>. \u2013 Kirjad noortele, Tartu: Ilmamaa, 2016, 536 lk, lk 127\u2013131. [Anna Haava teose \u2018Ristlained\u2019 arvustus.]<\/p>\n\n\n\n<p><strong><em>Muu<\/em><\/strong><br>Rein P\u00f5der, <strong>Kanarbik<\/strong>. \u2013 Rein P\u00f5der, Armastuse h\u00e4\u00e4l. Tallinn: Eesti Raamat, 1996, 214 lk, lk 179\u2013215. [N\u00e4idend kus on tegelasteks Anna Haava, Juhan Luiga, Aino Kallas ja Juhan Liiv.]<\/p>\n","protected":false},"excerpt":{"rendered":"<p>ArtiklidGustav Suits, Anna Haava luuletajana. \u2013 Postimees, 22. IX 1906. [Ilmunud ka: Gustav Suits, Vabaduse v\u00e4raval. Tartu: Ilmamaa, 2002, 444 lk, lk 21\u201335.]Villem Ridala, Anna Haava. 50-aastase s\u00fcnnip\u00e4eva puhul. \u2013 Eesti Kirjandus. Lisa, Tartu 1914, 84 lk. [Hiljem ka: Villem &#8230;<\/p>\n","protected":false},"author":43,"featured_media":0,"parent":7524,"menu_order":0,"comment_status":"closed","ping_status":"closed","template":"","meta":{"_acf_changed":false,"inline_featured_image":false,"footnotes":""},"class_list":["post-7526","page","type-page","status-publish","hentry"],"acf":[],"_links":{"self":[{"href":"https:\/\/sisu.ut.ee\/ewod\/et\/wp-json\/wp\/v2\/pages\/7526","targetHints":{"allow":["GET"]}}],"collection":[{"href":"https:\/\/sisu.ut.ee\/ewod\/et\/wp-json\/wp\/v2\/pages"}],"about":[{"href":"https:\/\/sisu.ut.ee\/ewod\/et\/wp-json\/wp\/v2\/types\/page"}],"author":[{"embeddable":true,"href":"https:\/\/sisu.ut.ee\/ewod\/et\/wp-json\/wp\/v2\/users\/43"}],"replies":[{"embeddable":true,"href":"https:\/\/sisu.ut.ee\/ewod\/et\/wp-json\/wp\/v2\/comments?post=7526"}],"version-history":[{"count":1,"href":"https:\/\/sisu.ut.ee\/ewod\/et\/wp-json\/wp\/v2\/pages\/7526\/revisions"}],"predecessor-version":[{"id":7529,"href":"https:\/\/sisu.ut.ee\/ewod\/et\/wp-json\/wp\/v2\/pages\/7526\/revisions\/7529"}],"up":[{"embeddable":true,"href":"https:\/\/sisu.ut.ee\/ewod\/et\/wp-json\/wp\/v2\/pages\/7524"}],"wp:attachment":[{"href":"https:\/\/sisu.ut.ee\/ewod\/et\/wp-json\/wp\/v2\/media?parent=7526"}],"curies":[{"name":"wp","href":"https:\/\/api.w.org\/{rel}","templated":true}]}}