{"id":7512,"date":"2024-04-03T23:42:08","date_gmt":"2024-04-03T20:42:08","guid":{"rendered":"https:\/\/sisu.ut.ee\/ewod\/?page_id=7512"},"modified":"2025-08-27T14:03:20","modified_gmt":"2025-08-27T11:03:20","slug":"villem-buk","status":"publish","type":"page","link":"https:\/\/sisu.ut.ee\/ewod\/et\/b\/villem-buk\/","title":{"rendered":"Villem Buk"},"content":{"rendered":"<figure class=\"wp-block-image alignright size-large is-resized\"><a href=\"https:\/\/sisu.ut.ee\/wp-content\/uploads\/sites\/108\/villem_buk_j_riet-scaled.jpg\"><img loading=\"lazy\" decoding=\"async\" width=\"1024\" height=\"745\" src=\"https:\/\/sisu.ut.ee\/wp-content\/uploads\/sites\/108\/villem_buk_j_riet-1024x745.jpg\" alt=\"\" class=\"wp-image-6283\" style=\"width:741px;height:auto\" title=\"Foto: J. Riet\" srcset=\"https:\/\/sisu.ut.ee\/wp-content\/uploads\/sites\/108\/villem_buk_j_riet-1024x745.jpg 1024w, https:\/\/sisu.ut.ee\/wp-content\/uploads\/sites\/108\/villem_buk_j_riet-300x218.jpg 300w, https:\/\/sisu.ut.ee\/wp-content\/uploads\/sites\/108\/villem_buk_j_riet-768x558.jpg 768w, https:\/\/sisu.ut.ee\/wp-content\/uploads\/sites\/108\/villem_buk_j_riet-1536x1117.jpg 1536w, https:\/\/sisu.ut.ee\/wp-content\/uploads\/sites\/108\/villem_buk_j_riet-2048x1489.jpg 2048w, https:\/\/sisu.ut.ee\/wp-content\/uploads\/sites\/108\/villem_buk_j_riet-1920x1396.jpg 1920w\" sizes=\"auto, (max-width: 1024px) 100vw, 1024px\"><\/a><\/figure>\n\n\n\n<p>Villem Buk (kuni 1917. aastani Buck, 25. III 1879\u20131941) oli prosaist, luuletaja ja publitsist.<\/p>\n\n\n\n<p>Buk s\u00fcndis Tartumaal Kambja vallas sepa pojana. Ta \u00f5ppis Kambja k\u00fclakoolis ja Maaritsa kihelkonnakoolis, hiljem t\u00e4iendas end pidevalt ise\u00f5ppimise teel. Buk omandas \u00f5petajakutse ja t\u00f6\u00f6tas seej\u00e4rel kooli\u00f5petajana Kambjas, Luunjas ja P\u00f5lvas. P\u00f5lvas t\u00f6\u00f6tades tutvus ta marksistliku kirjandusega.<\/p>\n\n\n\n<p>1907. aasta juulis vahistati Villem Buk poliitilise tegevuse eest ja ta viibis 6 kuud vahi all, mille j\u00e4rel tal keelati elamine Balti kubermangudes, tsaaririigi pealinnas ja kubermangukeskustes. Ta elas v\u00e4ljasaadetuna Petseris, kus tutvus kohalike eestlaste ja setude eluoluga, kirjutades sellest raamatu \u201ePetseri eestlased\u201c. Samast ajast p\u00e4rineb \u00fcks tema esimesi jutte \u201eEnne rukkil\u00f5ikust\u201c.<\/p>\n\n\n\n<p>1910. aastal, kui l\u00f5ppes elamispiirkondade keeld, kolis Villem Buk Viljandisse ja asus t\u00f6\u00f6le Viljandis ilmunud ajalehe Malev toimetusse. Viljandi perioodil valmisid Buki jutud \u201eKraav\u201c ja \u201eJumala rahvas\u201c ning vanglap\u00e4evik \u201eKivine raamat\u201c.<\/p>\n\n\n\n<p>1911. aastal kolis Villem Buk Narvasse, kus ta aastatel 1912\u20131914 tegi kaast\u00f6\u00f6d ajalehele Tallinna Teataja ning korraldas Narva ajalehe Kiir v\u00e4ljaandmist ja toimetamist. P\u00e4rast Kiire sulgemist kolis Buk Tallinna ja asus t\u00f6\u00f6le Franz Krulli tehases haigekassa sekret\u00e4rina, j\u00e4tkates poliitilist tegevust. Ta vahistati ja saadeti Irkutski kubermangu asumisele. 1917. aastal p\u00e4rast Veebruarirevolutsiooni saabus Villem Buk tagasi Tallinna, kus asus t\u00f6\u00f6le taasavatud ajalehe Kiir toimetuses. Sama aasta s\u00fcgisel kolis ta Vohnja valda Palametsa kooli koolmeistriks.<\/p>\n\n\n\n<p>1918. aastal evakueerus Villem Buk Petrogradi, kus t\u00f6\u00f6tas ajalehe Edasi toimetuses. Ta j\u00e4i Venemaale, osales Kodus\u00f5jas ja t\u00f6\u00f6tas p\u00e4rast s\u00f5da mitmes Venemaa linnas \u00f5petajana. Villem Buk osales Leningradis Eesti Proletaarsete Kirjanike Assotsiatsiooni t\u00f6\u00f6s ja eesti kirjastuse K\u00fclvaja tegevuses. 1941. aastal saabus Villem Buk Tartusse. Teise maailmas\u00f5ja alguses Saksa okupatsiooniv\u00e4gede l\u00e4henedes ei evakueerunud Villem Buk koos n\u00f5ukogude aktiiviga. Ta p\u00fc\u00fcdis Eestist lahkumiseks \u00fcletada 1941. aasta juulis paadiga Peipsi j\u00e4rve, kuid j\u00e4i teel kadunuks.<\/p>\n\n\n\n<p>Buki loomingus, eriti publitsistikas valdab marksistlik tendentslikkus. Tema luulekogu \u201eSula\u201c sisaldab kommunistlikku riigip\u00f6\u00f6ret \u00fclistavaid propagandav\u00e4rsse. Kriitika on leidnud kunstilisi v\u00e4\u00e4rtusi eelk\u00f5ige Buki k\u00fclakehvikuid kujutavas realistlikus proosas.<\/p>\n\n\n\n<p><em>L. P.<\/em><\/p>\n\n\n\n<h4 class=\"wp-block-heading\"><br>Raamatud eesti keeles<\/h4>\n\n\n\n<p><strong><em>Proosa<\/em><\/strong><br><strong>\u201eJuku\u201c elulugu<\/strong>. Tallinn: M\u00f5te, 1909. 14 lk.<br><strong>Kolm suurt muret<\/strong>\u00a0[jutustused]. Tartu: J. Reevits, 1909. 48 lk.<br><strong>Jumala rahvas<\/strong>. Tartu: F. D. Liblik ja Ko, 1911. 32 lk.<br><strong>Kiwine raamat: W\u00e4ljaw\u00f5tted vangi p\u00e4ewaraamatust<\/strong>. Tallinn: Teadus, 1912. 38 lk.<br><strong>Miina<\/strong>. Narva: Rahva S\u00f5na, 1913. 160 lk.<br><strong>Kahekesi<\/strong>. Peterburi: Eesti t\u00f6\u00f6rahva kommuuna kultuura ja hariduse valitsus, 1919. 15 lk.<\/p>\n\n\n\n<p><strong><em>Luule<\/em><\/strong><br><strong>Sula: kogutud sulesaadused ajaj\u00e4rgust 1905\u2013 1926<\/strong>. Leningrad: K\u00fclvaja, 1926. 72 lk.<\/p>\n\n\n\n<p><strong><em>Poeem<\/em><\/strong><br><strong>Lina<\/strong>. Narva: K\u00f5ne, 1913. 14 lk.<\/p>\n\n\n\n<p><strong><em>N\u00e4idend<\/em><\/strong><br><strong>Koduk\u00e4ija<\/strong>: n\u00e4idend kolmes pildis. Leningrad: K\u00fclvaja, 1925. 30 lk.<\/p>\n\n\n\n<p><strong><em>Artiklid<\/em><\/strong> <em><strong>ja uurimused<\/strong><\/em><br><strong>Petseri eestlased<\/strong>. Tartu: Postimees, 1909. 79 lk.<br><strong>Rahwas ja maa<\/strong>. Tartu: J. Reevits, 1909. 140 lk.<br><strong>T\u00f6\u00f6rahwa ajakirjanduse \u00fclevaade: 1905\u20131917<\/strong>\u00a0(W\u00f5rdlused Eesti kirjanduse ajaloost). Tartu: Ed. Bergmann, 1917. 30 lk.<\/p>\n\n\n\n<h4 class=\"wp-block-heading\"><br><a href=\"https:\/\/sisu.ut.ee\/ewod\/et\/b\/villem-buk\/villem-buki-kohta\/\" data-type=\"page\" data-id=\"7515\">Artiklid ja arvustused Villem Buki kohta<\/a><\/h4>\n","protected":false},"excerpt":{"rendered":"<p>Villem Buk (kuni 1917. aastani Buck, 25. III 1879\u20131941) oli prosaist, luuletaja ja publitsist. Buk s\u00fcndis Tartumaal Kambja vallas sepa pojana. Ta \u00f5ppis Kambja k\u00fclakoolis ja Maaritsa kihelkonnakoolis, hiljem t\u00e4iendas end pidevalt ise\u00f5ppimise teel. Buk omandas \u00f5petajakutse ja t\u00f6\u00f6tas seej\u00e4rel &#8230;<\/p>\n","protected":false},"author":43,"featured_media":0,"parent":6462,"menu_order":0,"comment_status":"closed","ping_status":"closed","template":"","meta":{"_acf_changed":false,"inline_featured_image":false,"footnotes":""},"class_list":["post-7512","page","type-page","status-publish","hentry"],"acf":[],"_links":{"self":[{"href":"https:\/\/sisu.ut.ee\/ewod\/et\/wp-json\/wp\/v2\/pages\/7512","targetHints":{"allow":["GET"]}}],"collection":[{"href":"https:\/\/sisu.ut.ee\/ewod\/et\/wp-json\/wp\/v2\/pages"}],"about":[{"href":"https:\/\/sisu.ut.ee\/ewod\/et\/wp-json\/wp\/v2\/types\/page"}],"author":[{"embeddable":true,"href":"https:\/\/sisu.ut.ee\/ewod\/et\/wp-json\/wp\/v2\/users\/43"}],"replies":[{"embeddable":true,"href":"https:\/\/sisu.ut.ee\/ewod\/et\/wp-json\/wp\/v2\/comments?post=7512"}],"version-history":[{"count":7,"href":"https:\/\/sisu.ut.ee\/ewod\/et\/wp-json\/wp\/v2\/pages\/7512\/revisions"}],"predecessor-version":[{"id":7522,"href":"https:\/\/sisu.ut.ee\/ewod\/et\/wp-json\/wp\/v2\/pages\/7512\/revisions\/7522"}],"up":[{"embeddable":true,"href":"https:\/\/sisu.ut.ee\/ewod\/et\/wp-json\/wp\/v2\/pages\/6462"}],"wp:attachment":[{"href":"https:\/\/sisu.ut.ee\/ewod\/et\/wp-json\/wp\/v2\/media?parent=7512"}],"curies":[{"name":"wp","href":"https:\/\/api.w.org\/{rel}","templated":true}]}}