{"id":7498,"date":"2025-08-27T12:17:51","date_gmt":"2025-08-27T09:17:51","guid":{"rendered":"https:\/\/sisu.ut.ee\/ewod\/?page_id=7498"},"modified":"2025-08-27T12:17:52","modified_gmt":"2025-08-27T09:17:52","slug":"eduard-bornhohe-kohta","status":"publish","type":"page","link":"https:\/\/sisu.ut.ee\/ewod\/et\/b\/eduard-bornhohe\/eduard-bornhohe-kohta\/","title":{"rendered":"Eduard Bornh\u00f6he kohta"},"content":{"rendered":"<p><em><strong>Artiklid<\/strong><\/em><br>Arthur Roose, <strong>Eduard Bornh\u00f6he<\/strong>. \u2013 Looming, nr 1, 1924, lk 29\u201335.<br>Aleksander Mohrfeldt, <strong>Eduard Brunberg (Bornh\u00f6he)<\/strong>. \u2013 Eesti Kirjandus, nr 2, 1924, lk 49\u201356. [\u00dclevaade elust ja loomingust.]<br>Jaan Roos, <strong>E. Bornh\u00f6he osa maailmakirjanduse eestindamises<\/strong>. \u2013 Eesti Kirjandus, nr 8, 1940, lk 325\u2013331.<br>Endel Nirk, <strong>Lisandusi Bornh\u00f6he biograafia jaoks<\/strong>. \u2013 Looming, nr 3, 1959, lk 462\u2013469.<br>Endel Nirk, <strong>J\u00e4rels\u00f5na<\/strong>. \u2013 Eduard Bornh\u00f6he, Tallinna jutud. Tallinn: Eesti Riiklik Kirjastus, 1962, 344 lk.<br>Endel Nirk, <strong>J\u00e4rels\u00f5na<\/strong>. \u2013 Eduard Bornh\u00f6he, Jutud ja reisikirjad. Tallinn: Eesti Riiklik Kirjastus, 1963, 420 lk, lk 394\u2013418.<br>Endel Nirk, <strong>J\u00e4rels\u00f5na<\/strong>. \u2013 Eduard Bornh\u00f6he, Ajaloolised jutustused, Tallinn: Eesti Riiklik Kirjastus, 1964, 348 lk, lk 329\u2013336.<br>Enn Haabsaar, <strong>Tasuja kompositsiooni \u00fcmber<\/strong>. \u2013 N\u00f5ukogude \u00d5petaja, 24. VIII 1974, lk 3.<br>Peeter Olesk, <strong>Bornh\u00f6he isik ja looming v\u00e4\u00e4rivad J\u00f5hvis meelespidamist<\/strong>. \u2013 P\u00f5hjarannik, 4. X 2005, lk 2.<br>Marek Tamm, <strong>Bornh\u00f6he \u2018Tasuja\u2019 ning J\u00fcri\u00f6\u00f6-tekst eesti kultuuris<\/strong>. \u2013 Eduard Bornh\u00f6he, \u2018Tasuja. Jutustus Eesti vanast ajast\u2019. Tallinn, 2008, lk 111\u2013128.<br>Eneken Laanes, <strong>Vaba mees Bornh\u00f6he \u2018Tasujas\u2019<\/strong>. \u2013 Keel ja Kirjandus, nr 7, 2012, lk 481\u2013498.<\/p>\n","protected":false},"excerpt":{"rendered":"<p>ArtiklidArthur Roose, Eduard Bornh\u00f6he. \u2013 Looming, nr 1, 1924, lk 29\u201335.Aleksander Mohrfeldt, Eduard Brunberg (Bornh\u00f6he). \u2013 Eesti Kirjandus, nr 2, 1924, lk 49\u201356. [\u00dclevaade elust ja loomingust.]Jaan Roos, E. Bornh\u00f6he osa maailmakirjanduse eestindamises. \u2013 Eesti Kirjandus, nr 8, 1940, lk &#8230;<\/p>\n","protected":false},"author":43,"featured_media":0,"parent":7492,"menu_order":0,"comment_status":"closed","ping_status":"closed","template":"","meta":{"_acf_changed":false,"inline_featured_image":false,"footnotes":""},"class_list":["post-7498","page","type-page","status-publish","hentry"],"acf":[],"_links":{"self":[{"href":"https:\/\/sisu.ut.ee\/ewod\/et\/wp-json\/wp\/v2\/pages\/7498","targetHints":{"allow":["GET"]}}],"collection":[{"href":"https:\/\/sisu.ut.ee\/ewod\/et\/wp-json\/wp\/v2\/pages"}],"about":[{"href":"https:\/\/sisu.ut.ee\/ewod\/et\/wp-json\/wp\/v2\/types\/page"}],"author":[{"embeddable":true,"href":"https:\/\/sisu.ut.ee\/ewod\/et\/wp-json\/wp\/v2\/users\/43"}],"replies":[{"embeddable":true,"href":"https:\/\/sisu.ut.ee\/ewod\/et\/wp-json\/wp\/v2\/comments?post=7498"}],"version-history":[{"count":1,"href":"https:\/\/sisu.ut.ee\/ewod\/et\/wp-json\/wp\/v2\/pages\/7498\/revisions"}],"predecessor-version":[{"id":7501,"href":"https:\/\/sisu.ut.ee\/ewod\/et\/wp-json\/wp\/v2\/pages\/7498\/revisions\/7501"}],"up":[{"embeddable":true,"href":"https:\/\/sisu.ut.ee\/ewod\/et\/wp-json\/wp\/v2\/pages\/7492"}],"wp:attachment":[{"href":"https:\/\/sisu.ut.ee\/ewod\/et\/wp-json\/wp\/v2\/media?parent=7498"}],"curies":[{"name":"wp","href":"https:\/\/api.w.org\/{rel}","templated":true}]}}