{"id":7465,"date":"2025-06-16T15:41:36","date_gmt":"2025-06-16T12:41:36","guid":{"rendered":"https:\/\/sisu.ut.ee\/ewod\/?page_id=7465"},"modified":"2026-04-23T23:58:13","modified_gmt":"2026-04-23T20:58:13","slug":"aleksander-tassa-kohta","status":"publish","type":"page","link":"https:\/\/sisu.ut.ee\/ewod\/et\/t\/aleksander-tassa\/aleksander-tassa-kohta\/","title":{"rendered":"Aleksander Tassa kohta"},"content":{"rendered":"<p><strong><em>Artiklid<\/em><\/strong><br>Bernhard Linde, <strong>Aleksander Tassa 50-aastane<\/strong>. \u2013 Looming, nr 6, 1932, lk 731\u2013736.<br><strong>[Nekroloog.]<\/strong> \u2013 Sirp ja Vasar, 25. III 1955, lk 8.<br>Rudolf P\u00f5ldm\u00e4e, <strong>Aleksander Tassa s\u00fcnnist 80 aastat<\/strong>. \u2013 Keel ja Kirjandus, nr 7, 1962, lk 446.<br>Leo Anvelt, <strong>Aleksander Tassa fondist<\/strong>. \u2013 Paar sammukest eesti kirjanduse uurimise teel. Uurimusi ja materjale. Tallinn: Eesti Raamat, 1969, 272 lk, lk 187\u2013202.<br>Nigol Andresen, <strong>Aleksander Tassa<\/strong>. \u2013 Inimesi ja raamatuid. Tallinn: Eesti Raamat, 1973, 230 lk, lk 81\u201385.<br>Madis K\u00f5iv, <strong>Aleksander Tassa sada aastat<\/strong>. \u2013 Looming, nr 8, 1982, lk 1127\u20131135.<br>Mari K\u00f5iv, <strong>Aleksander Tassa<\/strong>. \u2013 Igaviku l\u00f5pul. Tallinn: Kunst, 1989, 174 lk, lk 5\u201320.<br>Evi Pihlak, <strong>Aleksander Tassa kunstnikuna<\/strong>. \u2013 Igaviku l\u00f5pul. Tallinn: Kunst, 1989, 174 lk, lk 21\u201330.<br>Mardi Valgem\u00e4e, <strong>Aleksander Tassa n\u00e4itekirjanikuna<\/strong>. \u2013 Tulimuld, nr 1, 1990, lk 45\u201354.<br>Anne Untera, <strong>Aleksander Tassa arhiiv ootab uurijaid<\/strong>. \u2013 Sirp, 22. II 2008, lk 10.<\/p>\n","protected":false},"excerpt":{"rendered":"<p>ArtiklidBernhard Linde, Aleksander Tassa 50-aastane. \u2013 Looming, nr 6, 1932, lk 731\u2013736.[Nekroloog.] \u2013 Sirp ja Vasar, 25. III 1955, lk 8.Rudolf P\u00f5ldm\u00e4e, Aleksander Tassa s\u00fcnnist 80 aastat. \u2013 Keel ja Kirjandus, nr 7, 1962, lk 446.Leo Anvelt, Aleksander Tassa fondist. &#8230;<\/p>\n","protected":false},"author":43,"featured_media":0,"parent":8570,"menu_order":0,"comment_status":"closed","ping_status":"closed","template":"","meta":{"_acf_changed":false,"inline_featured_image":false,"footnotes":""},"class_list":["post-7465","page","type-page","status-publish","hentry"],"acf":[],"_links":{"self":[{"href":"https:\/\/sisu.ut.ee\/ewod\/et\/wp-json\/wp\/v2\/pages\/7465","targetHints":{"allow":["GET"]}}],"collection":[{"href":"https:\/\/sisu.ut.ee\/ewod\/et\/wp-json\/wp\/v2\/pages"}],"about":[{"href":"https:\/\/sisu.ut.ee\/ewod\/et\/wp-json\/wp\/v2\/types\/page"}],"author":[{"embeddable":true,"href":"https:\/\/sisu.ut.ee\/ewod\/et\/wp-json\/wp\/v2\/users\/43"}],"replies":[{"embeddable":true,"href":"https:\/\/sisu.ut.ee\/ewod\/et\/wp-json\/wp\/v2\/comments?post=7465"}],"version-history":[{"count":1,"href":"https:\/\/sisu.ut.ee\/ewod\/et\/wp-json\/wp\/v2\/pages\/7465\/revisions"}],"predecessor-version":[{"id":7466,"href":"https:\/\/sisu.ut.ee\/ewod\/et\/wp-json\/wp\/v2\/pages\/7465\/revisions\/7466"}],"up":[{"embeddable":true,"href":"https:\/\/sisu.ut.ee\/ewod\/et\/wp-json\/wp\/v2\/pages\/8570"}],"wp:attachment":[{"href":"https:\/\/sisu.ut.ee\/ewod\/et\/wp-json\/wp\/v2\/media?parent=7465"}],"curies":[{"name":"wp","href":"https:\/\/api.w.org\/{rel}","templated":true}]}}