{"id":7456,"date":"2025-06-16T15:21:58","date_gmt":"2025-06-16T12:21:58","guid":{"rendered":"https:\/\/sisu.ut.ee\/ewod\/?page_id=7456"},"modified":"2025-06-16T15:21:58","modified_gmt":"2025-06-16T12:21:58","slug":"jakob-tamme-kohta","status":"publish","type":"page","link":"https:\/\/sisu.ut.ee\/ewod\/et\/t\/jakob-tamm\/jakob-tamme-kohta\/","title":{"rendered":"Jakob Tamme kohta"},"content":{"rendered":"<p><em><strong>Artiklid<\/strong><\/em><br>Anton J\u00fcrgenstein, <strong>Jakob Tamm<\/strong>. \u2013 Linda, nr 15, 6. IV 1899, lk 233\u2013234.<br>Anton J\u00fcrgenstein, <strong>Arvustuslised kirjat\u00f6\u00f6d<\/strong>. \u2013 Tartu: Postimees, 1918, 170 lk. [Jakob Tammest lk 5\u201360.]<br>Jakob Liiv, <strong>V\u00e4ike-Maarja parnass<\/strong>. \u2013 Eesti Kirjandus, nr 1, 1930, lk 15\u201322.<br>E. Lsl., <strong>Jakob Tamm ja temaaegne V\u00e4ike-Maarja kihelkonnakool; m\u00e4rkmeid tema 30-a. surmap\u00e4eva puhul<\/strong>. \u2013 Uus Eesti, nr 197, 24. VII 1937, lk 6.<br>Bernard Kangro, <strong>Uusi andmeid Jakob Tammest<\/strong>. \u2013 Eesti Kirjandus, nr 6, 1939, lk 241\u2013249.<br>Oskar Kuningas, <strong>Folkloor sotsiaalse kriitika vahendina Jakob Tamme luules<\/strong>. \u2013 Looming, nr 2, 1948, lk 240\u2013246.<br>Richard Alek\u00f5rs, <strong>E. Prink, Vene kirjanduse m\u00f5jusid Jakob Tamme loomingus<\/strong>. \u2013 Looming, nr 5, 1952, lk 561\u2013591.<br>P. Lavi, <strong>Jakob Tamm (1861\u20131907)<\/strong>. \u2013 P\u00e4rnu Kommunist, nr 87, 25. VII 1957, lk 3.<br>Oskar Kuningas, <strong>Jakob Tamm. Luuletaja 50. surma-aastap\u00e4eva puhul<\/strong>. \u2013 Noorte H\u00e4\u00e4l, nr. 175, 26. VII 1957, lk 3.<br>Richard Alek\u00f5rs, <strong>\u00dchest saavutusterohkest ajaj\u00e4rgust Jakob Tamme loomingulisel teel<\/strong>. \u2013 Looming, nr 2, 1959, lk 271\u2013290.<br>Rudolf P\u00f5ldm\u00e4e, <strong>T\u00e4iendav leid Jakob Tamme ja Jakob Liivi p\u00e4randist<\/strong>. \u2013 Keel ja Kirjandus, nr 5, 1961, lk 300\u2013302.<br>Aarne Vinkel, <strong>Jakob Tamme jt kaast\u00f6\u00f6 \u2018Uue Aja\u2019 esimesele aastak\u00e4igule<\/strong>. \u2013 Looming, nr 5, 1961, lk 790\u2013793.<br>L. Leet, <strong>Jakob Tamm V\u00e4ike-Maarjas<\/strong>. \u2013 Punane T\u00e4ht, nr 66, 4. VI 1966, lk 3.<br>Sergei Issakov, <strong>Arhiivipudemeid<\/strong>. \u2013 Keel ja Kirjandus, nr 10, 1968, lk 618\u2013624. [Politsei kaebusest Jakob Tamme peale lk 620\u2013621.]<br>Sergei Issakov, <strong>Arhiivileide I. Episood noore Jakob Tamme elust<\/strong>. \u2013 Keel ja Kirjandus, nr 3, 1977, lk 164\u2013168.<br>Oskar Kruus, <strong>Jakob Tamme luuletee algusest (Luuletaja 125. s\u00fcnniaastap\u00e4eva puhul)<\/strong>. \u2013 Punalipp, 17. V 1986, lk 3.<br>Arne Merilai, <strong>Tantsus keerles inimese jalg ja koera k\u00e4pp. Ballaadi tulek eesti kirjandusse<\/strong>. \u2013 Vikerkaar, nr 8, 1990, lk 44\u201350.<br>Andres Pulver, <strong>V\u00e4ike-Maarja koolipapa Jakob Tamm<\/strong>. \u2013 Virumaa Teataja, 9. XI 1996, lk 10.<br>Marju Metsman, <strong>Jakob Tamm 140<\/strong>. \u2013 V\u00e4ike-Maarja valla infoleht, 1. V 2001, lk 14.<br>Karin Hansson, <strong>Eesti tuntuima valmimeistri radadel: Jakob Tamm ja tema v\u00e4rssmuinasjutumaailm<\/strong>. \u2013 Kuulutaja, nr 31, 29. VIII 2014, lk 10.<br>Irma Raatma, <strong>Jakob Tamm 155<\/strong>. \u2013 V\u00e4ike-Maarja valla infoleht, 1. V 2016, lk 12.<\/p>\n\n\n\n<p><\/p>\n","protected":false},"excerpt":{"rendered":"<p>ArtiklidAnton J\u00fcrgenstein, Jakob Tamm. \u2013 Linda, nr 15, 6. IV 1899, lk 233\u2013234.Anton J\u00fcrgenstein, Arvustuslised kirjat\u00f6\u00f6d. \u2013 Tartu: Postimees, 1918, 170 lk. [Jakob Tammest lk 5\u201360.]Jakob Liiv, V\u00e4ike-Maarja parnass. \u2013 Eesti Kirjandus, nr 1, 1930, lk 15\u201322.E. Lsl., Jakob Tamm &#8230;<\/p>\n","protected":false},"author":43,"featured_media":0,"parent":7454,"menu_order":0,"comment_status":"closed","ping_status":"closed","template":"","meta":{"_acf_changed":false,"inline_featured_image":false,"footnotes":""},"class_list":["post-7456","page","type-page","status-publish","hentry"],"acf":[],"_links":{"self":[{"href":"https:\/\/sisu.ut.ee\/ewod\/et\/wp-json\/wp\/v2\/pages\/7456","targetHints":{"allow":["GET"]}}],"collection":[{"href":"https:\/\/sisu.ut.ee\/ewod\/et\/wp-json\/wp\/v2\/pages"}],"about":[{"href":"https:\/\/sisu.ut.ee\/ewod\/et\/wp-json\/wp\/v2\/types\/page"}],"author":[{"embeddable":true,"href":"https:\/\/sisu.ut.ee\/ewod\/et\/wp-json\/wp\/v2\/users\/43"}],"replies":[{"embeddable":true,"href":"https:\/\/sisu.ut.ee\/ewod\/et\/wp-json\/wp\/v2\/comments?post=7456"}],"version-history":[{"count":1,"href":"https:\/\/sisu.ut.ee\/ewod\/et\/wp-json\/wp\/v2\/pages\/7456\/revisions"}],"predecessor-version":[{"id":7457,"href":"https:\/\/sisu.ut.ee\/ewod\/et\/wp-json\/wp\/v2\/pages\/7456\/revisions\/7457"}],"up":[{"embeddable":true,"href":"https:\/\/sisu.ut.ee\/ewod\/et\/wp-json\/wp\/v2\/pages\/7454"}],"wp:attachment":[{"href":"https:\/\/sisu.ut.ee\/ewod\/et\/wp-json\/wp\/v2\/media?parent=7456"}],"curies":[{"name":"wp","href":"https:\/\/api.w.org\/{rel}","templated":true}]}}