{"id":7438,"date":"2024-04-03T23:40:24","date_gmt":"2024-04-03T20:40:24","guid":{"rendered":"https:\/\/sisu.ut.ee\/ewod\/?page_id=7438"},"modified":"2025-06-16T14:38:20","modified_gmt":"2025-06-16T11:38:20","slug":"harald-suislepp","status":"publish","type":"page","link":"https:\/\/sisu.ut.ee\/ewod\/et\/s\/harald-suislepp\/","title":{"rendered":"Harald Suislepp"},"content":{"rendered":"<figure class=\"wp-block-image alignright size-large is-resized\"><a href=\"https:\/\/sisu.ut.ee\/wp-content\/uploads\/sites\/108\/harald_suislepp_kalju_suur-scaled.jpg\"><img loading=\"lazy\" decoding=\"async\" width=\"708\" height=\"1024\" src=\"https:\/\/sisu.ut.ee\/wp-content\/uploads\/sites\/108\/harald_suislepp_kalju_suur-708x1024.jpg\" alt=\"\" class=\"wp-image-6281\" style=\"width:275px;height:auto\" title=\"Foto: Kalju Suur\" srcset=\"https:\/\/sisu.ut.ee\/wp-content\/uploads\/sites\/108\/harald_suislepp_kalju_suur-708x1024.jpg 708w, https:\/\/sisu.ut.ee\/wp-content\/uploads\/sites\/108\/harald_suislepp_kalju_suur-207x300.jpg 207w, https:\/\/sisu.ut.ee\/wp-content\/uploads\/sites\/108\/harald_suislepp_kalju_suur-768x1111.jpg 768w, https:\/\/sisu.ut.ee\/wp-content\/uploads\/sites\/108\/harald_suislepp_kalju_suur-1062x1536.jpg 1062w, https:\/\/sisu.ut.ee\/wp-content\/uploads\/sites\/108\/harald_suislepp_kalju_suur-1416x2048.jpg 1416w, https:\/\/sisu.ut.ee\/wp-content\/uploads\/sites\/108\/harald_suislepp_kalju_suur-1920x2776.jpg 1920w, https:\/\/sisu.ut.ee\/wp-content\/uploads\/sites\/108\/harald_suislepp_kalju_suur-scaled.jpg 1770w\" sizes=\"auto, (max-width: 708px) 100vw, 708px\"><\/a><\/figure>\n\n\n\n<p>Harald Suislepp (11. VI 1921\u201321. IX 2000) oli eesti luuletaja, esseist ja ajakirjanik.<\/p>\n\n\n\n<p>Ta s\u00fcndis Kundas raamatupidaja pojana ning \u00f5ppis aastatel 1929\u20131935 Eidapere ja Kunda-Malla algkoolis. Osales Teises maailmas\u00f5jas Punaarmee koosseisus. P\u00e4rast s\u00f5da tegutses ajakirjanikuna, aastatel 1952\u201355 \u00f5ppis EKP Keskkomitee Vabariikliku Parteikooli ajakirjanduse osakonnas, aastatel 1955\u201366 t\u00f6\u00f6tas v\u00e4ljaannete S\u00e4de, Pikker, Looming ning Sirp ja Vasar toimetuses. Oli aastatel 1951\u20131990 N\u00f5ukogude Liidu Kommunistliku Partei liige. Kuulus 1958. aastast Eesti Kirjanike Liitu. 1966. aastast alates oli vabakutseline kirjanik Tallinnas ja suviti Hiiumaal Kassaris. Ta oli noorsookirjaniku Silvia Rannamaa abikaasa.<\/p>\n\n\n\n<p>Suislepp deb\u00fcteeris ajakirjanduses luuletustega 1936. aastal. Ta osales 1940. aastate l\u00f5pus ja 1950. aastate alguses Tallinna Noorte Autorite Koondise tegevuses. Tema esimene luulekogu \u201eTedret\u00e4hed\u201c ilmus 1958. aastal. \u00dcldise tunnustuse p\u00e4lvis luulekogu \u201eSuure Vankri j\u00e4lgedes\u201c (1963).<\/p>\n\n\n\n<p>Nagu paljudel luuletajatest p\u00f5lvkonnakaaslastel, teisenes Suislepa l\u00fc\u00fcrika s\u00f5jakoleduste kujutamisest ja elujaatavast d\u00fcnaamikast edaspidi m\u00f5tlikumas ja s\u00f5nastuselt tihestunumas suunas. Suislepa loomingule on iseloomulik kaasaegsuse taju ja muhedalt naljatlev, pigem humoristlik kui satiiriline kodanikuv\u00e4\u00e4rikus. Ta on kirjutanud tunde- ja loodusl\u00fc\u00fcrikat, epigramme, poeeme ja kolm v\u00e4rssn\u00e4idendit. Poeemidega \u201eAeg tuleb maa ja mere peal\u2026\u201c (autobiograafiline poeem, 1968), \u201eParool KKK. Poistepoeem\u201c (1968) ning \u201ePerem\u00e4rk ajas, inimeses, maailmas\u201c (1985) andis Suislepp olulise panuse eesti poeemi\u017eanri traditsiooni.<\/p>\n\n\n\n<p>Ta avaldas ka hulgaliselt humoreske ja f\u00f6ljetone ning esines 1970.\u20131980. aastatel s\u00f5nav\u00f5ttude ja artiklitega kirjanike loomevabaduse teemal. 1975. aastal ilmus Suislepa kriitikavalimik \u201eLoominguline logiraamat\u201c. Elu l\u00f5pus k\u00e4sitles ta taasiseseisvunud Eesti olusid ja olmet humoristlik-satiirilistes v\u00e4rsikogudes \u201eK\u00f6\u00f6gertali kojutulek: lamba- ja ahviaasta p\u00e4evaraamat\u201c (1994) ning \u201ePung ja Pegasus\u201c (1998).<\/p>\n\n\n\n<p><em>L. P.<\/em><\/p>\n\n\n\n<h5 class=\"wp-block-heading\"><br>Raamatud eesti keeles<\/h5>\n\n\n\n<p><em><strong>Luule<\/strong><\/em><br><strong>Tedret\u00e4hed<\/strong>. Tallinn: Eesti Riiklik Kirjastus, 1958. 76 lk.<br><strong>Suure Vankri j\u00e4lgedes<\/strong>. Tallinn: Eesti Riiklik Kirjastus, 1963. 111 lk.<br><strong>Tuulest, luulest ja tuuleluulest<\/strong>. Tallinn: Eesti Raamat, 1971. 104 lk.<br><strong>Lingukivist linav\u00e4strikuni<\/strong>. Tallinn: Eesti Raamat, 1976. 92 lk.<br><strong>Kaksikute t\u00e4htkujus: luulet 1936\u20131976<\/strong>. Tallinn: Eesti Raamat, 1978. 180 lk.<br><strong>P\u00e4ikesesoe maakivi<\/strong>. Tallinn: Eesti Raamat, 1989. 117 lk.<br><strong>K\u00f6\u00f6gertali kojutulek: lamba- ja ahviaasta p\u00e4evaraamat<\/strong>. Tallinn: Eesti Raamat, 1994. 79 lk.<br><strong>Pung ja Pegasus<\/strong>. Tallinn: Kupar, 1998. 82 lk.<\/p>\n\n\n\n<p><strong><em>Poeemid<\/em><\/strong><br><strong>Aeg tuleb maa ja mere peal\u2026 <\/strong>Poeem. Tallinn: Eesti Raamat, 1968. 79 lk.<br><strong>Parool KKK<\/strong>. Poiste poeem. Tallinn: Eesti Raamat, 1968. 48 lk.<br><strong>Perem\u00e4rk ajas, inimeses, maailmas<\/strong>. Tallinn: Eesti Raamat, 1985. 27 lk.<\/p>\n\n\n\n<p><strong><em>V\u00e4rssn\u00e4idendid<\/em><\/strong><br><strong>Kolme Tulbi t\u00e4nav ehk Mu t\u00fctar on Torontos<\/strong>. Tallinn: Eesti Raamat, 1965. 83 lk.<br><strong>Ja s\u00f5na sai tinaks\u2026<\/strong> Tallinn: Eesti Raamat, 1969. 104 lk.<br><strong>Kolme tulbi t\u00e4nava kolm lugu: v\u00e4rssn\u00e4idendid<\/strong>. Tallinn: Eesti Raamat, 1981. 224 lk.<\/p>\n\n\n\n<p><strong><em>Proosa<\/em><\/strong><br><strong>Kellak\u00e4gu: jutustusi ja luuletusi<\/strong>. Tallinn: Eesti Raamat, 1966. 208 lk.<\/p>\n\n\n\n<p><strong><em>Kriitika<\/em><\/strong><br><strong>Loominguline logiraamat<\/strong>. Tallinn: Eesti Raamat, 1975. 276 lk.<\/p>\n\n\n\n<h5 class=\"wp-block-heading\"><a href=\"https:\/\/sisu.ut.ee\/ewod\/et\/s\/harald-suislepp\/harald-suislepa-kohta\/\" data-type=\"page\" data-id=\"7441\">Artiklid ja arvustused Harald Suislepa kohta<\/a><\/h5>\n","protected":false},"excerpt":{"rendered":"<p>Harald Suislepp (11. VI 1921\u201321. IX 2000) oli eesti luuletaja, esseist ja ajakirjanik. Ta s\u00fcndis Kundas raamatupidaja pojana ning \u00f5ppis aastatel 1929\u20131935 Eidapere ja Kunda-Malla algkoolis. Osales Teises maailmas\u00f5jas Punaarmee koosseisus. P\u00e4rast s\u00f5da tegutses ajakirjanikuna, aastatel 1952\u201355 \u00f5ppis EKP Keskkomitee &#8230;<\/p>\n","protected":false},"author":43,"featured_media":0,"parent":6505,"menu_order":0,"comment_status":"closed","ping_status":"closed","template":"","meta":{"_acf_changed":false,"inline_featured_image":false,"footnotes":""},"class_list":["post-7438","page","type-page","status-publish","hentry"],"acf":[],"_links":{"self":[{"href":"https:\/\/sisu.ut.ee\/ewod\/et\/wp-json\/wp\/v2\/pages\/7438","targetHints":{"allow":["GET"]}}],"collection":[{"href":"https:\/\/sisu.ut.ee\/ewod\/et\/wp-json\/wp\/v2\/pages"}],"about":[{"href":"https:\/\/sisu.ut.ee\/ewod\/et\/wp-json\/wp\/v2\/types\/page"}],"author":[{"embeddable":true,"href":"https:\/\/sisu.ut.ee\/ewod\/et\/wp-json\/wp\/v2\/users\/43"}],"replies":[{"embeddable":true,"href":"https:\/\/sisu.ut.ee\/ewod\/et\/wp-json\/wp\/v2\/comments?post=7438"}],"version-history":[{"count":2,"href":"https:\/\/sisu.ut.ee\/ewod\/et\/wp-json\/wp\/v2\/pages\/7438\/revisions"}],"predecessor-version":[{"id":7443,"href":"https:\/\/sisu.ut.ee\/ewod\/et\/wp-json\/wp\/v2\/pages\/7438\/revisions\/7443"}],"up":[{"embeddable":true,"href":"https:\/\/sisu.ut.ee\/ewod\/et\/wp-json\/wp\/v2\/pages\/6505"}],"wp:attachment":[{"href":"https:\/\/sisu.ut.ee\/ewod\/et\/wp-json\/wp\/v2\/media?parent=7438"}],"curies":[{"name":"wp","href":"https:\/\/api.w.org\/{rel}","templated":true}]}}