{"id":7432,"date":"2024-04-03T23:39:47","date_gmt":"2024-04-03T20:39:47","guid":{"rendered":"https:\/\/sisu.ut.ee\/ewod\/?page_id=7432"},"modified":"2025-06-16T14:24:42","modified_gmt":"2025-06-16T11:24:42","slug":"ilmar-sikemae","status":"publish","type":"page","link":"https:\/\/sisu.ut.ee\/ewod\/et\/s\/ilmar-sikemae\/","title":{"rendered":"Ilmar Sikem\u00e4e"},"content":{"rendered":"<figure class=\"wp-block-image alignright size-large is-resized\"><a href=\"https:\/\/sisu.ut.ee\/wp-content\/uploads\/sites\/108\/ilmar_sikemae.jpg\"><img loading=\"lazy\" decoding=\"async\" width=\"729\" height=\"1024\" src=\"https:\/\/sisu.ut.ee\/wp-content\/uploads\/sites\/108\/ilmar_sikemae-729x1024.jpg\" alt=\"\" class=\"wp-image-6006\" style=\"width:254px;height:auto\" srcset=\"https:\/\/sisu.ut.ee\/wp-content\/uploads\/sites\/108\/ilmar_sikemae-729x1024.jpg 729w, https:\/\/sisu.ut.ee\/wp-content\/uploads\/sites\/108\/ilmar_sikemae-214x300.jpg 214w, https:\/\/sisu.ut.ee\/wp-content\/uploads\/sites\/108\/ilmar_sikemae-768x1079.jpg 768w, https:\/\/sisu.ut.ee\/wp-content\/uploads\/sites\/108\/ilmar_sikemae-1094x1536.jpg 1094w, https:\/\/sisu.ut.ee\/wp-content\/uploads\/sites\/108\/ilmar_sikemae-1458x2048.jpg 1458w, https:\/\/sisu.ut.ee\/wp-content\/uploads\/sites\/108\/ilmar_sikemae.jpg 1461w\" sizes=\"auto, (max-width: 729px) 100vw, 729px\"><\/a><\/figure>\n\n\n\n<p>Ilmar Sikem\u00e4e (algse nimega Helmut B\u00f6tker, 18.\/5. 1914 \u2013 25. VII 1998) oli prosaist ja publitsist, kes on Eesti kultuurilukku j\u00e4\u00e4nud eelk\u00f5ige olukirjelduste kogumikuga \u201eKirjad Vargam\u00e4elt\u201c (1962).<\/p>\n\n\n\n<p>Sikem\u00e4e s\u00fcndis J\u00e4rvamaal Albu vallas maat\u00f6\u00f6liste perekonnas. Ta oli Anton Hansen Tammsaare suurromaani \u201eT\u00f5de ja \u00f5igus\u201c peamise antagonistist tegelase, Oru Pearu protot\u00fc\u00fcbi Jakob Sikenbergi t\u00fctrepoeg. Siit ka Sikem\u00e4e v\u00f5ime ja v\u00f5imalused kujutada Tammsaare romaani tegevuspaika elulises ehtsuses ja tuua samal ajal esile elu ja kirjanduse seoseid.<\/p>\n\n\n\n<p>Sikem\u00e4e \u00f5ppis Tallinna 26. algkoolis ja l\u00f5petas 1935. aastal Gustav Adolfi g\u00fcmnaasiumi. Seej\u00e4rel t\u00f6\u00f6tas ta m\u00f5ned aastad arveametnikuna ja ajakirjanikuna. 1941. aastal mobiliseeriti ta Punaarmeesse. S\u00f5ja-aastatest p\u00e4rineb Sikem\u00e4elt rindeluuletusi. Ta oli aastatel 1945\u20131990 NLKP liige. S\u00f5jaj\u00e4rgsetel aastak\u00fcmnetel t\u00f6\u00f6tas Sikem\u00e4e mitmetel kirjanduslikel ametipostidel ajakirjandusv\u00e4ljaannete toimetustes.<\/p>\n\n\n\n<p>Alustanud kirjanduslikku tegevust mitmesuguste varjunimede all, p\u00e4lvis Sikem\u00e4e tunnustuse oma l\u00fchiproosa leebelt, kuid j\u00e4rjekindlalt otsekohese ja t\u00f5ep\u00e4rase laadi poolest. Elul\u00e4hedane realism valitseb l\u00fchiproosa kogudes \u201eTeekond j\u00e4tkub\u201c (1951) ja \u201eN\u00e4oga tuleviku poole\u201c (1961). 1955. aastal ajakirjas Looming ilmunud kriitiline olukirjeldus \u201eTolm\u201c \u00e4rritas n\u00f5ukogude ametnikke ja dogmaatilisi kriitikuid. 1969. aastal ilmus Sikem\u00e4elt jutu- ja laastuvalimik \u201eSada lugu\u201c, 1989. aastal \u201eVasaku k\u00e4e lood\u201c. Sikem\u00e4e luuletuste s\u00f5nadele on loodud laule. Ta tegutses ka kriitikuna, v\u00f5ttis s\u00f5na eesti keele arendamist puudutavates k\u00fcsimustes ja t\u00f5lkis ilukirjandust saksa keelest.<\/p>\n\n\n\n<p><em>L. P.<\/em><\/p>\n\n\n\n<h5 class=\"wp-block-heading\"><br>Raamatud eesti keeles<\/h5>\n\n\n\n<p><em><strong>Proosa<\/strong><\/em><br><strong>Teekond j\u00e4tkub<\/strong>. Jutustus. Tallinn: Eesti Riiklik Kirjastus, 1951, 196 lk.<br><strong>N\u00e4oga tuleviku poole<\/strong>. Jutustusi. Tallinn: Eesti Riiklik Kirjastus, 1961, 303 lk.<br><strong>Kirjad Vargam\u00e4elt<\/strong>. Olukirjeldused. Tallinn: Eesti Riiklik Kirjastus, 1962, 224 lk.<br><strong>Selged silmad<\/strong>. Pajatus. Tallinn: Eesti Raamat, 1967, 264 lk.<br><strong>Sada lugu<\/strong>. Jutte ja laaste aastaist 1929\u20131969. Tallinn: Eesti Raamat, 1969, 344 lk.<br><strong>Selged silmad<\/strong>. Jutustus. Tallinn: Eesti Raamat, 1984, 152 lk.<br><strong>Vasaku k\u00e4e lood<\/strong>. Jutustused. Tallinn: Eesti Raamat, 1989, 156 lk.<\/p>\n\n\n\n<h5 class=\"wp-block-heading\"><a href=\"https:\/\/sisu.ut.ee\/ewod\/et\/s\/ilmar-sikemae\/ilmar-sikemae-kohta\/\" data-type=\"page\" data-id=\"7434\">Artiklid ja arvustused Ilmar Sikem\u00e4e kohta<\/a><\/h5>\n","protected":false},"excerpt":{"rendered":"<p>Ilmar Sikem\u00e4e (algse nimega Helmut B\u00f6tker, 18.\/5. 1914 \u2013 25. VII 1998) oli prosaist ja publitsist, kes on Eesti kultuurilukku j\u00e4\u00e4nud eelk\u00f5ige olukirjelduste kogumikuga \u201eKirjad Vargam\u00e4elt\u201c (1962). Sikem\u00e4e s\u00fcndis J\u00e4rvamaal Albu vallas maat\u00f6\u00f6liste perekonnas. Ta oli Anton Hansen Tammsaare suurromaani &#8230;<\/p>\n","protected":false},"author":43,"featured_media":0,"parent":6505,"menu_order":0,"comment_status":"closed","ping_status":"closed","template":"","meta":{"_acf_changed":false,"inline_featured_image":false,"footnotes":""},"class_list":["post-7432","page","type-page","status-publish","hentry"],"acf":[],"_links":{"self":[{"href":"https:\/\/sisu.ut.ee\/ewod\/et\/wp-json\/wp\/v2\/pages\/7432","targetHints":{"allow":["GET"]}}],"collection":[{"href":"https:\/\/sisu.ut.ee\/ewod\/et\/wp-json\/wp\/v2\/pages"}],"about":[{"href":"https:\/\/sisu.ut.ee\/ewod\/et\/wp-json\/wp\/v2\/types\/page"}],"author":[{"embeddable":true,"href":"https:\/\/sisu.ut.ee\/ewod\/et\/wp-json\/wp\/v2\/users\/43"}],"replies":[{"embeddable":true,"href":"https:\/\/sisu.ut.ee\/ewod\/et\/wp-json\/wp\/v2\/comments?post=7432"}],"version-history":[{"count":2,"href":"https:\/\/sisu.ut.ee\/ewod\/et\/wp-json\/wp\/v2\/pages\/7432\/revisions"}],"predecessor-version":[{"id":7436,"href":"https:\/\/sisu.ut.ee\/ewod\/et\/wp-json\/wp\/v2\/pages\/7432\/revisions\/7436"}],"up":[{"embeddable":true,"href":"https:\/\/sisu.ut.ee\/ewod\/et\/wp-json\/wp\/v2\/pages\/6505"}],"wp:attachment":[{"href":"https:\/\/sisu.ut.ee\/ewod\/et\/wp-json\/wp\/v2\/media?parent=7432"}],"curies":[{"name":"wp","href":"https:\/\/api.w.org\/{rel}","templated":true}]}}