{"id":7426,"date":"2024-04-03T23:40:20","date_gmt":"2024-04-03T20:40:20","guid":{"rendered":"https:\/\/sisu.ut.ee\/ewod\/?page_id=7426"},"modified":"2025-06-16T13:33:10","modified_gmt":"2025-06-16T10:33:10","slug":"rudolf-rimmel","status":"publish","type":"page","link":"https:\/\/sisu.ut.ee\/ewod\/et\/r\/rudolf-rimmel\/","title":{"rendered":"Rudolf Rimmel"},"content":{"rendered":"<figure class=\"wp-block-image alignright size-large is-resized\"><a href=\"https:\/\/sisu.ut.ee\/wp-content\/uploads\/sites\/108\/rudolf_rimmel-scaled.jpg\"><img loading=\"lazy\" decoding=\"async\" width=\"777\" height=\"1024\" src=\"https:\/\/sisu.ut.ee\/wp-content\/uploads\/sites\/108\/rudolf_rimmel-777x1024.jpg\" alt=\"Rudolf Rimmel\" class=\"wp-image-2439\" style=\"width:279px;height:auto\" srcset=\"https:\/\/sisu.ut.ee\/wp-content\/uploads\/sites\/108\/rudolf_rimmel-777x1024.jpg 777w, https:\/\/sisu.ut.ee\/wp-content\/uploads\/sites\/108\/rudolf_rimmel-228x300.jpg 228w, https:\/\/sisu.ut.ee\/wp-content\/uploads\/sites\/108\/rudolf_rimmel-768x1012.jpg 768w, https:\/\/sisu.ut.ee\/wp-content\/uploads\/sites\/108\/rudolf_rimmel-1165x1536.jpg 1165w, https:\/\/sisu.ut.ee\/wp-content\/uploads\/sites\/108\/rudolf_rimmel-1554x2048.jpg 1554w, https:\/\/sisu.ut.ee\/wp-content\/uploads\/sites\/108\/rudolf_rimmel-1920x2531.jpg 1920w, https:\/\/sisu.ut.ee\/wp-content\/uploads\/sites\/108\/rudolf_rimmel-scaled.jpg 1942w\" sizes=\"auto, (max-width: 777px) 100vw, 777px\"><\/a><\/figure>\n\n\n\n<p>Rudolf Rimmel (27. VII 1937 \u2013 6. IX 2003) oli luuletaja ja publitsist. Ta on lugejatele meelde j\u00e4\u00e4nud sotsiaalselt valutundliku, m\u00e4slevalt romantilise satiirikuna. Rimmeli vastuoluline v\u00f5itlejaloomus andis tema luulele publitsistliku ja m\u00f5nikord deklaratiivse v\u00e4rvingu. Noorteajakirja \u201eNoorus\u201c kirjandusosakonna toimetajana (1976-1995) ergutas ta kirjanduslikule tegevusele paljusid kooli\u00f5pilasi, kellest m\u00e4rkimisv\u00e4\u00e4rne osa kujunes hiljem professionaalseteks kirjanikeks.<\/p>\n\n\n\n<p>Rimmel s\u00fcndis Kasahhi NSV-s eestlastest p\u00f5llut\u00f6\u00f6liste pojana. Tema isa arreteeriti 1937. aastal ja suri Venemaal vangilaagris, ema suri, kui poeg oli 7-aastane. Oma t\u00e4di kasupojana j\u00f5udis Rudolf Rimmel 1946. aastaks Eestisse. Ta \u00f5ppis vaheldumisi eesti ja vene koolides ning l\u00f5petas 1956. aastal Viljandi 3. (vene) keskkooli. K\u00f5rghariduse omandas Rimmel Tartu Riikliku \u00dclikooli \u00f5igusteaduskonnas. Aastatel 1960\u20131963 t\u00f6\u00f6tas Tallinnas miilitsa piirkonnavolinikuna, edaspidi ajakirjanikuna. 1996. aastast alates oli Rudolf Rimmel n\u00e4gemisinvaliid. Protestiks Eesti astumise vastu Euroopa Liitu sooritas ta 2003. aasta 6. septembril enesetapu.<\/p>\n\n\n\n<p>Rimmeli esimene luulekogu \u201eHommik\u201c ilmus 1963. aastal. Laiema t\u00e4helepanu p\u00e4lvis poeem \u201eSfinks sinilillega\u201c (1969). Sotsiaalselt erksa ja v\u00f5itlusliku tooni k\u00f5rvale ilmus luulekogudes \u201eOhvrikivi\u201c (1972) ja \u201eHaldjasaar\u201c (1974) ka armastusl\u00fc\u00fcrika motiive. 1980. aastate l\u00f5pu ja 1990. aastate alguse \u00e4reval poliitiliste muutuste perioodil muutus tema luulelaad taas teravamaks. Tema poeem \u201eMaardla\u201c, mille ta kirjutas aastatel 1968\u20131969, ei saanud ideoloogilistel p\u00f5hjustel ilmumisluba ja avaldati alles 1989. aastal.<\/p>\n\n\n\n<p>Rimmel uuendas eesti poeemitraditsiooni ja kirjutas ka epigramme ning kaksikv\u00e4rsse (kogumik \u201eUsutunnistus\u201c, 1990). Temalt on ilmunud kaks publitsistikavalimikku.<\/p>\n\n\n\n<p>Rimmel on t\u00f5lkinud hulgaliselt luulet vene keelest. Tema luuletusi on t\u00f5lgitud paljudesse v\u00f5\u00f5rkeeltesse.<\/p>\n\n\n\n<p><em>L. P.<\/em><\/p>\n\n\n\n<h4 class=\"wp-block-heading\"><br>Raamatud eesti keeles<\/h4>\n\n\n\n<p><em><strong>Luule<\/strong><\/em><br><strong>Hommik<\/strong>: luuletusi 1958\u20131963. Tallinn: Eesti Riiklik Kirjastus, 1963, 68 lk.<br><strong>L\u00fc\u00fcriline miilits ja kolmteist huligaansust<\/strong>. Tallinn: Eesti Raamat, 1964, 76 lk.<br><strong>S\u00f5na romantikast<\/strong>. Tallinn: Eesti Raamat, 1967, 112 lk.<br><strong>Arabeskid<\/strong>: v\u00e4rsse 1966\u20131967. Tallinn: Eesti Raamat, 1969, 176 lk.<br><strong>Haldjas<\/strong>. Leipzig: Leipzigi Graafika ja Raamatukunsti K\u00f5rgem Kool, 1969, 46 lk.<br><strong>Sfinks sinilillega<\/strong> (poeem). Tallinn: Eesti Raamat, 1969, 104 lk.<br><strong>\u00d6\u00f6poeem. Vaikus<\/strong> (poeem ja luuletused). Tallinn: Eesti Raamat, 1970, 144 lk.<br><strong>Ohvrikivi<\/strong>. Tallinn: Eesti Raamat, 1972, 152 lk.<br><strong>Haldjasaar<\/strong>. Tallinn: Eesti Raamat, 1974, 168 lk.<br><strong>P\u00e4rast haldjasaart<\/strong>. Tallinn: Eesti Raamat, 1977, 252 lk.<br><strong>Luigelegend<\/strong>: poeemid. Tallinn: Eesti Raamat, 1980, 181 lk.<br><strong>Tasakaal<\/strong> (poeem ja luuletused). Tallinn: Eesti Raamat, 1987, 174 lk.<br><strong>Maardla<\/strong> (poeem). Tallinn: Eesti Raamat, 1989, 110 lk.<br><strong>Usutunnistus<\/strong>: 250 kaksikv\u00e4rssi aastaist 1984\u20131987.\u00a0 Tallinn: Eesti Raamat, 1990, 286 lk.<br><strong>Setu netu<\/strong>: lori-, lusti- ja l\u00f5\u00f5plaule aastaist 1983\u20131993 ajaliselt j\u00e4rgnevas ja muidu segases olekus. Tallinn: Olion, 1994, 138 lk.<br><strong>Vabamees<\/strong>: 300 nelikv\u00e4rssi aastaist 1966\u20131989. Tallinn: Eesti Raamat, 1997, 93 lk.<br><strong>Iseseisvumine<\/strong>. Iseseisvumisaastate luulet jaanuar 1988 \u2013 august 1991. Tallinn: Eesti Raamat, 2004, 80 lk.<\/p>\n\n\n\n<p><strong><em>Publitsistika<\/em><\/strong><br><strong>Armastus esimesest pilgust<\/strong>. Tallinn: Eesti Raamat, 1976, 179 lk.<br><strong>Armastus teisest pilgust<\/strong>. Tallinn: Eesti Raamat, 1981, 134 lk.<\/p>\n\n\n\n<h4 class=\"wp-block-heading\"><a href=\"https:\/\/sisu.ut.ee\/ewod\/et\/rudolf-rimmel\/rudolf-rimmeli-kohta\/\" data-type=\"page\" data-id=\"7428\">Artiklid ja arvustused Rudolf Rimmeli kohta<\/a><\/h4>\n","protected":false},"excerpt":{"rendered":"<p>Rudolf Rimmel (27. VII 1937 \u2013 6. IX 2003) oli luuletaja ja publitsist. Ta on lugejatele meelde j\u00e4\u00e4nud sotsiaalselt valutundliku, m\u00e4slevalt romantilise satiirikuna. Rimmeli vastuoluline v\u00f5itlejaloomus andis tema luulele publitsistliku ja m\u00f5nikord deklaratiivse v\u00e4rvingu. Noorteajakirja \u201eNoorus\u201c kirjandusosakonna toimetajana (1976-1995) ergutas &#8230;<\/p>\n","protected":false},"author":43,"featured_media":0,"parent":6503,"menu_order":0,"comment_status":"closed","ping_status":"closed","template":"","meta":{"_acf_changed":false,"inline_featured_image":false,"footnotes":""},"class_list":["post-7426","page","type-page","status-publish","hentry"],"acf":[],"_links":{"self":[{"href":"https:\/\/sisu.ut.ee\/ewod\/et\/wp-json\/wp\/v2\/pages\/7426","targetHints":{"allow":["GET"]}}],"collection":[{"href":"https:\/\/sisu.ut.ee\/ewod\/et\/wp-json\/wp\/v2\/pages"}],"about":[{"href":"https:\/\/sisu.ut.ee\/ewod\/et\/wp-json\/wp\/v2\/types\/page"}],"author":[{"embeddable":true,"href":"https:\/\/sisu.ut.ee\/ewod\/et\/wp-json\/wp\/v2\/users\/43"}],"replies":[{"embeddable":true,"href":"https:\/\/sisu.ut.ee\/ewod\/et\/wp-json\/wp\/v2\/comments?post=7426"}],"version-history":[{"count":2,"href":"https:\/\/sisu.ut.ee\/ewod\/et\/wp-json\/wp\/v2\/pages\/7426\/revisions"}],"predecessor-version":[{"id":7430,"href":"https:\/\/sisu.ut.ee\/ewod\/et\/wp-json\/wp\/v2\/pages\/7426\/revisions\/7430"}],"up":[{"embeddable":true,"href":"https:\/\/sisu.ut.ee\/ewod\/et\/wp-json\/wp\/v2\/pages\/6503"}],"wp:attachment":[{"href":"https:\/\/sisu.ut.ee\/ewod\/et\/wp-json\/wp\/v2\/media?parent=7426"}],"curies":[{"name":"wp","href":"https:\/\/api.w.org\/{rel}","templated":true}]}}