{"id":7422,"date":"2025-06-13T12:54:47","date_gmt":"2025-06-13T09:54:47","guid":{"rendered":"https:\/\/sisu.ut.ee\/ewod\/?page_id=7422"},"modified":"2025-06-13T12:54:48","modified_gmt":"2025-06-13T09:54:48","slug":"muia-veetamme-kohta","status":"publish","type":"page","link":"https:\/\/sisu.ut.ee\/ewod\/et\/v\/muia-veetamm\/muia-veetamme-kohta\/","title":{"rendered":"Muia Veetamme kohta"},"content":{"rendered":"<p><em><strong>Artiklid<\/strong><\/em><br>Oskar Kuningas,<strong> Et saada kord see salas\u00f5na k\u00e4tte\u2026 Muia Veetamm 60-aastane<\/strong>. \u2013 Looming, nr 2, 1967, lk 287\u2013290.<br>Eerik Teder, <strong>Muia Veetamme juubeliks<\/strong>. \u2013 Keel ja Kirjandus, nr 3, 1967, lk 172\u2013173.<br>Oskar Kruus, <strong>Pilk Muia Veetamme 60-verstasele teele<\/strong>. \u2013 Sirp ja Vasar, 3. III 1967, lk 15.<br>Oskar Kruus, <strong>Naine hanesulega<\/strong>. \u2013 Tallinn: Eesti Raamat, 1971, 342 lk. [Muia Veetammest lk 301\u2013311.]<br>Eerik Teder, <strong>Mu s\u00fcda on mul ikka olnud peos just nagu lill\u2026<\/strong> \u2013 Sirp ja Vasar, 5. III 1982, lk 7.<br>Sirje Kiin, <strong>Muia Veetamm 80<\/strong>. \u2013 \u00d5htuleht, 2. III 1987, lk 3.<br>Valeeria Villandi, <strong>Mis imesund? Muia Veetamm 80<\/strong>. \u2013 Looming, nr 3, 1987, lk 422.<br>Ott Raun, <strong>Kes peseb valguse jalgu?<\/strong> \u2013 Looming, nr 4, 1993, lk 511\u2013524. [Muia Veetammest lk 514.]<br><strong>[Nekroloog.]<\/strong> \u2013 Looming, nr 2, 1996, lk 286.<\/p>\n\n\n\n<p><strong><em>Arvustused<\/em><\/strong><br>Hardi Tiidus, <strong>Lugeja m\u00f5tteid M. Veetamme luuletuskogu \u2018Silma ja s\u00fcdamega\u2019 puhul<\/strong>. \u2013 Looming, nr 10, 1949, lk 1272\u20131276.<br>Helene Siimisker, <strong>V\u00e4he r\u00f5\u00f5me valmistav uudisteos<\/strong>. \u2013 Looming, nr 12, 1955, lk 1525\u20131530. [Raamatust \u2018Matka m\u00e4lestusi\u2019.]<br>Nigol Andresen, <strong>Ballaad t\u00f5useb ellu<\/strong>. \u2013 Sirp ja Vasar, 9. X 1959, lk 4. [Raamatust \u2018Pill ja peegel\u2019.]<br>Oskar Kruus, <strong>Pillist ja peeglist, stiilist ja s\u00fcmbolist<\/strong>. \u2013 Looming, nr 1, 1960, lk 151\u2013154. [\u2018Pill ja peegel\u2019.]<br>Erna Siirak, <strong>Elus\u00fcdamiku poole<\/strong>. \u2013 Looming, nr 1, 1969, lk 147\u2013150. [Raamatust \u2018Rajad ja uksed\u2019.]<br>Valeeria Villandi, <strong>On salas\u00f5na vee ja liiva joonel<\/strong>. \u2013 Looming, nr 3, 1975, lk 520\u2013522. [Raamatust \u2018Vee ja liiva joonel\u2019.]<br>Valeeria Villandi, <strong>L\u00e4kitus l\u00e4htub m\u00e4lust<\/strong>. \u2013 Keel ja Kirjandus, nr 2, 1987, 1k 114 \u2013 115. [Raamatust \u2018Videviku virved\u2019.]<br>Peeter Novod,<strong> Teatepulgaks on elu\u2026<\/strong> \u2013 \u00d5htuleht, 22. II 1986, lk 2. [\u2018Videviku virved\u2019.]<\/p>\n","protected":false},"excerpt":{"rendered":"<p>ArtiklidOskar Kuningas, Et saada kord see salas\u00f5na k\u00e4tte\u2026 Muia Veetamm 60-aastane. \u2013 Looming, nr 2, 1967, lk 287\u2013290.Eerik Teder, Muia Veetamme juubeliks. \u2013 Keel ja Kirjandus, nr 3, 1967, lk 172\u2013173.Oskar Kruus, Pilk Muia Veetamme 60-verstasele teele. \u2013 Sirp ja &#8230;<\/p>\n","protected":false},"author":43,"featured_media":0,"parent":7420,"menu_order":0,"comment_status":"closed","ping_status":"closed","template":"","meta":{"_acf_changed":false,"inline_featured_image":false,"footnotes":""},"class_list":["post-7422","page","type-page","status-publish","hentry"],"acf":[],"_links":{"self":[{"href":"https:\/\/sisu.ut.ee\/ewod\/et\/wp-json\/wp\/v2\/pages\/7422","targetHints":{"allow":["GET"]}}],"collection":[{"href":"https:\/\/sisu.ut.ee\/ewod\/et\/wp-json\/wp\/v2\/pages"}],"about":[{"href":"https:\/\/sisu.ut.ee\/ewod\/et\/wp-json\/wp\/v2\/types\/page"}],"author":[{"embeddable":true,"href":"https:\/\/sisu.ut.ee\/ewod\/et\/wp-json\/wp\/v2\/users\/43"}],"replies":[{"embeddable":true,"href":"https:\/\/sisu.ut.ee\/ewod\/et\/wp-json\/wp\/v2\/comments?post=7422"}],"version-history":[{"count":1,"href":"https:\/\/sisu.ut.ee\/ewod\/et\/wp-json\/wp\/v2\/pages\/7422\/revisions"}],"predecessor-version":[{"id":7423,"href":"https:\/\/sisu.ut.ee\/ewod\/et\/wp-json\/wp\/v2\/pages\/7422\/revisions\/7423"}],"up":[{"embeddable":true,"href":"https:\/\/sisu.ut.ee\/ewod\/et\/wp-json\/wp\/v2\/pages\/7420"}],"wp:attachment":[{"href":"https:\/\/sisu.ut.ee\/ewod\/et\/wp-json\/wp\/v2\/media?parent=7422"}],"curies":[{"name":"wp","href":"https:\/\/api.w.org\/{rel}","templated":true}]}}