{"id":7420,"date":"2024-04-03T23:41:08","date_gmt":"2024-04-03T20:41:08","guid":{"rendered":"https:\/\/sisu.ut.ee\/ewod\/?page_id=7420"},"modified":"2025-06-13T12:55:22","modified_gmt":"2025-06-13T09:55:22","slug":"muia-veetamm","status":"publish","type":"page","link":"https:\/\/sisu.ut.ee\/ewod\/et\/v\/muia-veetamm\/","title":{"rendered":"Muia Veetamm"},"content":{"rendered":"<figure class=\"wp-block-image alignright size-large is-resized\"><a href=\"https:\/\/sisu.ut.ee\/wp-content\/uploads\/sites\/108\/muia_veetamm_armin_alla-scaled.jpg\"><img loading=\"lazy\" decoding=\"async\" width=\"687\" height=\"1024\" src=\"https:\/\/sisu.ut.ee\/wp-content\/uploads\/sites\/108\/muia_veetamm_armin_alla-687x1024.jpg\" alt=\"\" class=\"wp-image-6030\" style=\"width:240px;height:auto\" title=\"Foto: Armin Alla\" srcset=\"https:\/\/sisu.ut.ee\/wp-content\/uploads\/sites\/108\/muia_veetamm_armin_alla-687x1024.jpg 687w, https:\/\/sisu.ut.ee\/wp-content\/uploads\/sites\/108\/muia_veetamm_armin_alla-201x300.jpg 201w, https:\/\/sisu.ut.ee\/wp-content\/uploads\/sites\/108\/muia_veetamm_armin_alla-768x1145.jpg 768w, https:\/\/sisu.ut.ee\/wp-content\/uploads\/sites\/108\/muia_veetamm_armin_alla-1030x1536.jpg 1030w, https:\/\/sisu.ut.ee\/wp-content\/uploads\/sites\/108\/muia_veetamm_armin_alla-1373x2048.jpg 1373w, https:\/\/sisu.ut.ee\/wp-content\/uploads\/sites\/108\/muia_veetamm_armin_alla-1920x2863.jpg 1920w, https:\/\/sisu.ut.ee\/wp-content\/uploads\/sites\/108\/muia_veetamm_armin_alla-scaled.jpg 1717w\" sizes=\"auto, (max-width: 687px) 100vw, 687px\"><\/a><\/figure>\n\n\n\n<p>Muia Veetamm (s\u00fcndinud Ellen-Aliide Ventsel, hilisema kodanikunimega Elts Ristm\u00e4gi, 2. III \/ 17. II 1907 \u2013 15. XII 1995), oli luuletaja ja kunstnik, kelle p\u00e4randist on eriti k\u00f5nekaks j\u00e4\u00e4nud s\u00fcdamlik ja lihtne loodusl\u00fc\u00fcrika.<\/p>\n\n\n\n<p>Ta s\u00fcndis Harjumaal Triigi vallas rentnikutalus ning \u00f5ppis Tallinna algkoolides, aastatel 1925\u20131926 \u00f5htug\u00fcmnaasiumis ja 1929\u20131931 Tallinna Rahva\u00fclikoolide Seltsi kolled\u017eis. Nooruses teenis \u00fclalpidamist juhut\u00f6\u00f6dega. L\u00fchemat aega oli vabakuulaja Pallase kunstikoolis. Lisaks eluaegsele kunstihuvile tegeles ta ka koorilaulu ja n\u00e4itlemisega, oli 1935\u20131942 Tallinna T\u00f6\u00f6listeatri n\u00e4itleja. Aastal 1942 vallandati ta teatrist ning 1948. aastani oli ta Hageris p\u00f5llut\u00f6\u00f6line. Hilisema elu veetis ta kutselise kirjanikuna Tallinnas.<\/p>\n\n\n\n<p>Muia Veetamme nime valis kirjanik endale pseudon\u00fc\u00fcmiks heak\u00f5la huvides kirjanik Aadu Hindi \u00f5hutusel. Veetamme huvitasid eesti ja k\u00f5ikide teiste rahvaste kultuuris \u00fcle k\u00f5ige rahvalaulud. K\u00f5rvuti omaloominguga esitas ta kirjandus\u00f5htutel sageli rahvalaule. Tema esimesed luuletused ilmusid 1936. aastal ajakirjas \u201eEesti Noorus\u201c. Loodusteemad l\u00e4bisid Veetamme luuleloomingut algusest l\u00f5puni. Seejuures muutus autori k\u00fcpsedes tema v\u00e4ljenduslaad \u2013 publitsistliku kodanikuluule k\u00f5rvale sugenes rohkem m\u00f5ttetihedust ja kujundlikkust. 1960. aastate l\u00f5pus reisis luuletaja Usbekistanis ja Krimmis. Tollal viljeles ta Kesk-Aasia iidse luuletraditsiooni m\u00f5jul idamaiseid v\u00e4rsivorme. Veetamm on kirjutanud hilisemas eas folklooril\u00e4hedasi ballaade ja filosoofilisi v\u00e4rssm\u00f5tisklusi. Tema loodusl\u00fc\u00fcrika paremik on koondatud valimikku \u201eVee ja liiva joonel\u201c (1974). Paljud heliloojad on Veetamme luuletustele viise loonud.<\/p>\n\n\n\n<p>Ta kirjutas lastele luuleraamatuid lindudest ja loomadest, avaldas laste ps\u00fchholoogiasse s\u00fcvenevat l\u00fchiproosat. S\u00f5jaj\u00e4rgsel ajal kirjutas ta nukun\u00e4idendi \u201eKalevipoeg ja sarviklased\u201c (lavastatud 1949\/50) ning kolhoosi-ainelise kom\u00f6\u00f6dia \u201eElu peremehed\u201c, mille ilmumine 1951. aastal keelati. Veetamm t\u00f5lkis luulet vene, valgevene ja rumeenia keelest. Tema t\u00f5lkeid leidub arvukates luuleraamatutes.<\/p>\n\n\n\n<p><em>L. P.<\/em><\/p>\n\n\n\n<h5 class=\"wp-block-heading\"><br>Raamatud eesti keeles<\/h5>\n\n\n\n<p><strong><em>Luule<\/em><\/strong><br><strong>Silma ja s\u00fcdamega<\/strong>. Tallinn: Ilukirjandus ja Kunst, 1949, 118 lk.<br><strong>S\u00fcgisest<\/strong>. Poeem. Tallinn: Tallinna Riiklik Tarbekunsti Instituut, 1949, 25 lk.<br><strong>Matka m\u00e4lestusi<\/strong>. Tallinn: Eesti Riiklik Kirjastus, 1955, 128 lk.<br><strong>Pill ja peegel<\/strong>. Tallinn: Eesti Riiklik Kirjastus, 1959, 107 lk.<br><strong>Rajad ja uksed<\/strong>. Tallinn: Eesti Raamat, 1968, 104 lk.<br><strong>Vee ja liiva joonel<\/strong>. Luuletusi aastaist 1940\u20131973. Tallinn: Eesti Raamat, 1974, 207 lk.<br><strong>P\u00f5drakanepist puri<\/strong>. Luuletusi ja ballaade. Tallinn: Eesti Raamat, 1982, 50 lk.<br><strong>Videviku virved<\/strong>. Tallinn: Eesti Raamat, 1985, 95 lk.<br><strong>Tunamull\u2019ne<\/strong>. Tallinn: Eesti Raamat, 1992, 63 lk.<\/p>\n\n\n\n<p><strong><em>Lasteluule<\/em><\/strong><br><strong>Sulepallid<\/strong>. Laule ja m\u00f5istatusi. Tallinn: Eesti Riiklik Kirjastus, 1956, 75 lk.<br><strong>Orav R\u00f5\u00f5muraas-k\u00e4bikuningas<\/strong>. Laule oravast ja muust looma- ning linnurahvast. Tallinn: Eesti Riiklik Kirjastus, 1958, 49 lk.<br><strong>Kuldnokk-Kullanokk<\/strong>. V\u00e4ikelastele. Tallinn: Eesti Raamat, 1984, 32 lk.<br><strong>Kevadest kevadeni<\/strong>. Tallinn: Eesti Raamat, 1987, 41 lk.<\/p>\n\n\n\n<p><strong><em>Proosa<\/em><\/strong><br><strong>\u00d5ied ja juured<\/strong>. Lugusid kasvatuslikel teemadel. Tallinn: Eesti Riiklik Kirjastus, 1962, 184 lk.<br><strong>Tutt ja tops<\/strong>. Jutustus nooremale koolieale. Tallinn: Eesti Raamat, 1979, 175 lk.<\/p>\n\n\n\n<h5 class=\"wp-block-heading\"><a href=\"https:\/\/sisu.ut.ee\/ewod\/et\/v\/muia-veetamm\/muia-veetamme-kohta\/\" data-type=\"page\" data-id=\"7422\">Artiklid ja arvustused Muia Veetamme kohta<\/a><\/h5>\n","protected":false},"excerpt":{"rendered":"<p>Muia Veetamm (s\u00fcndinud Ellen-Aliide Ventsel, hilisema kodanikunimega Elts Ristm\u00e4gi, 2. III \/ 17. II 1907 \u2013 15. XII 1995), oli luuletaja ja kunstnik, kelle p\u00e4randist on eriti k\u00f5nekaks j\u00e4\u00e4nud s\u00fcdamlik ja lihtne loodusl\u00fc\u00fcrika. Ta s\u00fcndis Harjumaal Triigi vallas rentnikutalus ning &#8230;<\/p>\n","protected":false},"author":43,"featured_media":0,"parent":6512,"menu_order":0,"comment_status":"closed","ping_status":"closed","template":"","meta":{"_acf_changed":false,"inline_featured_image":false,"footnotes":""},"class_list":["post-7420","page","type-page","status-publish","hentry"],"acf":[],"_links":{"self":[{"href":"https:\/\/sisu.ut.ee\/ewod\/et\/wp-json\/wp\/v2\/pages\/7420","targetHints":{"allow":["GET"]}}],"collection":[{"href":"https:\/\/sisu.ut.ee\/ewod\/et\/wp-json\/wp\/v2\/pages"}],"about":[{"href":"https:\/\/sisu.ut.ee\/ewod\/et\/wp-json\/wp\/v2\/types\/page"}],"author":[{"embeddable":true,"href":"https:\/\/sisu.ut.ee\/ewod\/et\/wp-json\/wp\/v2\/users\/43"}],"replies":[{"embeddable":true,"href":"https:\/\/sisu.ut.ee\/ewod\/et\/wp-json\/wp\/v2\/comments?post=7420"}],"version-history":[{"count":2,"href":"https:\/\/sisu.ut.ee\/ewod\/et\/wp-json\/wp\/v2\/pages\/7420\/revisions"}],"predecessor-version":[{"id":7424,"href":"https:\/\/sisu.ut.ee\/ewod\/et\/wp-json\/wp\/v2\/pages\/7420\/revisions\/7424"}],"up":[{"embeddable":true,"href":"https:\/\/sisu.ut.ee\/ewod\/et\/wp-json\/wp\/v2\/pages\/6512"}],"wp:attachment":[{"href":"https:\/\/sisu.ut.ee\/ewod\/et\/wp-json\/wp\/v2\/media?parent=7420"}],"curies":[{"name":"wp","href":"https:\/\/api.w.org\/{rel}","templated":true}]}}