{"id":7397,"date":"2025-06-07T11:44:39","date_gmt":"2025-06-07T08:44:39","guid":{"rendered":"https:\/\/sisu.ut.ee\/ewod\/?page_id=7397"},"modified":"2025-06-07T11:44:40","modified_gmt":"2025-06-07T08:44:40","slug":"herbert-salu-kohta","status":"publish","type":"page","link":"https:\/\/sisu.ut.ee\/ewod\/et\/s\/herbert-salu\/herbert-salu-kohta\/","title":{"rendered":"Herbert Salu kohta"},"content":{"rendered":"<p><em><strong>Artiklid<\/strong><\/em><br>K. V-a, <strong>Herbert Salu viiek\u00fcmnene<\/strong>. \u2013 Eesti Elu, 30. XI 1961.<br>Helmi Eller, <strong>Herbert Salu esseistika<\/strong>. \u2013 Tulimuld, nr 4, 1981, lk 184\u2013189.<br>Johannes Kaup, <strong>Herbert Salu 75<\/strong>. \u2013 Meie Elu, 13. XI 1986.<br>Ivar Gr\u00fcnthal, <strong>Herbert Salu ja eesti ajalooline romaan<\/strong>. \u2013 Tulimuld, nr 1, 1987, lk 3\u20139.<br>Kaja Altof, <strong>Reiner Brockmann Tallinnas ja \u2018Lasnam\u00e4e lamburid\u2019<\/strong>. \u2013 Looming, nr 11, 1987, lk 1556\u20131562.<br>Aarne Vinkel, <strong>Herbert Salu \u2013 manalamees<\/strong>. \u2013 Keel ja Kirjandus, nr 1, 1989, lk 62.<br>Kalju Lillepuu, <strong>Kirjanik ja kirjandusteadlane Herbert Salu on K\u00f6leri-romaani autor<\/strong>. \u2013 Sakala, 16. XI 1991, lk 3.<br>Eerik Teder, <strong>Herbert Salu \u2013 kirjandusteadlane ja romaanikirjanik<\/strong>. \u2013 Kodumaa, 20. XI 1991, lk 5.<br>Maie Kalda, <strong>Kirjandusloo vaatev\u00e4ljast ja -nurkadest eksiilis<\/strong>. \u2013 Vikerkaar, nr 5, 1992, lk 65\u201376. [Herbert Salust lk 69\u201371.]<br>Aarne Vinkel, <strong>Herbert Salu lahkumisel<\/strong>. \u2013 Kirjanduse jaosmaa \u201988. Koostanud Endel Mallene. Tallinn: Eesti Raamat, 1992, lk 92\u201397.<br>Aarne Vinkel, <strong>Herbert Salu \u2018Sembardia\u2019<\/strong>. \u2013 Viimased vaod: vaatlusi Eesti kirjandusmaastikult. Tallinn: Underi ja Tuglase Kirjanduskeskus, 2002, 393 lk, lk 253\u2013263.<br>Ingrid Velbaum-Staub, <strong>Herbert Salu<\/strong>. \u2013 Eesti kirjandus paguluses XX sajandil. Toim. Piret Kruuspere. Tallinn: Eesti TA Underi ja Tuglase Kirjanduskeskus, 2008, 822 lk, lk 120\u2013127.<\/p>\n\n\n\n<p><em><strong>Arvustused<\/strong><\/em><br>Nigol Andresen, <strong>Uurimus Eduard Vilde ajaloolistest romaanidest<\/strong>. \u2013 Looming, nr 4, 1965, lk 625\u2013631. [Herbert Salu doktoriv\u00e4itekirjast.]<br>Juhan Kahk, <strong>Eduard Vilde ajaloolist triloogiat k\u00e4sitlev uurimus<\/strong>. \u2013 Keel ja Kirjandus, nr 11, 1965, lk 694\u2013697. [Doktoriv\u00e4itekirjast.]<br>Hellar Grabbi, <strong>Arvustus raamatule \u2018Postihobusel J\u00f5hvist Rooma\u2019<\/strong>. \u2013 Mana, nr 43, 1976.<br>Karl Vahtra, <strong>Kirjanduslikud avastusretked minevikku<\/strong>. \u2013 Meie Elu, 12. IV 1979. [Raamatust \u2018Porkuni preili: esseid eesti kirjandusest\u2019.]<br>Felix Oinas, <strong>Arvustus esseekogumikele \u2018Porkuni preili: esseid eesti kirjandusest\u2019 ja \u2018Must lagi on meie toal\u2019<\/strong>. \u2013 Journal of Baltic Studies, nr 4, 1980, lk 367.<br>Hannes Oja, <strong>Meeletuse m\u00e4rgi all<\/strong>. \u2013 Mana, nr 54, 1985, lk 85. [Esseekogumikust \u2018Kihutav troika\u2019.]<br>\u00dclo Tonts, <strong>Lehti elupuu k\u00fcljest<\/strong>. \u2013 Postimees, 6. VII 1995, lk 13. [Raamatust \u2018Talvepaleest Lubjasaarele\u2019.]<br>Maire Liivamets, <strong>T\u00fckike kadunud kultuurilugu<\/strong>. \u2013 Eesti P\u00e4evaleht, 6. XII 1996, lk 7. [Raamatust \u2018Sembardia. Noorp\u00f5lve- ja reisimeenutusi\u2019.]<br>\u00dclo Tonts, <strong>Kutse Sembardiasse<\/strong>. \u2013 Postimees, 16. VII 1997, lk 16. [\u2018Sembardia. Noorp\u00f5lve- ja reisimeenutusi\u2019.]<br>\u00dclo Tedre, <strong>Kultuurilooliselt v\u00e4\u00e4rtuslik raamat<\/strong>. \u2013 Keel ja Kirjandus, nr 9, 1997, lk 635\u2013636. [\u2018Sembardia. Noorp\u00f5lve- ja reisimeenutusi\u2019.]<br>Rutt Hinrikus, <strong>Romaanir\u00fc\u00fcs ajaloolised uurimused<\/strong>. \u2013 Eesti P\u00e4evaleht, 18. III 2000, lk 10. [Raamatust \u2018Siiditee serval\u2019.]<\/p>\n","protected":false},"excerpt":{"rendered":"<p>ArtiklidK. V-a, Herbert Salu viiek\u00fcmnene. \u2013 Eesti Elu, 30. XI 1961.Helmi Eller, Herbert Salu esseistika. \u2013 Tulimuld, nr 4, 1981, lk 184\u2013189.Johannes Kaup, Herbert Salu 75. \u2013 Meie Elu, 13. XI 1986.Ivar Gr\u00fcnthal, Herbert Salu ja eesti ajalooline romaan. \u2013 &#8230;<\/p>\n","protected":false},"author":43,"featured_media":0,"parent":7394,"menu_order":0,"comment_status":"closed","ping_status":"closed","template":"","meta":{"_acf_changed":false,"inline_featured_image":false,"footnotes":""},"class_list":["post-7397","page","type-page","status-publish","hentry"],"acf":[],"_links":{"self":[{"href":"https:\/\/sisu.ut.ee\/ewod\/et\/wp-json\/wp\/v2\/pages\/7397","targetHints":{"allow":["GET"]}}],"collection":[{"href":"https:\/\/sisu.ut.ee\/ewod\/et\/wp-json\/wp\/v2\/pages"}],"about":[{"href":"https:\/\/sisu.ut.ee\/ewod\/et\/wp-json\/wp\/v2\/types\/page"}],"author":[{"embeddable":true,"href":"https:\/\/sisu.ut.ee\/ewod\/et\/wp-json\/wp\/v2\/users\/43"}],"replies":[{"embeddable":true,"href":"https:\/\/sisu.ut.ee\/ewod\/et\/wp-json\/wp\/v2\/comments?post=7397"}],"version-history":[{"count":1,"href":"https:\/\/sisu.ut.ee\/ewod\/et\/wp-json\/wp\/v2\/pages\/7397\/revisions"}],"predecessor-version":[{"id":7398,"href":"https:\/\/sisu.ut.ee\/ewod\/et\/wp-json\/wp\/v2\/pages\/7397\/revisions\/7398"}],"up":[{"embeddable":true,"href":"https:\/\/sisu.ut.ee\/ewod\/et\/wp-json\/wp\/v2\/pages\/7394"}],"wp:attachment":[{"href":"https:\/\/sisu.ut.ee\/ewod\/et\/wp-json\/wp\/v2\/media?parent=7397"}],"curies":[{"name":"wp","href":"https:\/\/api.w.org\/{rel}","templated":true}]}}