{"id":7387,"date":"2024-04-03T23:40:38","date_gmt":"2024-04-03T20:40:38","guid":{"rendered":"https:\/\/sisu.ut.ee\/ewod\/?page_id=7387"},"modified":"2025-06-07T11:26:01","modified_gmt":"2025-06-07T08:26:01","slug":"milvi-seping","status":"publish","type":"page","link":"https:\/\/sisu.ut.ee\/ewod\/et\/s\/milvi-seping\/","title":{"rendered":"Milvi Seping"},"content":{"rendered":"<figure class=\"wp-block-image alignright size-large is-resized\"><a href=\"https:\/\/sisu.ut.ee\/wp-content\/uploads\/sites\/108\/milvi_seping.jpg\"><img loading=\"lazy\" decoding=\"async\" width=\"684\" height=\"1024\" src=\"https:\/\/sisu.ut.ee\/wp-content\/uploads\/sites\/108\/milvi_seping-684x1024.jpg\" alt=\"\" class=\"wp-image-6299\" style=\"width:250px;height:auto\" srcset=\"https:\/\/sisu.ut.ee\/wp-content\/uploads\/sites\/108\/milvi_seping-684x1024.jpg 684w, https:\/\/sisu.ut.ee\/wp-content\/uploads\/sites\/108\/milvi_seping-200x300.jpg 200w, https:\/\/sisu.ut.ee\/wp-content\/uploads\/sites\/108\/milvi_seping-768x1150.jpg 768w, https:\/\/sisu.ut.ee\/wp-content\/uploads\/sites\/108\/milvi_seping-1026x1536.jpg 1026w, https:\/\/sisu.ut.ee\/wp-content\/uploads\/sites\/108\/milvi_seping-1368x2048.jpg 1368w, https:\/\/sisu.ut.ee\/wp-content\/uploads\/sites\/108\/milvi_seping.jpg 1423w\" sizes=\"auto, (max-width: 684px) 100vw, 684px\"><\/a><\/figure>\n\n\n\n<p><br>Milvi Seping (18. IX 1929 \u2013 19. VIII 2022) oli luuletaja ja l\u00fchiproosa autor.<\/p>\n\n\n\n<p>Seping s\u00fcndis Viljandimaal P\u00f5ltsamaa vallas Paduvere k\u00fclas talupidaja perekonnas. Ta \u00f5ppis Paduvere ja Vitsj\u00e4rve Algkoolis. L\u00f5petanud \u00f5pingud \u00fcldhariduslikus koolis, asus ta \u00f5ppima Tartu T\u00f6\u00f6stuskooli nr. 12. Seping t\u00f6\u00f6tas aastatel 1948\u20131971 montaa\u017eilukksepana Tartu Kontrollaparatuuri Tehases (nn \u201ePostkastis\u201d), mis tootis komponente N\u00f5ukogude s\u00f5jalennukitele. Hiljem t\u00f6\u00f6tas Seping aiandis ja p\u00f5llumajanduse alal, seej\u00e4rel oli kutseline kirjanik Tartus. Ta on Kirjanike Liidu liige alates 1975. aastast. Seping on osalenud Tartu Noorte Autorite Koondises.<\/p>\n\n\n\n<p>Seping hakkas luuletusi avaldama alates 1951. aastast. Esimene luulekogu \u201eHeliseval sillal\u201c ilmus 1961. aastal. Selles luulekogus valdavad t\u00f6\u00f6ga seotud teemad.<\/p>\n\n\n\n<p>Milvi Sepingu hilisemas loomingus asenduvad tehasemotiivid maa-ainestikuga. Kolhoosik\u00fcla inimeste t\u00f6\u00f6d ja m\u00f5tteviisi peegeldab 17 luuletusest koosnev ts\u00fckkel \u201eKivikorjaja laulud\u201c, mis p\u00e4lvis Kirjanike Liidu 1977. aasta poeemiv\u00f5istlusel kolmanda auhinna ja ilmus koguteoses \u201ePoeemip\u00f5imik\u201c. 1985. aastal ilmus Sepingult l\u00fchiproosakogumik \u201eV\u00e4rvilised linnud\u201c. Selleski raamatus vaatleb autor t\u00f6\u00f6inimeste, eriti vanemate inimeste jaoks elulisi teemasid.<\/p>\n\n\n\n<p>Milvi Sepingu luulelaad on lihtne ja otsekohene, v\u00e4rsid kasutavad mitmesuguste variatsioonidega l\u00f5ppriime. Tema l\u00fc\u00fcriline tegelane armastab oma tehaset\u00f6\u00f6d, kuid samas on loodus talle kui maalapsele asendamatult l\u00e4hedane. Luuletuste teiseks teemaringiks on loodus ja armastus.<\/p>\n\n\n\n<p><em>L. P.<\/em><\/p>\n\n\n\n<h4 class=\"wp-block-heading\"><br>Raamatud eesti keeles<\/h4>\n\n\n\n<p><strong><em>Luule<\/em><\/strong><br>Milvi Sepping, <strong>Heliseval sillal<\/strong>. Tallinn: Eesti Riiklik Kirjastus, 1961, 64 lk.<br><strong>Urvad \u00fcle m\u00fc\u00fcride<\/strong>. Tallinn: Eesti Raamat, 1974, 84 lk.<br><strong>K\u00fclmamailane<\/strong>. Tallinn: Eesti Raamat, 1981, 70 lk.<\/p>\n\n\n\n<p><strong><em>L\u00fchiproosa<\/em><br>V\u00e4rvilised linnud<\/strong>. Tallinn: Eesti Raamat, 1985, 135 lk.<\/p>\n\n\n\n<h4 class=\"wp-block-heading\"><a href=\"https:\/\/sisu.ut.ee\/ewod\/et\/s\/milvi-seping\/milvi-sepingu-kohta\/\" data-type=\"page\" data-id=\"7390\">Artiklid ja arvustused Milvi Sepingu kohta<\/a><\/h4>\n","protected":false},"excerpt":{"rendered":"<p>Milvi Seping (18. IX 1929 \u2013 19. VIII 2022) oli luuletaja ja l\u00fchiproosa autor. Seping s\u00fcndis Viljandimaal P\u00f5ltsamaa vallas Paduvere k\u00fclas talupidaja perekonnas. Ta \u00f5ppis Paduvere ja Vitsj\u00e4rve Algkoolis. L\u00f5petanud \u00f5pingud \u00fcldhariduslikus koolis, asus ta \u00f5ppima Tartu T\u00f6\u00f6stuskooli nr. 12. &#8230;<\/p>\n","protected":false},"author":43,"featured_media":0,"parent":6505,"menu_order":0,"comment_status":"closed","ping_status":"closed","template":"","meta":{"_acf_changed":false,"inline_featured_image":false,"footnotes":""},"class_list":["post-7387","page","type-page","status-publish","hentry"],"acf":[],"_links":{"self":[{"href":"https:\/\/sisu.ut.ee\/ewod\/et\/wp-json\/wp\/v2\/pages\/7387","targetHints":{"allow":["GET"]}}],"collection":[{"href":"https:\/\/sisu.ut.ee\/ewod\/et\/wp-json\/wp\/v2\/pages"}],"about":[{"href":"https:\/\/sisu.ut.ee\/ewod\/et\/wp-json\/wp\/v2\/types\/page"}],"author":[{"embeddable":true,"href":"https:\/\/sisu.ut.ee\/ewod\/et\/wp-json\/wp\/v2\/users\/43"}],"replies":[{"embeddable":true,"href":"https:\/\/sisu.ut.ee\/ewod\/et\/wp-json\/wp\/v2\/comments?post=7387"}],"version-history":[{"count":3,"href":"https:\/\/sisu.ut.ee\/ewod\/et\/wp-json\/wp\/v2\/pages\/7387\/revisions"}],"predecessor-version":[{"id":7392,"href":"https:\/\/sisu.ut.ee\/ewod\/et\/wp-json\/wp\/v2\/pages\/7387\/revisions\/7392"}],"up":[{"embeddable":true,"href":"https:\/\/sisu.ut.ee\/ewod\/et\/wp-json\/wp\/v2\/pages\/6505"}],"wp:attachment":[{"href":"https:\/\/sisu.ut.ee\/ewod\/et\/wp-json\/wp\/v2\/media?parent=7387"}],"curies":[{"name":"wp","href":"https:\/\/api.w.org\/{rel}","templated":true}]}}