{"id":7381,"date":"2025-06-07T11:06:54","date_gmt":"2025-06-07T08:06:54","guid":{"rendered":"https:\/\/sisu.ut.ee\/ewod\/?page_id=7381"},"modified":"2025-06-07T11:06:54","modified_gmt":"2025-06-07T08:06:54","slug":"ilmar-talve-kohta","status":"publish","type":"page","link":"https:\/\/sisu.ut.ee\/ewod\/et\/t\/ilmar-talve\/ilmar-talve-kohta\/","title":{"rendered":"Ilmar Talve kohta"},"content":{"rendered":"<p><strong><em>Artiklid<\/em><\/strong><br>Gustav R\u00e4nk, <strong>Eesti teadlase osa P\u00f5hjamaade etnoloogias<\/strong>. \u2013 Mana, nr 1, 1969, lk 65\u201366.<br>Raimond Kolk, <strong>M\u00f5tteid Ilmar Talve loomingust<\/strong>. \u2013 Tulimuld, nr 2, 1969, lk 77\u201380. [Esitatud Ilmar Talve 50. aasta juubeliaktusel Stockholmis 9. veebruaril 1969.]<br>Sirje Kiin, <strong>Ilmar Talve 70<\/strong>. \u2013 Kodumaa, 11. I 1989, lk 6.<br>Eerik Teder, <strong>Ilmar Talve \u2013 kirjanik<\/strong>. \u2013 Keel ja Kirjandus, nr 1, 1989, lk 48\u201350.<br>Ants Viires, <strong>Ilmar Talve teadusmehena<\/strong>. \u2013 Keel ja Kirjandus, nr 5, 1989, lk 281\u2013283.<br>\u00dclo Tonts, <strong>\u2018Maapagu\u2019: romaan ja retseptsioon<\/strong>. \u2013 Keel ja Kirjandus, nr 2, 1991, lk 96\u2013102.<br>Jaan Undusk, <strong>Ilmar Talve oma romaanist \u2018Maapagu\u2019<\/strong>. \u2013 Keel ja Kirjandus, nr 3, 1994, lk 178\u2013179.<br>Hellar Grabbi, <strong>Tulgu uus taevas: m\u00f5tteid viiek\u00fcmnest kirjanikust<\/strong>. Tallinn: Virgela, 1999, 277 lk. [Ilmar Talvest lk 185\u2013186.]<br>Janika Kronberg, <strong>Ilmar Talvelt v\u00f5ib veel \u00fcllatusi oodata<\/strong>. \u2013 Eesti P\u00e4evaleht, 7. I 2000, lk 11.<br>Jaak Kangilaski, <strong>Rahvusm\u00f5tte laureaat on Ilmar Talve<\/strong>. \u2013 Universitas Tartuensis, 10. XII 2004, lk 2.<br><strong>Tartu \u00dclikooli uued audoktorid. Ilmar Talve<\/strong>. \u2013 Universitas Tartuensis, 25. XI 2005, lk 2.<br><strong>Suri Ilmar Talve<\/strong>. \u2013 Eesti Elu, 4. V 2007, lk 13.<br>Peeter Olesk, <strong>Etnoloog s\u00f5ber Ilmar Talve <\/strong>(95 aastat Ilmar Talve s\u00fcnnist). \u2013 J\u00e4rva Teataja, 21. I 2014, lk 7.<br>Lauri Talve, <strong>M\u00e4lestusi isast. Ilmar Talve 100<\/strong>. \u2013 Looming, 1. I 2019, lk 87\u201391.<br>Kristjan Halg, <strong>Ilmar Talve \u2013 mees kolme kodumaaga<\/strong>. \u2013 Virumaa Teataja, 30. I 2019, lk 5.<br>Marleen Metslaid, <strong>Ilmar Talve kui Eesti etnoloog<\/strong>. \u2013 Tuna, 3. IX 2022, lk 41\u201364.<\/p>\n\n\n\n<p><em><strong>Arvustused<\/strong><\/em><br>Karl Ristikivi, <strong>Kui vabadus on h\u00e4daohus<\/strong>. \u2013 V\u00e4lis-Eesti, nr 19, 11. V 1952, lk 5. [Raamatust \u2018Maja lumes\u2019.]<br>Johannes Kaup, <strong>Raamat vabaduse kaitseks<\/strong>. \u2013 Meie Elu, 25. VI 1952, lk 5. [\u2018Maja lumes\u2019.]<br>Alur Reinans, <strong>Arvustus raamatule \u2018Juhansoni reisid\u2019<\/strong>. \u2013 Mana, nr 2, 1959, lk 147\u2013148.<br>Raimond Kolk, <strong>Reisumees Juhanson<\/strong>. \u2013 Tulimuld, nr 3, 1959, lk 239\u2013241. [\u2018Juhansoni reisid\u2019.]<br>Fanny de Sivers, <strong>Maapagu nii ja teisiti<\/strong>. \u2013 Tulimuld, nr 1, 1989, lk 3\u201311. [Romaanist \u2018Maapagu\u2019.]<br>Arno Oja, <strong>Sebastian Alkmani r\u00e4nnuaastad<\/strong>. \u2013 Looming, nr 2, 1989, lk 270\u2013272. [\u2018Maapagu\u2019.]<br>Maimu Berg, <strong>\u00dchest teel\u00f5igust eestlaste l\u00f5putus maapaos<\/strong>. \u2013 Looming, nr 2, 1989, lk 272\u2013274. [\u2018Maapagu\u2019.]<br>Jaan Undusk, <strong>Vaimulooline Talve<\/strong>. \u2013 Akadeemia, nr 6, 1989, lk 1305\u20131320.[\u2018Maapagu\u2019.]<br>Rein Kruus, <strong>\u00dche ajaj\u00e4rgu l\u00f5pp<\/strong>. \u2013 Keel ja Kirjandus, nr 12, 1989. lk 749\u2013752. [\u2018Maapagu\u2019.]<br>Tiit Pruuli, <strong>Mis aeg see oli?<\/strong> \u2013 P\u00e4evaleht, 10. II 1991, lk 2. [Raamatust \u2018See oli sel ajal kui\u2026 Vesteid ja sulekriipse paguluse aegadest\u2019.]<br>\u00dclo Tonts, <strong>V\u00e4liseesti kirjanduse koolitoad ja ja reservid: vestekirjanik Ilmar Talve<\/strong>. \u2013 Keel ja Kirjandus, nr 8, 1991, lk 501. [\u2018See oli sel ajal kui\u2026 Vesteid ja sulekriipse paguluse aegadest\u2019.]<br>\u00dclo Tonts, <strong>Talve meenutab kevadet<\/strong>. \u2013 S\u00f5numileht, 24. XI 1997, lk 13. [Raamatust \u2018Kevad Eestis\u2019.]<br>Arno Oja, <strong>Asjalikult surmaga silmitsi<\/strong>. \u2013 Eesti P\u00e4evaleht, 19. XII 1997, lk 9. [\u2018Kevad Eestis\u2019.]<br>Oskar Kruus, <strong>Kadunud p\u00f5lvkond \u2013 kirjaniku ja teadlase aruanne<\/strong>. \u2013 Looming, nr 1, 1998, lk 149\u2013151. [\u2018Kevad Eestis\u2019.]<br>Hellar Grabbi, <strong>Etnoloog Talve enda elulugu<\/strong>. \u2013 Eesti P\u00e4evaleht, 18. III 1998, lk 7. [\u2018Kevad Eestis\u2019.]<br>\u00dclo Tonts, <strong>Muretsev optimist kirjutab autobiograafia<\/strong>. \u2013 S\u00f5numileht, 26. VIII 1998, lk 17. [Raamatust \u2018Kutsumatu k\u00fclaline. Autobiograafia II\u2019.]<br>Andres Langemets, <strong>Kokku kogutud kultuur kui eestlaste \u00fcleilmastumise lugu<\/strong>. \u2013 Eesti P\u00e4evaleht, 9. VII 2004, lk 14. [Raamatust \u2018Eesti kultuurilugu\u2019.]<br>Eduard Krants, <strong>Maraton \u00fcle kolme kodumaa<\/strong>. \u2013 Eesti Elu, 10. XII 2004, lk 6\u20137. [\u2018Kevad Eestis\u2019.]<br>Eerik Purje, <strong>Suurteos Eesti kultuuriloost<\/strong>. \u2013 Eesti Elu, 10. XII 2004, lk 6\u20137. [\u2018Eesti kultuurilugu\u2019.]<br>Janika Kronberg, <strong>\u2018Ainult inimene\u2019 kui ajadokument<\/strong>. \u2013 Postimees, 20. I 2024, lk 4.<\/p>\n\n\n\n<p><em><strong>Intervjuud<\/strong><\/em><br>Felix Oinas, <strong>Kuidas kirjanikud kirjutavad. Ilmar Talve<\/strong>. \u2013 Tulimuld, nr 1, 1986, lk 6\u20137.<br>Anne Gr\u00fcnberg, <strong>Mees erifondist<\/strong>. \u2013 Sirp, 18. X 1991, lk 3.<\/p>\n","protected":false},"excerpt":{"rendered":"<p>ArtiklidGustav R\u00e4nk, Eesti teadlase osa P\u00f5hjamaade etnoloogias. \u2013 Mana, nr 1, 1969, lk 65\u201366.Raimond Kolk, M\u00f5tteid Ilmar Talve loomingust. \u2013 Tulimuld, nr 2, 1969, lk 77\u201380. [Esitatud Ilmar Talve 50. aasta juubeliaktusel Stockholmis 9. veebruaril 1969.]Sirje Kiin, Ilmar Talve 70. &#8230;<\/p>\n","protected":false},"author":43,"featured_media":0,"parent":7375,"menu_order":0,"comment_status":"closed","ping_status":"closed","template":"","meta":{"_acf_changed":false,"inline_featured_image":false,"footnotes":""},"class_list":["post-7381","page","type-page","status-publish","hentry"],"acf":[],"_links":{"self":[{"href":"https:\/\/sisu.ut.ee\/ewod\/et\/wp-json\/wp\/v2\/pages\/7381","targetHints":{"allow":["GET"]}}],"collection":[{"href":"https:\/\/sisu.ut.ee\/ewod\/et\/wp-json\/wp\/v2\/pages"}],"about":[{"href":"https:\/\/sisu.ut.ee\/ewod\/et\/wp-json\/wp\/v2\/types\/page"}],"author":[{"embeddable":true,"href":"https:\/\/sisu.ut.ee\/ewod\/et\/wp-json\/wp\/v2\/users\/43"}],"replies":[{"embeddable":true,"href":"https:\/\/sisu.ut.ee\/ewod\/et\/wp-json\/wp\/v2\/comments?post=7381"}],"version-history":[{"count":1,"href":"https:\/\/sisu.ut.ee\/ewod\/et\/wp-json\/wp\/v2\/pages\/7381\/revisions"}],"predecessor-version":[{"id":7383,"href":"https:\/\/sisu.ut.ee\/ewod\/et\/wp-json\/wp\/v2\/pages\/7381\/revisions\/7383"}],"up":[{"embeddable":true,"href":"https:\/\/sisu.ut.ee\/ewod\/et\/wp-json\/wp\/v2\/pages\/7375"}],"wp:attachment":[{"href":"https:\/\/sisu.ut.ee\/ewod\/et\/wp-json\/wp\/v2\/media?parent=7381"}],"curies":[{"name":"wp","href":"https:\/\/api.w.org\/{rel}","templated":true}]}}