{"id":7368,"date":"2025-06-02T17:06:19","date_gmt":"2025-06-02T14:06:19","guid":{"rendered":"https:\/\/sisu.ut.ee\/ewod\/?page_id=7368"},"modified":"2025-06-02T17:06:37","modified_gmt":"2025-06-02T14:06:37","slug":"valev-uibopuu-kohta","status":"publish","type":"page","link":"https:\/\/sisu.ut.ee\/ewod\/et\/u\/valev-uibopuu\/valev-uibopuu-kohta\/","title":{"rendered":"Valev Uibopuu kohta"},"content":{"rendered":"<p><em><strong>Artiklid<\/strong><\/em><br>Eerik Laid, <strong>Tagantj\u00e4rele Uibopuu<\/strong>. \u2013 S\u00f5na, nr 3, 1948. Ilmunud ka: E. Laid, Paopaigad. Tartu: Ilmamaa, 1997, lk 307-308.<br>Ivar Gr\u00fcnthal, <strong>[Valev Uibopuu tegevusest]<\/strong>. \u2013 Mana, nr 1, 1960, lk 38-39.<br>Arvo M\u00e4gi,<strong> Valev Uibopuu novellistina<\/strong>. \u2013 Tulimuld, nr 3, 1963, lk. 155-162.<br>Karl Ristikivi, <strong>Valev Uibopuu maailm<\/strong>. \u2013 Teataja 19. X 1963. Ilmunud ka: K. Ristikivi, Viimne vabadus: esseed ja artiklid kirjandusest. Tartu: Ilmamaa, 1996, lk 369-374.<br>Helmi Eller, <strong>Erandkujusid Valev Uibopuu loomingus<\/strong>. \u2013 Tulimuld, nr 1, 1974, lk. 4-9.<br>Felix Oinas, <strong>Kuidas kirjanikud kirjutavad<\/strong>. \u2013 Tulimuld, nr 5, 1986, lk 75-77.<br>\u00dclo Tonts, <strong>Nii pikk tagasitulek: m\u00e4rkmeid Valev Uibopuu juubelis\u00fcnnip\u00e4eval<\/strong>. \u2013 Sirp ja Vasar 21. X 1988.<br>Vello Pekom\u00e4e, <strong>Valev Uibopuu rikkalikud loomingulised r\u00e4nnuteed<\/strong>. \u2013 V\u00e4lis-Eesti nr 9\/10, 1988<br><strong>Valev Uibopuu teadlasena<\/strong>. \u2013 V\u00e4lis-Eesti nr 9\/10, 1988<br>Udo Uibo, <strong>Inimesega: Valev Uibopuu romaanidest<\/strong>. \u2013 Looming, nr 10, 1988, lk 1416-1419.<br>Oskar Kruus, <strong>Valev Uibopuu kirjandusliku tee algus<\/strong>. \u2013 Keel ja Kirjandus, nr 10, 1988, lk 594-600. Ilmunud ka: O. Kruus, Eestiga s\u00fcdames v\u00f5\u00f5rsil: kirjutisi eesti pagulaskirjandusest. Tallinn: Kuldvillak, 1996, lk 155-164.<br>Eerik Teder, <strong>Valev Uibopuu ja tema looming<\/strong>. \u2013 V\u00e4lismaise eesti kirjanduse konverents Tallinnas. Tallinn, 1988, lk 29-30.<br>Janika Kronberg, <strong>Valev Uibopuu kui V\u00f5rumaa kirjanik?<\/strong>. \u2013 Sirp 22. X 1993<br>Oskar Kruus, <strong>Valev Uibopuu Eesti k\u00fcla kujutajana<\/strong>. \u2013 Viruskundra: V\u00f5rumaa Teataja lisa, nr 10, 1993, lk 2.<br>\u00dclo Tonts, <strong>Valev Uibopuu muutumised<\/strong>. \u2013 Looming, nr 10, 1993, lk 1415-1420. Ilmunud ka: \u00dc. Tonts, Klassikuks kodust kaugel. Tartu: Ilmamaa, 2006, lk 184-192.<br>Oskar Kruus, <strong>Valev Uibopuu novellistina<\/strong>. \u2013 Keel ja Kirjandus, nr 10, 1993, lk 618-620. Ilmunud ka: O. Kruus, Eestiga s\u00fcdames v\u00f5\u00f5rsil: kirjutisi eesti pagulaskirjandusest. Tallinn: Kuldvillak, 1996.<br>Madis K\u00f5iv, <strong>Genius loci<\/strong>. \u2013 Akadeemia, nr 4, 1994, lk 675-691<br>Olev Remsu, <strong>Ajakirjanduse reamees Valev Uibopuu<\/strong>. \u2013 Eesti P\u00e4evaleht 13. I 1996.<br>Janika Kronberg, <strong>Mees, kes n\u00e4gi taimede kasvamist. [Nekroloog]<\/strong>. \u2013 Looming, nr 5, 1997, lk 717-718. Ilmunud ka: J. Kronberg, H\u00e4sti valitud s\u00f5brad. Artikleid Karl Ristikivist ja tema kirjanduslikust \u00fcmbrusest. Tartu 2016, lk 149-161.<br>Oskar Kruus, <strong>Valev Uibopuu novellikirjanikuna [j\u00e4rels\u00f5na]<\/strong>. \u2013 V. Uibopuu, Muutunud maailm. Tallinn: Eesti Raamat, 1997, lk 269-276.<br>Arvo M\u00e4gi, <strong>Valev Uibopuu kolm t\u00f6\u00f6v\u00e4lja<\/strong>: [Kirjanikuna ja ajakirjanikuna kodumaal alustanud Valev Uibopuu eluk\u00e4igust ja loomingust v\u00f5\u00f5rsil]. \u2013 Rahvuslik Kontakt, nr 2, 1997, lk 3-6.<br>\u00dclo Tonts, <strong>Inimene nii ja teisiti<\/strong> [j\u00e4rels\u00f5na]. \u2013 V. Uibopuu, Markuse muutumised. Tallinn: Eesti Raamat, 1997, lk 296-302.<br>Maie Kalda, <strong>Suletud ruum tegevuspaigast kujundiks<\/strong>. \u2013 Looming, nr 5, 1999, lk 727-737. Ilmunud ka: M. Kalda, Mis mees ta on? Tallinn: ETA UTKK, 2000, lk 326-363; Eesti kultuur 1940. aastate teisel poolel. Tallinn: Tallinna Pedagoogika\u00fclikooli toimetised. Humaniora 19, 2001, lk 17-25.<br>\u00dclo Tonts, <strong>R\u00f5\u00f5msamat inimest otsimas: Valev Uibopuu reisikirjadest<\/strong>. \u2013 Keel ja Kirjandus, nr 2, 2001, lk 117-121. Ilmunud ka: \u00dc. Tonts, Klassikuks kodust kaugel. Tartu: Ilmamaa, 2006, lk 193-204.<br>\u00dclo Tonts, <strong>Kaks kanget eesti talumeest: m\u00e4rkmeid Valev Uibopuu ja Rudolf Sirge teemal<\/strong>. \u2013 Keel ja Kirjandus, nr 8, 2002, lk 576-579. Ilmunud ka: \u00dc. Tonts, Klassikuks kodust kaugel. Tartu: Ilmamaa, 2006, lk 205-2013.<br>\u00dclo Tonts, <strong>Kirjanik ja teised: t\u00e4helepanekuid Valev Uibopuu kirjanikuteelt<\/strong>. \u2013 Looming, nr 10, 2003, lk 1549-1556.<br>\u00dclo Tonts, <strong>Kodusadamata laeva viimane s\u00f5it: \u00fche pagulasromaani ideest, kirjutamisest, retseptsioonist ja t\u00e4hendusest<\/strong>. \u2013 Keel ja Kirjandus, nr 2, 2004, lk 81-89. [\u201eNeli tuld\u201c]<br>\u00dclo Tonts, <strong>Valev Uibopuu: elu ja loomingu lugu<\/strong>. Tartu: Ilmamaa, 2004, 239 lk<br>Janika Kronberg, <strong>Eestlane ja sakslane eesti kirjanduses<\/strong>. \u2013 Teise peeglis: saksa-eesti kirjandusdialoog. Toim. J. Kronberg, Liina Lukas, Odila Triebel. Tartu: Tartu \u00dclikooli Kirjastus, 2006, lk 116-143.<br>Maire Liivamets, <strong>Ajap\u00f6\u00f6rete m\u00f5testaja<\/strong>. \u2013 Mari, nr 2, 2014, lk 102-104.<br>Anneli K\u00f5vamees, <strong>V\u00f5\u00f5rana v\u00f5\u00f5rsil. Valev Uibopuu reisikirjad<\/strong>. \u2013 Looming, nr 6, 2019, lk 886-894.<br>Arno Oja, <strong>Heitlik inimene ja igavene k\u00fcla. Valev Uibopuud \u00fcle lugedes<\/strong>. \u2013 Looming, nr 6, 2019, lk 870-885.<br>Anna Hukka, <strong>Kodu mitmem\u00f5\u00f5tmeline t\u00e4hendus. Valev Uibopuu pagulasaastad<\/strong>. \u2013 Keel ja Kirjandus, nr 11, 2020, lk 951-968.<br>Anna Hukka, <strong>Kirjanik Valev Uibopuu perekondlik kirjavahetus eksiilis: \u00fchise kirjade ruumi loomine distantsi l\u00fchendamise abil<\/strong>. \u2013 M\u00e4etagused, nr 86, 2023, lk 123-138.<br><br><em><strong>Arvustused<\/strong><\/em><br>Rudolf Sirge, <strong>\u201eV\u00e4ravate all\u201c<\/strong>. \u2013 Vaba Maa 14. XI 1936<br>Paul Viiding, <strong>Valev Uibopuu \u201eV\u00e4ravate all\u201c<\/strong>. \u2013 Kunst ja Kirjandus 15. XI 1936<br>Erna Aavasaar [= Erna Siirak], <strong>Valev Uibopuu: Viljatu puu. Novellid<\/strong>. \u2013 Viisnurk, nr 4, 1941, lk 383-384.<br>Paul Viiding,<strong> \u201eViljatu puu\u201c<\/strong>. \u2013 Sirp ja Vasar 15. I 1941<br>Hugo Viires, <strong>[Arvustus \u201eViljatu puu\u201c]<\/strong>. \u2013 Looming, nr 2, 1941, lk 248-250.<br>Hugo Viires, <strong>Valev Uibopuu: Viljatu puu<\/strong>. \u2013 Viisnurk, nr 4, 1941, lk 382-384.<br>Arvo M\u00e4gi, <strong>\u201eV\u00f5\u00f5ras kodu\u201c<\/strong>. \u2013 V\u00e4lis-Eesti 5. VIII 1945<br>Artur Adson, <strong>Neli romaani<\/strong>. \u2013 Vabariiklane, nr 1, 1946 [\u201eV\u00f5\u00f5ras kodu\u201c]<br>Alfred Kurlents, <strong>Eesti pagulasproosa 1948<\/strong>. \u2013 S\u00f5na, nr 3, 1948, lk 40-46. [\u201eKeegi ei kuule meid\u201c]<br>Arvo M\u00e4gi, <strong>Saatuslike aastate romaan<\/strong>. \u2013 Eesti Teataja 14. IV 1948<br>ArA [= Artur Adson], <strong>Keegi ei kuule meid<\/strong>. \u2013 V\u00e4lis-Eesti 2. V 1948<br>Gustav Suits, <strong>Valev Uibopuu romaanist<\/strong>. \u2013 Stockholms Tidningen Eestlastele 23. V, 25. V 1948 [\u201eKeegi ei kuule meid\u201c]<br>Harald Parrest, <strong>Keegi ei kuule meid<\/strong>. \u2013 Eesti Post 13. VII 1948<br>Ar-gi [= Arvo M\u00e4gi], <strong>Pagulane pihib<\/strong>. \u2013 S\u00f5na, nr 6, 1949, lk 435<br>Ants Oras, <strong>Panama lipu all<\/strong>. \u2013 Tulimuld, nr 6, 1951, lk 464-466. [\u201eNeli tuld\u201c]<br>Rx., K. [= Karl Ristikivi], <strong>Mereromaan teist moodi<\/strong>. \u2013 V\u00e4lis-Eesti 23. XII 1951. Ilmunud ka: K. Ristikivi, Viimne vabadus. Tartu: Ilmamaa, 1996, lk 366-368. [\u201eNeli tuld\u201c]<br>R. K. [= Raimond Kolk], <strong>Kodusadamata laeval<\/strong>. \u2013 Eesti Teataja 5. I 1952 [\u201eNeli tuld\u201c]<br>Ilmar Laaban, <strong>Jutte vahelej\u00e4\u00e4jaist<\/strong>. \u2013 Vaba Eesti, nr 4, 1954. Ilmunud ka: I. Laaban, Marsyase nahk. Tallinn: Eesti Raamat, 1997, lk 91-97. [\u201eIgavene k\u00fcla\u201c]<br>Johannes Kaup, <strong>Kolm olemusaluste anal\u00fc\u00fcsi<\/strong>. \u2013 Tulimuld, nr 6, 1954, lk 368-371. [\u201eIgavene k\u00fcla\u201c]<br>Arvo M\u00e4gi, <strong>Peatunud aeg<\/strong>. \u2013 Teataja 21. XI 1954 [\u201eIgavene k\u00fcla\u201c]<br>Adson, Artur. <strong>Igavene k\u00fcla<\/strong>. \u2013 Kodukolle, nr 2, 1954 [\u201eIgavene k\u00fcla\u201c]<br>Helmi Eller, <strong>Kevadest talveni<\/strong>. \u2013 Tulimuld, nr 6, 1957, lk 323-324. [\u201eJanu\u201c]<br>Ilmar Laaban, <strong>Keelustatud elujanu<\/strong>. \u2013 Mana, nr 4, 1958, lk 69-71. Ilmunud ka: I. Laaban, Marsyase nahk. Tallinn: Eesti Raamat, 1997, lk 128-131.<br>Helmi Eller, <strong>\u00c4rge h\u00e4vitage Markust!<\/strong>. \u2013 Mana, nr 1, 1962, lk 74-75.<br>Mall J\u00fcrma, <strong>Romaan t\u00e4nap\u00e4eva purunenud v\u00e4\u00e4rtustest<\/strong>. \u2013 Tulimuld, nr 2, 1962, lk 146-147. [\u201eMarkuse muutumised\u201c]<br>Alur Reinans, <strong>Uibopuu muutumine<\/strong>. \u2013 Eesti P\u00e4evaleht 18. V 1962 [\u201eMarkuse muutumised\u201c]<br>Ivar Gr\u00fcnthal, <strong>Relatiivsuse \u00fclistus<\/strong>. \u2013 Mana, nr 1, 1963, lk 55-56. [\u201eMosaiik\u201c]<br>Arvo M\u00e4gi, <strong>Mitmetahuline aeg<\/strong>. \u2013 Tulimuld, nr 1, 1963, lk 64-65. [\u201eMosaiik\u201c]<br>Arvo M\u00e4gi, <strong>Allikaid otsimas<\/strong>. \u2013 Tulimuld, nr 3, 1970, lk 148-150. [\u201eLademed\u201c]<br>Lte., <strong>Romaan naise kolmest minast<\/strong>. \u2013 Meie Elu 12. VII 1970 [\u201eLademed\u201c]<br>Helmi Eller, <strong>Kolm aega kodutust<\/strong>. \u2013 Eesti P\u00e4evaleht 6. X 1970 [\u201eLademed\u201c]<br>Juhan Viidang, <strong>[Lademed]<\/strong>. \u2013 Mana, nr 40, 1973, lk 108-109.<br>Raimond Kolk, <strong>Toselli ja Stradivariuse helidel<\/strong>. \u2013 Tulimuld, nr 3,1982, lk 164-165.<br>S. Sumboru, <strong>\u201eToselli serenaad\u201c<\/strong>. \u2013 Meie Elu 5. V1983<br>Raimo Raag, <strong>Raamat meist ja meie keelesugulastest<\/strong>. \u2013 Mana, nr 1, 1986, lk 69-72 [\u201eMeie ja meie h\u00f5imud\u201c]<br>Hellar Grabbi, <strong>Raamat soomeugrilastest ja nende keeltest<\/strong>. \u2013 Mana, nr 55, 1986, lk 73-75, 87 [\u201eMeie ja meie h\u00f5imud\u201c]<br>Raimond Kolk,<strong> Kirjanik, ajakirjanik ja teadlane koost\u00f6\u00f6s<\/strong>. \u2013 Teataja 3. X 1987 [\u201eAjavoolu v\u00f5rendikest\u201c]<br>Mati Hint, <strong>V\u00e4lis-Eesti uralistikaraamat<\/strong>. \u2013 Keel ja Kirjandus, nr 11, 1988, lk 696-698 [\u201eMeie ja meie h\u00f5imud\u201c]<br><strong>Uibopuu h\u00f5imuteos p\u00e4lvib tunnustusi<\/strong>. \u2013 Eesti P\u00e4evaleht 13. VII 1988 [\u201eMeie ja meie h\u00f5imud\u201c]<br>Johannes Kaup, <strong>\u201eMeie ja meie h\u00f5imud\u201c \u2013 Eestis keelatud<\/strong>. \u2013 Vaba Eesti S\u00f5na 6. X 1988<br>Arvo M\u00e4gi, <strong>Valev Uibopuu m\u00f5tteraamat keelest, kirjandusest, isiksustest<\/strong>. \u2013 Eesti P\u00e4evaleht 28. VIII 1987 [\u201eAjavoolu v\u00f5rendikest\u201c]<br>Viktor Lembit Preem, <strong>\u201eUus\u201c raamat Valev Uibopuult<\/strong>. \u2013 Meie Elu 15. X 1987 [\u201eAjavoolu v\u00f5rendikest\u201c]<br>Hannes Oja, <strong>Aarded ajavoolu v\u00f5rendikes<\/strong>. \u2013 Vaba Eestlane 19. I 1988<br>Udo Uibo, <strong>S\u00e4\u00e4lt L\u00e4\u00e4nemere kalda p\u00e4\u00e4lt<\/strong>. \u2013 Looming, nr 2, 1988, lk 261-263. [\u201eAjavoolu v\u00f5rendikest\u201c]<br>Salme Raatma,<strong> Sala-Liiga ja Praagi poiss<\/strong>. \u2013 Tulimuld, nr 4, 1991, lk 170-174 [\u201eAinult juhus\u201c]<br>Priidu Beier, <strong>Lennukipommist p\u00f5rutatud<\/strong>. \u2013 Sirp 2. VIII 1991 [\u201eAinult juhus\u201c]<br>Aksel Mark, <strong>Naabrimehe m\u00f5tteid Valev Uibopuu romaani \u201eKaks inimelu ajap\u00f6\u00f6rdeis\u201c puhul<\/strong>. \u2013 Viruskundra: V\u00f5rumaa Teataja lisa nr. 7, VII 1991<br>\u00dclo Tonts, <strong>Juhusest ja ettem\u00e4\u00e4ratusest: Valev Uibopuu viimane pagulusraamat<\/strong>. \u2013 Rahva H\u00e4\u00e4l 26. IX 1991 [\u201eAinult juhus\u201c]<br>Astrid Reinla, <strong>Kas Eesti on olemas?<\/strong>. \u2013 Looming, nr 10, 1991, lk 1429-1430.<br>Tarja Soutkari, <strong>Doktor Rusikas ehk Faust eesti moodi<\/strong>. \u2013 Tulimuld, nr 4, 1993, lk 147-150. [\u201eAinult juhus\u201c]<br>Avo Suurv\u00e4rav, <strong>V\u00e4ikelinnas Valgas<\/strong>: [Valgas elanud kirjaniku Valev Uibopuu romaanist \u201eKeegi ei kuule meid\u201c]. \u2013 Valgamaalane 23. I 1993<br>Janika Kronberg, <strong>Passiivne armastaja<\/strong>. \u2013 Postimees 10. III 1993 [\u201eKeegi ei kuule meid\u201c]<br>Koidu Raudvere, <strong>Linn ja inimesed<\/strong>. \u2013 Sirp 7. V 1993 [\u201eKeegi ei kuule meid\u201c]<br>Tarvi Talv, <strong>Cherchez la femme ehk k\u00fcsimata k\u00fcsimus Valev Uibopuu romaani puhul<\/strong>. \u2013 Tulimuld, nr 1, 1993, lk 240-243.<br>Oskar Kruus, <strong>Pagulaste laevas levib kommunistlik lendleht<\/strong>. \u2013 Hommikuleht 14. VI 1993 [\u201eNeli tuld\u201c]<br>Janika Kronberg, <strong>Tume vari \u201eGloria\u201c kohal<\/strong>. \u2013 Postimees 23. VII 1993 [\u201eNeli tuld\u201c]<br>\u00dclo Tonts, <strong>Valev Uibopuu muutumised<\/strong>. \u2013 Looming, nr 10, 1993, lk 1415-1420. [\u201eMarkuse muutumised\u201c]<br>Hellar Grabbi, <strong>Ajavoolu v\u00f5rendikest<\/strong>. \u2013 H. Grabbi, Vabal h\u00e4\u00e4lel. Tallinn: Virgela, 1997, lk 245-247.<br>Maire Liivamets, <strong>Kui hea, et kirjandus nagu elugi koosneb suurest ja v\u00e4ikesest<\/strong>. \u2013 Keel ja Kirjandus, nr 6, 1997, lk 414-417. [\u201eMuutunud maailm\u201c]<br>Avo Suurv\u00e4rav, <strong>Valgamaaga seotud pagulaskirjaniku Valev Uibopuu viimsest novellivalimikust<\/strong>. \u2013 Valgamaalane 14. VIII 1997<br>Marta J\u00f5gi, <strong>\u00dchest heast raamatust<\/strong>. \u2013 Videvik 3. X 1997 [\u201eJanu\u201c]<br>\u00dclo Tonts, <strong>Elu ja surma piiril<\/strong>. \u2013 Eesti P\u00e4evaleht 24. IV 1997 [\u201eMuutunud maailm\u201c, \u201eJanu\u201c]<br>\u00dclo Tonts, <strong>V\u00e4ikese maailma avarus<\/strong>. \u2013 S\u00f5numileht 26. IX 1997 [\u201eJanu\u201c]<br>Arvi Leosk, <strong>Kas eestlus oli hullus?<\/strong>. \u2013 V\u00f5rumaa Teataja 13. I 1998<br>\u00dclo Tonts, <strong>Lahkumine ja tagasij\u00f5udmine<\/strong>. \u2013 V\u00f5rumaa Teataja 30. XII 1998 [\u201eJanu\u201c]<br>\u00dclo Tonts, <strong>Armastajad ja v\u00e4\u00e4rtused<\/strong>. \u2013 S\u00f5numileht 5. I 1998 [\u201eMarkuse muutumised\u201c]<br>Avo Suurv\u00e4rav, <strong>Kahe inimese armastuslugu: Valev Uibopuu romaan \u201eMarkuse muutumised\u201c<\/strong>.- Valgamaalane 1. IX 1998<br>Linda Kaljundi, <strong>Valev Uibopuu \u201eKeegi ei kuule meid\u201c<\/strong>. \u2013 Eesti P\u00e4evaleht 27. III 2009<br>Marko Mihkelson, <strong>J\u00e4rels\u00f5na [romaanile \u201eKeegi ei kuule meid\u201c]<\/strong>. \u2013 V. Uibopuu, Keegi ei kuule meid. Tallinn: Eesti P\u00e4evaleht, Akadeemia, 2009.<\/p>\n\n\n\n<p><em><strong>Intervjuud<\/strong><\/em><br><strong>N\u00e4dala jutuajamine Valev Uibopuuga<\/strong>. \u2013 V\u00e4lis-Eesti 21. XII 1947.<br><strong>Vestlusi laureaadiga<\/strong>. \u2013 Eesti P\u00e4evaleht 5. III 1962<br>\u00dclo Ignats, <strong>Mis k\u00e4sil, Valev Uibopuu?<\/strong>. \u2013 Eesti P\u00e4evaleht 16. XII 1981<br><strong>Valev Uibopuu intervjuu ajalehele \u201eVaba Eestlane\u201c<\/strong>. \u2013 Vaba Eestlane 6. XII 1988<br>Tiit Pruuli,<strong> Intervjuu Valev Uibopuuga<\/strong>. \u2013 Tulimuld, nr 2, 1990, lk 81-87. Intervjueeritu lisam\u00e4rkusi lk 86-87.<br><strong>Eneses\u00e4ilitamisest ja eneseleidmisest. Vestlus Valev Uibopuuga<\/strong>. \u2013 Postimees 1. VII 1991.<br>[\u00dclo Tonts], <strong>Eestlaseks j\u00e4\u00e4nud ja eurooplaseks saanud V. Uibopuu. Kirjanik oma elust ja loomingust<\/strong>. \u2013 Postimees 1. II 1995<br><strong>Elust ja raamatutest: intervjuu Janika Kronbergile<\/strong>. \u2013 Looming, nr 1, 1997, lk 102-116.<\/p>\n","protected":false},"excerpt":{"rendered":"<p>ArtiklidEerik Laid, Tagantj\u00e4rele Uibopuu. \u2013 S\u00f5na, nr 3, 1948. Ilmunud ka: E. Laid, Paopaigad. Tartu: Ilmamaa, 1997, lk 307-308.Ivar Gr\u00fcnthal, [Valev Uibopuu tegevusest]. \u2013 Mana, nr 1, 1960, lk 38-39.Arvo M\u00e4gi, Valev Uibopuu novellistina. \u2013 Tulimuld, nr 3, 1963, lk. &#8230;<\/p>\n","protected":false},"author":43,"featured_media":0,"parent":7362,"menu_order":0,"comment_status":"closed","ping_status":"closed","template":"","meta":{"_acf_changed":false,"inline_featured_image":false,"footnotes":""},"class_list":["post-7368","page","type-page","status-publish","hentry"],"acf":[],"_links":{"self":[{"href":"https:\/\/sisu.ut.ee\/ewod\/et\/wp-json\/wp\/v2\/pages\/7368","targetHints":{"allow":["GET"]}}],"collection":[{"href":"https:\/\/sisu.ut.ee\/ewod\/et\/wp-json\/wp\/v2\/pages"}],"about":[{"href":"https:\/\/sisu.ut.ee\/ewod\/et\/wp-json\/wp\/v2\/types\/page"}],"author":[{"embeddable":true,"href":"https:\/\/sisu.ut.ee\/ewod\/et\/wp-json\/wp\/v2\/users\/43"}],"replies":[{"embeddable":true,"href":"https:\/\/sisu.ut.ee\/ewod\/et\/wp-json\/wp\/v2\/comments?post=7368"}],"version-history":[{"count":1,"href":"https:\/\/sisu.ut.ee\/ewod\/et\/wp-json\/wp\/v2\/pages\/7368\/revisions"}],"predecessor-version":[{"id":7369,"href":"https:\/\/sisu.ut.ee\/ewod\/et\/wp-json\/wp\/v2\/pages\/7368\/revisions\/7369"}],"up":[{"embeddable":true,"href":"https:\/\/sisu.ut.ee\/ewod\/et\/wp-json\/wp\/v2\/pages\/7362"}],"wp:attachment":[{"href":"https:\/\/sisu.ut.ee\/ewod\/et\/wp-json\/wp\/v2\/media?parent=7368"}],"curies":[{"name":"wp","href":"https:\/\/api.w.org\/{rel}","templated":true}]}}