{"id":7349,"date":"2025-06-02T16:22:31","date_gmt":"2025-06-02T13:22:31","guid":{"rendered":"https:\/\/sisu.ut.ee\/ewod\/?page_id=7349"},"modified":"2025-06-02T16:26:51","modified_gmt":"2025-06-02T13:26:51","slug":"andrei-hvostovi-kohta","status":"publish","type":"page","link":"https:\/\/sisu.ut.ee\/ewod\/et\/h\/andrei-hvostov\/andrei-hvostovi-kohta\/","title":{"rendered":"Andrei Hvostovi kohta"},"content":{"rendered":"<p><em><strong>Artiklid<\/strong><\/em><br>Lauri Vahtre, <strong>Enamik prohveteid on valeprohvetid<\/strong>. \u2013 Sirp 5. V 2000<br>Ingvar Luha\u00e4\u00e4r, <strong>Hvostovi fenomen<\/strong>. \u2013 Eesti Ekspress 10. V 2007<br>Vaapo Vaher, <strong>Lasteaia ja l\u00f5bumaja vahel. Eesti proosa 2008<\/strong>. \u2013 Looming, nr 3, 2009, lk 409-428.<br>Mari Mets, <strong>Andrei Hvostovi kirjutamiskohad<\/strong>. \u2013 Regina, nr 5, 2013, lk 14.<br>Ruth Mirov, <strong>Hvostov ja kotipoisid<\/strong>. \u2013 Looming, nr 10, 2013, lk 1454-1455.<br>Tiit K\u00e4ndler, <strong>Detektiivne rahvas<\/strong>. \u2013 T. K\u00e4ndler, Arutlusi asja p\u00e4rast. Tartu, 2015, lk 101-104.<br><br><em><strong>Arvustused<\/strong><\/em><br>Erkki Bahovski, <strong>Eesti ajaloost saab m\u00f5elda ka hoopis teistmoodi<\/strong>. \u2013 Postimees 13. IV 1999 [\u201eM\u00f5tteline Eesti\u201c]<br>Veiko Berendsen, <strong>Terveks kleebitud pirn, 60 watti<\/strong>. \u2013 Postimees 17. IV 1999 [\u201eM\u00f5tteline Eesti\u201c]<br>Andres Herkel, <strong>Eesti pole m\u00f5ttelage<\/strong>. \u2013 Vikerkaar, nr 5-6, 1999, lk 174-175. [\u201eM\u00f5tteline Eesti\u201c]<br>Andres Langemets, <strong>M\u00fc\u00fca m\u00f5tteline osa majast<\/strong>. \u2013 Looming, nr 5, 1999, lk 791-794. [\u201eM\u00f5tteline Eesti\u201c]<br>Marek Tamm, <strong>Muistne vabadusv\u00f5itlus on l\u00f5ppenud<\/strong>. \u2013 Vikerkaar, nr 5-6, 1999, lk 175-180. Vt ka: Kas muistne vabadusv\u00f5itlus on l\u00f5ppenud?. \u2013 M. Tamm, Monumentaalne ajalugu: esseid Eesti ajalookultuurist. Tallinn, Loomingu Raamatukogu nr 28-30. 2012, lk 32-38. [\u201eM\u00f5tteline Eesti\u201c]<br>Lauri Vahtre, <strong>Tahaks, aga Jakobsoni vaim segab<\/strong>. \u2013 Sirp 9. IV 1999 [\u201eM\u00f5tteline Eesti\u201c]<br>Rein Veidemann, <strong>Alternatiivne Eesti ahvatleb: Hvostovi ajaloosemiootiline Eesti-pilt tuulutab meie rahvuslikke komplekse<\/strong>. \u2013 Eesti P\u00e4evaleht 6. IV 1999 [\u201eM\u00f5tteline Eesti\u201c]<br>Teet Veispak, <strong>M\u00f5tteline Hvostov<\/strong>. \u2013 Sirp 9. IV 1999 [\u201eM\u00f5tteline Eesti\u201c]<br>Jan Kaus, <strong>Kleio Prokrustese s\u00e4ngis<\/strong>. \u2013 Eesti Ekspress 13. I 2005 [\u201eLombakas Achilleus\u201c]<br>Leo Luks, <strong>\u00dchikatoa Sisyphos<\/strong>. \u2013 Sirp 21. I 2005 [\u201eLombakas Achilleus\u201c]<br>Kati Murutar, <strong>Kas Andrei Hvostovil pole kellegagi filosofeerida?<\/strong>. \u2013 P\u00e4rnu Postimees 22. VI 2005 [\u201eLombakas Achilleus\u201c]<br>Valle-Sten Maiste, <strong>Kolossaalne barokkarvustus: kui juba porno, siis j\u00f5udku ka massideni<\/strong>. \u2013 Vikerkaar, nr 4-5, 2005, lk 166-170. [\u201eLombakas Achilleus\u201c]<br>Margit T\u00f5nson, <strong>Paberile p\u00e4\u00e4senud suur sugutung ja m\u00e4rjad unen\u00e4od<\/strong>. \u2013 Eesti P\u00e4evaleht 21. I 2005 [\u201eLombakas Achilleus\u201c]<br>Erkki Bahovski, <strong>Hvostovi ilukirjanduslik r\u00fcnnak Eesti ajaloo alusm\u00fc\u00fctidele<\/strong>. \u2013 Postimees 4. VIII 2006 [\u201eHenrik\u201c]<br>Andris Feldmanis, <strong>Hvostov loob Henrikut<\/strong>. \u2013 Eesti P\u00e4evaleht 7. X 2006<br>Linda Kaljundi, <strong>Tagasitulek isa juurde<\/strong>. \u2013 Looming, nr 10, 2006, lk 1579-1583. [\u201eHenrik\u201c]<br>Toomas Paul, <strong>Henrik ja Hvostov<\/strong>. \u2013 Sirp 4. VIII 2006 [\u201eHenrik\u201c]<br>Simo Runnel, <strong>Uinumisaegne n\u00e4idend<\/strong>. \u2013 Sirp 4. VIII 2006 [\u201eHenrik\u201c]<br>Linda Kaljundi, <strong>V\u00f5\u00f5rad kohad<\/strong>. \u2013 Vikerkaar, nr 12, 2008, lk 120-123. [\u201eV\u00f5\u00f5rad lood\u201c]<br>Ants Juske, <strong>Kirjanik v\u00f5\u00f5rastele ja omadele<\/strong>. \u2013 Eesti P\u00e4evaleht 27. VI 2008 [\u201eV\u00f5\u00f5rad lood\u201c]<br>Jan Kaus, <strong>Maanurk t\u00e4is v\u00f5\u00f5raid<\/strong>. \u2013 Looming, nr 10, 2008, lk 1583-1586. [\u201eV\u00f5\u00f5rad lood\u201c]<br>Juhan Kreem, <strong>Ajalookirjanik Ants<\/strong>. \u2013 Vikerkaar, nr 4-5, 2008, lk 183-185. [\u201eProjektijuht Posse\u201c]<br>Andres Langemets, <strong>Keskajal Tallinnas ja Novgorodis<\/strong>. \u2013 Sirp 18. IV 2008 [\u201eProjektijuht Posse\u201c]<br>\u00dclo Mattheus, <strong>Ideloog Hvostovi eestlasteta ajalugu<\/strong>. \u2013 Sirp 1. VIII 2008. [\u201eV\u00f5\u00f5rad lood\u201c] Vt ka Marek Tamm, N\u00fcansimeele kriis: \u00dclo Mattheuse juhtum. \u2013 Sirp 8. VIII 2008; \u00dclo Mattheus, Peldikuseinaga kriitika vastu: vastuseks Marek Tammele (Sirp 8. VIII) ja natuke ka Andrei Hvostovile. \u2013 Sirp 15. VIII 2008; Andrei Hvostov, \u00c4\u00e4rem\u00e4rkusi Mattheusele, peaaegu evangelistile. \u2013 Sirp 15. VIII 2008. Ilmunud ka: Andrei Hvostov, Lab\u00fcrint all vasakus nurgas: tekste aastaist 1994-2014. Tartu: Ilmamaa, 2025, lk 347-353.<br>Kaarel Tarand, <strong>Vanad arved<\/strong>. \u2013 Sirp 18. IV 2008 [\u201eProjektijuht Posse\u201c]<br>Vahur Afanasjev, <strong>Passioon \u00f5unapuu all<\/strong>. \u2013 Sirp 18. XI 2011 [\u201eSillam\u00e4e passioon\u201c]<br>Holger Kaints, <strong>Lugusid keelatud linnast<\/strong>. \u2013 Looming, nr 7, 2011, lk 1029-1031. [\u201eSillam\u00e4e passioon\u201c]<br>Aino Pervik, <strong>Eesti \u00dctlemataj\u00e4tmiste Vabariik<\/strong>. \u2013 Eesti Ekspress 29. IX 2011 [\u201eSillam\u00e4e passioon\u201c]<br>Aarne Ruben, <strong>Ja kommunismi ei tulnudki\u2026<\/strong>. \u2013 Postimees 18. VI 2011 [\u201eSillam\u00e4e passioon\u201c]<br>David Vseviov, <strong>\u00dctlemataj\u00e4tmise hoiatuslugu<\/strong>. \u2013 Vikerkaar, nr 12, 2011, lk 102-104. [\u201eSillam\u00e4e passioon\u201c]<br>Heidit Kaio, <strong>Eesti rahvuslane, kes m\u00f5istab vene hinge<\/strong>. \u2013 Eesti Ekspress 15. III 2012 [\u201eSillam\u00e4e passioon\u201c]<br>Paul-Eerik Rummo, <strong>\u00c4\u00e4rem\u00e4rkusi \u201eSillam\u00e4e passioonile\u201c<\/strong>. \u2013 Keel ja Kirjandus, nr 6, 2012, lk 454-456.<br>Meelas Karutald, <strong>Roman \u00e0 clef ehk Nomina sunt odiosa<\/strong>. \u2013 Looming, nr 5, 2017, lk 766-769. [\u201e\u0160okolaadist prints\u201c]<br>Sveta Grogorjeva, <strong>\u201ePaljunege, persevestid, pungumise ja kloonimise teel!\u201c<\/strong>. \u2013 Sirp 5. VII 2019 [\u201eKirjad Maarale\u201c]<br>Mikael Raihhelgauz, <strong>Vanaisaduse head ja vead<\/strong>. \u2013 V\u00e4rske R\u00f5hk, nr 61, 2019, lk 106-110. [\u201eKirjad Maarale\u201c]<br>Olev Remsu, <strong>Kirjad meile. Autoportree seest<\/strong>. \u2013 Looming, nr 9, 2019, lk 1351-1353. [\u201eKirjad Maarale\u201c]<br>Aro Velmet, <strong>\u201eKirjad Maarale\u201c. Raamat, mille l\u00f5puks on k\u00f5ik \u00f6eldud<\/strong>. \u2013 Eesti P\u00e4evaleht 22. V 2019<br>Brita Melts, <strong>Vanaisa heitlus ajakirjanikuga<\/strong>. \u2013 Vikerkaar, nr 6, 2020, lk 130-134. [\u201eKirjad Maarale\u201c]<br>Teet Korsten, <strong>Kes kardab Andrei Ivanovi?<\/strong>. \u2013 Postimees 21. III 2025 [\u201eLab\u00fcrint all vasakus nurgas\u201c]<br>Vilja Kiisler, <strong>L\u00f5hkikistud Hvostov<\/strong>. \u2013 Sirp 23. V 2025 [\u201cLab\u00fcrint all vasakus nurgas\u201d]<\/p>\n\n\n\n<p><strong><em>Intervjuud<\/em><\/strong><br>Piret Tali, <strong>Eestlane: intellektuaalse pornoromaani autor<\/strong>. \u2013 Eesti P\u00e4evaleht 29. I 2005<br>Andres Laasik, <strong>Andrei Hvostov: Henrik on mulle l\u00e4hedane persoon<\/strong>. \u2013 Eesti P\u00e4evaleht 20. VII 2006<br>Urve Eslas, <strong>\u201eHenriku\u201c tegelased on koondportree<\/strong>. \u2013 Postimees 4. VIII 2006<br>Jan Kaus, <strong>\u201eUus on h\u00e4sti unustatud vana\u201c<\/strong>. \u2013 Sirp 7. III 2008<br>Peeter Helme, <strong>Kuidas saada kirjanikuks ja kuidas olla kirjanik<\/strong>. \u2013 Looming, nr 9, 2009, lk 1281-1287.<br>Liis Auv\u00e4\u00e4rt, <strong>Diagnoosiga mees<\/strong>. \u2013 Eesti Naine, nr 5, 2011, lk 46-48.<br>Kristi Helme, <strong>Andrei Hvostov annab teejuhi minevikku<\/strong>. \u2013 \u00d5petajate Leht 3. VI 2011<br>Kadri K\u00f5usaar, <strong>Andrei Hvostov: Eesti on \u00fctlemata j\u00e4tmiste vabariik<\/strong>. \u2013 Eesti P\u00e4evaleht 4. VI 2011<br>Kaarel Kress, <strong>Andrei Hvostov: olen valmis Sillam\u00e4el peksa saama<\/strong>. \u2013 Eesti P\u00e4evaleht 25. VII 2013<br>Igor Kotjuh, <strong>Ma pole konformistina kunagi olnud v\u00f5imekas<\/strong>. \u2013 Looming, nr 7, 2023, lk 966-974.<\/p>\n","protected":false},"excerpt":{"rendered":"<p>ArtiklidLauri Vahtre, Enamik prohveteid on valeprohvetid. \u2013 Sirp 5. V 2000Ingvar Luha\u00e4\u00e4r, Hvostovi fenomen. \u2013 Eesti Ekspress 10. V 2007Vaapo Vaher, Lasteaia ja l\u00f5bumaja vahel. Eesti proosa 2008. \u2013 Looming, nr 3, 2009, lk 409-428.Mari Mets, Andrei Hvostovi kirjutamiskohad. \u2013 &#8230;<\/p>\n","protected":false},"author":43,"featured_media":0,"parent":7346,"menu_order":0,"comment_status":"closed","ping_status":"closed","template":"","meta":{"_acf_changed":false,"inline_featured_image":false,"footnotes":""},"class_list":["post-7349","page","type-page","status-publish","hentry"],"acf":[],"_links":{"self":[{"href":"https:\/\/sisu.ut.ee\/ewod\/et\/wp-json\/wp\/v2\/pages\/7349","targetHints":{"allow":["GET"]}}],"collection":[{"href":"https:\/\/sisu.ut.ee\/ewod\/et\/wp-json\/wp\/v2\/pages"}],"about":[{"href":"https:\/\/sisu.ut.ee\/ewod\/et\/wp-json\/wp\/v2\/types\/page"}],"author":[{"embeddable":true,"href":"https:\/\/sisu.ut.ee\/ewod\/et\/wp-json\/wp\/v2\/users\/43"}],"replies":[{"embeddable":true,"href":"https:\/\/sisu.ut.ee\/ewod\/et\/wp-json\/wp\/v2\/comments?post=7349"}],"version-history":[{"count":2,"href":"https:\/\/sisu.ut.ee\/ewod\/et\/wp-json\/wp\/v2\/pages\/7349\/revisions"}],"predecessor-version":[{"id":7361,"href":"https:\/\/sisu.ut.ee\/ewod\/et\/wp-json\/wp\/v2\/pages\/7349\/revisions\/7361"}],"up":[{"embeddable":true,"href":"https:\/\/sisu.ut.ee\/ewod\/et\/wp-json\/wp\/v2\/pages\/7346"}],"wp:attachment":[{"href":"https:\/\/sisu.ut.ee\/ewod\/et\/wp-json\/wp\/v2\/media?parent=7349"}],"curies":[{"name":"wp","href":"https:\/\/api.w.org\/{rel}","templated":true}]}}