{"id":7346,"date":"2024-04-03T23:40:59","date_gmt":"2024-04-03T20:40:59","guid":{"rendered":"https:\/\/sisu.ut.ee\/ewod\/?page_id=7346"},"modified":"2025-06-02T16:25:58","modified_gmt":"2025-06-02T13:25:58","slug":"andrei-hvostov","status":"publish","type":"page","link":"https:\/\/sisu.ut.ee\/ewod\/et\/h\/andrei-hvostov\/","title":{"rendered":"Andrei Hvostov"},"content":{"rendered":"<figure class=\"wp-block-image alignright size-large\"><a href=\"https:\/\/sisu.ut.ee\/wp-content\/uploads\/sites\/108\/andrei_hvostov_alar_madisson-scaled.jpg\"><img loading=\"lazy\" decoding=\"async\" width=\"1024\" height=\"681\" src=\"https:\/\/sisu.ut.ee\/wp-content\/uploads\/sites\/108\/andrei_hvostov_alar_madisson-1024x681.jpg\" alt=\"\" class=\"wp-image-6057\" title=\"Foto: Alar Madisson\" srcset=\"https:\/\/sisu.ut.ee\/wp-content\/uploads\/sites\/108\/andrei_hvostov_alar_madisson-1024x681.jpg 1024w, https:\/\/sisu.ut.ee\/wp-content\/uploads\/sites\/108\/andrei_hvostov_alar_madisson-300x200.jpg 300w, https:\/\/sisu.ut.ee\/wp-content\/uploads\/sites\/108\/andrei_hvostov_alar_madisson-768x511.jpg 768w, https:\/\/sisu.ut.ee\/wp-content\/uploads\/sites\/108\/andrei_hvostov_alar_madisson-1536x1022.jpg 1536w, https:\/\/sisu.ut.ee\/wp-content\/uploads\/sites\/108\/andrei_hvostov_alar_madisson-2048x1363.jpg 2048w, https:\/\/sisu.ut.ee\/wp-content\/uploads\/sites\/108\/andrei_hvostov_alar_madisson-1920x1278.jpg 1920w\" sizes=\"auto, (max-width: 1024px) 100vw, 1024px\"><\/a><\/figure>\n\n\n\n<p>Andrei Hvostov (s. 10. VII 1963) on ajakirjanik ja kirjanik.<\/p>\n\n\n\n<p>Hvostov s\u00fcndis J\u00f5hvis ja elas lapsep\u00f5lves Sillam\u00e4el. \u00d5ppinud Sillam\u00e4el, J\u00f5hvis ja Tallinnas. L\u00f5petas 1988 Olustvere P\u00f5llumajandustehnikumi mesinduse ning 1995 Tartu \u00fclikooli ajaloo eriala. Kuulanud loenguid Berliini Vaba\u00fclikoolis. Kuulub Eesti \u00dcli\u00f5pilaste Seltsi. On t\u00f6\u00f6tanud ajakirjanikuna, pikemalt ajalehes Eesti Ekspress.<\/p>\n\n\n\n<p>Nii ajakirjaniku kui kirjanikuna on Hvostov paistnud silma teravate, ilustamata ja ootamatute teemap\u00fcstitustega. Vene nime t\u00f5ttu saatis teda pikalt n-\u00f6 valvevenelase staatus; ta on nii ajakirjanduslikes kui ilukirjanduslikes t\u00f6\u00f6des k\u00e4sitlenud v\u00e4hemusrahvuste k\u00fcsimust. Elavat vastukaja p\u00e4lvis ajalooline essee \u201eM\u00f5tteline Eesti\u201c (1999), kus Hvostov esitab idee, et Eesti ajaloost saab m\u00f5elda ka teisiti kui \u00fcldiselt tavaks.<\/p>\n\n\n\n<p>Ajalugu on andnud ainest ka mitmetele ilukirjandusteostele: \u201eHenrik: n\u00e4idend 12 pildis\u201c (2006), \u201eProjektijuht Posse\u201c (2008) ning suuresti vene temaatikale keskenduv \u201eV\u00f5\u00f5rad lood\u201c (2008). Viimati nimetatud kogumikust p\u00e4rineb ka auhinnatud novell \u201eSinised m\u00e4ed\u201c, mis viitab \u00fchele vastuolulisele s\u00fcndmusele Eesti ajaloos \u2013 1944. aasta lahingutele Ida-Eestis Sinim\u00e4gedes.<\/p>\n\n\n\n<p>Elulooline \u201eSillam\u00e4e passioon\u201c (2011) heidab pilgu nii autori lapse- ja noorp\u00f5lve kui ka N\u00f5ukogude-aegsesse kinnisesse s\u00f5jav\u00e4elinna, kus suurem osa elanikest on vene immigrandid. Siin, nii nagu ka paljudes Hvostovi ajakirjanduslikes t\u00f6\u00f6des, annab tooni maskuliinne ja kohati brutaalsuseni aus l\u00e4henemine. \u201eKirjad Maarale\u201c (2019), \u00fchtaegu nii m\u00e4lestusteraamat kui teejuhis, on \u201eSillam\u00e4e passiooni\u201c m\u00f5tteline j\u00e4tk, kirjutatud autori lapselapsele tulevikku, teose adressaadiks on 33aastane Maara.<\/p>\n\n\n\n<p>Hvostovi romaan \u201eLombakas Achilleus\u201c (2004) pakub sissevaadet Tartu tudengimaailma, kus olulisel kohal on alkohol ja v\u00e4itlused, ning \u201e\u0160okolaadist prints\u201c (2016) ajakirjandusmaailma ning antipaatse inimese kujunemisse. Aastatel 1994-2014 ajakirjanduses ilmunud tekste koondab Eesti m\u00f5tteloo sarjas ilmunud \u201eLab\u00fcrint all vasakus nurgas\u201c (2025).<\/p>\n\n\n\n<p>Hvostov on p\u00e4lvinud Koosmeele auhinna 1998. aastal rahvusv\u00e4hemuste temaatika k\u00e4sitlemise eest, Valget\u00e4he V klassi teenetem\u00e4rgi 2006. aastal, Eesti Ajakirjanike Liidu aasta ajakirjaniku tiitli 2008. aastal ning aasta kirjaniku tiitli 2019. aastal \u201eKirjad Maarale\u201c (2019) eest. Lisaks Friedebert Tuglase novelliauhinna novelli \u201eSinised m\u00e4ed\u201c eest 2008. aastal ning \u201eSillam\u00e4e passiooni\u201c (2011) eest Eesti Kultuurkapitali kirjanduse aastapreemia (2011) ja Virumaa kirjandusauhinna (2012).<\/p>\n\n\n\n<p><em>A. K.<\/em><\/p>\n\n\n\n<h4 class=\"wp-block-heading\"><br>Raamatud eesti keeles<\/h4>\n\n\n\n<p><strong><em>Romaanid<\/em><\/strong><br><strong>Lombakas Achilleus<\/strong>. Tallinn: Eesti Ekspressi kirjastus, 2004, 353 lk.<br><strong>\u0160okolaadist prints<\/strong>. Tallinn: Hea Lugu, 2016, 383 lk.<\/p>\n\n\n\n<p><strong><em>L\u00fchiproosa<\/em><\/strong><br><strong>Projektijuht Posse<\/strong>. Tallinn: Kultuurileht (Loomingu Raamatukogu), 2008, 55 lk.<br><strong>V\u00f5\u00f5rad lood<\/strong>. Tallinn: T\u00e4nap\u00e4ev, 2008, 171 lk.<\/p>\n\n\n\n<p><strong><em>N\u00e4idendid<\/em><\/strong><br><strong>Henrik<\/strong>. Tallinn: Kultuurileht (Loomingu Raamatukogu), 2006, 71 lk.<\/p>\n\n\n\n<p><strong><em>M\u00e4lestused, artiklid, esseed<\/em><\/strong><br><strong>M\u00f5tteline Eesti<\/strong>. Tallinn: Vagabund, 1999, 323 lk. [2. tr\u00fckk: 2005.]<br><strong>Sillam\u00e4e passioon<\/strong>. Tartu: Petrone Print, 2011, 304 lk. [2. tr\u00fckk: 2014.]<br><strong>Kirjad Maarale<\/strong>. Tartu: Petrone Print, 2019, 269 lk.<br><strong>Lab\u00fcrint all vasakus nurgas<\/strong>. Tekste aastaist 1994-2014. Tartu: Ilmamaa, 2025, 374 lk.<\/p>\n\n\n\n<h4 class=\"wp-block-heading\"><a href=\"https:\/\/sisu.ut.ee\/ewod\/et\/h\/andrei-hvostov\/andrei-hvostovi-kohta\/\" data-type=\"page\" data-id=\"7349\">Artiklid ja arvustused Andrei Hvostovi kohta<\/a><\/h4>\n","protected":false},"excerpt":{"rendered":"<p>Andrei Hvostov (s. 10. VII 1963) on ajakirjanik ja kirjanik. Hvostov s\u00fcndis J\u00f5hvis ja elas lapsep\u00f5lves Sillam\u00e4el. \u00d5ppinud Sillam\u00e4el, J\u00f5hvis ja Tallinnas. L\u00f5petas 1988 Olustvere P\u00f5llumajandustehnikumi mesinduse ning 1995 Tartu \u00fclikooli ajaloo eriala. Kuulanud loenguid Berliini Vaba\u00fclikoolis. Kuulub Eesti \u00dcli\u00f5pilaste &#8230;<\/p>\n","protected":false},"author":43,"featured_media":0,"parent":6478,"menu_order":0,"comment_status":"closed","ping_status":"closed","template":"","meta":{"_acf_changed":false,"inline_featured_image":false,"footnotes":""},"class_list":["post-7346","page","type-page","status-publish","hentry"],"acf":[],"_links":{"self":[{"href":"https:\/\/sisu.ut.ee\/ewod\/et\/wp-json\/wp\/v2\/pages\/7346","targetHints":{"allow":["GET"]}}],"collection":[{"href":"https:\/\/sisu.ut.ee\/ewod\/et\/wp-json\/wp\/v2\/pages"}],"about":[{"href":"https:\/\/sisu.ut.ee\/ewod\/et\/wp-json\/wp\/v2\/types\/page"}],"author":[{"embeddable":true,"href":"https:\/\/sisu.ut.ee\/ewod\/et\/wp-json\/wp\/v2\/users\/43"}],"replies":[{"embeddable":true,"href":"https:\/\/sisu.ut.ee\/ewod\/et\/wp-json\/wp\/v2\/comments?post=7346"}],"version-history":[{"count":3,"href":"https:\/\/sisu.ut.ee\/ewod\/et\/wp-json\/wp\/v2\/pages\/7346\/revisions"}],"predecessor-version":[{"id":7360,"href":"https:\/\/sisu.ut.ee\/ewod\/et\/wp-json\/wp\/v2\/pages\/7346\/revisions\/7360"}],"up":[{"embeddable":true,"href":"https:\/\/sisu.ut.ee\/ewod\/et\/wp-json\/wp\/v2\/pages\/6478"}],"wp:attachment":[{"href":"https:\/\/sisu.ut.ee\/ewod\/et\/wp-json\/wp\/v2\/media?parent=7346"}],"curies":[{"name":"wp","href":"https:\/\/api.w.org\/{rel}","templated":true}]}}