{"id":7331,"date":"2025-06-02T14:20:15","date_gmt":"2025-06-02T11:20:15","guid":{"rendered":"https:\/\/sisu.ut.ee\/ewod\/?page_id=7331"},"modified":"2025-06-02T14:20:16","modified_gmt":"2025-06-02T11:20:16","slug":"jan-kausi-kohta","status":"publish","type":"page","link":"https:\/\/sisu.ut.ee\/ewod\/et\/k\/jan-kaus\/jan-kausi-kohta\/","title":{"rendered":"Jan Kausi kohta"},"content":{"rendered":"<p><em><strong>Artiklid<\/strong><\/em><br>Valle-Sten Maiste, <strong>Jan Kaus \u2013 intellektuaalne Potter v\u00f5i valgustuslik maailmaparandaja<\/strong>: [eess\u00f5na]. \u2013 Jan Kaus, L\u00e4bi Minotauruse: artikleid aastatest 1998-2002. Tallinn: Sirp, 2003, lk 7-11<br>Olev Remsu, <strong>Platon ja Aristoteles s\u00f5nelesid taas: eesti proosa 2003<\/strong>. \u2013 Looming, nr 3, 2004, lk 412-439<br>Katrin Ruus, <strong>Autor, su lugeja k\u00fcll s\u00fcnnib, aga okse maitse suus<\/strong>. \u2013 Vihik: Eesti Kirjanduse Seltsi ajakiri, nr 6, 2004, lk 10-12<br>Mele Pesti, <strong>S\u00f5prade meeleh\u00e4rmiks t\u00f5sine maailmaparandaja<\/strong>. \u2013 Eesti Ekspress 12. VI 2006<br>Mihkel Mutt, <strong>Eesti kirjandus kui pretensioon,vanden\u00f5us.com: eesti proosa 2006<\/strong>. \u2013 Looming, nr 3, 2007, lk 431-454 [Ilmunud ka: Mihkel Mutt, \u00d5htumaa Eesti I. Kultuuripublitsistikat ja kirjandusartikleid. Tallinn: Fabian, 2014, lk 218-260]<br>Elle-Mari Talivee, <strong>Jan Kausi linn<\/strong>. \u2013 Keel ja Kirjandus, nr 6, 2015, lk 377-384<br>J\u00fcrgen Rooste, <strong>Jan Kausi pisikesed maailmad<\/strong>. \u2013 Maaleht 12. V 2016<br>Joosep Susi, <strong>Suitsu nurk VI. Jan Kausi \u201eBalti jaam\u201c<\/strong>. \u2013 Sirp 18. VI 2021<br>Valle-Sten Maiste, <strong>Multitalent Jan Kaus<\/strong>. \u2013 Sirp 6. I 2023<br>Kristiina Rebane, <strong>Aknad, l\u00f5pmatuse l\u00e4ved. Parallelismid Giacomo Leopardi, T\u00f5nu \u00d5nnepalu ja Jan Kausi loomingus<\/strong>. \u2013 Keel ja Kirjandus, nr 7, 2024, lk 645-661<\/p>\n\n\n\n<p><strong><em>Arvustused<\/em><\/strong><br>Priit Kruus, <strong>Zhurnealismi vari<\/strong>. \u2013 Postimees 2. VI 2001 [\u201e\u00dcle ja \u00fcmber\u201c]<br>Hedda Maurer, <strong>\u00dcle- ja \u00fcmberk\u00e4ik<\/strong>. \u2013 Sirp 1. VI 2001 [\u201e\u00dcle ja \u00fcmber\u201c]<br>Mihkel Samar\u00fc\u00fctel, <strong>M\u00e4rkmeid Jan Kausi raamatust<\/strong>. \u2013 Vikerkaar, nr 2-3, 2001, lk 182-186 [\u201e\u00dcle ja \u00fcmber\u201c]<br>Jaak Urmet, <strong>Aus pilk Jan Kausile<\/strong>. \u2013 Looming, nr 8, 2001, lk 1259-1262 [\u201e\u00dcle ja \u00fcmber\u201c]<br>Rein Veidemann, <strong>K\u00e4ekirja proovid<\/strong>. \u2013 Eesti P\u00e4evaleht 26. I 2001 [\u201e\u00dcle ja \u00fcmber\u201c]<br>Elo Viiding, Jaanus Adamson, <strong>Aitab lagunemisest! Jan Kausi raamatust \u201eMaailm ja m\u00f5ni\u201c vestlevad Elo Viiding ja Jaanus Adamson<\/strong>. \u2013 Sirp 14. XII 2001<br>Liivia Viitol, <strong>Reis sisemaale: Jan Kausi raudteeraamat<\/strong>. \u2013 Keel ja Kirjandus, nr 9, 2001, lk 649-651 [\u201e\u00dcle ja \u00fcmber\u201c]<br>Priit Kruus, <strong>Ma loodan, et saan sellest \u00fcle<\/strong>. \u2013 Vikerkaar, nr 2-3, 2002, lk 180-181 [\u201eMaailm ja m\u00f5ni\u201c]<br>Hedda Maurer, <strong>R\u00f5\u00f5mus ja kohutav \u00e4ratundmine: Hedda Maurer loeb Jan Kausi romaani<\/strong>. \u2013 Eesti Ekspress 14. III 2002 [\u201eMaailm ja m\u00f5ni\u201c]<br>Martin Oja, <strong>M\u00f5nda Jan Kausi maailmast<\/strong>. \u2013 Looming, nr 2, 2002, lk 297-300 [\u201eMaailm ja m\u00f5ni\u201c]<br>Jaak Urmet, <strong>Mingi mehe mingi elu<\/strong>. \u2013 Eesti P\u00e4evaleht 8. II 2002 [\u201eMaailm ja m\u00f5ni\u201c]<br>Andres Langemets, <strong>\u00d5ndsad on need\u2026 kas ikka on?<\/strong>. \u2013 Sirp 17. X 2003 [\u201e\u00d5ndsate tund\u201c]<br>Leo Luks, <strong>\u00d5nnelike l\u00f5ppude juurde<\/strong>. \u2013 Eesti P\u00e4evaleht 8. VIII 2003 [\u201e\u00d5ndsate tund\u201c]<br>J.R. [J\u00fcrgen Rooste], <strong>Oli kord kaks kirjandust<\/strong>. \u2013 Sirp 6. VI 2003 [\u201e\u00d5ndsate tund\u201c]<br>Berk Vaher, <strong>Nokat\u00e4ite vahel<\/strong>. \u2013 Vikerkaar, nr 7-8, 2003, lk 174-178 [\u201e\u00d5ndsate tund\u201c]<br>Jaak Tomberg, <strong>Lab\u00fcrindi keskpaiga suunas<\/strong>. \u2013 Looming, nr 7, 2004, lk 1102-1105 [\u201eL\u00e4bi Minotauruse\u201c]<br>Kalev Kesk\u00fcla, <strong>Esimees Kaus luuletajana<\/strong>. \u2013 Looming, nr 8, 2005, lk 1268-1270 [\u201eAeg on vaha\u201c]<br>Rolf Liiv, <strong>Jan Kaus l\u00f6\u00f6b \u00f5hupuhastit hambaharjaga<\/strong>. \u2013 Eesti P\u00e4evaleht 15. VII 2005 [\u201eAeg on vaha\u201c]<br>J\u00fcrgen Rooste, <strong>Pimedad kobavad absurdielevanti<\/strong>. \u2013 Sirp 7. X 2005 [\u201eAeg on vaha\u201c]<br>K\u00e4thrin Vahter, <strong>\u00dche poisi teekond<\/strong>. \u2013 V\u00e4rske R\u00f5hk, nr 1, 2005, lk 7-8 [\u201eMaailm ja m\u00f5ni\u201c]<br>Epp Annus, <strong>On ja ei ole ka<\/strong>. \u2013 Vikerkaar, nr 9, 2006, lk 113-114 [\u201eTema\u201c]<br>Peeter Helme, <strong>Kuidas kirjeldada meie ajastu inimt\u00fc\u00fcpi?<\/strong>. \u2013 Sirp 8. IX 2006 [\u201eTema\u201c]<br>Ellen-Kadi Kask, <strong>Rikkad ja ilusad<\/strong>. \u2013 Videvik 26. X 2006 [\u201eTema\u201c]<br>Signe Kalberg, <strong>Jan Kausi \u201eTema\u201c on nagu pusle<\/strong>. \u2013 Eesti P\u00e4evaleht 8. IX 2006<br>Vilja Kiisler, <strong>Puberteetiku paradigma: Jan Kausi \u201eTema\u201c saadab Fowlesi \u201eMaagi\u201c juurde, \u201eMaag\u201c saadab tupikusse<\/strong>. \u2013 Sirp 8. IX 2006<br>Kaarel Kressa, <strong>Jan Kausi romaan \u201eTema\u201c \u2013 moodne ja haarav<\/strong>. \u2013 Eesti P\u00e4evaleht 15. VII 2006<br>Mihkel Mutt, <strong>\u201eEstonian psycho\u201c kalakuju<\/strong>. \u2013 Looming, nr 8, 2006, lk 1270-1273 [\u201eTema\u201c]<br>Lauri Pilter, <strong>Alasi udusulgede sees<\/strong>. \u2013 Keel ja Kirjandus, nr 11, 2006, lk 923-925 [\u201eTema\u201c]<br>Tarmo Teder, <strong>\u00dche tundehaige enesekaevangud<\/strong>. \u2013 Sirp 9. VI 2006 [\u201eTema\u201c]<br>Ott Kilusk, <strong>M\u00f5\u00f5tmatult suur ja kaduvv\u00e4ike maailm<\/strong>. \u2013 Postimees 2. V 2009 [\u201eMiniatuurid\u201c]<br>Kaarel Kressa, <strong>Jan Kausi \u201eHetk\u201c l\u00f5hestatud hingega linnas<\/strong>. \u2013 Eesti P\u00e4evaleht 11. XII 2009<br>Toomas Liiv, <strong>Talumatult noor-eestilik alav\u00e4\u00e4rsuskompleks<\/strong>. \u2013 Sirp 15. V 2009 [\u201eMiniatuurid\u201c]<br>Kaupo Meiel, <strong>Vastused k\u00fcsimustele, mida ei esitata<\/strong>. \u2013 Sirp 3. IV 2009 [\u201eMiniatuurid\u201c]<br>Margit T\u00f5nson, <strong>Mittesaavutamise kunst<\/strong>. \u2013 Eesti Ekspress 26. XI 2009 [\u201eHetk\u201c]<br>K\u00e4tlin Kaldmaa, <strong>Taksoga Tallinna taevasse<\/strong>. \u2013 Lugu, nr 2, 2010, lk 10-11 [\u201eHetk\u201c]<br>Neeme Lopp, <strong>Passiivsuse plahvatuslik j\u00f5ud<\/strong>. \u2013 Looming, nr 5, 2010, lk 736-740 [\u201eHetk\u201c]<br>Johanna Ross, <strong>M\u00e4letamispaine on n\u00f5udnud veel \u00fche ohvri<\/strong>. \u2013 Vikerkaar, nr 3, 2010, lk 89-92 [\u201eHetk\u201c]<br>Maire Liivamets, <strong>Mis mehed nad on?<\/strong>. \u2013 Postimees 8. XII 2012 [\u201eKoju\u201c]<br>Paavo Matsin, <strong>Meister ja leebus<\/strong>. \u2013 Sirp 9. XI 2012 [\u201eElu ja kirjandus\u201c]<br>Kaur Riismaa, <strong>Tallinlastest ja tallinlastele kirjutatud linnaromaan<\/strong>. \u2013 Eesti P\u00e4evaleht 19. XI 2012 [\u201eKoju\u201c]<br>Berk Vaher, <strong>\u201eAsja\u00f5igusest\u201c, teadmiseks v\u00f5etud ja riiulile pandud<\/strong>. \u2013 Sirp 28. IX 2012<br>Peeter Helme, <strong>Jah, vigadega \u2013 aga suurep\u00e4rane<\/strong>. \u2013 Looming, nr 5, 2013, lk 734-735 [\u201eKoju\u201c]<br>Maarja Kangro,<strong> M\u00f5neti ehk kriitiline<\/strong>. \u2013 Keel ja Kirjandus, nr 5, 2013, lk 369-373 [\u201eElu ja kirjandus\u201c]<br>Mihkel Kunnus, <strong>Solipsistide tantsup\u00fc\u00fcud riski\u00fchiskonnas<\/strong>. \u2013 Sirp 2. VIII 2013 [\u201eKoju\u201c]<br>Arno Oja, <strong>[Jan Kaus. Vasaraheitja]<\/strong>. \u2013 Eesti Ekspress 7. XI 2013 [Ilmunud ka: Arno Oja, Kajaloodi vari: artikleid ja arvustusi 1989-2016. Tallinn: Eesti Keele Sihtasutus, 2016, lk 220; pealkiri: T\u00f5kkesuusatamine luulega]<br>Berk Vaher, <strong>Tallinn, Kausi-kujuline katkestusk\u00fcla<\/strong>. \u2013 Vikerkaar, nr 3, 2013, lk 106-109 [\u201eKoju\u201c]<br>Mart Velsker, <strong>Palju kirjandust, palju kriitikat<\/strong>. \u2013 Vikerkaar, nr 3, 2013, lk 110-114 [\u201eElu ja kirjandus\u201c]<br>K\u00e4rt Kelder, <strong>Metaf\u00fc\u00fcsiline Tallinna kaart<\/strong>. \u2013 Eesti Ekspress 16. VII 2014<br>Kaupo Meiel, <strong>T\u00e4iuslik nauding, mis ei paku rahuldust<\/strong>. \u2013 Vikerkaar, nr 10-11, 2014, lk 185-188 [\u201eTallinna kaart. Miniatuurid\u201c]<br>Mari Peegel, <strong>Jan Kaus teeb s\u00f5naga suure linna<\/strong>. \u2013 Eesti P\u00e4evaleht 8. VII 2014 [\u201eTallinna kaart. Miniatuurid\u201c]<br>J\u00fcrgen Rooste, <strong>Jankausilikku programmi otsides<\/strong>. \u2013 Looming, nr 4, 2014, lk 558-559 [\u201eVasaraheitja\u201c]<br>Elle-Mari Talivee, <strong>\u00dcks mitmekihiline tundekaart<\/strong>. \u2013 Sirp 12. IX 2014 [\u201eTallinna kaart. Miniatuurid\u201c]<br>Oliver Berg, <strong>On, nagu on<\/strong>. \u2013 Vikerkaar, nr 7-8, 2015, lk 186-188 [\u201eMa olen elus\u201c]<br>Kristjan Haljak, <strong>Kausit\u00e4is t\u00f5rvast ja tihket erootikat<\/strong>. \u2013 Eesti P\u00e4evaleht 26. X 2015 [\u201eT\u00f5rv\u201c]<br>Sirel Heinloo, <strong>Tuli, mesi, \u00f5hk ja maa<\/strong>. \u2013 Sirp13. II 2015 [\u201eMa olen elus\u201c]<br>Peeter Helme, <strong>Vere sund<\/strong>. \u2013 Eesti Ekspress 22. I 2015 [\u201eMa olen elus\u201c]<br>Tiit Hennoste, <strong>Tuhakottides h\u00f5\u00f5guvad s\u00f6ed<\/strong>.- Looming, nr 3, 2015, lk 437-439 [\u201eMa olen elus\u201c]<br>Armin K\u00f5om\u00e4gi, <strong>Jan Kaus. Koju<\/strong>. \u2013 Regina, nr 1, 2013, lk 19 [\u201eKoju\u201c]<br>Mari Klein, <strong>Minevik j\u00e4\u00e4b alati meiega<\/strong>. \u2013 \u00d5petajate Leht 30. I 2015 [\u201eMa olen elus\u201c]<br>Janika Kronberg, <strong>Mis teeb Jan Kausi romaani suureks?<\/strong>. \u2013 Sirp 13. II 2015 [\u201eMa olen elus\u201c]<br>Berk Vaher, <strong>\u00c4kki ongi k\u00f5ik masinad \u00fchest otsast katki<\/strong>. \u2013 Keel ja Kirjandus, nr 11, 2015, lk 804-807 [\u201eMa olen elus\u201c]<br>P\u00f5im Kama, <strong>L\u00e4henemine Jan Kausile, abiks l\u00e4hedased<\/strong>. \u2013 Postimees 5. V 2016 [\u201eL\u00e4heduste raamat\u201c]<br>Leo Luks, <strong>Pildi sisse minek<\/strong>. \u2013 Looming, nr 3, 2016, lk 442-444 [\u201eT\u00f5rv\u201c]<br>Kaupo Meiel, <strong>Tere tulemast Jan Kausi teadvusesse!<\/strong>. \u2013 Sirp 3. VI 2016 [\u201eL\u00e4heduste raamat\u201c]<br>Rita Mets, <strong>Kohalolek l\u00e4bi eemaloleku.<\/strong> \u2013 V\u00e4rske R\u00f5hk, nr 47, 2016, lk 133-135 [\u201eL\u00e4heduste raamat\u201c]<br>Andrus Org, <strong>Kausit\u00e4is (\u00f5ppe)kirjandust<\/strong>. \u2013 Keel ja Kirjandus, nr 1, 2016, lk 59-63 [\u201e20. sajandi kirjandus\u201c; \u201eUuem kirjandus\u201c]<br>Maarja P\u00e4rtna, <strong>\u00dchest tundelisest taevakaardist<\/strong>. \u2013 Looming, nr 11, 2016, lk 1638-1640 [\u201eL\u00e4heduste raamat\u201c]<br>Silvia Urgas, <strong>Meepott t\u00f5rvatilgaks?<\/strong>. \u2013 Sirp 8. I 2016 [\u201eT\u00f5rv\u201c]<br>Mari Peegel, <strong>Kompides s\u00fcdant ja linna<\/strong>. \u2013 Eesti P\u00e4evaleht 25. IX 2017 [\u201eKompass\u201c]<br>Peeter Helme, <strong>Vastandite \u00fchtsus, sisu ja vormi harmoonia<\/strong>. \u2013 Postimees 12. I 2018 [\u201eKompass\u201c]<br>Peeter Helme, <strong>\u201eSelle nimel tasub ennast lolliks teha\u201c: Jan Kausi 23 novelli<\/strong>. \u2013 Looming, nr 6, 2018, lk 887-889 [\u201eEnne kui unisusest saab reegel\u201c]<br>Holger Kaints, <strong>\u00d5huvahedega romaan<\/strong>. \u2013 Sirp 2. II 2018 [\u201eKompass\u201c]<br>Pille-Riin Larm, <strong>Jan Kausi uroboros<\/strong>. \u2013 Vikerkaar, nr 7-8, 2018, lk 173-177 [\u201eEnne kui unisusest saab reegel\u201c]<br>Kreete Alasoo,<strong> Armastusega Tallinnast<\/strong>. \u2013 V\u00e4rske R\u00f5hk, nr 72, 2021, lk 118-122 [\u201eTallinna kaart\u201c]<br>Paul Raud, <strong>Jan Kaus. Homme tuntud avarus<\/strong>. \u2013 Keel ja Kirjandus, nr 4, 2021, lk 357-358<br>Karl-Martin Sinij\u00e4rv, <strong>Sinij\u00e4rv soovitab: tekst, mida saab vaadelda aeglaselt<\/strong>. \u2013 Postimees 25. III 2022 [\u201eVaade\u201c]<br>Andres Herkel, <strong>Unesk\u00f5ndija j\u00f5uab maailmal\u00f5pu hotelli ja prantsatab tagasi<\/strong>. \u2013 Postimees 9. XII 2023 [\u201eImelik peegel\u201c]<br>Karola Karlson, <strong>Inimesel on silmad selleks, et m\u00f5elda<\/strong>. \u2013 Looming, nr 4, 2023, lk 600-602 [\u201eVaade\u201c, \u201eKolm punkti\u201c]<br>Karl-Martin Sinij\u00e4rv, <strong>Sinij\u00e4rv soovitab: vististi seni parim Jan Kausi raamat<\/strong>. \u2013 Postimees 23. XI 2023 [\u201eImelik peegel\u201c]<br>Maaren Aare, <strong>Kirjandusgurmee<\/strong>. \u2013 Sirp 15. III 2024 [\u201eImelik peegel\u201c]<br>Risto J\u00e4rv, <strong>Olulised valemid<\/strong>. \u2013 Sirp 15. III 2024 [\u201eImelik peegel\u201c]<\/p>\n\n\n\n<p><strong><em>Intervjuud<\/em><\/strong><br>Valle-Sten Maiste, <strong>N\u00f5medusest kirjutades ei saa olla kohtum\u00f5istja<\/strong>. \u2013 Postimees 3. I 2001<br>Rein Veidemann, <strong>Jan Kaus t\u00f5lgendab maailma ja m\u00f5nda<\/strong>. \u2013 Postimees 9. XI 2001<br>Sven Vabar,<strong> Jan Kaus \u2013 laia profiiliga eskapist<\/strong>. \u2013 Looming, nr 2, 2002, lk 272-279<br>Tiit Tuumalu, <strong>Jan Kaus otsib maailmas seoseid<\/strong>. \u2013 Postimees 21. IV 2004<br>Teet Korsten, <strong>Jan Kaus ennustab postmodernismile kadu<\/strong>. \u2013 P\u00f5hjarannik 28. XI 2006<br>Urve Eslas, <strong>Jan Kaus tahab saada taas t\u00e4iskohaga kirjanikuks<\/strong>. \u2013 Postimees 22. I 2007<br>Urve Eslas, <strong>Jan Kausi suveromaan keerab elule vindi peale<\/strong>. \u2013 Postimees 22. VI 2007<br>Peeter Helme, <strong>Me k\u00f5ik oleme egoistid<\/strong>. \u2013 Looming, nr 1, 2009, lk 105-113<br>Kaarel Kressa, <strong>Jan Kaus ei kipu enam maailma parandama<\/strong>. \u2013 Eesti P\u00e4evaleht 21. VIII 2010<br>Heili Sibrits, <strong>Jan Kausi lugu \u00fcksindusest ja l\u00e4hedusest<\/strong>. \u2013 Postimees 23. I 2010<br>Heili Sibrits, <strong>Kolme autori nimetud luuletused<\/strong>. \u2013 Postimees 22. VI 2012<br>Maria-Lee Liivak, <strong>Ehtne autodidakt Jan Kaus<\/strong>. \u2013 Kitarr, nr 12, 2014, lk 14-15<br>Meeli Parij\u00f5gi, <strong>Jan Kaus: olen \u00f5ppinud kui habras on inimene ja et l\u00e4hedus vajab aeglust<\/strong>. \u2013 \u00d5petajate Leht 24. IV 2015<br>Igor Kotjuh, <strong>Me koosneme teistest inimestest<\/strong>. \u2013 Sirp 29. VI 2018<br>Alvar Loog, <strong>Jan Kaus: \u201eMulle on kirjanikuna oluline oma elutunnet nii t\u00e4pselt kui v\u00f5imalik s\u00f5nadesse panna.\u201d<\/strong>. \u2013 Postimees 13. I 2018<br>Arlet Palmiste, <strong>Jan Kaus: kirjandus teeb j\u00e4relem\u00f5tlemisest kunstivormi<\/strong>. \u2013 Aja Leht 1. XI 2018<br>Maia Tammj\u00e4rv, <strong>Tundlikkus inimesena on t\u00e4htsam kui andekus kirjanikuna. Intervjuu Jan Kausiga<\/strong>. \u2013 M\u00fc\u00fcrileht 18. III 2021<br>T\u00fc\u00fcne-Kristin Vaikla, <strong>Jan Kaus: saarel saavutad erilise tunde<\/strong>. \u2013 Hiiu Leht 27. V 2024<\/p>\n","protected":false},"excerpt":{"rendered":"<p>ArtiklidValle-Sten Maiste, Jan Kaus \u2013 intellektuaalne Potter v\u00f5i valgustuslik maailmaparandaja: [eess\u00f5na]. \u2013 Jan Kaus, L\u00e4bi Minotauruse: artikleid aastatest 1998-2002. Tallinn: Sirp, 2003, lk 7-11Olev Remsu, Platon ja Aristoteles s\u00f5nelesid taas: eesti proosa 2003. \u2013 Looming, nr 3, 2004, lk 412-439Katrin &#8230;<\/p>\n","protected":false},"author":43,"featured_media":0,"parent":7325,"menu_order":0,"comment_status":"closed","ping_status":"closed","template":"","meta":{"_acf_changed":false,"inline_featured_image":false,"footnotes":""},"class_list":["post-7331","page","type-page","status-publish","hentry"],"acf":[],"_links":{"self":[{"href":"https:\/\/sisu.ut.ee\/ewod\/et\/wp-json\/wp\/v2\/pages\/7331","targetHints":{"allow":["GET"]}}],"collection":[{"href":"https:\/\/sisu.ut.ee\/ewod\/et\/wp-json\/wp\/v2\/pages"}],"about":[{"href":"https:\/\/sisu.ut.ee\/ewod\/et\/wp-json\/wp\/v2\/types\/page"}],"author":[{"embeddable":true,"href":"https:\/\/sisu.ut.ee\/ewod\/et\/wp-json\/wp\/v2\/users\/43"}],"replies":[{"embeddable":true,"href":"https:\/\/sisu.ut.ee\/ewod\/et\/wp-json\/wp\/v2\/comments?post=7331"}],"version-history":[{"count":1,"href":"https:\/\/sisu.ut.ee\/ewod\/et\/wp-json\/wp\/v2\/pages\/7331\/revisions"}],"predecessor-version":[{"id":7332,"href":"https:\/\/sisu.ut.ee\/ewod\/et\/wp-json\/wp\/v2\/pages\/7331\/revisions\/7332"}],"up":[{"embeddable":true,"href":"https:\/\/sisu.ut.ee\/ewod\/et\/wp-json\/wp\/v2\/pages\/7325"}],"wp:attachment":[{"href":"https:\/\/sisu.ut.ee\/ewod\/et\/wp-json\/wp\/v2\/media?parent=7331"}],"curies":[{"name":"wp","href":"https:\/\/api.w.org\/{rel}","templated":true}]}}