{"id":7325,"date":"2024-04-03T23:42:03","date_gmt":"2024-04-03T20:42:03","guid":{"rendered":"https:\/\/sisu.ut.ee\/ewod\/?page_id=7325"},"modified":"2025-06-02T14:20:40","modified_gmt":"2025-06-02T11:20:40","slug":"jan-kaus","status":"publish","type":"page","link":"https:\/\/sisu.ut.ee\/ewod\/et\/k\/jan-kaus\/","title":{"rendered":"Jan Kaus"},"content":{"rendered":"<figure class=\"wp-block-image alignright size-large is-resized\"><a href=\"https:\/\/sisu.ut.ee\/wp-content\/uploads\/sites\/108\/jan_kaus_alar_madisson.jpg\"><img loading=\"lazy\" decoding=\"async\" width=\"824\" height=\"1024\" src=\"https:\/\/sisu.ut.ee\/wp-content\/uploads\/sites\/108\/jan_kaus_alar_madisson-824x1024.jpg\" alt=\"Jan Kaus\" class=\"wp-image-2557\" style=\"width:230px;height:auto\" title=\"Foto: Alar Madisson\" srcset=\"https:\/\/sisu.ut.ee\/wp-content\/uploads\/sites\/108\/jan_kaus_alar_madisson-824x1024.jpg 824w, https:\/\/sisu.ut.ee\/wp-content\/uploads\/sites\/108\/jan_kaus_alar_madisson-241x300.jpg 241w, https:\/\/sisu.ut.ee\/wp-content\/uploads\/sites\/108\/jan_kaus_alar_madisson-768x954.jpg 768w, https:\/\/sisu.ut.ee\/wp-content\/uploads\/sites\/108\/jan_kaus_alar_madisson-1236x1536.jpg 1236w, https:\/\/sisu.ut.ee\/wp-content\/uploads\/sites\/108\/jan_kaus_alar_madisson-1648x2048.jpg 1648w, https:\/\/sisu.ut.ee\/wp-content\/uploads\/sites\/108\/jan_kaus_alar_madisson.jpg 1871w\" sizes=\"auto, (max-width: 824px) 100vw, 824px\"><\/a><\/figure>\n\n\n\n<p>Jan Kaus (22. I 1971) on luuletaja, prosaist, t\u00f5lkija, esseist.<\/p>\n\n\n\n<p>Kaus s\u00fcndis Aegviidus, \u00f5ppis Tallinnas, Tallinna Pedagoogika\u00fclikoolis pedagoogikat ja Eesti Humanitaarinstituudis filosoofiat. Mitmek\u00fclgselt andekana on olnud seotud erinevate valdkondade ja ametikohtadega. Muuhulgas on t\u00f6\u00f6tanud \u00f5ppej\u00f5una, <em>copywriter<\/em>ina, toimetajana ajalehes Sirp, olnud Eesti Kirjanike Liidu esimees aastatel 2004-2007 (liige alates 2003), on Tallinna rahvusvahelise kirjandusfestivali Head Read \u00fcks alusepanijaid ja korraldajaid. Ansambli Jan Helsing liige, osalenud kunstin\u00e4itustel, illustreerinud raamatuid, kirjutanud libretosid, t\u00f5lkinud, astunud \u00fcles n\u00e4itlejana.<\/p>\n\n\n\n<p>Laiemale kultuuriareenile tuli Kaus esmalt metakirjanduse vallas: ta on 1990. aastate keskpaigast avaldanud artikleid, arvustusi ja esseid kirjandusest, filosoofiast, kunstist, teatrist, filmist jne. Ilukirjanduses saavutas laiema tuntuse 00ndatel. Mitmek\u00fclgse autorina on avaldanud nii luulet kui proosat, seejuures on talle k\u00f5ige l\u00e4hedasem talle l\u00fchivorm, ise\u00e4ranis miniatuur. Deb\u00fc\u00fctproosakogu \u201e\u00dcle ja \u00fcmber\u201c (2000) juttudes on nii sotsiaalset tundlikkust kui filosoofilisust, mis markeerib Kausi loomingut tervikuna. Proosa aegruum on enamasti kaasaeg, k\u00e4sitleb tundlikult t\u00e4nast maailma ja inimesi \u00fches oma tunnete ja olemusega. On postmodernistlikku m\u00e4ngu, erinevate \u017eanride sulameid ja tekstide parodeeringuid, keelem\u00e4nge. Talle v\u00f5ib iseloomulikuks pidada l\u00e4bim\u00f5eldud s\u00f5nakasutust ning empaatilisust oma tegelaste suhtes, kelle seas on omajagu \u00fcksildasi uitajaid, moodsa maailma edust k\u00f5rvale j\u00e4\u00e4nuid. Kuigi tegevustiku s\u00f5lmpunkt on enamasti Eesti, on Kausi teostes midagi universaalset, laiemaid \u00fcldistusi v\u00f5imaldavat. Tekstides t\u00e4helepanuv\u00e4\u00e4rsel kohal Tallinn, nii n\u00e4iteks on romaan \u201eHetk\u201c (2009) linnale p\u00fchendatud, romaanis \u201eKoju\u201c (2012) on Tallinnal oluline roll, linna kaardistab miniatuuride kogu \u201eTallinna kaart\u201c (2014) ning miniatuurromaanina m\u00e4\u00e4ratletud \u201eKompass\u201c (2017). Viimane on \u00fchtlasi katse \u00fchendada Kausi jaoks olulisi \u017eanre \u2013 romaani ja miniatuuri.<\/p>\n\n\n\n<p>Loomingust leiab nii ps\u00fchholoogilisi karakterromaane, n\u00e4iteks \u201eTema\u201c (2006), aga ka valusatel ajaloolistel radadel liikuvaid, n\u00e4iteks romaan \u201eMa olen elus\u201c (2014), mille fiktiivses kohas nimega Tarurootsi v\u00f5ib n\u00e4ha \u00fcldistatult Eestit, p\u00f5lvkondade lugu kausilikus l\u00e4bitunnetatud ja poeetilises stiilis.<\/p>\n\n\n\n<p>\u00dclevaate ajakirjanduses ilmunud arvustustest, esseedest, m\u00f5tisklustest pakuvad \u201eL\u00e4bi Minotauruse: artikleid aastatest 1998-2002\u201c (2003), \u201eElu ja kirjandus: tekste eesti kirjandusest 2004-2011\u201c (2012), \u201eKui mina ei ole mina\u201c (2018) ja \u201eKolm punkti\u201c (2022).<\/p>\n\n\n\n<p>Kaus on leidnud \u00e4ram\u00e4rkimist mitme kultuuriv\u00e4ljaande poolt: ajakirja Looming aastapreemia arvustuste eest 2001 ja n\u00e4idendi \u201eP\u00fcstol\u201c eest 2004. aastal; ajalehe Sirp laureaat (2005, 2022), ajakirja Teater. Muusika. Kino aastaauhind (2019), ajakirja Akadeemia kuldauhind (2021). On p\u00e4lvinud E. W. Ponkala fondi preemia (2003), Eduard Vilde nimelise kirjandusauhinna romaani \u201eTema\u201c (2006) eest (2007), romaani \u201eMa olen elus\u201c (2014) eest Tallinna \u00dclikooli kirjandusauhinna ja aasta kirjaniku tiitli (2015) ning 2019. aastal Friedebert Tuglase novelliauhinna \u201e\u00d5nneliku l\u00f5pu\u201c eest (ilmunud kogus \u201eEnne kui unisusest saab reegel\u201c (2018). Lisaks on ta p\u00e4lvinud Eesti Vabariigi presidendi noore kultuuritegelase preemia (2003), stipendiumi \u201eEla ja s\u00e4ra\u201c (2007), Eesti Kultuurkapitali kirjanduse sihtkapitali aastapreemia \u201eMa olen elus\u201c ja \u201eTallinna kaart\u201c (2014) eest (2015) ning on olnud \u00fcks kirjanikupalga saajaid. 2025. aastal p\u00e4lvis Tallinna teenetem\u00e4rgi.<\/p>\n\n\n\n<p><em>A. K.<\/em><\/p>\n\n\n\n<h4 class=\"wp-block-heading\"><br>Raamatud eesti keeles<\/h4>\n\n\n\n<p><em><strong>Romaanid<\/strong><\/em><br><strong>Maailm ja m\u00f5ni<\/strong>. Tallinn: \u00d5igem Valem, 2001, 142 lk.<br><strong>Tema<\/strong>. Tallinn: Tuum, 2006, 268 lk. [2. tr\u00fckk: 2007.]<br><strong>Hetk<\/strong>. Tallinn: Tuum, 2009, 208 lk.<br><strong>Koju<\/strong>. Tallinn: Tuum, 2012, 208 lk.<br><strong>Ma olen elus<\/strong>. Tallinn: Tuum, 2014, 280 lk.<br><strong>Kompass<\/strong>: miniatuurromaan. Tallinn: Hea Lugu, 2017, 110 lk.<br><strong>Imelik peegel. Muinaslugu f\u00fc\u00fcsikas<\/strong>. M\u00fctoopia Juhan Kunderi samanimelise muinasjutu laineil. Tallinn: S\u00f5nasilm, 2023, 228 lk<\/p>\n\n\n\n<p><em><strong>L\u00fchiproosa<\/strong><\/em><br><strong>\u00dcle ja \u00fcmber<\/strong>: jutud. Tallinn: Tuum, 2000, 146 lk.<br><strong>\u00d5ndsate tund<\/strong>: jutud. Tallinn: Tuum, 2003, 164 lk.<br><strong>Miniatuurid<\/strong>. P\u00e4rnu: Jumalikud Ilmutused, 2009, 76 lk.<br><strong>Kaart ja teekond<\/strong>. Saarde, P\u00e4rnu: Jumalikud Ilmutused, 2014, 67 lk.<br><strong>Tallinna kaart<\/strong>: miniatuurid. Loomingu Raamatukogu 20. Tallinn: Kultuurileht, 2014, 50 lk. [2. tr\u00fckk: 2021.]<br><strong>T\u00f5rv<\/strong>: jutustus. Tallinn: Tuum, 2015, 112 lk.<br><strong>L\u00e4heduste raamat<\/strong>. Tallinn: Verb, 2016, \u00a072 lk.<br><strong>Enne kui unisusest saab reegel<\/strong>. Tallinn: Post Factum, 2018, 287 lk.<\/p>\n\n\n\n<p><em><strong>Luulekogud<\/strong><\/em><br><strong>\u00d6\u00f6sel n\u00e4eb halvemini kui p\u00e4eval<\/strong>: m\u00f5ned m\u00f5tteterad 92-94. Eesti, 1994, 48 lk.<br><strong>Aeg on vaha<\/strong>. Tallinn: Verb, 2005, 78 lk.<br>Raido M\u00fcrk [= Jan Kaus, Indrek Koff], <strong>Asja\u00f5igusest<\/strong>. Tallinn: Roheline Kuu, 2012, 143 lk<br><strong>Vasaraheitja<\/strong>. Saarde, P\u00e4rnu: Jumalikud Ilmutused, 2013, 92 lk.<\/p>\n\n\n\n<p><em><strong>Artiklid, esseed, \u00f5pikud<\/strong><\/em><br><strong>L\u00e4bi Minotauruse<\/strong>: artikleid aastatest 1998-2002. Tallinn: Sirp, 2003, 191 lk.<br><strong>Elu ja kirjandus<\/strong>: tekste eesti kirjandusest 2004-2011. Saarde, P\u00e4rnu: Jumalikud Ilmutused, 2012, 187 lk.<br><strong>Uuem kirjandus<\/strong>. G\u00fcmnaasiumi\u00f5pik. Tallinn: Maurus, 2015, 192 lk<br><strong>20. sajandi kirjandus<\/strong>. G\u00fcmnaasiumi kirjandus\u00f5pik. Tallinn: Maurus, 2015, 175 lk<br><strong>Kui mina ei ole mina<\/strong>. Tallinn: Hea Lugu, 2018, 127 lk.<br><strong>Homme tuntud avarus. V\u00e4ikeste lausete konstellatsioon<\/strong>. Tallinn: Tallinna \u00dclikooli Kirjastus, 2020, 179 lk.<br><strong>Kolm punkti<\/strong>. Tartu: Vabam\u00f5tleja, 2022, 231 lk<br><strong>Vaade<\/strong>. Tallinn: S\u00f5nasilm, 2022, 152 lk<\/p>\n\n\n\n<h4 class=\"wp-block-heading\"><a href=\"https:\/\/sisu.ut.ee\/ewod\/et\/k\/jan-kaus\/jan-kausi-kohta\/\" data-type=\"page\" data-id=\"7331\">Artiklid ja arvustused Jan Kausi kohta<\/a><\/h4>\n","protected":false},"excerpt":{"rendered":"<p>Jan Kaus (22. I 1971) on luuletaja, prosaist, t\u00f5lkija, esseist. Kaus s\u00fcndis Aegviidus, \u00f5ppis Tallinnas, Tallinna Pedagoogika\u00fclikoolis pedagoogikat ja Eesti Humanitaarinstituudis filosoofiat. Mitmek\u00fclgselt andekana on olnud seotud erinevate valdkondade ja ametikohtadega. Muuhulgas on t\u00f6\u00f6tanud \u00f5ppej\u00f5una, copywriterina, toimetajana ajalehes Sirp, olnud &#8230;<\/p>\n","protected":false},"author":43,"featured_media":0,"parent":6484,"menu_order":0,"comment_status":"closed","ping_status":"closed","template":"","meta":{"_acf_changed":false,"inline_featured_image":false,"footnotes":""},"class_list":["post-7325","page","type-page","status-publish","hentry"],"acf":[],"_links":{"self":[{"href":"https:\/\/sisu.ut.ee\/ewod\/et\/wp-json\/wp\/v2\/pages\/7325","targetHints":{"allow":["GET"]}}],"collection":[{"href":"https:\/\/sisu.ut.ee\/ewod\/et\/wp-json\/wp\/v2\/pages"}],"about":[{"href":"https:\/\/sisu.ut.ee\/ewod\/et\/wp-json\/wp\/v2\/types\/page"}],"author":[{"embeddable":true,"href":"https:\/\/sisu.ut.ee\/ewod\/et\/wp-json\/wp\/v2\/users\/43"}],"replies":[{"embeddable":true,"href":"https:\/\/sisu.ut.ee\/ewod\/et\/wp-json\/wp\/v2\/comments?post=7325"}],"version-history":[{"count":3,"href":"https:\/\/sisu.ut.ee\/ewod\/et\/wp-json\/wp\/v2\/pages\/7325\/revisions"}],"predecessor-version":[{"id":7333,"href":"https:\/\/sisu.ut.ee\/ewod\/et\/wp-json\/wp\/v2\/pages\/7325\/revisions\/7333"}],"up":[{"embeddable":true,"href":"https:\/\/sisu.ut.ee\/ewod\/et\/wp-json\/wp\/v2\/pages\/6484"}],"wp:attachment":[{"href":"https:\/\/sisu.ut.ee\/ewod\/et\/wp-json\/wp\/v2\/media?parent=7325"}],"curies":[{"name":"wp","href":"https:\/\/api.w.org\/{rel}","templated":true}]}}