{"id":7312,"date":"2024-04-03T23:42:30","date_gmt":"2024-04-03T20:42:30","guid":{"rendered":"https:\/\/sisu.ut.ee\/ewod\/?page_id=7312"},"modified":"2025-06-02T13:14:14","modified_gmt":"2025-06-02T10:14:14","slug":"peeter-sauter","status":"publish","type":"page","link":"https:\/\/sisu.ut.ee\/ewod\/et\/s\/peeter-sauter\/","title":{"rendered":"Peeter Sauter"},"content":{"rendered":"<figure class=\"wp-block-image alignright size-large is-resized\"><a href=\"https:\/\/sisu.ut.ee\/wp-content\/uploads\/sites\/108\/peeter_sauter_kalju_suur-scaled.jpg\"><img loading=\"lazy\" decoding=\"async\" width=\"681\" height=\"1024\" src=\"https:\/\/sisu.ut.ee\/wp-content\/uploads\/sites\/108\/peeter_sauter_kalju_suur-681x1024.jpg\" alt=\"Peeter Sauter\" class=\"wp-image-2569\" style=\"width:309px;height:auto\" title=\"Foto: Kalju Suur\" srcset=\"https:\/\/sisu.ut.ee\/wp-content\/uploads\/sites\/108\/peeter_sauter_kalju_suur-681x1024.jpg 681w, https:\/\/sisu.ut.ee\/wp-content\/uploads\/sites\/108\/peeter_sauter_kalju_suur-199x300.jpg 199w, https:\/\/sisu.ut.ee\/wp-content\/uploads\/sites\/108\/peeter_sauter_kalju_suur-768x1155.jpg 768w, https:\/\/sisu.ut.ee\/wp-content\/uploads\/sites\/108\/peeter_sauter_kalju_suur-1021x1536.jpg 1021w, https:\/\/sisu.ut.ee\/wp-content\/uploads\/sites\/108\/peeter_sauter_kalju_suur-1361x2048.jpg 1361w, https:\/\/sisu.ut.ee\/wp-content\/uploads\/sites\/108\/peeter_sauter_kalju_suur-1920x2889.jpg 1920w, https:\/\/sisu.ut.ee\/wp-content\/uploads\/sites\/108\/peeter_sauter_kalju_suur-scaled.jpg 1702w\" sizes=\"auto, (max-width: 681px) 100vw, 681px\"><\/a><\/figure>\n\n\n\n<p>Peeter Sauter (s. 11. III 1962) on prosaist ja luuletaja, \u00fcks tuntumaid 1980. aastate l\u00f5pul kirjandusse tulnud autoreid.<\/p>\n\n\n\n<p>Sauter s\u00fcndis ja \u00f5ppis Tallinnas, aastatel 1980-1984 Tallinna Riikliku Konservatooriumi lavakunstikateedris, mille l\u00f5petas n\u00e4itlejana, ning 1993-1994 Liverpoolis John Moore\u2019i \u00fclikoolis. T\u00f6\u00f6tanud muuhulgas n\u00e4itleja, re\u017eiss\u00f6\u00f6ri ja <em>copywriter<\/em>ina ning teinud kaast\u00f6\u00f6d mitmele ajakirjandusv\u00e4ljaandele. Eesti Kirjanike Liidu liige alates 1999. aastast.<\/p>\n\n\n\n<p>Ajakirjanduses hakkas Sauter proosat avaldama 1980. aastate l\u00f5pus. Epohhiloov esikromaan \u201eIndigo\u201c (1990), mis kajastab 1980. aastate noorte maailma, t\u00f5i eesti kirjandusse sootuks uue meetodi ja stilistika kasutades k\u00f5nekeelt, sl\u00e4ngi, keelelisi madalregistreid ning keskendudes peaasjalikult argimaailmale ja lihtalt olemisele. J\u00e4rgnenud romaan \u201eLuus\u201c (1997) j\u00e4tkab deb\u00fc\u00fctromaani temaatikat ja stilistikat nagu ka novellikogud \u201eKogu moos\u201c (1998), \u201eVere jooks\u201c (2006), filmiloona tituleeritud ja muuhulgas venelastest tegelasi kujutav \u201ePori\u201c (2002) jt. Sauterile on omased argidetailsed sissevaated ellu, milles olulisel kohal on olemise naturalistlikult kujutatud f\u00fcsioloogiline pool. Sauterlikus v\u00e4ikeste inimeste maailmas ei juhtu enamasti midagi, tema tegelane on lihtsalt olev, kulgev, kelle elus on olulisel kohal alkohol ja seks. See on teksti valatud elu k\u00f5igis selle \u00fcksikasjades.<\/p>\n\n\n\n<p>Triloogia moodustavad romaanid \u201e\u00c4ra j\u00e4ta mind rahule\u201c (2012), \u201eSa pead kedagi teenima\u201c (2016) ja \u201eKana peni\u201c (2021), mis kujutavad argimaastike kaardistamist, umbs\u00f5lmuvaid l\u00e4hisuhteid ning fragmendikesi sauterlikust kulgemisest muuhulgas nn. vaeste kirjanike majas \u2013 Kirjanike Liidule kuuluvas vanas kortermajas Tallinnas, kus elavad kirjanikud jt loomeinimesed.<\/p>\n\n\n\n<p>Tema tekstid on p\u00f5hjustanud poleemikat ja neid on v\u00f5etud provokatiivsetena, nt novell \u201eK\u00f5huvalu\u201c, mis kirjanduses tavap\u00e4rase paatosliku l\u00e4henemise asemel kujutab s\u00fcnnitust k\u00f5igi selle naturalistlike erisustega, v\u00f5i koost\u00f6\u00f6s kunstnik Raul Meelega s\u00fcndinud \u201eLauak\u00f5ne Eesti Vabariigi aastap\u00e4eva puhul kainestusmaja paraskile liiga pikalt istuma j\u00e4\u00e4nud olles\u201c (1998), milles on kasutamist leidnud terve plejaad madalstiilseid ja roppuste kategooriasse liigituvaid s\u00f5nu. Sauterit on k\u00f5rvutatud Charles Bukowski ja Jack Kerouaciga, kelle tekste ta on eesti keelde ka t\u00f5lkinud. Ta on t\u00f5lkinud ka Lawrence Ferlinghetti luuletusi.<\/p>\n\n\n\n<p>Sauterist on Manfred Vainokivi teinud portreefilmi \u201eKirjanikuga voodis\u201c (2019), ta on olnud osaline ka Vainokivi filmides \u201eValli baar\u201c (2008) ja \u201eVaeste kirjanike maja\u201c (2012).<\/p>\n\n\n\n<p>Sauter on p\u00e4lvinud kahel korral Friedebert Tuglase nimelise novelliauhinna: \u201eK\u00f5huvalu\u201c eest 1996. aastal ja \u201eTuimuse\u201c eest 1998. aastal ning Eesti Kultuurkapitali kirjanduse sihtkapitali aastapreemia: 2006. aastal \u201eLaiskade laste raamatu\u201c (2006) eest ning 2008. aastal draamaauhinna \u201eKeldris\u201c (2008) eest. 2007. aastal sai ta Aleksander Kurtna nimelise auhinna t\u00f5lketegevuse eest ning Eesti Raudtee ja ajalehe Sirp kirjanduspreemia kogu \u201eVere jooks\u201c (2006) eest, 2012. aastal Go Traveli parima reisiraamatu preemia \u201eFlirt Budaga\u201c (2011) eest, 2014. aastal Balti Assamblee kirjanduspreemia romaani \u201e\u00c4ra j\u00e4ta mind rahule\u201c (2013) eest ning 2016. aastal Virumaa kirjandusauhinna raamatu \u201eLapsep\u00f5lvel\u00f5hn\u201c (2015) eest. Aastatel 2022-2024 oli kirjanikupalga saaja.<\/p>\n\n\n\n<p><em>A. K.<\/em><\/p>\n\n\n\n<h4 class=\"wp-block-heading\"><br>Raamatud eesti keeles<\/h4>\n\n\n\n<p><strong><em>Romaanid<\/em><\/strong><br><strong>Indigo<\/strong>. Tallinn: Eesti Raamat, 1990, 223 lk. [2. tr 2016]<br><strong>Luus<\/strong>. Tallinn: Maa, 1997, 278 lk.<br><strong>Beibi bluu<\/strong>. Tallinn: Tuum, 2008, 171 lk.<br><strong>\u00c4ra j\u00e4ta mind rahule: a love story<\/strong>. Tallinn: P. Sauter, 2012, 396 lk.<br><strong>Sa pead kedagi teenima<\/strong>. Tallinn: Tuum, 2016, 541 lk.<br><strong>Surm Bulgaarias: k\u00f5ik hinnas<\/strong>. Loomingu Raamatukogu 14-16. Tallinn: Kultuurileht, 2021, 147 lk<br><strong>Kana peni<\/strong>. Tallinn: Kirjanik, 2021, 336 lk<br><strong>Varasta p\u00e4eva<\/strong>. Tallinn: Kirjanik, 2024, 158 lk<\/p>\n\n\n\n<p><strong><em>Short prose<\/em><\/strong><br><strong>Kogu moos<\/strong>. Tallinn: Tuum, 1998, 203 lk.<br><strong>Naise l\u00f5hn, raha l\u00f5hn<\/strong>. Tallinn: P. Sauter, 2000, 58 lk.<br><strong>Tomatisupp<\/strong>. Tallinn: P. Sauter, 2000, 50 lk.<br><strong>P\u00e4tt ja pihiisa<\/strong>: jutustus. Tallinn: P. Sauter, 2001, 56 lk.<br><strong>Pori<\/strong>: filmilugu. (Loomingu Raamatukogu 20). Tallinn: Perioodika, 2002, 80 lk.<br><strong>Vere jooks<\/strong>. Tallinn: Tuum, 2006, 287 lk.<br><strong>Must Peeter<\/strong>. Tallinn: Eesti Keele Sihtasutus, 2011, 340 lk.<br><strong>Snark<\/strong>. Tallinn: Kirjanik, 2013,72 lk.<\/p>\n\n\n\n<p><strong><em>Poetry collections<\/em><\/strong><br><strong>Damoklese m\u00f5\u00f5k ja leivanuga<\/strong>. Koost. J. Rooste. P\u00e4rnu, Saarde: Jumalikud Ilmutused, 2011, 122 lk.<br><strong>M\u00e4rkmeid vaeste kirjanike majast<\/strong>: poeem. Tallinn: Kirjanik, 2012, 175 lk.<br><strong>Koer ostab kassitoitu<\/strong>. Tallinn: P. Sauter, 2014, 175 lk.<br><strong>Pannkoogid \u00fcksinduses<\/strong>. Tallinn: Kirjanik, 2015, 181 lk.<br><strong>Kodus\u00f5dur<\/strong>. Tallinn: Kirjanik, 2018, 135 lk.<br><strong>Plagiaat<\/strong>. Tallinn: Kirjanik, 2020, 108 lk.<\/p>\n\n\n\n<p><strong><em>Travel books<\/em><\/strong><br><strong>Euroopa hulgus<\/strong>. Tallinn: P. Sauter, 2001, 64 lk.<br><strong>Tsikliga Eestis ja \u0160otimaal<\/strong>. Tallinn: P. Sauter, 2002, 68 lk.<br><strong>Hispaania saapad ja silmad<\/strong>. Tallinn: P. Sauter, 2005, 156 lk.<br><strong>Flirt Budaga: elust ja tsiklis\u00f5idust<\/strong>. Tallinn: Go Group, 2011, 302 lk.<\/p>\n\n\n\n<p><strong><em>Children\u2019s literature<\/em><\/strong><br><strong>Laste raamat<\/strong>: l\u00fchijutud. Tallinn: Huma, 2004, 42 lk.<br><strong>Laiskade laste raamat<\/strong>: l\u00fchijutud. Tallinn: Huma, 2006, 46 lk.<br><strong>T\u00fclikas laste raamat<\/strong>. Tallinn: P. Sauter, 2019, 76 lk.<\/p>\n\n\n\n<p><strong><em>Memoirs<\/em><\/strong><br><strong>Lapsep\u00f5lvel\u00f5hn<\/strong>. Tallinn: Petrone Print, 2015, 236 lk.<br><strong>P\u00f5rsa paremad p\u00e4evad<\/strong>. Tallinn: Hea Lugu, 2018, 127 lk.<\/p>\n\n\n\n<p><strong><em>Non-fiction<\/em><\/strong><br><strong>Pl\u00e4ra: artiklid ja vestlused<\/strong>. Tallinn: P. Sauter, 2004, 460 lk.<br><strong>Postkastid \u00f5rrel: k\u00fclakirjad Saue vallast<\/strong>. Laagri: Saue vallavalitsus, 2017, 142 lk.<\/p>\n\n\n\n<h4 class=\"wp-block-heading\"><a href=\"https:\/\/sisu.ut.ee\/ewod\/et\/s\/peeter-sauter\/peeter-sauteri-kohta\/\" data-type=\"page\" data-id=\"7318\">Artiklid ja arvustused Peeter Sauteri kohta<\/a><\/h4>\n","protected":false},"excerpt":{"rendered":"<p>Peeter Sauter (s. 11. III 1962) on prosaist ja luuletaja, \u00fcks tuntumaid 1980. aastate l\u00f5pul kirjandusse tulnud autoreid. Sauter s\u00fcndis ja \u00f5ppis Tallinnas, aastatel 1980-1984 Tallinna Riikliku Konservatooriumi lavakunstikateedris, mille l\u00f5petas n\u00e4itlejana, ning 1993-1994 Liverpoolis John Moore\u2019i \u00fclikoolis. T\u00f6\u00f6tanud muuhulgas &#8230;<\/p>\n","protected":false},"author":43,"featured_media":0,"parent":6505,"menu_order":0,"comment_status":"closed","ping_status":"closed","template":"","meta":{"_acf_changed":false,"inline_featured_image":false,"footnotes":""},"class_list":["post-7312","page","type-page","status-publish","hentry"],"acf":[],"_links":{"self":[{"href":"https:\/\/sisu.ut.ee\/ewod\/et\/wp-json\/wp\/v2\/pages\/7312","targetHints":{"allow":["GET"]}}],"collection":[{"href":"https:\/\/sisu.ut.ee\/ewod\/et\/wp-json\/wp\/v2\/pages"}],"about":[{"href":"https:\/\/sisu.ut.ee\/ewod\/et\/wp-json\/wp\/v2\/types\/page"}],"author":[{"embeddable":true,"href":"https:\/\/sisu.ut.ee\/ewod\/et\/wp-json\/wp\/v2\/users\/43"}],"replies":[{"embeddable":true,"href":"https:\/\/sisu.ut.ee\/ewod\/et\/wp-json\/wp\/v2\/comments?post=7312"}],"version-history":[{"count":3,"href":"https:\/\/sisu.ut.ee\/ewod\/et\/wp-json\/wp\/v2\/pages\/7312\/revisions"}],"predecessor-version":[{"id":7320,"href":"https:\/\/sisu.ut.ee\/ewod\/et\/wp-json\/wp\/v2\/pages\/7312\/revisions\/7320"}],"up":[{"embeddable":true,"href":"https:\/\/sisu.ut.ee\/ewod\/et\/wp-json\/wp\/v2\/pages\/6505"}],"wp:attachment":[{"href":"https:\/\/sisu.ut.ee\/ewod\/et\/wp-json\/wp\/v2\/media?parent=7312"}],"curies":[{"name":"wp","href":"https:\/\/api.w.org\/{rel}","templated":true}]}}