{"id":7302,"date":"2024-04-03T23:42:34","date_gmt":"2024-04-03T20:42:34","guid":{"rendered":"https:\/\/sisu.ut.ee\/ewod\/?page_id=7302"},"modified":"2025-06-02T10:50:45","modified_gmt":"2025-06-02T07:50:45","slug":"lilli-suburg","status":"publish","type":"page","link":"https:\/\/sisu.ut.ee\/ewod\/et\/s\/lilli-suburg\/","title":{"rendered":"Lilli Suburg"},"content":{"rendered":"<figure class=\"wp-block-image alignright size-full is-resized\"><a href=\"https:\/\/sisu.ut.ee\/wp-content\/uploads\/sites\/108\/lilli_suburg.jpg\"><img loading=\"lazy\" decoding=\"async\" width=\"349\" height=\"526\" src=\"https:\/\/sisu.ut.ee\/wp-content\/uploads\/sites\/108\/lilli_suburg_vaike.jpg\" alt=\"lilli suburg\" class=\"wp-image-2511\" style=\"width:260px;height:auto\" srcset=\"https:\/\/sisu.ut.ee\/wp-content\/uploads\/sites\/108\/lilli_suburg_vaike.jpg 349w, https:\/\/sisu.ut.ee\/wp-content\/uploads\/sites\/108\/lilli_suburg_vaike-199x300.jpg 199w\" sizes=\"auto, (max-width: 349px) 100vw, 349px\"><\/a><\/figure>\n\n\n\n<p>Lilli Suburg (Caroline Suburg, 1. VIII \/ 20. VII 1841 \u2013 8. II 1923) oli prosaist, ajakirjanik ja pedagoog, teedrajava naisteajakirja Linda asutaja ning Eesti esimene prominentne nais\u00f5iguslane.<\/p>\n\n\n\n<p>Suburg s\u00fcndis P\u00e4rnumaal V\u00e4ndra kihelkonnas R\u00f5usa m\u00f5isas ning \u00f5ppis muu hulgas P\u00e4rnus Marie von Ditmari erakoolis ja P\u00e4rnu Linna T\u00fctarlastekoolis. Tegi Tartus elementaarkooli kodu\u00f5petajanna eksami 1869. aastal. Tema kujunemises m\u00e4ngis olulist rolli Carl Robert Jakobson, kes tutvustas talle mitmek\u00fclgsemat kirjandust ning sai ka rahvustunde \u00e4ratajaks. Jakobsoni \u00f5hutusel ja vaimus toimetas Suburg 1878-1879 ka Perno Postimeest. P\u00e4rnus asutas Suburg 1882. aastal t\u00fctarlastekooli, kus olulist r\u00f5hku pandi rahvuslikule meelsusele. 1885. aastal kolis kool \u00fcmber Viljandisse. 1887. aastal asutas Suburg sealsamas naisteajakirja Linda, mis 1891. aastast hakkas ilmuma n\u00e4dalalehena. Selles leidus perenaistele m\u00f5eldud n\u00f5uandeid, neidudele suunatud suheteteemalisi ja naiste emantsipatsiooni k\u00e4sitlevaid artikleid, aga ka ilukirjanduslikku osa, mis koosnes peamiselt t\u00f5lkelistest teostest, algup\u00e4randid p\u00e4rinesid suuremas osas Suburgi enda sulest. Lisaks k\u00e4sitleti ka eesti kirjameeste elulugusid ning ka kirjanduskriitilisi k\u00fcsimusi. Linda \u2013 esimene naisteajakiri Eestis \u2013 on j\u00e4tnud eesti kultuuri olulise j\u00e4lje. 1899. aastast elas Suburg L\u00e4tis kasut\u00fctre juures, kus pidas sajandi alguses ka v\u00e4ikest erakooli. Elu viimastel aastatel elas \u00f5dede juures Valgas, kus ka suri. On maetud V\u00e4ndra kalmistule.<\/p>\n\n\n\n<p>Suburgit v\u00f5ib pidada Eesti esimeseks naiste \u00f5iguste eest v\u00f5itlejaks. Kirjanduslikus m\u00f5ttes sai ta tuntuks oma esimese kirjandusliku katsetusega \u2013 jutustusega \u201eLiina\u201c (1877), mille ta kirjutas 1873. aastal Jakobsoni \u00f5hutusel. Autobiograafilise tagap\u00f5hjaga teoses kujutab Suburg eesti t\u00fctarlapse vastuseisu saksastumisele. Suburg kandis endas rahvusliku liikumise ideaale, osutudes seet\u00f5ttu populaarseks. Ta \u00e4rgitas naisi end harima, et olla meestele v\u00e4\u00e4rilisteks partneriteks. Sentimentaalse alatooniga, keeleliselt saksap\u00e4rases \u201cLiinas\u201d on m\u00e4rgata autori taotlusi kujutada ka tegelaste ps\u00fchholoogiat. Teos p\u00e4lvis baltisaksa ringkonnalt teravat vastuseisu. \u201eLiina\u201c on j\u00e4\u00e4nud autori peateoseks.<\/p>\n\n\n\n<p>Sentimentaalsusest on kantud ka idealiseeritud tegelastega jutustus \u201eMaarja ja Eeva ehk: Suguluse truudus ja armastus mehe vasta\u201c (1881). Haritud naise problemaatika on kesksel kohal jutustuses \u201eLinda, rahva t\u00fctar\u201c (1900), mis tegeleb ka alkoholismi vastase v\u00f5itluse ning naiste \u00f5igustega.<\/p>\n\n\n\n<p>Suburg avaldas jutustusi ning mitmesugustel \u00fchiskondlikel ja pedagoogilistel teemadel kirjutisi ka ajakirjanduses. Ta kirjutas ka m\u00e4lestusi. Neist t\u00e4helepanuv\u00e4\u00e4rsem on \u201eSuburgide perekond\u201c (Eesti Kirjandus, 1923-1924), mis muuhulgas avab ka omaaegseid \u00fchiskondlikke olusid.<\/p>\n\n\n\n<p><em>A. K.<\/em><\/p>\n\n\n\n<h4 class=\"wp-block-heading\"><br>Raamatud eesti keeles<\/h4>\n\n\n\n<p><strong><em>Proosa<\/em><\/strong><br><strong>Liina<\/strong>. \u00dche eesti t\u00fctarlapse elulugu, temast enesest jutustatud. Tartu: Schnakenburg, 1877, 102 lk. [J\u00e4rgmised tr\u00fckid: 1884, 1927, 2002.]<br><strong>Linda, rahva t\u00fctar<\/strong>. Tartu: Postimees, 1900, 19 lk. [2. tr\u00fckk: 2002.]<br><strong>Maarja ja Eeva ehk Suguluse truudus ja armastus mehe vasta<\/strong>. Tartu: Schnakenburg, 1881, 92 lk. [2. tr\u00fckk: 1927.]<\/p>\n\n\n\n<p><strong><em>Kogutud teosed<\/em><\/strong><br><strong>Kogutud kirjat\u00f6\u00f6d<\/strong>. Koostanud Aino Undla-P\u00f5ldm\u00e4e. Tallinn: 2002, 503 lk.<\/p>\n\n\n\n<h4 class=\"wp-block-heading\"><a href=\"https:\/\/sisu.ut.ee\/ewod\/et\/s\/lilli-suburg\/lilli-suburgi-kohta\/\" data-type=\"page\" data-id=\"7304\">Artiklid ja arvustused Lilli Suburgi kohta<\/a><\/h4>\n","protected":false},"excerpt":{"rendered":"<p>Lilli Suburg (Caroline Suburg, 1. VIII \/ 20. VII 1841 \u2013 8. II 1923) oli prosaist, ajakirjanik ja pedagoog, teedrajava naisteajakirja Linda asutaja ning Eesti esimene prominentne nais\u00f5iguslane. Suburg s\u00fcndis P\u00e4rnumaal V\u00e4ndra kihelkonnas R\u00f5usa m\u00f5isas ning \u00f5ppis muu hulgas P\u00e4rnus &#8230;<\/p>\n","protected":false},"author":43,"featured_media":0,"parent":6505,"menu_order":0,"comment_status":"closed","ping_status":"closed","template":"","meta":{"_acf_changed":false,"inline_featured_image":false,"footnotes":""},"class_list":["post-7302","page","type-page","status-publish","hentry"],"acf":[],"_links":{"self":[{"href":"https:\/\/sisu.ut.ee\/ewod\/et\/wp-json\/wp\/v2\/pages\/7302","targetHints":{"allow":["GET"]}}],"collection":[{"href":"https:\/\/sisu.ut.ee\/ewod\/et\/wp-json\/wp\/v2\/pages"}],"about":[{"href":"https:\/\/sisu.ut.ee\/ewod\/et\/wp-json\/wp\/v2\/types\/page"}],"author":[{"embeddable":true,"href":"https:\/\/sisu.ut.ee\/ewod\/et\/wp-json\/wp\/v2\/users\/43"}],"replies":[{"embeddable":true,"href":"https:\/\/sisu.ut.ee\/ewod\/et\/wp-json\/wp\/v2\/comments?post=7302"}],"version-history":[{"count":2,"href":"https:\/\/sisu.ut.ee\/ewod\/et\/wp-json\/wp\/v2\/pages\/7302\/revisions"}],"predecessor-version":[{"id":7306,"href":"https:\/\/sisu.ut.ee\/ewod\/et\/wp-json\/wp\/v2\/pages\/7302\/revisions\/7306"}],"up":[{"embeddable":true,"href":"https:\/\/sisu.ut.ee\/ewod\/et\/wp-json\/wp\/v2\/pages\/6505"}],"wp:attachment":[{"href":"https:\/\/sisu.ut.ee\/ewod\/et\/wp-json\/wp\/v2\/media?parent=7302"}],"curies":[{"name":"wp","href":"https:\/\/api.w.org\/{rel}","templated":true}]}}