{"id":7296,"date":"2025-05-29T15:17:30","date_gmt":"2025-05-29T12:17:30","guid":{"rendered":"https:\/\/sisu.ut.ee\/ewod\/?page_id=7296"},"modified":"2025-05-29T15:17:30","modified_gmt":"2025-05-29T12:17:30","slug":"ado-reinvaldi-kohta","status":"publish","type":"page","link":"https:\/\/sisu.ut.ee\/ewod\/et\/r\/ado-reinvald\/ado-reinvaldi-kohta\/","title":{"rendered":"Ado Reinvaldi kohta"},"content":{"rendered":"<p><strong><em>Artiklid<\/em><\/strong><br><strong>Ado Reinvald \u2020<\/strong>. \u2013 Lasteleht. Eesti noorsoo \u00f5petlik ja ilukirjanduslik kuukiri, 1. II 1922, lk 2.<br><strong>Mees, kes hingep\u00f5hjast vihkas sakslasi<\/strong>. \u2013 \u00d5htuleht, 7. XII 1944, lk 2. [Autori nimi puudub.]<br>Villem Alttoa, <strong>Ado Reinvald: Luuletaja-v\u00f5itleja 25. surmap\u00e4eva puhul<\/strong>. \u2013 Postimees, 8. II 1947, lk 2.<br>Villem Alttoa, <strong>Ado Reinvald 1847\u20131947<\/strong>. \u2013 J\u00e4rvalane, 9. XII 1947, lk 4.<br>O. N\u00f5mmeveski, <strong>Ado Reinvaldi 100. s\u00fcnniaastap\u00e4evaks<\/strong>. \u2013 Sakala, 9. XII 1947, lk 2.<br>Richard Alek\u00f5rs, <strong>Ado Reinvald v\u00f5itluslaulikuna<\/strong>. \u2013 Sirp ja Vasar, 9. II 1952, lk 4.<br>E. Kallas, <strong>Julge talurahva laulik. 35 aastat Ado Reinvaldi surmast<\/strong>. \u2013 Kolhoosi Tee, 7. II 1957, lk 4.<br>T. Soo, <strong>Talupoeg-luuletaja Ado Reinvald<\/strong>. \u2013 Uus Elu, 7. II 1957, lk 2, 4.<br>Paul Ambur, <strong>Talupoeg-laulik. Ado Reinvaldi 35. surma-aastap\u00e4eva puhul<\/strong>. \u2013 Noorte H\u00e4\u00e4l, 8. II 1957, lk 2.<br>H. J\u00f5gioja, <strong>Pilk minevikku<\/strong>. \u2013 Uus Tee, 19. IV 1957. [Ettepanek anda Ado Reinvaldi nimi t\u00e4navale Elvas.]<br>J. Tamm, <strong>Viljandimaa laulik. Ado Reinvaldi 110. s\u00fcnniaastap\u00e4eva puhul<\/strong>. \u2013 Tee kommunismile, 7. XII 1957, lk 2.<br>A. Piir, A. M\u00e4lberg, <strong>Ado Reinvald, Luuletaja 110. s\u00fcnniaastap\u00e4evaks<\/strong>. \u2013 Uus Tee, 10. XII 1957, lk 2.<br><strong>Talupojast laulik. Ado Reinvaldi 48. surma-aastap\u00e4eva puhul. J. E. Meigase m\u00e4lestusi<\/strong>. \u2013 Kommunismiehitaja, 9. II 1960, lk 3.<br>Voldemar Rajalo, <strong>Ado Reinvaldi viimaseilt elup\u00e4evilt<\/strong>. \u2013 Keel ja Kirjandus, nr 2, 1961, lk 754\u2013759.<br>Endel Priidel, <strong>Ado Reinvald ja usk<\/strong>. \u2013 Edasi, 24. II 1962, lk 2.<br>Sergei Issakov, <strong>Arhiivipudemeid. Ado Reinvald<\/strong>. \u2013 Keel ja Kirjandus, nr 10, 1968, lk 620.<br>Oskar Kuningas, <strong>Luuletaja ja saarepiiga<\/strong>. \u2013 Kommunismiehitaja, 2. XII 1972, lk 3.<br>Ester Mustmets, <strong>Kui kuninglikult k\u00f5liseb mu ema kodukeel<\/strong>. \u2013 Kodumaa, 19. VI 1991, lk 3.<br>Heli Zink, <strong>90 aastat Ado Reinvaldi surmast<\/strong>. \u2013 Elva Postipoiss, 11. II 2012, lk 4.<br><strong>Ado Reinvald (1847\u20131922)<\/strong>. \u2013 L\u00e4\u00e4nekaare Postipoiss, m\u00e4rts 2013, lk 22.<\/p>\n","protected":false},"excerpt":{"rendered":"<p>ArtiklidAdo Reinvald \u2020. \u2013 Lasteleht. Eesti noorsoo \u00f5petlik ja ilukirjanduslik kuukiri, 1. II 1922, lk 2.Mees, kes hingep\u00f5hjast vihkas sakslasi. \u2013 \u00d5htuleht, 7. XII 1944, lk 2. [Autori nimi puudub.]Villem Alttoa, Ado Reinvald: Luuletaja-v\u00f5itleja 25. surmap\u00e4eva puhul. \u2013 Postimees, 8. &#8230;<\/p>\n","protected":false},"author":43,"featured_media":0,"parent":7293,"menu_order":0,"comment_status":"closed","ping_status":"closed","template":"","meta":{"_acf_changed":false,"inline_featured_image":false,"footnotes":""},"class_list":["post-7296","page","type-page","status-publish","hentry"],"acf":[],"_links":{"self":[{"href":"https:\/\/sisu.ut.ee\/ewod\/et\/wp-json\/wp\/v2\/pages\/7296","targetHints":{"allow":["GET"]}}],"collection":[{"href":"https:\/\/sisu.ut.ee\/ewod\/et\/wp-json\/wp\/v2\/pages"}],"about":[{"href":"https:\/\/sisu.ut.ee\/ewod\/et\/wp-json\/wp\/v2\/types\/page"}],"author":[{"embeddable":true,"href":"https:\/\/sisu.ut.ee\/ewod\/et\/wp-json\/wp\/v2\/users\/43"}],"replies":[{"embeddable":true,"href":"https:\/\/sisu.ut.ee\/ewod\/et\/wp-json\/wp\/v2\/comments?post=7296"}],"version-history":[{"count":1,"href":"https:\/\/sisu.ut.ee\/ewod\/et\/wp-json\/wp\/v2\/pages\/7296\/revisions"}],"predecessor-version":[{"id":7297,"href":"https:\/\/sisu.ut.ee\/ewod\/et\/wp-json\/wp\/v2\/pages\/7296\/revisions\/7297"}],"up":[{"embeddable":true,"href":"https:\/\/sisu.ut.ee\/ewod\/et\/wp-json\/wp\/v2\/pages\/7293"}],"wp:attachment":[{"href":"https:\/\/sisu.ut.ee\/ewod\/et\/wp-json\/wp\/v2\/media?parent=7296"}],"curies":[{"name":"wp","href":"https:\/\/api.w.org\/{rel}","templated":true}]}}