{"id":7289,"date":"2025-05-29T14:59:59","date_gmt":"2025-05-29T11:59:59","guid":{"rendered":"https:\/\/sisu.ut.ee\/ewod\/?page_id=7289"},"modified":"2025-05-29T15:00:00","modified_gmt":"2025-05-29T12:00:00","slug":"kalju-saaberi-kohta","status":"publish","type":"page","link":"https:\/\/sisu.ut.ee\/ewod\/et\/s\/kalju-saaber\/kalju-saaberi-kohta\/","title":{"rendered":"Kalju Saaberi kohta"},"content":{"rendered":"<p><strong><em>Artiklid<\/em><\/strong><br>Aasa Sulg, <strong>K\u00fclas Kalju Saaber<\/strong>. \u2013 Edasi, 21. II 1984, lk 5.<br>Hilja Pakkanen, <strong>M\u00f5ttel\u00f5ng kohtus kodukandi kirjaniku Kalju Saaberiga<\/strong>. \u2013 Vinni valla infoleht, 1. I 2015, lk 3.<br>Mati Sirkel, <strong>\u00d5nnitleme! Kalju Saaber 75<\/strong>. \u2013 Looming, nr 10, 2019, lk 1508.<\/p>\n\n\n\n<p><strong><em>Arvustused<\/em><\/strong><br>August Eelm\u00e4e, <strong>Ringiratast Kalju Saaberi loomingu \u00fcmber<\/strong>. \u2013 Sirp ja Vasar, 24. XI 1972, lk 4. [Raamatust \u2018Romeo, Julia ja \u00f5huh\u00e4ire\u2019.]<br>Reet Krusten, <strong>Tagasivaade Kalju Saaberi loomingusse<\/strong>. \u2013 Keel ja Kirjandus, nr 4, 1973, lk 244\u2013246. [\u2018Romeo, Julia ja \u00f5huh\u00e4ire\u2019.]<br>Ilmar Kopso, <strong>Andekas, aga\u2026<\/strong> \u2013 Looming, nr 4, 1973, lk 691\u2013693. [\u2018Romeo, Julia ja \u00f5huh\u00e4ire\u2019.]<br>Oskar Kruus, <strong>Edasiminekut ei ole\u2026<\/strong> \u2013 \u00d5htuleht, 26. XII 1975, lk 2. [Raamatust \u2018Hellase k\u00f5rb\u2019.]<br>Mati Unt, <strong>Tomahook Chopin, Umberto Nobile, Hellase k\u00f5rb ja Kalju Saaber<\/strong>. \u2013 Sirp ja Vasar, 20. II 1976, lk 12. [Raamatust \u2018Hellase k\u00f5rb\u2019.]<br>Oskar Kruus, <strong>\u00dcli\u00f5pilase maskiga pseudokangelane<\/strong>. \u2013 \u00d5htuleht, 25. XII 1976, lk 2. [Raamatust \u2018Raske vesi\u2019.]<br>Aivo L\u00f5hmus, <strong>Ikka veel eelm\u00e4ng<\/strong>. \u2013 Keel ja Kirjandus, nr 2, 1977, lk 116\u2013118. [\u2018Raske vesi\u2019.]<br>Irina \u0160mutova, <strong>T\u00fchjusetunne raskest veest<\/strong>. \u2013 Tartu Riiklik \u00dclikool, 22. IV 1977. [\u2018Raske vesi\u2019.]<br>Reet Krusten, <strong>Eelm\u00e4ng on l\u00f5ppenud<\/strong>. \u2013 Looming, nr 12, 1980, lk 1775\u20131777. [Raamatust \u2018H\u00e4rgamisi\u2019.]<br>Oskar Kruus, <strong>H\u00e4dad h\u00e4irivamad, voorused v\u00e4hemad<\/strong>. \u2013 \u00d5htuleht, 13. XII 1980. lk 2. [\u2018H\u00e4rgamisi\u2019.]<br>Marika Mikli, <strong>Romaaniv\u00f5istluse kolmas<\/strong>. \u2013 Keel ja Kirjandus, nr 2, 1981, lk 113\u2013114. [\u2018H\u00e4rgamisi\u2019.]<br>Joel Sang, <strong>M\u00e4ngi, mustlane, m\u00e4ngi<\/strong>. \u2013 Looming, nr 6, 1981, lk 874. [Raamatust \u2018Kahe kodu ballaad\u2019.]<br>Evald J\u00f5gis, <strong>\u00dche j\u00e4tkamist ootava saaga puhul<\/strong>. \u2013 Rahva H\u00e4\u00e4l, 17. II 1983, lk 3. [Raamatust \u2018Kaimude raamat\u2019.]<br>Olev Remsu, <strong>Rakvere s\u00fcrrealist<\/strong>. \u2013 Keel ja Kirjandus, nr 2, 1984, lk 2. [Raamatust \u2018Puulane ja tohtlane\u2019.]<br>\u00dclo Tonts, <strong>Uued jutud, endised dilemmad<\/strong>. \u2013 Sirp ja Vasar, 24. X 1986, lk 4. [Raamatust \u2018Prantsuse kingad. Virumaa leib\u2019.]<br>Maire Liivamets, <strong>Virumaa inimesed, mis teist on saanud?<\/strong> \u2013 Reede, 13. IV 1990, lk 4. [Raamatust \u2018Hiiehobune\u2019.]<br>Olev Remsu, <strong>Monument Kaukaasia eestlastele<\/strong>. \u2013 Looming, nr 8, 1991, lk 1142\u20131143. [Raamatust \u2018Punase lageda saaga\u2019.]<br>Enn M\u00e4lgand, <strong>M\u00f5istus laagerdub enne tegu<\/strong>. \u2013 Keel ja Kirjandus, nr 10, 1988, lk 712 \u2013 713. [Raamatust \u2018Virumaa, me hingepigi. Marginaalia\u2019.]<\/p>\n\n\n\n<p><strong><em>Intervjuud<\/em><\/strong><br>Inna Gr\u00fcnfeldt, <strong>Impulss v\u00f5ib olla v\u00e4ga v\u00e4ike<\/strong>. \u2013 Virumaa Teataja, 14. X 2014, lk 6.<\/p>\n","protected":false},"excerpt":{"rendered":"<p>ArtiklidAasa Sulg, K\u00fclas Kalju Saaber. \u2013 Edasi, 21. II 1984, lk 5.Hilja Pakkanen, M\u00f5ttel\u00f5ng kohtus kodukandi kirjaniku Kalju Saaberiga. \u2013 Vinni valla infoleht, 1. I 2015, lk 3.Mati Sirkel, \u00d5nnitleme! Kalju Saaber 75. \u2013 Looming, nr 10, 2019, lk 1508. &#8230;<\/p>\n","protected":false},"author":43,"featured_media":0,"parent":7285,"menu_order":0,"comment_status":"closed","ping_status":"closed","template":"","meta":{"_acf_changed":false,"inline_featured_image":false,"footnotes":""},"class_list":["post-7289","page","type-page","status-publish","hentry"],"acf":[],"_links":{"self":[{"href":"https:\/\/sisu.ut.ee\/ewod\/et\/wp-json\/wp\/v2\/pages\/7289","targetHints":{"allow":["GET"]}}],"collection":[{"href":"https:\/\/sisu.ut.ee\/ewod\/et\/wp-json\/wp\/v2\/pages"}],"about":[{"href":"https:\/\/sisu.ut.ee\/ewod\/et\/wp-json\/wp\/v2\/types\/page"}],"author":[{"embeddable":true,"href":"https:\/\/sisu.ut.ee\/ewod\/et\/wp-json\/wp\/v2\/users\/43"}],"replies":[{"embeddable":true,"href":"https:\/\/sisu.ut.ee\/ewod\/et\/wp-json\/wp\/v2\/comments?post=7289"}],"version-history":[{"count":1,"href":"https:\/\/sisu.ut.ee\/ewod\/et\/wp-json\/wp\/v2\/pages\/7289\/revisions"}],"predecessor-version":[{"id":7290,"href":"https:\/\/sisu.ut.ee\/ewod\/et\/wp-json\/wp\/v2\/pages\/7289\/revisions\/7290"}],"up":[{"embeddable":true,"href":"https:\/\/sisu.ut.ee\/ewod\/et\/wp-json\/wp\/v2\/pages\/7285"}],"wp:attachment":[{"href":"https:\/\/sisu.ut.ee\/ewod\/et\/wp-json\/wp\/v2\/media?parent=7289"}],"curies":[{"name":"wp","href":"https:\/\/api.w.org\/{rel}","templated":true}]}}