{"id":7285,"date":"2024-04-03T23:42:13","date_gmt":"2024-04-03T20:42:13","guid":{"rendered":"https:\/\/sisu.ut.ee\/ewod\/?page_id=7285"},"modified":"2025-05-29T15:00:29","modified_gmt":"2025-05-29T12:00:29","slug":"kalju-saaber","status":"publish","type":"page","link":"https:\/\/sisu.ut.ee\/ewod\/et\/s\/kalju-saaber\/","title":{"rendered":"Kalju Saaber"},"content":{"rendered":"<figure class=\"wp-block-image alignright size-large is-resized\"><a href=\"https:\/\/sisu.ut.ee\/wp-content\/uploads\/sites\/108\/k._saaber-scaled.jpg\"><img loading=\"lazy\" decoding=\"async\" width=\"748\" height=\"1024\" src=\"https:\/\/sisu.ut.ee\/wp-content\/uploads\/sites\/108\/k._saaber-748x1024.jpg\" alt=\"\" class=\"wp-image-6193\" style=\"width:272px;height:auto\" srcset=\"https:\/\/sisu.ut.ee\/wp-content\/uploads\/sites\/108\/k._saaber-748x1024.jpg 748w, https:\/\/sisu.ut.ee\/wp-content\/uploads\/sites\/108\/k._saaber-219x300.jpg 219w, https:\/\/sisu.ut.ee\/wp-content\/uploads\/sites\/108\/k._saaber-768x1052.jpg 768w, https:\/\/sisu.ut.ee\/wp-content\/uploads\/sites\/108\/k._saaber-1121x1536.jpg 1121w, https:\/\/sisu.ut.ee\/wp-content\/uploads\/sites\/108\/k._saaber-1495x2048.jpg 1495w, https:\/\/sisu.ut.ee\/wp-content\/uploads\/sites\/108\/k._saaber-1920x2630.jpg 1920w, https:\/\/sisu.ut.ee\/wp-content\/uploads\/sites\/108\/k._saaber-scaled.jpg 1869w\" sizes=\"auto, (max-width: 748px) 100vw, 748px\"><\/a><\/figure>\n\n\n\n<p>Kalju Saaber (s\u00fcnd. 11. X 1944) on proosa- ja n\u00e4itekirjanik, lastekirjanik ning publitsist.<\/p>\n\n\n\n<p>Saaber s\u00fcndis Virumaal K\u00fcti vallas Inju-Aruv\u00e4lja k\u00fclas. Ta \u00f5ppis Paide ja Rakvere keskkoolis, t\u00f6\u00f6tas seej\u00e4rel m\u00f6\u00f6belsepana Rakvere metsakombinaadis ning l\u00f5petas 1963. aastal Rakvere 1. t\u00f6\u00f6lisnoorte keskkooli. Aastatel\u00a01964\u20131967 \u00f5ppis Saaber Tartu Riiklikus \u00dclikoolis ajalugu. Tuberkuloosi haigestumine katkestas tema \u00f5pingud. Alates\u00a01968. aastast on Kalju Saaber kutseline kirjanik. Ta on\u00a0Kirjanike Liidu\u00a0liige aastast\u00a01979. Saaber elab Rakveres.<\/p>\n\n\n\n<p>Saaber deb\u00fcteeris 1965. aastal ajakirjas Noorus jutuga \u201eKilde m\u00f6\u00f6belsepa p\u00e4evikust\u201c ning avaldas seej\u00e4rel ajakirjanduses mitmeid novelle ja jutustusi. Nende paremik on koondatud esikkogusse \u201eRomeo, Julia ja \u00f5huh\u00e4ire\u201c. J\u00e4rgnesid mitmed novellikogud ja jutustused ning romaan \u201eRaske vesi\u201c. Novelli \u201eMustlased\u201c ainetel valmis filmistuudios Tallinnfilm l\u00fchifilm \u201eT\u00e4toveering\u201c (1977, re\u017eiss\u00f6\u00f6r Peeter Simm; filmi kunstiline juhendaja oli Andrei Tarkovski). Saaberi varasem proosalooming on tulvil s\u00fcmboolikat ja m\u00f5jutusi teistelt kirjanikelt. Teoste tegevuspaigad on sageli eksootilised, stiil teatraalselt kujundik\u00fcllane. Autor keskendub noore inimese isiksuseks kujunemise murdepunktidele.<\/p>\n\n\n\n<p>Hilisemas loomingus muutus Saaberi loomelaad realistlikumaks. Ta on kujutanud elu Virumaa k\u00fclades rasketel s\u00f5jaj\u00e4rgsetel aegadel ja kolhooside moodustamist. Romaanis \u201eH\u00e4rgamisi\u201c (1980) on vaatluse all talupoeglike eluv\u00e4\u00e4rtustega mehe traagiline eluk\u00e4ik 1940. aastate ajaloos\u00fcndmuste keerises. Selle raamatu eest p\u00e4lvis Saaber 1981. aastal Eduard Vilde nimeline kirjandusauhinna.<\/p>\n\n\n\n<p>Saaberi n\u00e4idend \u201eVirumaa leib\u201c (lavastatud 1980. aastal) annab panoraamvaate k\u00fclaelust s\u00f5jaj\u00e4rgsetel k\u00fcmnenditel. N\u00e4idendiga \u201eKontv\u00f5\u00f5rad\u201c (lavastatud 1987. aastal) reageeris autor forsforiidikaevanduste rajamise ohule. Dokumentaalse alusega romaanis \u201ePunaselageda saaga\u201c p\u00fchendus Kalju Saaber 19. sajandil Siberisse ja Kaukasusse v\u00e4lja r\u00e4nnanud eesti taluperede saatuste talletamisele. Teost p\u00e4rjati 1991. aastal Virumaa kirjandusauhinnaga ja 1992. aastal Eduard Vilde nimelise kirjandusauhinnaga.<\/p>\n\n\n\n<p>Saaber on kirjutanud ka lastejutte, luuletusi, humoreske, kultuurikriitikat ja reisikirju, samuti stsenaariume dokumentaalfilmidele. Ta on koostanud kogumiku \u201eVirumaast ja virulastest\u201c ning koguteose \u201eVirumaa\u201c (1996). Tema koduloolisi artikleid sisaldab kogumik \u201eVirumaa, me hingepigi: marginaalia\u201c (1998). Rakvere linna 700. aastap\u00e4evaks avaldatud \u201eRakvere lugemik\u201c (2002) on esseistlik linnakroonika, mis koondab m\u00f5tisklusi linnale olulistest s\u00fcndmusest, paikadest ja isikutest.<\/p>\n\n\n\n<p>2007. aastal autasustati Kalju Saaberit Rakvere Kroonim\u00e4rgiga.<\/p>\n\n\n\n<p>Saaberi romaan \u201eH\u00e4rgamisi\u201c on ilmunud vene keeles. Tema l\u00fchiproosat ja lastejutte on avaldatud k\u00fcmmekonnas keeles.<\/p>\n\n\n\n<p><em>L. P.<\/em><\/p>\n\n\n\n<h4 class=\"wp-block-heading\"><br>Raamatud eesti keeles<\/h4>\n\n\n\n<p><em><strong>Romaanid<\/strong><\/em><br><strong>Raske vesi<\/strong>. Tallinn: Eesti Raamat, 1976. 224 lk.<br><strong>H\u00e4rgamisi<\/strong>. Tallinn: Eesti Raamat, 1980. 232 lk.<br><strong>Puulane ja Tohtlane. \u00dche perenaise saaga<\/strong>. Tallinn: Eesti Raamat, 1983. 303 lk.<br><strong>Hiiehobune<\/strong>. Tallinn: Eesti Raamat, 1989. 254 lk.<br><strong>Punaselageda saaga<\/strong>. Tallinn: Eesti Raamat, 1991. 479 lk.<br><strong>Luukere Atu<\/strong>. Tallinn: Avita, 2001. 253 lk.<br><strong>Kohtume Islandi v\u00e4raval<\/strong>. Tallinn: Eesti Raamat, 2013. 206 lk.<br><strong>S\u00f5idud Luukase ja Keesuga<\/strong>. Tallinn: Eesti Raamat, 2015. 269 lk.<\/p>\n\n\n\n<p><em><strong>L\u00fchiproosa<\/strong><\/em><br><strong>Romeo, Julia ja \u00f5huh\u00e4ire<\/strong>. Tallinn: Eesti Raamat, 1972. 296 lk.<br><strong>Hellase k\u00f5rb<\/strong>. Tallinn: Eesti Raamat, 1975. 182 lk.<br><strong>Mees, naine ja bernhardiin<\/strong>. Tallinn: Perioodika, 1978. 37 lk.<br><strong>Meri: impressioon<\/strong>. Tallinn: Eesti Raamat, 1978. 196 lk.<br><strong>Kahe kodu ballaad<\/strong>. Tallinn: Eesti Raamat, 1980. 192 lk.<br><strong>Prantsuse kingad; Virumaa leib<\/strong>. Tallinn: Eesti Raamat, 1986. 164 lk. [Jutte ja n\u00e4idend.]<br><strong>Haruldast t\u00f5ugu issi<\/strong>. Tallinn: Varrak, 2004. 198 lk.<br><strong>Meister tegi, h\u00e4sti tegi<\/strong>. Tallinn: TEA Kirjastus, 2007. 109 lk.<br><strong>Issanda loomaaed. Viru sektor<\/strong>. Tallinn: Eesti Raamat, 2007. 357 lk. [Jutte ja n\u00e4idend.]<\/p>\n\n\n\n<p><em><strong>N\u00e4idendid<\/strong><\/em><br><strong>Prantsuse kingad; Virumaa leib<\/strong>. Tallinn: Eesti Raamat, 1986. 164 lk. [Jutte ja n\u00e4idend.]<br><strong>Issanda loomaaed. Viru sektor<\/strong>. Tallinn: Eesti Raamat, 2007. 357 lk. [Jutte ja n\u00e4idend.]<\/p>\n\n\n\n<p><em><strong>Lasteraamatud<\/strong><\/em><br><strong>Nille, V\u00e4rten ja Peopesa<\/strong>. Tallinn: Eesti Raamat, 1981. 79 lk.<br><strong>On<\/strong>. Tallinn: Eesti Raamat, 1984. 18 lk.<br><strong>Saurusesuvi<\/strong>. P\u00e4rnu: Perona, 1993. 183 lk.<br><strong>Lepatriinu asfaldil<\/strong>. Tallinn: TEA Kirjastus, 2007. 142 lk.<br><strong>Palju v\u00e4ikseid virmalisi<\/strong>. Tallinn: TEA Kirjastus, 2007. 114 lk.<br><strong>Sipelgad ja suvitajad<\/strong>. Tallinn: Eesti Raamat, 2017. 157 lk.<br><strong>Vanat\u00e4di valged elevandid<\/strong>. Tallinn: Eesti Raamat, 2019. 191 lk.<\/p>\n\n\n\n<p><em><strong>Publitsistika<\/strong><\/em><br><strong>Kaimude raamat. Publitsistikat ja reisikirju 1974\u20131980 [1. osa]<\/strong>. Tallinn: Eesti Raamat, 1982. 159 lk.<br><strong>Kaimude raamat. Publitsistikat ja reisikirju 1979\u20131985 [2. osa]<\/strong>. Tallinn: Eesti Raamat, 1982. 253 lk.<br><strong>Virumaa, me hingepigi: marginaalia<\/strong>. Rakvere: L\u00e4\u00e4ne-Viru Maavalitsus, 1998. 96 lk.<br><strong>Rakvere lugemik: linnakodanikele passieast vanaduseni<\/strong>. Rakvere: T\u00e4nap\u00e4ev, 2002. 180 lk.<\/p>\n\n\n\n<h4 class=\"wp-block-heading\"><a href=\"https:\/\/sisu.ut.ee\/ewod\/et\/s\/kalju-saaber\/kalju-saaberi-kohta\/\" data-type=\"page\" data-id=\"7289\">Artiklid ja arvustused Kalju Saaberi kohta<\/a><\/h4>\n","protected":false},"excerpt":{"rendered":"<p>Kalju Saaber (s\u00fcnd. 11. X 1944) on proosa- ja n\u00e4itekirjanik, lastekirjanik ning publitsist. Saaber s\u00fcndis Virumaal K\u00fcti vallas Inju-Aruv\u00e4lja k\u00fclas. Ta \u00f5ppis Paide ja Rakvere keskkoolis, t\u00f6\u00f6tas seej\u00e4rel m\u00f6\u00f6belsepana Rakvere metsakombinaadis ning l\u00f5petas 1963. aastal Rakvere 1. t\u00f6\u00f6lisnoorte keskkooli. Aastatel\u00a01964\u20131967 &#8230;<\/p>\n","protected":false},"author":43,"featured_media":0,"parent":6505,"menu_order":0,"comment_status":"closed","ping_status":"closed","template":"","meta":{"_acf_changed":false,"inline_featured_image":false,"footnotes":""},"class_list":["post-7285","page","type-page","status-publish","hentry"],"acf":[],"_links":{"self":[{"href":"https:\/\/sisu.ut.ee\/ewod\/et\/wp-json\/wp\/v2\/pages\/7285","targetHints":{"allow":["GET"]}}],"collection":[{"href":"https:\/\/sisu.ut.ee\/ewod\/et\/wp-json\/wp\/v2\/pages"}],"about":[{"href":"https:\/\/sisu.ut.ee\/ewod\/et\/wp-json\/wp\/v2\/types\/page"}],"author":[{"embeddable":true,"href":"https:\/\/sisu.ut.ee\/ewod\/et\/wp-json\/wp\/v2\/users\/43"}],"replies":[{"embeddable":true,"href":"https:\/\/sisu.ut.ee\/ewod\/et\/wp-json\/wp\/v2\/comments?post=7285"}],"version-history":[{"count":3,"href":"https:\/\/sisu.ut.ee\/ewod\/et\/wp-json\/wp\/v2\/pages\/7285\/revisions"}],"predecessor-version":[{"id":7291,"href":"https:\/\/sisu.ut.ee\/ewod\/et\/wp-json\/wp\/v2\/pages\/7285\/revisions\/7291"}],"up":[{"embeddable":true,"href":"https:\/\/sisu.ut.ee\/ewod\/et\/wp-json\/wp\/v2\/pages\/6505"}],"wp:attachment":[{"href":"https:\/\/sisu.ut.ee\/ewod\/et\/wp-json\/wp\/v2\/media?parent=7285"}],"curies":[{"name":"wp","href":"https:\/\/api.w.org\/{rel}","templated":true}]}}