{"id":7280,"date":"2025-05-29T14:32:08","date_gmt":"2025-05-29T11:32:08","guid":{"rendered":"https:\/\/sisu.ut.ee\/ewod\/?page_id=7280"},"modified":"2025-05-29T14:32:09","modified_gmt":"2025-05-29T11:32:09","slug":"linda-ruudi-kohta","status":"publish","type":"page","link":"https:\/\/sisu.ut.ee\/ewod\/et\/r\/linda-ruud\/linda-ruudi-kohta\/","title":{"rendered":"Linda Ruudi kohta"},"content":{"rendered":"<p><em><strong>Artiklid<\/strong><\/em><br>Rein P\u00f5der, <strong>Rongid l\u00e4bi lapsep\u00f5lve, s\u00f5jakriips l\u00e4bi elu<\/strong>. \u2013 Keel ja Kirjandus, nr 12, 1992, lk 746\u2013748. [Essee Linda Ruudi elust, mis aitab tema loomingut m\u00f5ista.]<br>Oskar Kruus, <strong>Linda Ruudil on \u00fcmmargune s\u00fcnnip\u00e4ev<\/strong>. \u2013 Sirp, 4. XII 1992, lk 3.<br><strong>[Nekroloog]<\/strong>. \u2013 Sirp, 23. VII 2010, lk 20.<br><strong>[Nekroloog]<\/strong>. \u2013 Looming, nr 8, 2010, lk 1182\u20131183.<\/p>\n\n\n\n<p><strong><em>Arvustused<\/em><\/strong><br>Endel Priidel, <strong>Viis v\u00e4rsket v\u00e4rsivihku<\/strong>. \u2013 \u00d5htuleht, 12. XI 1962, lk 1.<br>Mari Viiding, <strong>Linda Ruud: \u2018Mu s\u00fcdames on p\u00fchap\u00e4ev\u2019<\/strong>. \u2013 Edasi, 9. XII 1962, lk 3.<br>Vello Pohla, <strong>Uus luulekassett \u2018Noored autorid 1962\u2019 kajastab t\u00e4nap\u00e4eva<\/strong>. \u2013 Noorte H\u00e4\u00e4l, 25. I 1963, lk 2\u20133.<br>Heldur Niit, <strong>M\u00f5tlemisi ja \u00fclem\u00f5tlemisi<\/strong>. \u2013 Noorte H\u00e4\u00e4l, 9. II 1963, lk 2.<br>Ralf Parve, <strong>Noored autorid 1962<\/strong>. \u2013 Keel ja Kirjandus, nr 3, 1963, lk 179\u2013183. [Raamatust \u2018Mu s\u00fcdames on p\u00fchap\u00e4ev\u2019 lk 180.]<br>Jaan Kross, <strong>Viie deb\u00fc\u00fct<\/strong>. \u2013 Looming, nr 3, 1963, lk 462\u2013471. [Linda Ruudist lk 464\u2013466.]<br>August Eelm\u00e4e, <strong>Luuletaja elu<\/strong>. \u2013 Rahva H\u00e4\u00e4l, 7. IV 1963, lk 3.<br>Hando Runnel, <strong>Uskumine ja ebalus<\/strong>. \u2013 Looming, nr 2, 1974, lk 341\u2013342. [Raamatust \u2018Naera, Kassandra\u2019.]<br>Oskar Kruus, <strong>Laulud p\u00e4rast p\u00fchap\u00e4eva<\/strong>. \u2013 \u00d5htuleht, 6. III 1974, lk 2. [\u2018Naera, Kassandra\u2019.]<br>Leili Iher, <strong>\u00dcksteist aastat hiljem ehk tulnud paljajalu<\/strong>. \u2013 Keel ja Kirjandus, nr 7, 1974, lk 435\u2013436. [\u2018Naera, Kassandra\u2019.]<br>Ene Veiper, <strong>Veel \u00fcks naisteromaan<\/strong>. \u2013 Looming, nr 4, 1980, lk 580\u2013582. [Romaanist \u2018Naine vabast ajast\u2019.]<br>Mall Reinold, <strong>Naine vabal ajal ja emantsipatsiooni ajal<\/strong>. \u2013 Keel ja Kirjandus, nr 5, 1980, lk 302\u2013304. [\u2018Naine vabast ajast\u2019.]<br>Peeter Olesk, <strong>L\u00e4kitus \u00fchest raamatust<\/strong>. \u2013 Sirp ja Vasar, 13. VI 1980, lk 7. [\u2018Naine vabast ajast\u2019.]<br>Barbi Pilvre, <strong>Kokkuv\u00f5tlikult<\/strong>. \u2013 Vikerkaar, nr 1, 1990, lk 92\u201394. [Linda Ruudist lk 94.]<\/p>\n","protected":false},"excerpt":{"rendered":"<p>ArtiklidRein P\u00f5der, Rongid l\u00e4bi lapsep\u00f5lve, s\u00f5jakriips l\u00e4bi elu. \u2013 Keel ja Kirjandus, nr 12, 1992, lk 746\u2013748. [Essee Linda Ruudi elust, mis aitab tema loomingut m\u00f5ista.]Oskar Kruus, Linda Ruudil on \u00fcmmargune s\u00fcnnip\u00e4ev. \u2013 Sirp, 4. XII 1992, lk 3.[Nekroloog]. \u2013 &#8230;<\/p>\n","protected":false},"author":43,"featured_media":0,"parent":7277,"menu_order":0,"comment_status":"closed","ping_status":"closed","template":"","meta":{"_acf_changed":false,"inline_featured_image":false,"footnotes":""},"class_list":["post-7280","page","type-page","status-publish","hentry"],"acf":[],"_links":{"self":[{"href":"https:\/\/sisu.ut.ee\/ewod\/et\/wp-json\/wp\/v2\/pages\/7280","targetHints":{"allow":["GET"]}}],"collection":[{"href":"https:\/\/sisu.ut.ee\/ewod\/et\/wp-json\/wp\/v2\/pages"}],"about":[{"href":"https:\/\/sisu.ut.ee\/ewod\/et\/wp-json\/wp\/v2\/types\/page"}],"author":[{"embeddable":true,"href":"https:\/\/sisu.ut.ee\/ewod\/et\/wp-json\/wp\/v2\/users\/43"}],"replies":[{"embeddable":true,"href":"https:\/\/sisu.ut.ee\/ewod\/et\/wp-json\/wp\/v2\/comments?post=7280"}],"version-history":[{"count":1,"href":"https:\/\/sisu.ut.ee\/ewod\/et\/wp-json\/wp\/v2\/pages\/7280\/revisions"}],"predecessor-version":[{"id":7281,"href":"https:\/\/sisu.ut.ee\/ewod\/et\/wp-json\/wp\/v2\/pages\/7280\/revisions\/7281"}],"up":[{"embeddable":true,"href":"https:\/\/sisu.ut.ee\/ewod\/et\/wp-json\/wp\/v2\/pages\/7277"}],"wp:attachment":[{"href":"https:\/\/sisu.ut.ee\/ewod\/et\/wp-json\/wp\/v2\/media?parent=7280"}],"curies":[{"name":"wp","href":"https:\/\/api.w.org\/{rel}","templated":true}]}}