{"id":7277,"date":"2024-04-03T23:40:44","date_gmt":"2024-04-03T20:40:44","guid":{"rendered":"https:\/\/sisu.ut.ee\/ewod\/?page_id=7277"},"modified":"2025-05-29T14:33:37","modified_gmt":"2025-05-29T11:33:37","slug":"linda-ruud","status":"publish","type":"page","link":"https:\/\/sisu.ut.ee\/ewod\/et\/r\/linda-ruud\/","title":{"rendered":"Linda Ruud"},"content":{"rendered":"<figure class=\"wp-block-image alignright size-large is-resized\"><a href=\"https:\/\/sisu.ut.ee\/wp-content\/uploads\/sites\/108\/linda_ruud-scaled.jpg\"><img loading=\"lazy\" decoding=\"async\" width=\"688\" height=\"1024\" src=\"https:\/\/sisu.ut.ee\/wp-content\/uploads\/sites\/108\/linda_ruud-688x1024.jpg\" alt=\"\" class=\"wp-image-6111\" style=\"width:303px;height:auto\" srcset=\"https:\/\/sisu.ut.ee\/wp-content\/uploads\/sites\/108\/linda_ruud-688x1024.jpg 688w, https:\/\/sisu.ut.ee\/wp-content\/uploads\/sites\/108\/linda_ruud-202x300.jpg 202w, https:\/\/sisu.ut.ee\/wp-content\/uploads\/sites\/108\/linda_ruud-768x1143.jpg 768w, https:\/\/sisu.ut.ee\/wp-content\/uploads\/sites\/108\/linda_ruud-1032x1536.jpg 1032w, https:\/\/sisu.ut.ee\/wp-content\/uploads\/sites\/108\/linda_ruud-1376x2048.jpg 1376w, https:\/\/sisu.ut.ee\/wp-content\/uploads\/sites\/108\/linda_ruud-scaled.jpg 1720w\" sizes=\"auto, (max-width: 688px) 100vw, 688px\"><\/a><\/figure>\n\n\n\n<p>Linda Ruud (7. XII 1932 \u2013 23. VI 2010) oli luuletaja ja prosaist.<\/p>\n\n\n\n<p>Linda Ruud s\u00fcndis J\u00e4rvamaal Lehtses raudteelase ja \u00f5petajanna t\u00fctrena. Tulevase luuletaja edasist kujunemist m\u00e4\u00e4rasid s\u00f5jaj\u00e4rgsed napid olud, tollane kooliatmosf\u00e4\u00e4r, millele kodu, eriti kooli\u00f5petajannast ema, m\u00f5ndagi puuduj\u00e4\u00e4vat lisas, s\u00f5jast toibuv Tartu ja Tartu \u00fclikooli kestev vaimsus.<\/p>\n\n\n\n<p>Pere kolis Tapale 1936. aastal, seal l\u00f5petas Ruud 1951. aastal keskkooli. Seej\u00e4rel asus ta \u00f5ppima Tartu Riikliku \u00dclikooli ajalookeeleteaduskonda loogika ja ps\u00fchholoogia erialale. T\u00f6\u00f6tas Tapa rajoonilehtede juures, t\u00f5lgina Tallinnas ajalehe \u201e\u00d5htuleht\u201d toimetuses. Pikemat aega t\u00f6\u00f6tas Linda Ruud kirjastuses \u201eEesti Raamat\u201d toimetajana. Ta oli kaksk\u00fcmmend viis aastat (1964-1989) kodumaise luule toimetaja. Tema t\u00f6\u00f6laualt k\u00e4is l\u00e4bi kogu selle perioodi eesti luule.<\/p>\n\n\n\n<p>Linda Ruudi luuletajadeb\u00fc\u00fct toimus 1962. aastal. Ta oli tollal uudse n\u00e4htuse, \u201eNoorte luuletajate\u201d esimese luulekasseti ainus naisautor, kaaslasteks Paul-Eerik Rummo, Arvi Siig, Mats Traat ja Enn Vetemaa. See ja j\u00e4rgnevad luulekassetid osutusid eesti kultuuriloos murranguliseks, tolleaegseid noori luuletajaid tuntakse t\u00e4nini \u201ckassetip\u00f5lvkonnana\u201d. Esimeses kassetis leiduv Ruudi esikkogu kandis optimistlikku pealkirja \u201eMu s\u00fcdames on p\u00fchap\u00e4ev\u201d. M\u00f5tlikum, laiahaardelisem, filosoofilisem oli 1973. aastal ilmunud luulekogu \u201eNaera, Kassandra\u201d. Linda Ruudi luuletajatee l\u00f5petas 1989. aastal ilmunud kolmas kogu \u201eM\u00f5te Tulemaast\u201d.<\/p>\n\n\n\n<p>Luulekogude vahel ilmus 1979. aastal Ruudi ainus romaan \u201eNaine vabast ajast\u201d.<\/p>\n\n\n\n<p>Ruud on avaldanud ka luuleraamatute arvustusi ja koostanud mitmeid luulevalimikke.<\/p>\n\n\n\n<p><em>L. P.<\/em><\/p>\n\n\n\n<h4 class=\"wp-block-heading\"><br>Raamatud eesti keeles<\/h4>\n\n\n\n<p><em><strong>Luule<\/strong><\/em><br><strong>Mu s\u00fcdames on p\u00fchap\u00e4ev<\/strong>: luuletusi 1955\u20131962. Tallinn: Eesti Riiklik Kirjastus, 1962, 44 lk.<br><strong>Naera, Kassandra<\/strong>: v\u00e4rsse, 1963\u20131972. Tallinn: Eesti Raamat, 1973, 72 lk.<br><strong>M\u00f5te Tulemaast<\/strong>: v\u00e4rsse, 1980\u20131987. Tallinn: Eesti Raamat, 1989, 91 lk.<\/p>\n\n\n\n<p><em><strong>Romaan<\/strong><\/em><br><strong>Naine vabast ajast<\/strong>. Tallinn: Eesti Raamat, 1979, 105 lk.<\/p>\n\n\n\n<h4 class=\"wp-block-heading\"><a href=\"https:\/\/sisu.ut.ee\/ewod\/et\/r\/linda-ruud\/linda-ruudi-kohta\/\" data-type=\"page\" data-id=\"7280\">Artiklid ja arvustused Linda Ruudi kohta<\/a><\/h4>\n","protected":false},"excerpt":{"rendered":"<p>Linda Ruud (7. XII 1932 \u2013 23. VI 2010) oli luuletaja ja prosaist. Linda Ruud s\u00fcndis J\u00e4rvamaal Lehtses raudteelase ja \u00f5petajanna t\u00fctrena. Tulevase luuletaja edasist kujunemist m\u00e4\u00e4rasid s\u00f5jaj\u00e4rgsed napid olud, tollane kooliatmosf\u00e4\u00e4r, millele kodu, eriti kooli\u00f5petajannast ema, m\u00f5ndagi puuduj\u00e4\u00e4vat lisas, &#8230;<\/p>\n","protected":false},"author":43,"featured_media":0,"parent":6503,"menu_order":0,"comment_status":"closed","ping_status":"closed","template":"","meta":{"_acf_changed":false,"inline_featured_image":false,"footnotes":""},"class_list":["post-7277","page","type-page","status-publish","hentry"],"acf":[],"_links":{"self":[{"href":"https:\/\/sisu.ut.ee\/ewod\/et\/wp-json\/wp\/v2\/pages\/7277","targetHints":{"allow":["GET"]}}],"collection":[{"href":"https:\/\/sisu.ut.ee\/ewod\/et\/wp-json\/wp\/v2\/pages"}],"about":[{"href":"https:\/\/sisu.ut.ee\/ewod\/et\/wp-json\/wp\/v2\/types\/page"}],"author":[{"embeddable":true,"href":"https:\/\/sisu.ut.ee\/ewod\/et\/wp-json\/wp\/v2\/users\/43"}],"replies":[{"embeddable":true,"href":"https:\/\/sisu.ut.ee\/ewod\/et\/wp-json\/wp\/v2\/comments?post=7277"}],"version-history":[{"count":3,"href":"https:\/\/sisu.ut.ee\/ewod\/et\/wp-json\/wp\/v2\/pages\/7277\/revisions"}],"predecessor-version":[{"id":7282,"href":"https:\/\/sisu.ut.ee\/ewod\/et\/wp-json\/wp\/v2\/pages\/7277\/revisions\/7282"}],"up":[{"embeddable":true,"href":"https:\/\/sisu.ut.ee\/ewod\/et\/wp-json\/wp\/v2\/pages\/6503"}],"wp:attachment":[{"href":"https:\/\/sisu.ut.ee\/ewod\/et\/wp-json\/wp\/v2\/media?parent=7277"}],"curies":[{"name":"wp","href":"https:\/\/api.w.org\/{rel}","templated":true}]}}