{"id":7249,"date":"2025-05-14T14:16:50","date_gmt":"2025-05-14T11:16:50","guid":{"rendered":"https:\/\/sisu.ut.ee\/ewod\/?page_id=7249"},"modified":"2025-05-14T14:17:11","modified_gmt":"2025-05-14T11:17:11","slug":"mari-saadi-kohta","status":"publish","type":"page","link":"https:\/\/sisu.ut.ee\/ewod\/et\/s\/mari-saat\/mari-saadi-kohta\/","title":{"rendered":"Mari Saadi kohta"},"content":{"rendered":"<p><strong><em>Artiklid<\/em><\/strong><em><strong>, k\u00e4sitlused raamatutes<\/strong><\/em><br>Sirje Endre, <strong>Mari Saat \u2013 tunnete uurija<\/strong>. \u2013 Kodumaa 5. III 1980<br>Aarne Ruben, <strong>Madonna eksamilehega ehk \u00fchikakirjandusest<\/strong>. \u2013 P\u00e4evaleht 25. I 1995<br>Epp Annus, <strong>Narratiivi staatilisest d\u00fcnaamikast<\/strong>. \u2013 Keel ja Kirjandus, nr 6, 1997, lk 361-369 [Ilmunud ka: V\u00f5lus ja vaimus, valguses ja varjus: Mari Saadi maailm. Et\u00fc\u00fcde n\u00fc\u00fcdiskultuurist 5. Toimetaja Mari Laaniste. Tallinn, Tartu: Tartu \u00dclikooli Kirjastus, 2015, lk 90-99]<br>Janika Kronberg, <strong>Ja liha saab s\u00f5naks: m\u00e4rkmeid Mari Saadi proosast<\/strong>. \u2013 Looming, nr 9, 1997, lk 1260-1268 [Ilmunud ka: V\u00f5lus ja vaimus, valguses ja varjus: Mari Saadi maailm. Et\u00fc\u00fcde n\u00fc\u00fcdiskultuurist 5. Toimetaja Mari Laaniste. Tallinn, Tartu: Tartu \u00dclikooli Kirjastus, 2015, lk 107-115]<br>Eeva Park, <strong>Hea raamat elab oma elu ka ilma autorita<\/strong>. \u2013 Eesti P\u00e4evaleht 18. III 2000<br>K\u00e4rt Hellerma, <strong>Teel paradiisi: lunastuse liigid<\/strong>. \u2013 Sirp 5. VI 2009<br>Luule Epner, <strong>T\u00f5elus ja unes-elu: t\u00e4helepanekuid Mari saadi tegelaste tajukogemusest<\/strong>. \u2013 Looming, nr 5, 2012, lk 719-729 [Ilmunud ka: V\u00f5lus ja vaimus, valguses ja varjus: Mari Saadi maailm. Et\u00fc\u00fcde n\u00fc\u00fcdiskultuurist 5. Toimetaja Mari Laaniste. Tallinn, Tartu: Tartu \u00dclikooli Kirjastus, 2015, lk 29-39]<br>Johanna Ross, <strong>Plath ja Saat, Esther ja Eed: v\u00f5rdlev lugemine<\/strong>. \u2013 Peegeldused kirjanduse sees ja \u00fcmber: teesid 6.-7. juuli 2012 (N\u00fcpli kevadkool, 19). Tartu, 2012, lk 29-30<br>Epp Annus, <strong>Koolivormis koll: Mari Saadi pooldunud probleemid<\/strong>. \u2013 V\u00f5lus ja vaimus, valguses ja varjus: Mari Saadi maailm. Et\u00fc\u00fcde n\u00fc\u00fcdiskultuurist 5. Toimetaja Mari Laaniste. Tallinn, Tartu: Tartu \u00dclikooli Kirjastus, 2015, lk 11-21<br>Paula Randver, <strong>Mari Saadi \u201eLasnam\u00e4e lunastaja\u201c seosed Uue Testamendi ja Eduard Vilde \u201eLunastusega\u201c<\/strong>. \u2013 V\u00f5lus ja vaimus, valguses ja varjus: Mari Saadi maailm. Et\u00fc\u00fcde n\u00fc\u00fcdiskultuurist 5. Toimetaja Mari Laaniste. Tallinn, Tartu: Tartu \u00dclikooli Kirjastus, 2015, lk 62-68<br>Johanna Ross, <strong>Mari Saat \u2013 feministlik, naissoost, naiselik?: Pilguheit loomingusse ja selle vastuv\u00f5ttu<\/strong>. \u2013 V\u00f5lus ja vaimus, valguses ja varjus: Mari Saadi maailm. Et\u00fc\u00fcde n\u00fc\u00fcdiskultuurist 5. Toimetaja Mari Laaniste. Tallinn, Tartu: Tartu \u00dclikooli Kirjastus, 2015, lk 40-54<br>Ele S\u00fcvalep, <strong>Mari Saat, luuletaja<\/strong>. \u2013 V\u00f5lus ja vaimus, valguses ja varjus: Mari Saadi maailm. Et\u00fc\u00fcde n\u00fc\u00fcdiskultuurist 5. Toimetaja Mari Laaniste. Tallinn, Tartu: Tartu \u00dclikooli Kirjastus, 2015, lk 22-28<br>Rein Veidemann, <strong>Mari Saadi h\u00f5\u00f5guv eetos<\/strong>. \u2013 Postimees 31. X 2015<br>Piret Viires, <strong>Mari Saat uues ja vanas vaates<\/strong>. \u2013 V\u00f5lus ja vaimus, valguses ja varjus: Mari Saadi maailm. Et\u00fc\u00fcde n\u00fc\u00fcdiskultuurist 5. Toimetaja Mari Laaniste. Tallinn, Tartu: Tartu \u00dclikooli Kirjastus, 2015, lk 6-7<br>Johanna Ross, <strong>Aira Kaalust Mari Saadini: N\u00f5ukogude eesti naisarenguromaan ja selle lugemisviisid<\/strong>. Doktorit\u00f6\u00f6. Tartu: Tartu \u00dclikooli Kirjastus, 2018, 306 lk<br>Silja Vuorikuru, <strong>Mere kujutamine Mari Saadi romaanis \u201eLasnam\u00e4e lunastaja\u201c<\/strong>. \u2013 Keel ja Kirjandus, nr 5, 2019, lk 329-344.<\/p>\n\n\n\n<p><em><strong>Arvustused<\/strong><\/em><br>Villem Alttoa, <strong>Katastroofiks lahenduv kaksikkolmnurk<\/strong>. \u2013 Noorte H\u00e4\u00e4l 9. IX 1973 [\u201eKatastroof\u201c]<br>Ene Mihkelson, <strong>Sugugi mitte kolmnurkadest<\/strong>. \u2013 Keel ja Kirjandus, nr 1, 1974, lk 55-56 [Ilmunud ka: V\u00f5lus ja vaimus, valguses ja varjus: Mari Saadi maailm. Et\u00fc\u00fcde n\u00fc\u00fcdiskultuurist 5. Toimetaja Mari Laaniste. Tallinn, Tartu: Tartu \u00dclikooli Kirjastus, 2015, lk 70-72] [\u201eKatastroof\u201c]<br>Mati Unt, <strong>Mari Saat kui Naine<\/strong>. \u2013 Sirp ja Vasar 28. III 1975 [Ilmunud ka: V\u00f5lus ja vaimus, valguses ja varjus: Mari Saadi maailm. Et\u00fc\u00fcde n\u00fc\u00fcdiskultuurist 5. Toimetaja Mari Laaniste. Tallinn, Tartu: Tartu \u00dclikooli Kirjastus, 2015, lk 73-75] [\u201eRoosipungad\u201c]<br>Toomas Haug, <strong>Mari Saat uues vaates<\/strong>. \u2013 Sirp ja Vasar 27. X 1978 [Ilmunud ka: V\u00f5lus ja vaimus, valguses ja varjus: Mari Saadi maailm. Et\u00fc\u00fcde n\u00fc\u00fcdiskultuurist 5. Toimetaja Mari Laaniste. Tallinn, Tartu: Tartu \u00dclikooli Kirjastus, 2015, lk 76-77] [\u201eMida teha emaga?\u201c]<br>Ene Mihkelson, <strong>Mis on armastuse m\u00f5te?<\/strong>. \u2013 Sirp ja Vasar 25. VII 1980 [Ilmunud ka: V\u00f5lus ja vaimus, valguses ja varjus: Mari Saadi maailm. Et\u00fc\u00fcde n\u00fc\u00fcdiskultuurist 5. Toimetaja Mari Laaniste. Tallinn, Tartu: Tartu \u00dclikooli Kirjastus, 2015, lk 78-80] [\u201eLaanep\u00fc\u00fc\u201c]<br>Mihkel Mutt, <strong>Tehnokraatia hiilgus ja viletsus<\/strong>. \u2013 Looming, nr 8, 1980, lk 1189-1192 [Ilmunud ka: V\u00f5lus ja vaimus, valguses ja varjus: Mari Saadi maailm. Et\u00fc\u00fcde n\u00fc\u00fcdiskultuurist 5. Toimetaja Mari Laaniste. Tallinn, Tartu: Tartu \u00dclikooli Kirjastus, 2015, lk 81-86] [\u201eLaanep\u00fc\u00fc\u201c]<br>Olev Remsu, <strong>Mari Saat \u201e\u00d5un valguses ja varjus\u201c<\/strong>. \u2013 Edasi 20. X 1984<br>Jaak J\u00f5er\u00fc\u00fct, <strong>Nagu mingi kaunis saladus\u2026<\/strong>\u2013 Looming, nr 6, 1985, lk 845-846 [Ilmunud ka: V\u00f5lus ja vaimus, valguses ja varjus: Mari Saadi maailm. Et\u00fc\u00fcde n\u00fc\u00fcdiskultuurist 5. Toimetaja Mari Laaniste. Tallinn, Tartu: Tartu \u00dclikooli Kirjastus, 2015, lk 87-89] [\u201e\u00d5un valguses ja varjus\u201c]<br>Aivar Kull, <strong>Miks ma olen siin?<\/strong>. \u2013 Noorte H\u00e4\u00e4l 8. IX 1985 [Ilmunud ka: Aivar Kull, Kulli pilk. Tartu: Ilmamaa, 2005, lk 205-209] [\u201e\u00d5un valguses ja varjus\u201c]<br>\u00dclo Mattheus, <strong>Tapmise ja armastamise vahel<\/strong>. \u2013 Looming, nr 5, 1991, lk 703-705 [Ilmunud ka: V\u00f5lus ja vaimus, valguses ja varjus: Mari Saadi maailm. Et\u00fc\u00fcde n\u00fc\u00fcdiskultuurist 5. Toimetaja Mari Laaniste. Tallinn, Tartu: Tartu \u00dclikooli Kirjastus, 2015, lk 100-103] [\u201eV\u00f5lu ja vaim\u201c 1. rmt]<br>Marika Mikli, <strong>Kirjaoskuse \u00f5nnistus<\/strong>. \u2013 Sirp 7. VI 1991 [\u201eV\u00f5lu ja vaim\u201c]<br>Rutt Hinrikus, <strong>Keha ja vaim<\/strong>. \u2013 Keel ja Kirjandus, nr 1, 1992, lk 58-60 [Ilmunud ka: V\u00f5lus ja vaimus, valguses ja varjus: Mari Saadi maailm. Et\u00fc\u00fcde n\u00fc\u00fcdiskultuurist 5. Toimetaja Mari Laaniste. Tallinn, Tartu: Tartu \u00dclikooli Kirjastus, 2015, lk 104-106] [\u201eV\u00f5lu ja vaim\u201c 1. rmt]<br>Sirje Olesk, <strong>Mere s\u00fcgavus ja taeva k\u00f5rgus<\/strong>. \u2013 Postimees 18. III 2000 [\u201eSinik\u00f5rguste tuultes\u201c]<br>T\u00f5nu \u00d5nnepalu, <strong>Teadmatuse v\u00f5lu ja vaev<\/strong>. \u2013 Eesti P\u00e4evaleht 18. III 2000 [Ilmunud ka: V\u00f5lus ja vaimus, valguses ja varjus: Mari Saadi maailm. Et\u00fc\u00fcde n\u00fc\u00fcdiskultuurist 5. Toimetaja Mari Laaniste. Tallinn, Tartu: Tartu \u00dclikooli Kirjastus, 2015, lk 116-117] [\u201eSinik\u00f5rguste tuultes\u201c]<br>K\u00e4rt Hellerma, <strong>Mari Saadi nahaalune raamat<\/strong>. \u2013 Eesti P\u00e4evaleht 23. III 2001 [\u201eSinik\u00f5rguste tuultes\u201c]<br>K\u00e4rt Hellerma, <strong>Naine k\u00fcsim\u00e4rkide keskel<\/strong>. \u2013 Sirp 8. VI 2001 [Ilmunud ka: K\u00e4rt Hellerma, Kohanenud kirjandus: valik kirjanduskriitikat 1987-2006. Tallinn: Eesti Keele Sihtasutus, 2006, lk 26-31] [\u201eSinik\u00f5rguste tuultes\u201c]<br>Peeter Selg, <strong>Teismelise h\u00e4mmingute k\u00e4rbsepaber<\/strong>. \u2013 Looming, nr 5, 2001, lk 783-785 [\u201eSinik\u00f5rguste tuultes\u201c]<br>Enn Vetemaa, <strong>Elitaarne peidupaik<\/strong>. \u2013 Postimees 17. II 2001 [\u201eSinik\u00f5rguste tuultes\u201c]<br>Toomas Raudam, <strong>\u00dcks s\u00f5na<\/strong>. \u2013 Looming, nr 8, 2004, lk 1264-1269 [Ilmunud ka: Toomas Raudam, V\u00e4ike \u00e4ratundmiste raamat. Tallinn: Eesti Keele Sihtasutus, 2006, lk 177-188; V\u00f5lus ja vaimus, valguses ja varjus: Mari Saadi maailm. Et\u00fc\u00fcde n\u00fc\u00fcdiskultuurist 5. Toimetaja Mari Laaniste. Tallinn, Tartu: Tartu \u00dclikooli Kirjastus, 2015, lk 118-123] [\u201eSurija \u00fcksildusest\u201c]<br>Stella S\u00e4gi, <strong>S\u00fcnd ja elu lunastatakse lastes<\/strong>. \u2013 Postimees 26. XI 2004 [\u201eSurija \u00fcksildusest\u201c]<br>Tarmo Rajamets, <strong>Mari Saat \u201eLasnam\u00e4e lunastaja\u201c<\/strong>. \u2013 Eesti Ekspress 19. XII 2008<br>\u00dclo Ennuste, <strong>Geto vabaturumajanduse poeesia<\/strong>. \u2013 P\u00e4rnu Postimees 16. VI 2009 [\u201eLasnam\u00e4e lunastaja\u201c]<br>Andrei Hvostov, <strong>Raamat, mille lugemine teeb paremaks<\/strong>. \u2013 Looming, nr 2, 2009, lk 287-290 [Ilmunud ka: V\u00f5lus ja vaimus, valguses ja varjus: Mari Saadi maailm. Et\u00fc\u00fcde n\u00fc\u00fcdiskultuurist 5. Toimetaja Mari Laaniste. Tallinn, Tartu: Tartu \u00dclikooli Kirjastus, 2015, lk 124-127] [\u201eLasnam\u00e4e lunastaja\u201c]<br>Kati Murutar, <strong>\u201eLasnam\u00e4e lunastaja\u201c kui liigutav muinasjutt<\/strong>. \u2013 P\u00e4rnu Postimees 17. II 2009<br>Johanna Ross, <strong>\u00dcks v\u00e4ga armas ja hale lugemine v\u00e4hemusr\u00fchmade olukorrast Eestis<\/strong>. \u2013 Vikerkaar, nr 3, 2009, lk 102-105 [\u201eLasnam\u00e4e lunastaja\u201c]<br>Aija Sakova, <strong>Lasnam\u00e4e lunastab uus, demokraatlike v\u00e4\u00e4rtustega p\u00f5lvkond<\/strong>. \u2013 Sirp 20. II 2009 [\u201eLasnam\u00e4e lunastaja\u201c]<br>M\u00e4rt V\u00e4ljataga, <strong>S\u00fcmbolid ja pildid<\/strong>. \u2013 Sirp 19. II 2009 [Ilmunud ka: V\u00f5lus ja vaimus, valguses ja varjus: Mari Saadi maailm. Et\u00fc\u00fcde n\u00fc\u00fcdiskultuurist 5. Toimetaja Mari Laaniste. Tallinn, Tartu: Tartu \u00dclikooli Kirjastus, 2015, lk 55-61] [\u201eLasnam\u00e4e lunastaja\u201c]<br>Anneli K\u00f5vamees, <strong>Aja ja inimeste lood<\/strong>. \u2013 Sirp 24. VII 2015 [\u201eMatused ja laulupeod\u201c, \u201eOakesed kaunas\u201c]<br>Rein Veidemann, <strong>Mari Saadi romaaniraamat v\u00e4ikesest Aleksist<\/strong>. \u2013 Postimees 22. IX 2017<\/p>\n\n\n\n<p><strong><em>Intervjuud<\/em><\/strong><br>Mall J\u00f5gi, <strong>Kirjutamisest ja kirjandusest<\/strong>. \u2013 Sirp ja Vasar 14. VIII 1981 [Ilmunud ka: Mall J\u00f5gi, K\u00f5nelesid: jutuajamisi kirjarahva ja teadlastega aastatest 1979-2006. Tallinn: T\u00e4nap\u00e4ev, 2007, lk 70-79]<br>Merle Pajula, <strong>V\u00f5lu, vaim ja \u00e4rieetika<\/strong>. \u2013 Eesti Ekspress 14. VII 1995<br>Liivia Viitol, <strong>Kirjutamine on tegelemine pildiga<\/strong> [vestlus]. \u2013 Looming, nr 5, 2001, lk 767-774<br>Kaarel Kressa, <strong>Mari Saat: tegelaste saatus kujuneb minu sees<\/strong>. \u2013 Eesti P\u00e4evaleht 4. IV 2009<br>Rebekka Lotman, <strong>Mari Saat: kirjutan tundega, mitte m\u00f5eldes<\/strong>. \u2013 Postimees 14. III 2009<br>Asta P\u00f5ldm\u00e4e, <strong>Valgusest ja varjust<\/strong>. \u2013 Looming, nr 8, 2009, lk 1131-1147 [Ilmunud ka: Asta P\u00f5ldm\u00e4e, Ja valguse armulise: kirjat\u00f6id aastaist 1975-2013. Tallinn, 2014, lk 161-189; V\u00f5lus ja vaimus, valguses ja varjus: Mari Saadi maailm. Et\u00fc\u00fcde n\u00fc\u00fcdiskultuurist 5. Toimetaja Mari Laaniste. Tallinn, Tartu: Tartu \u00dclikooli Kirjastus, 2015, lk 130-146]<br>Maarja Vaino, Merlin Piirve, <strong>Mari Saat. \u201eRaamat v\u00f5ib muutuda eluks\u201c<\/strong>. \u2013 Sirp 30. IX 2011<br>Aita Kivi, <strong>S\u00fcmbolite taga<\/strong>. \u2013 Eesti Naine: Elu Lood, nr 11, 2015, lk 71-75<\/p>\n","protected":false},"excerpt":{"rendered":"<p>Artiklid, k\u00e4sitlused raamatutesSirje Endre, Mari Saat \u2013 tunnete uurija. \u2013 Kodumaa 5. III 1980Aarne Ruben, Madonna eksamilehega ehk \u00fchikakirjandusest. \u2013 P\u00e4evaleht 25. I 1995Epp Annus, Narratiivi staatilisest d\u00fcnaamikast. \u2013 Keel ja Kirjandus, nr 6, 1997, lk 361-369 [Ilmunud ka: V\u00f5lus &#8230;<\/p>\n","protected":false},"author":43,"featured_media":0,"parent":7242,"menu_order":0,"comment_status":"closed","ping_status":"closed","template":"","meta":{"_acf_changed":false,"inline_featured_image":false,"footnotes":""},"class_list":["post-7249","page","type-page","status-publish","hentry"],"acf":[],"_links":{"self":[{"href":"https:\/\/sisu.ut.ee\/ewod\/et\/wp-json\/wp\/v2\/pages\/7249","targetHints":{"allow":["GET"]}}],"collection":[{"href":"https:\/\/sisu.ut.ee\/ewod\/et\/wp-json\/wp\/v2\/pages"}],"about":[{"href":"https:\/\/sisu.ut.ee\/ewod\/et\/wp-json\/wp\/v2\/types\/page"}],"author":[{"embeddable":true,"href":"https:\/\/sisu.ut.ee\/ewod\/et\/wp-json\/wp\/v2\/users\/43"}],"replies":[{"embeddable":true,"href":"https:\/\/sisu.ut.ee\/ewod\/et\/wp-json\/wp\/v2\/comments?post=7249"}],"version-history":[{"count":1,"href":"https:\/\/sisu.ut.ee\/ewod\/et\/wp-json\/wp\/v2\/pages\/7249\/revisions"}],"predecessor-version":[{"id":7251,"href":"https:\/\/sisu.ut.ee\/ewod\/et\/wp-json\/wp\/v2\/pages\/7249\/revisions\/7251"}],"up":[{"embeddable":true,"href":"https:\/\/sisu.ut.ee\/ewod\/et\/wp-json\/wp\/v2\/pages\/7242"}],"wp:attachment":[{"href":"https:\/\/sisu.ut.ee\/ewod\/et\/wp-json\/wp\/v2\/media?parent=7249"}],"curies":[{"name":"wp","href":"https:\/\/api.w.org\/{rel}","templated":true}]}}