{"id":7236,"date":"2025-05-10T18:26:10","date_gmt":"2025-05-10T15:26:10","guid":{"rendered":"https:\/\/sisu.ut.ee\/ewod\/?page_id=7236"},"modified":"2025-05-10T18:26:11","modified_gmt":"2025-05-10T15:26:11","slug":"salme-raatma-kohta","status":"publish","type":"page","link":"https:\/\/sisu.ut.ee\/ewod\/et\/r\/salme-raatma\/salme-raatma-kohta\/","title":{"rendered":"Salme Raatma kohta"},"content":{"rendered":"<p><strong><em>Artiklid<\/em><\/strong><br>\u00d5nne Kepp, Arne Merilai, <strong>Eesti pagulaskirjandus 1944\u20131992: luule<\/strong>, Tallinn: Underi ja Tuglase Kirjanduskeskus, 1994, 255 lk. [Salme Raatmast lk 38\u201339.]<br>Reet Krusten, <strong>V\u00e4liseesti lastekirjandus<\/strong>. \u2013 Eesti lastekirjandus, Tartu: Elmatar, 1995, 255 lk, lk 217\u2013233. [Salme Raatmast lk 230\u2013231.]<br>Avo Suurv\u00e4rav, <strong>Valgamaalt p\u00e4rit kirjanik Salme Raatma \u2013 80<\/strong>. \u2013 Valgamaalane, 29. VI 1995, lk 2.<br>Sirje Lauring, <strong>Salme Raatma 80<\/strong>. \u2013 Kultuurileht, 30. VI 1995, lk 21.<br>Hannes Oja, <strong>Salme Raatma 80<\/strong>. \u2013 Vaba Eestlane, 18. VII 1995.<br>\u00d5nne Kepp, <strong>Elu t\u00e4is \u00f5unapuid<\/strong>. \u2013 Keel ja Kirjandus, nr 6, 2000, lk 425\u2013431.<br>Hannes Oja, <strong>Salme Raatma 85<\/strong>. \u2013 Vaba Eestlane, 11. VII 2000, lk 7.<br>Ingrid Paju, <strong>Salme Raatma juubel<\/strong>. \u2013 Teataja, 21. X 2000, lk 5.<br>Avo Suurv\u00e4rav, <strong>Salme Raatma juured asuvad Valgamaal<\/strong>. \u2013 Valgamaalane, 5. VII 2001, lk 5.<br>Eerik Teder, <strong>Salme Raatma ja tema looming: kirjanik, kelle s\u00fcda on Mulgimaal<\/strong>. \u2013 Mulkide almanak, 11, Tartu, 2001, lk 82\u201385.<br>Hannes Oja, <strong>Salme Raatma bibliograafia<\/strong>. \u2013 Eesti Elu=Estonian Life, 26. VII 2002, lk 7.<br>Eerik Teder, <strong>Salme Raatma kultuurikillud<\/strong>. \u2013 Mulkide almanak, 13, Tartu, 2003, lk 27\u201328.<br>Liidia Tuulse, <strong>Salme Raatma sai 90-aastaseks<\/strong>. \u2013 Eesti P\u00e4evaleht=Estniska Dagbladet, 30. VII 2005, lk 6.<br>Kirjanike Liit, <strong>Lahkus lastekirjanik Salme Raatma<\/strong>. \u2013 Eesti P\u00e4evaleht: Arkaadia, 7. III 2008, lk 14.<br><strong>Salme Raatma: 25. VI 1915\u201328. II 2008<\/strong>. \u2013 Sirp, 7. III 2008, lk 19.<br>Ingrid Paju, <strong>M\u00e4lestades luuletajat Salme Raatmad<\/strong>. \u2013 Eesti P\u00e4evaleht=Estniska Dagbladet, 13. III 2008, lk 11.<br>Helju Keskpalu, <strong>Kammersaali tulnud meenutasid kirjanikku<\/strong>. \u2013 Valgamaalane, 25. VIII 2009, lk 6.<br>Ingrid Paju, <strong>Salme Raatma m\u00e4lestus\u00f5htu T\u00f5rvas<\/strong>. \u2013 Eesti P\u00e4evaleht=Estniska Dagbladet, 11. XI 2009, lk 15.<br>Peeter J\u00e4rvelaid, <strong>Perekonna traditsiooni ja p\u00e4rimust kandes<\/strong>. \u2013 Eesti Kirik, 27. V 2015, lk 2.<br>Peeter J\u00e4rvelaid, <strong>Kroonik ja kirjanik Salme Raatma \u2013 100<\/strong>. \u2013 Eesti Elu=Estonian Life, 5. VI 2015, lk 7, 9.<\/p>\n\n\n\n<p><em><strong>Arvustused<\/strong><\/em><br>Bernard Kangro, <strong>Lasteraamatuist ja \u00fchest lasteraamatust<\/strong>. \u2013 Tulimuld, nr 6, 1956, lk 276\u2013278. [Raamatust \u2018Minu karu. Lastejutte\u2019.]<br>Liidia Tuulse, <strong>Saunakeris<\/strong>. \u2013 Tulimuld, nr 1, 1983, lk 49\u201350. [Luulekogust \u2018P\u00e4ev ootab sind\u2019.]<br>Arvo M\u00e4gi, <strong>V\u00e4rsse maa ja taeva vahelt<\/strong>. \u2013 Eesti P\u00e4evaleht=Estniska Dagbladet, 6. VII 2000, lk 6. [Luulekogust \u2018Muld ja tuuled\u2019.]<br>Avo Suurv\u00e4rav, <strong>Salme Raatma \u2018Muld ja tuuled\u2019 r\u00e4\u00e4gib noorusmaast<\/strong>. \u2013 Valgamaalane, 9. IX 2000, lk 5.<br>Hannes Oja, <strong>Sidemed mulla ja tuulega<\/strong>. \u2013 Vaba Eestlane, 21. IX 2000, lk 7.[\u2018Muld ja tuuled\u2019.]<br>Ingrid Paju, <strong>Oleks mul s\u00f5ber: Salme Raatma lastejutte<\/strong>. \u2013 Teataja, 14. XII 2002, lk 6. [Raamatust \u2018Oleks mul s\u00f5ber: lastejutte\u2019.]<br>Eerik Teder, <strong>Sisukad kultuurikillud<\/strong>. \u2013 Keel ja Kirjandus, nr 1, 2004, lk 63\u201364. [Raamatust \u2018Kultuurikilde endisest Eestist ja v\u00e4liseesti ajast\u2019.]<br>Hannes Oja, <strong>P\u00fcha Birgitta raamat<\/strong>. \u2013 Eesti Elu=Estonian Life, 11. VIII 2006, lk 6. [Raamatust \u2018Pirita peegeldused: P\u00fcha Birgitta raamat\u2019.]<\/p>\n","protected":false},"excerpt":{"rendered":"<p>Artiklid\u00d5nne Kepp, Arne Merilai, Eesti pagulaskirjandus 1944\u20131992: luule, Tallinn: Underi ja Tuglase Kirjanduskeskus, 1994, 255 lk. [Salme Raatmast lk 38\u201339.]Reet Krusten, V\u00e4liseesti lastekirjandus. \u2013 Eesti lastekirjandus, Tartu: Elmatar, 1995, 255 lk, lk 217\u2013233. [Salme Raatmast lk 230\u2013231.]Avo Suurv\u00e4rav, Valgamaalt p\u00e4rit &#8230;<\/p>\n","protected":false},"author":43,"featured_media":0,"parent":7234,"menu_order":0,"comment_status":"closed","ping_status":"closed","template":"","meta":{"_acf_changed":false,"inline_featured_image":false,"footnotes":""},"class_list":["post-7236","page","type-page","status-publish","hentry"],"acf":[],"_links":{"self":[{"href":"https:\/\/sisu.ut.ee\/ewod\/et\/wp-json\/wp\/v2\/pages\/7236","targetHints":{"allow":["GET"]}}],"collection":[{"href":"https:\/\/sisu.ut.ee\/ewod\/et\/wp-json\/wp\/v2\/pages"}],"about":[{"href":"https:\/\/sisu.ut.ee\/ewod\/et\/wp-json\/wp\/v2\/types\/page"}],"author":[{"embeddable":true,"href":"https:\/\/sisu.ut.ee\/ewod\/et\/wp-json\/wp\/v2\/users\/43"}],"replies":[{"embeddable":true,"href":"https:\/\/sisu.ut.ee\/ewod\/et\/wp-json\/wp\/v2\/comments?post=7236"}],"version-history":[{"count":1,"href":"https:\/\/sisu.ut.ee\/ewod\/et\/wp-json\/wp\/v2\/pages\/7236\/revisions"}],"predecessor-version":[{"id":7237,"href":"https:\/\/sisu.ut.ee\/ewod\/et\/wp-json\/wp\/v2\/pages\/7236\/revisions\/7237"}],"up":[{"embeddable":true,"href":"https:\/\/sisu.ut.ee\/ewod\/et\/wp-json\/wp\/v2\/pages\/7234"}],"wp:attachment":[{"href":"https:\/\/sisu.ut.ee\/ewod\/et\/wp-json\/wp\/v2\/media?parent=7236"}],"curies":[{"name":"wp","href":"https:\/\/api.w.org\/{rel}","templated":true}]}}