{"id":7234,"date":"2024-04-03T23:40:21","date_gmt":"2024-04-03T20:40:21","guid":{"rendered":"https:\/\/sisu.ut.ee\/ewod\/?page_id=7234"},"modified":"2025-05-10T18:26:39","modified_gmt":"2025-05-10T15:26:39","slug":"salme-raatma","status":"publish","type":"page","link":"https:\/\/sisu.ut.ee\/ewod\/et\/r\/salme-raatma\/","title":{"rendered":"Salme Raatma"},"content":{"rendered":"<figure class=\"wp-block-image alignright size-full is-resized\"><a href=\"https:\/\/sisu.ut.ee\/wp-content\/uploads\/sites\/108\/salme_raatma.jpg\"><img loading=\"lazy\" decoding=\"async\" width=\"531\" height=\"716\" src=\"https:\/\/sisu.ut.ee\/wp-content\/uploads\/sites\/108\/salme_raatma.jpg\" alt=\"\" class=\"wp-image-6094\" style=\"width:235px;height:auto\" srcset=\"https:\/\/sisu.ut.ee\/wp-content\/uploads\/sites\/108\/salme_raatma.jpg 531w, https:\/\/sisu.ut.ee\/wp-content\/uploads\/sites\/108\/salme_raatma-222x300.jpg 222w\" sizes=\"auto, (max-width: 531px) 100vw, 531px\"><\/a><\/figure>\n\n\n\n<p>Salme Raatma\u00a0(kuni 1935. aastani Salme Rosenberg, kodanikunimega\u00a0Salme Rosenstein, 25. VI 1915 \u2013 28. II 2008)\u00a0oli lastekirjanik ja luuletaja.<\/p>\n\n\n\n<p>Salme Raatma s\u00fcndis Viljandimaal Helme vallas Liinak\u00fclas Aindujaagu talu peremehe t\u00fctrena. \u00d5ppis Helmes ja T\u00f5rvas ning aastatel 1933\u20131938 Tartu \u00fclikoolis kunstiajalugu, kirjandust ja etnograafiat. \u00d5pingute ajal t\u00f6\u00f6tas ta Eesti Rahva Muuseumis kataloogijana. Sellest ajast on s\u00e4ilinud muuseumis proseminari- ja seminarit\u00f6\u00f6d: \u201eEesti torupill\u201d (1937) ja \u201eVikatiteritamise viisid Eestis\u201d (1938). Kooliajal oli tulevasel luuletajal v\u00f5imalus mitmel korral kaasa elada Henrik Visnapuu esinemistele Helmes ja T\u00f5rvas. ERM-i kataloogiruumis sai ta pisut juttu ajada seal t\u00f6\u00f6tava Arbujate luuler\u00fchmituse liikme August Sangaga.<\/p>\n\n\n\n<p>Abiellumine pastor Herbert Alexander Rosen\u00adsteiniga 1938. aastal l\u00e4kitas noorpaari Eesti teise otsa Noarootsi. Vaevalt j\u00f5udis noor perekond uues asupaigas kohaneda, kui Molotov-Ribbentropi pakti tagaj\u00e4rjel rajati Eestisse NSVLi s\u00f5jav\u00e4ebaasid ja Hitler kutsus Baltikumis elavaid baltisakslasi elama Saksamaale, kuhu siirdusid ka Rosensteinid.<\/p>\n\n\n\n<p>Salme Raatma esimene muinasjutt ilmus Marie Underi poolt tr\u00fckki toimetatuna 1943. aastal Tallinnas. Sealtpeale kujunes Raatma lastejuttude, kristlike vagajuttude ja muinasjuttude autoriks saksa- ja eestikeelses kultuuriruumis. Tema teoseid iseloomustab selge ja lihtne elust enesest v\u00f5etud s\u00f5navara.\u00a0<\/p>\n\n\n\n<p>Raatmal \u00f5nnestus luua side eesti pagulaskirjanikega. Saksamaal \u00fcksi kirjutades \u00f5nnestus tal kontakteeruda ajakirjaga Tulimuld ja Bernard Kangroga Rootsis. 1963. aastal t\u00f5lkis Salme Raatma saksa keelde Ellen Niidu lasteraamatu \u201ePille-Riini lood\u201c.<\/p>\n\n\n\n<p>1964. aastal l\u00e4bis Raatma abikaasa edukalt konkursi Turu linna saksa koguduse ja meremisjoni juhataja kohale ning perekond asus elama Soome.\u00a0Soomes hakkas Raatma rohkem kirjutama luuletusi, arvustusi ja l\u00fchiesseid. Osa nendest ilmusid Ants Hartmanni nime all.<\/p>\n\n\n\n<p>P\u00e4rast Eesti Vabariigi taasiseseisvumist 1991. aastal k\u00e4is Raatma sageli Eestis.<\/p>\n\n\n\n<p>Salme Raatma on kirjutanud ka poeemid \u201e\u00dclekandja Christophorus\u201d, \u201eMunk v\u00f5i erak\u201d, \u201eHiiuallik\u201d ja \u201ePirita peegeldused\u201d, viimane nendest p\u00fcha Birgitta elust.<\/p>\n\n\n\n<p><em>L. P.<\/em><\/p>\n\n\n\n<h4 class=\"wp-block-heading\"><br>Raamatud eesti keeles<\/h4>\n\n\n\n<p><strong><em>Proosa<\/em><\/strong><br><strong>Mis seal n\u00e4ha oli?<\/strong>. Lund: Eesti Kirjanike Kooperatiiv, 1964, 307 lk.<br><strong>Prillidega ingel<\/strong>: m\u00f5ttepilte. Turu, S. Raatma, 1998, 64 lk.<\/p>\n\n\n\n<p><strong><em>Lastelood<\/em><\/strong><br><strong>Minu karu<\/strong>: lastejutte. Lund: Eesti Kirjanike Kooperatiiv, 1956,\u00a0 64 lk.<br><strong>Mis sinust tuleb?<\/strong>\u00a0Valimik lastejutte. Uppsala: Eesti Vaimulik Raamat, 1963. 84 lk.<br><strong>J\u00e4nesepoeg, kes lendas kuu peale<\/strong>. Stockholm: Rootsi-Eesti \u00d5pperaamatufond, 1978. 31 lk.<br><strong>Sinised \u00f5unad ja teisi jutte lastele<\/strong>. Toronto: Toronto Eesti Seltsi T\u00e4ienduskoolide Komitee, 1984. 37 lk.<br><strong>Lumekuninganna ja teisi jutte lastele<\/strong>. Toronto: Toronto Eesti Seltsi T\u00e4ienduskoolide Komitee, 1986. 48 lk.<br><strong>Oleks mul s\u00f5ber<\/strong>: lastejutte. Tallinn: Logos, 2002. 74 lk.<\/p>\n\n\n\n<p><strong><em>Luule<\/em><\/strong><br><strong>P\u00e4ev ootab sind<\/strong>: valik luuletusi aastaist 1954\u20131976. Turku: Muuriankkuri, 1982. 68 lk.<br><strong>Valge lagi<\/strong>: luuletusi aastaist 1964\u20131984. Turu: Turun Yliopiston Offsetpaino, 1985. 71 lk.<br><strong>Laululatern<\/strong>: luuletusi, 1980\u20131993. Turu: Turun yliopisto, 1993. 62 lk.<br><strong>Tuhat soovi<\/strong>: neljas kogu luuletusi. Turu: Painosalama, 1995. 68 lk.<br><strong>Pirita peegeldused<\/strong>: poeem. Turu: S. Raatma, 1997. 73 lk.<br><strong>\u00d5nnelikud kanad \u00f5nnemaal<\/strong>: Vana Salme uued v\u00e4rsid. Turu: 1998. 24 lk.<br><strong>Muld ja tuuled<\/strong>: valitud luuletused. Tallinn: S. Raatma, 2000. 158 lk.<\/p>\n\n\n\n<p><strong><em>M\u00e4lestused<\/em><\/strong><br><strong>Kultuurikilde endisest Eestist ning v\u00e4liseesti ajast<\/strong>. Turu: S. Raatma-Rosenstein, 2002. 90 lk.<\/p>\n\n\n\n<h4 class=\"wp-block-heading\"><a href=\"https:\/\/sisu.ut.ee\/ewod\/et\/r\/salme-raatma\/salme-raatma-kohta\/\" data-type=\"page\" data-id=\"7236\">Artiklid ja arvustused Salme Raatma kohta<\/a><\/h4>\n","protected":false},"excerpt":{"rendered":"<p>Salme Raatma\u00a0(kuni 1935. aastani Salme Rosenberg, kodanikunimega\u00a0Salme Rosenstein, 25. VI 1915 \u2013 28. II 2008)\u00a0oli lastekirjanik ja luuletaja. Salme Raatma s\u00fcndis Viljandimaal Helme vallas Liinak\u00fclas Aindujaagu talu peremehe t\u00fctrena. \u00d5ppis Helmes ja T\u00f5rvas ning aastatel 1933\u20131938 Tartu \u00fclikoolis kunstiajalugu, kirjandust &#8230;<\/p>\n","protected":false},"author":43,"featured_media":0,"parent":6503,"menu_order":0,"comment_status":"closed","ping_status":"closed","template":"","meta":{"_acf_changed":false,"inline_featured_image":false,"footnotes":""},"class_list":["post-7234","page","type-page","status-publish","hentry"],"acf":[],"_links":{"self":[{"href":"https:\/\/sisu.ut.ee\/ewod\/et\/wp-json\/wp\/v2\/pages\/7234","targetHints":{"allow":["GET"]}}],"collection":[{"href":"https:\/\/sisu.ut.ee\/ewod\/et\/wp-json\/wp\/v2\/pages"}],"about":[{"href":"https:\/\/sisu.ut.ee\/ewod\/et\/wp-json\/wp\/v2\/types\/page"}],"author":[{"embeddable":true,"href":"https:\/\/sisu.ut.ee\/ewod\/et\/wp-json\/wp\/v2\/users\/43"}],"replies":[{"embeddable":true,"href":"https:\/\/sisu.ut.ee\/ewod\/et\/wp-json\/wp\/v2\/comments?post=7234"}],"version-history":[{"count":2,"href":"https:\/\/sisu.ut.ee\/ewod\/et\/wp-json\/wp\/v2\/pages\/7234\/revisions"}],"predecessor-version":[{"id":7238,"href":"https:\/\/sisu.ut.ee\/ewod\/et\/wp-json\/wp\/v2\/pages\/7234\/revisions\/7238"}],"up":[{"embeddable":true,"href":"https:\/\/sisu.ut.ee\/ewod\/et\/wp-json\/wp\/v2\/pages\/6503"}],"wp:attachment":[{"href":"https:\/\/sisu.ut.ee\/ewod\/et\/wp-json\/wp\/v2\/media?parent=7234"}],"curies":[{"name":"wp","href":"https:\/\/api.w.org\/{rel}","templated":true}]}}