{"id":7228,"date":"2024-04-03T23:42:33","date_gmt":"2024-04-03T20:42:33","guid":{"rendered":"https:\/\/sisu.ut.ee\/ewod\/?page_id=7228"},"modified":"2025-05-10T18:10:41","modified_gmt":"2025-05-10T15:10:41","slug":"helmi-maelo","status":"publish","type":"page","link":"https:\/\/sisu.ut.ee\/ewod\/et\/m\/helmi-maelo\/","title":{"rendered":"Helmi M\u00e4elo"},"content":{"rendered":"<figure class=\"wp-block-image alignright size-large is-resized\"><a href=\"https:\/\/sisu.ut.ee\/wp-content\/uploads\/sites\/108\/helmi_maelo-scaled.jpg\"><img loading=\"lazy\" decoding=\"async\" width=\"739\" height=\"1024\" src=\"https:\/\/sisu.ut.ee\/wp-content\/uploads\/sites\/108\/helmi_maelo-739x1024.jpg\" alt=\"\" class=\"wp-image-6097\" style=\"width:252px;height:auto\" srcset=\"https:\/\/sisu.ut.ee\/wp-content\/uploads\/sites\/108\/helmi_maelo-739x1024.jpg 739w, https:\/\/sisu.ut.ee\/wp-content\/uploads\/sites\/108\/helmi_maelo-217x300.jpg 217w, https:\/\/sisu.ut.ee\/wp-content\/uploads\/sites\/108\/helmi_maelo-768x1063.jpg 768w, https:\/\/sisu.ut.ee\/wp-content\/uploads\/sites\/108\/helmi_maelo-1109x1536.jpg 1109w, https:\/\/sisu.ut.ee\/wp-content\/uploads\/sites\/108\/helmi_maelo-1479x2048.jpg 1479w, https:\/\/sisu.ut.ee\/wp-content\/uploads\/sites\/108\/helmi_maelo-1920x2659.jpg 1920w, https:\/\/sisu.ut.ee\/wp-content\/uploads\/sites\/108\/helmi_maelo-scaled.jpg 1849w\" sizes=\"auto, (max-width: 739px) 100vw, 739px\"><\/a><\/figure>\n\n\n\n<p>Helmi M\u00e4elo\u00a0(aastani\u00a01923 Helmi Pett, 1923\u20131924\u00a0Helmi M\u00fchlberg, 13. IV 1898 \u2013 17. VII 1978) oli prosaist, noorsookirjanik ja \u00fchiskonnategelane.<\/p>\n\n\n\n<p>Ta sai hariduse Tartumaal Uderna ministeeriumikoolis \u00a0ja Eesti Noorsoo Kasvatuse Seltsi T\u00fctarlaste G\u00fcmnaasiumis Tartus, mille ta l\u00f5petas\u00a01919. aastal. Aastatel 1921\u20131924 \u00f5ppis Tartu \u00dclikooli \u00f5igusteaduskonnas. Oli \u00fcli\u00f5pilasseltsi Ilmatar ja Eesti Nais\u00fcli\u00f5pilaste Seltsi\u00a0liige. Helmi M\u00e4elo oli aktiivne \u00fchiskondlikus elus. Tema algatusel hakati t\u00e4histama Eestis emadep\u00e4eva. Oli Tartu linna volikogu liige. Oli 16 aastat Karskusliidu peasekret\u00e4r. Helmi M\u00e4elo oli ajakirja \u201eNaiste T\u00f6\u00f6 ja Elu\u201c peatoimetaja ja \u00fcks ajakirja \u201eEesti Naine\u201c asutajatest. Oli 16 aastat, kuni 1940. aastani, ajakirja \u201eEesti Naine\u201c peatoimetaja. 1944. aastal p\u00f5genes ta Saksamaale ja siirdus hiljem Rootsi. Seal oli ta Balti Humanistliku \u00dchingu sekret\u00e4r. Helmi M\u00e4elo kuulus v\u00e4lismaisesse Eesti Kirjanike Liitu, Eesti PEN-klubisse ja Rootsi Kirjanike Liitu. Ta on maetud Stockholmi Metsakalmistule.<\/p>\n\n\n\n<p>M\u00e4elo on kirjutanud 12\u00a0romaani. Tema peateos on viiek\u00f6iteline perekonnaromaanide sari \u201eOma veri\u201c (1965), \u201eV\u00f5\u00f5ras veri\u201c (1966), \u201eKeerds\u00f5lmed\u201c (1968), \u201eTeised tuuled\u201c (1970) ja \u201eHomne p\u00e4ev\u201c (1972). Ta on avaldanud ka noorsoo- ja populaarteaduslikke raamatuid, lastejutte ning karskus- ja kasvatusteemalisi bro\u0161\u00fc\u00fcre.<\/p>\n\n\n\n<p>Aastal 1959 ilmus paguluses tema autobiograafia esimene osa pealkirjaga \u201eTalut\u00fctar\u201c. Raamat jutustab M\u00e4elo lapsep\u00f5lvest enne Eesti Vabariiki. Teoses leidub pildikesi Uderna koolist ja Tartu \u00fcli\u00f5pilaselust. J\u00e4rgmisena avaldatud m\u00e4lestusraamat \u201eElutegevuses\u201c (1961) koondab m\u00e4lestusi noorusest ning aktiivsest karskus- ja rahvaharidust\u00f6\u00f6st Eesti Vabariigi aastatel. Eluloosari j\u00e4tkus teosega \u201eV\u00f5\u00f5rsil\u201c (1974), kus autor kirjeldab p\u00f5genemist Saksamaa kaudu Rootsi ja pagulasp\u00f5lve esimesi aastaid. Viimases osas pealkirjaga \u201eSammud edasi\u201c (1975) tutvustab Helmi M\u00e4elo oma tegevust pagulasena Rootsis.<\/p>\n\n\n\n<p>Helmi M\u00e4elo olulisim populaarteaduslik teos \u201eEesti naine l\u00e4bi aegade\u201c ilmus 1957. aastal Lundis (kordustr\u00fckk 1999. aastal Eestis). Raamat sisaldab seni k\u00f5ige terviklikumat \u00fclevaadet\u00a0Eesti naisajaloost, pakkudes v\u00e4lja selle periodiseeringu ning esitades paljude tuntud naiste biograafilised andmed ja l\u00fchitutvustuse.<\/p>\n\n\n\n<p><em>L. P.<\/em><\/p>\n\n\n\n<h4 class=\"wp-block-heading\"><br>Raamatud eesti keeles<\/h4>\n\n\n\n<p><em><strong>Romaanid<\/strong><\/em><br><strong>Isata<\/strong>. Tartu: S\u00f5navara, 1928. 194 lk.<br><strong>T\u00e4nap\u00e4eva lapsed<\/strong>. Tartu: Tungal, 1933. 160 lk.<br><strong>Wallaslaps<\/strong>. Tartu: Postimees, 1934. 229 lk.<br><strong>Eevi Altma abielu<\/strong>. Tartu: Postimees, 1935. 196 lk.<br><strong>Teras<\/strong>: romaan t\u00fctarlastele. Tartu: Noor-Eesti, 1936. 255 lk.<br><strong>\u00dcli\u00f5pilane Soomest<\/strong>: romaan iseseisvuse algaastailt. Tallinn: Tallinna Eesti Kirjastus-\u00dchisus, 1940. 228 lk.<br><strong>Kui oli kevad<\/strong>. Toronto: Orto, 1952. 223 lk.<br><strong>Oma veri<\/strong>. Lund: Eesti Kirjanike Kooperatiiv, 1965. 288 lk.<br><strong>V\u00f5\u00f5ras veri<\/strong>. Lund: Eesti Kirjanike Kooperatiiv, 1966. 280 lk.<br><strong>Keerds\u00f5lmed<\/strong>. Lund: Eesti Kirjanike Kooperatiiv, 1968. 276 lk.<br><strong>Teised tuuled<\/strong>. Lund: Eesti Kirjanike Kooperatiiv, 1970. 270 lk.<br><strong>Homne p\u00e4ev<\/strong>. Lund: Eesti Kirjanike Kooperatiiv, 1972. 244 lk.<\/p>\n\n\n\n<p><strong><em>M\u00e4lestused<\/em><\/strong><br><strong>Talut\u00fctar<\/strong>: m\u00e4lestusi. Lund: Eesti Kirjanike Kooperatiiv, 1959. 272 lk.<br><strong>Elutegevuses<\/strong>: m\u00e4lestusi. Lund: Eesti Kirjanike Kooperatiiv, 1961. 318 lk.<br><strong>V\u00f5\u00f5rsil<\/strong>: m\u00e4lestusi, vaatlusi, elamusi. Lund: Eesti Kirjanike Kooperatiiv, 1974. 232 lk.<br><strong>Sammud edasi<\/strong>: m\u00e4lestusi, vaatlusi, elamusi. Lund: Eesti Kirjanike Kooperatiiv, 1975. 256 lk.<\/p>\n\n\n\n<p><strong><em>Lastelood<\/em><\/strong><br><strong>P\u00e4rt on minu s\u00f5ber<\/strong>: noorsoojutt. Tartu: Noor-Eesti, 1935. 108 lk.<br><strong>Salme astub ellu<\/strong>: jutustus noorsoole. Tartu: Noor-Eesti, 1937. 231 lk.<br><strong>Sooh\u00fcti Liine<\/strong>: lugu t\u00fctarlapsest \u00fcle viiek\u00fcmne aasta tagasi: noorsoojutt. Tartu: Noor-Eesti, 1938. 113 lk.<br><strong>Sangar<\/strong>: noorsoojutt. Vadstena: Orto, 1945. 140 lk.<br><strong>V\u00f5idukarika m\u00e4rgi all<\/strong>: noorsoojutustus. New York: Eesti Koolitoimkond USA-s, 1963. 91 lk.<\/p>\n\n\n\n<p><strong><em>Karskusteemalised kirjutised<\/em><\/strong><br><strong>Alkoholivaba kultuuri poole: juhtn\u00f6\u00f6re naistele alkoholismivastases v\u00f5itluses<\/strong>. Tartu: Naiste Karskusliit, 1929. 104 lk.<br><strong>T\u00f5elise elur\u00f5\u00f5mu aluseid<\/strong>. Tartu: Naiste Karskusliit, 1940. 15 lk.<br><strong>Noor olla:::<\/strong>\u00a0Stockholm: Eesti Komitee Koolitoimkond; Eesti Karskuskomitee, 1965. 34 lk. [narkootiliste ainete, nikotiini ja alkoholi kahjulikust m\u00f5just noore inimese kujunemisel.]<\/p>\n\n\n\n<p><strong><em>Naiste \u00f5iguste teemalised kirjutised<\/em><\/strong><br><strong>Eesti naine l\u00e4bi aegade<\/strong>. Lund: Eesti Kirjanike Kooperatiiv, 1957. 224 lk.<\/p>\n\n\n\n<p><strong><em>Varia<\/em><\/strong><br><strong>T\u00e4nap\u00e4eva Ameerika<\/strong>: vestlusi selle arengust, rahvast, linnadest, sotsiaaloludest ja kodukultuurist. Tartu: Eesti Kirjanduse Selts, 1938. 114 lk.<br><strong>Kas kehv ja mahaj\u00e4\u00e4nud?<\/strong>. Lund: Eesti Kirjanike Kooperatiiv, 1964. 307 lk.<br><strong>P\u00e4evast p\u00e4eva: p\u00e4evik 1. juulist 1975 kuni 30. juunini 1977<\/strong>. Lund: Eesti Kirjanike Kooperatiiv, 1977. 228 lk.<\/p>\n\n\n\n<h4 class=\"wp-block-heading\"><a href=\"https:\/\/sisu.ut.ee\/ewod\/et\/m\/helmi-maelo\/helmi-maelo-kohta\/\" data-type=\"page\" data-id=\"7231\">Artiklid ja arvustused Helmi M\u00e4elo kohta<\/a><\/h4>\n","protected":false},"excerpt":{"rendered":"<p>Helmi M\u00e4elo\u00a0(aastani\u00a01923 Helmi Pett, 1923\u20131924\u00a0Helmi M\u00fchlberg, 13. IV 1898 \u2013 17. VII 1978) oli prosaist, noorsookirjanik ja \u00fchiskonnategelane. Ta sai hariduse Tartumaal Uderna ministeeriumikoolis \u00a0ja Eesti Noorsoo Kasvatuse Seltsi T\u00fctarlaste G\u00fcmnaasiumis Tartus, mille ta l\u00f5petas\u00a01919. aastal. Aastatel 1921\u20131924 \u00f5ppis Tartu &#8230;<\/p>\n","protected":false},"author":43,"featured_media":0,"parent":6495,"menu_order":0,"comment_status":"closed","ping_status":"closed","template":"","meta":{"_acf_changed":false,"inline_featured_image":false,"footnotes":""},"class_list":["post-7228","page","type-page","status-publish","hentry"],"acf":[],"_links":{"self":[{"href":"https:\/\/sisu.ut.ee\/ewod\/et\/wp-json\/wp\/v2\/pages\/7228","targetHints":{"allow":["GET"]}}],"collection":[{"href":"https:\/\/sisu.ut.ee\/ewod\/et\/wp-json\/wp\/v2\/pages"}],"about":[{"href":"https:\/\/sisu.ut.ee\/ewod\/et\/wp-json\/wp\/v2\/types\/page"}],"author":[{"embeddable":true,"href":"https:\/\/sisu.ut.ee\/ewod\/et\/wp-json\/wp\/v2\/users\/43"}],"replies":[{"embeddable":true,"href":"https:\/\/sisu.ut.ee\/ewod\/et\/wp-json\/wp\/v2\/comments?post=7228"}],"version-history":[{"count":3,"href":"https:\/\/sisu.ut.ee\/ewod\/et\/wp-json\/wp\/v2\/pages\/7228\/revisions"}],"predecessor-version":[{"id":7233,"href":"https:\/\/sisu.ut.ee\/ewod\/et\/wp-json\/wp\/v2\/pages\/7228\/revisions\/7233"}],"up":[{"embeddable":true,"href":"https:\/\/sisu.ut.ee\/ewod\/et\/wp-json\/wp\/v2\/pages\/6495"}],"wp:attachment":[{"href":"https:\/\/sisu.ut.ee\/ewod\/et\/wp-json\/wp\/v2\/media?parent=7228"}],"curies":[{"name":"wp","href":"https:\/\/api.w.org\/{rel}","templated":true}]}}