{"id":7222,"date":"2024-04-03T23:40:42","date_gmt":"2024-04-03T20:40:42","guid":{"rendered":"https:\/\/sisu.ut.ee\/ewod\/?page_id=7222"},"modified":"2025-05-10T17:52:51","modified_gmt":"2025-05-10T14:52:51","slug":"helgi-muller","status":"publish","type":"page","link":"https:\/\/sisu.ut.ee\/ewod\/et\/m\/helgi-muller\/","title":{"rendered":"Helgi Muller"},"content":{"rendered":"<figure class=\"wp-block-image alignright size-large is-resized\"><a href=\"https:\/\/sisu.ut.ee\/wp-content\/uploads\/sites\/108\/helgi_muller-scaled.jpg\"><img loading=\"lazy\" decoding=\"async\" width=\"708\" height=\"1024\" src=\"https:\/\/sisu.ut.ee\/wp-content\/uploads\/sites\/108\/helgi_muller-708x1024.jpg\" alt=\"\" class=\"wp-image-6101\" style=\"width:252px;height:auto\" srcset=\"https:\/\/sisu.ut.ee\/wp-content\/uploads\/sites\/108\/helgi_muller-708x1024.jpg 708w, https:\/\/sisu.ut.ee\/wp-content\/uploads\/sites\/108\/helgi_muller-208x300.jpg 208w, https:\/\/sisu.ut.ee\/wp-content\/uploads\/sites\/108\/helgi_muller-768x1110.jpg 768w, https:\/\/sisu.ut.ee\/wp-content\/uploads\/sites\/108\/helgi_muller-1062x1536.jpg 1062w, https:\/\/sisu.ut.ee\/wp-content\/uploads\/sites\/108\/helgi_muller-1417x2048.jpg 1417w, https:\/\/sisu.ut.ee\/wp-content\/uploads\/sites\/108\/helgi_muller-1920x2776.jpg 1920w, https:\/\/sisu.ut.ee\/wp-content\/uploads\/sites\/108\/helgi_muller-scaled.jpg 1771w\" sizes=\"auto, (max-width: 708px) 100vw, 708px\"><\/a><\/figure>\n\n\n\n<p>Helgi Muller (kuni 1952. aastani\u00a0Helgi Orr, 5. X 1932 \u2013 6. XII 1971) oli luuletaja, t\u00f5lkija ja lastekirjanik.<\/p>\n\n\n\n<p>Helgi Muller oli p\u00e4rit t\u00f6\u00f6lisperekonnast. Ta l\u00f5petas 1951. aastal Viljandi 1. Keskkooli ja astus samal aastal Tartu Riiklikku \u00dclikooli, kus \u00f5ppis algul \u00f5igusteadust, siis loogikat ja ps\u00fchholoogiat, hiljem rahvaluulet. L\u00f5petas \u00fclikooli kaug\u00f5ppes \u017eurnalistika alal 1963. aastal. Ta t\u00f6\u00f6tas Tallinnas Teatri- ja Muusikamuuseumis sekret\u00e4rina, ajalehe Kodumaa\u00a0\u00a0kaast\u00f6\u00f6lisena, trikotaa\u017eivabrikus \u201eMarat\u201c\u00a0t\u00f6\u00f6lisena. Tema esimesed avaldatud luuletused ilmusid ajakirjades alates 1954. aastast.<\/p>\n\n\n\n<p>Alates 1963. aastast oli kutseline literaat. Helgi Mulleri laulutekste on sageli viisistatud. Ta oli \u00dclo Raudm\u00e4e\u00a0opereti \u201eKiri n\u00f5udmiseni\u201c kaasautor. Ta on t\u00f5lkinud n\u00e4idendeid, ooperi- ning laulutekste ja luulet. Tema loomingus on palju p\u00e4ikest ja hingesoojust, milles heliseb poetessi rahutu hing. Helgi Mulleri elul\u00f5ng katkes 1971. aastal k\u00f5ige k\u00fcpsemal loomeperioodil. Ummikusse sattunud luuletaja l\u00f5petas oma elu ise.<\/p>\n\n\n\n<p><em>L. P.<\/em><\/p>\n\n\n\n<h4 class=\"wp-block-heading\"><br>Raamatud eesti keeles<\/h4>\n\n\n\n<p><strong><em>Luule<\/em><\/strong><br><strong>T\u00e4hes\u00e4rk<\/strong>: luuletusi 1962\u20131963. Tallinn: Eesti Riiklik Kirjastus, 1963. 80 lk.<br><strong>Laulud ratastel<\/strong>: luuletusi 1962\u20131966. Tallinn: Eesti Raamat, 1966. 120 lk.<br><strong>Linnulina<\/strong>: luuletusi 1966\u20131969. Tallinn: Eesti Raamat, 1970. 79 lk.<br><strong>Saialill ja leivalill<\/strong>. Tallinn: Eesti Raamat, 1970. 28 lk.<br><strong>Viguriv\u00e4nt<\/strong>. Tallinn: Eesti Raamat, 1971. 32 lk.<br><strong>Valik luulet<\/strong>. Koostanud Linda Ruud. Tallinn: Eesti Raamat, 1983. 128 lk.<\/p>\n\n\n\n<h4 class=\"wp-block-heading\"><a href=\"https:\/\/sisu.ut.ee\/ewod\/et\/m\/helgi-muller\/helgi-mulleri-kohta\/\" data-type=\"page\" data-id=\"7224\">Artiklid ja arvustused Helgi Mulleri kohta<\/a><\/h4>\n","protected":false},"excerpt":{"rendered":"<p>Helgi Muller (kuni 1952. aastani\u00a0Helgi Orr, 5. X 1932 \u2013 6. XII 1971) oli luuletaja, t\u00f5lkija ja lastekirjanik. Helgi Muller oli p\u00e4rit t\u00f6\u00f6lisperekonnast. Ta l\u00f5petas 1951. aastal Viljandi 1. Keskkooli ja astus samal aastal Tartu Riiklikku \u00dclikooli, kus \u00f5ppis algul &#8230;<\/p>\n","protected":false},"author":43,"featured_media":0,"parent":6495,"menu_order":0,"comment_status":"closed","ping_status":"closed","template":"","meta":{"_acf_changed":false,"inline_featured_image":false,"footnotes":""},"class_list":["post-7222","page","type-page","status-publish","hentry"],"acf":[],"_links":{"self":[{"href":"https:\/\/sisu.ut.ee\/ewod\/et\/wp-json\/wp\/v2\/pages\/7222","targetHints":{"allow":["GET"]}}],"collection":[{"href":"https:\/\/sisu.ut.ee\/ewod\/et\/wp-json\/wp\/v2\/pages"}],"about":[{"href":"https:\/\/sisu.ut.ee\/ewod\/et\/wp-json\/wp\/v2\/types\/page"}],"author":[{"embeddable":true,"href":"https:\/\/sisu.ut.ee\/ewod\/et\/wp-json\/wp\/v2\/users\/43"}],"replies":[{"embeddable":true,"href":"https:\/\/sisu.ut.ee\/ewod\/et\/wp-json\/wp\/v2\/comments?post=7222"}],"version-history":[{"count":2,"href":"https:\/\/sisu.ut.ee\/ewod\/et\/wp-json\/wp\/v2\/pages\/7222\/revisions"}],"predecessor-version":[{"id":7226,"href":"https:\/\/sisu.ut.ee\/ewod\/et\/wp-json\/wp\/v2\/pages\/7222\/revisions\/7226"}],"up":[{"embeddable":true,"href":"https:\/\/sisu.ut.ee\/ewod\/et\/wp-json\/wp\/v2\/pages\/6495"}],"wp:attachment":[{"href":"https:\/\/sisu.ut.ee\/ewod\/et\/wp-json\/wp\/v2\/media?parent=7222"}],"curies":[{"name":"wp","href":"https:\/\/api.w.org\/{rel}","templated":true}]}}