{"id":7210,"date":"2025-05-10T16:55:01","date_gmt":"2025-05-10T13:55:01","guid":{"rendered":"https:\/\/sisu.ut.ee\/ewod\/?page_id=7210"},"modified":"2025-05-10T16:55:01","modified_gmt":"2025-05-10T13:55:01","slug":"jakob-liivi-kohta","status":"publish","type":"page","link":"https:\/\/sisu.ut.ee\/ewod\/et\/l\/jakob-liiv\/jakob-liivi-kohta\/","title":{"rendered":"Jakob Liivi kohta"},"content":{"rendered":"<p><strong><em>Artiklid<\/em><\/strong><br>H. P. (= H. Prants), <strong>Jakob Liivi kolmekordne juubel<\/strong>. \u2013Postimees, 28. II 1924, lk 2, 5.<br>Henrik Visnapuu, <strong>Jakob Liiv luuletajana. Luuletaja 70. s\u00fcnnip\u00e4eva puhul<\/strong>. \u2013 Eesti Kirjandus, nr 2, 3, 1929, lk 49\u201359, 97\u2013112.<br>Henrik Visnapuu, <strong>Jakob Liivi n\u00e4itekirjanduslik looming<\/strong>. \u2013 Teater, nr 2, 1938, lk 52\u201353.<br>Henrik Visnapuu, <strong>Juhan Liivi luulep\u00e4randusest<\/strong>. \u2013 Varamu, nr 2, 1938, lk 251\u2013254.<br>Kersti Merilaas, <strong>Jakob Liivi l\u00fc\u00fcrika p\u00e4\u00e4motiive<\/strong>. \u2013 Looming, nr 3, 1938, lk 323\u2013328.<br>Oskar Kruus, <strong>Jakob Liiv. Kirjaniku 100. s\u00fcnniaastap\u00e4eva puhul<\/strong>. \u2013 Sirp ja Vasar, 27. II 1959, lk 3.<br>Oskar Kuningas, <strong>Jakob Liivi elust ja loomingust<\/strong>. \u2013 Jakob Liiv, \u2018Valitud teosed\u2019, Tallinn: Eesti Riiklik Kirjastus, 1960, 408 lk, lk 7\u2013 37.<br>Aarne Vinkel, <strong>Jakob Liivi tulek kirjandusse<\/strong>. \u2013 Kirjandus, aeg, inimene, Tallinn: Eesti Raamat, 1970, 257 lk, lk 129\u2013139.<br>Andres Pulver, <strong>Jakob Liiv kuldvasikat ei kummardanud<\/strong>. \u2013 Virumaa Teataja, 17. II 2009, lk 4.<br><strong>V\u00e4ike-Maarjas meenutatakse Jakob Liivi<\/strong>. \u2013 Virumaa Teataja, 18. II 2009.<br>Pille-Riin Larm, <strong>Meistrist epigooniks, epigoonist ikooniks: Jakob Liivi luule retseptsioonist<\/strong>. \u2013 Methis, nr 4, 2009, lk 32\u201349.<br>Rebekka Lotman, <strong>Kas Jakob Liiv kirjutas esimesed eestikeelsed sonetid?<\/strong> \u2013 Keel ja Kirjandus, nr 6, 2012, lk 401\u2013417.<\/p>\n","protected":false},"excerpt":{"rendered":"<p>ArtiklidH. P. (= H. Prants), Jakob Liivi kolmekordne juubel. \u2013Postimees, 28. II 1924, lk 2, 5.Henrik Visnapuu, Jakob Liiv luuletajana. Luuletaja 70. s\u00fcnnip\u00e4eva puhul. \u2013 Eesti Kirjandus, nr 2, 3, 1929, lk 49\u201359, 97\u2013112.Henrik Visnapuu, Jakob Liivi n\u00e4itekirjanduslik looming. \u2013 &#8230;<\/p>\n","protected":false},"author":43,"featured_media":0,"parent":7207,"menu_order":0,"comment_status":"closed","ping_status":"closed","template":"","meta":{"_acf_changed":false,"inline_featured_image":false,"footnotes":""},"class_list":["post-7210","page","type-page","status-publish","hentry"],"acf":[],"_links":{"self":[{"href":"https:\/\/sisu.ut.ee\/ewod\/et\/wp-json\/wp\/v2\/pages\/7210","targetHints":{"allow":["GET"]}}],"collection":[{"href":"https:\/\/sisu.ut.ee\/ewod\/et\/wp-json\/wp\/v2\/pages"}],"about":[{"href":"https:\/\/sisu.ut.ee\/ewod\/et\/wp-json\/wp\/v2\/types\/page"}],"author":[{"embeddable":true,"href":"https:\/\/sisu.ut.ee\/ewod\/et\/wp-json\/wp\/v2\/users\/43"}],"replies":[{"embeddable":true,"href":"https:\/\/sisu.ut.ee\/ewod\/et\/wp-json\/wp\/v2\/comments?post=7210"}],"version-history":[{"count":1,"href":"https:\/\/sisu.ut.ee\/ewod\/et\/wp-json\/wp\/v2\/pages\/7210\/revisions"}],"predecessor-version":[{"id":7211,"href":"https:\/\/sisu.ut.ee\/ewod\/et\/wp-json\/wp\/v2\/pages\/7210\/revisions\/7211"}],"up":[{"embeddable":true,"href":"https:\/\/sisu.ut.ee\/ewod\/et\/wp-json\/wp\/v2\/pages\/7207"}],"wp:attachment":[{"href":"https:\/\/sisu.ut.ee\/ewod\/et\/wp-json\/wp\/v2\/media?parent=7210"}],"curies":[{"name":"wp","href":"https:\/\/api.w.org\/{rel}","templated":true}]}}