{"id":7202,"date":"2025-05-10T15:52:09","date_gmt":"2025-05-10T12:52:09","guid":{"rendered":"https:\/\/sisu.ut.ee\/ewod\/?page_id=7202"},"modified":"2025-05-10T15:52:40","modified_gmt":"2025-05-10T12:52:40","slug":"ilmar-kulveti-kohta","status":"publish","type":"page","link":"https:\/\/sisu.ut.ee\/ewod\/et\/k\/ilmar-kulvet\/ilmar-kulveti-kohta\/","title":{"rendered":"Ilmar K\u00fclveti kohta"},"content":{"rendered":"<p><em><strong>Artiklid<\/strong><\/em><br>Luule Epner, <strong>Ilmar K\u00fclveti n\u00e4idendite poeetikast<\/strong>. \u2013 Keel ja Kirjandus, nr 11, 1990, lk 673\u2013679.<br>Hellar Grabbi, <strong>Ilmar K\u00fclvet 70. M\u00e4rkmeid tema loomingust<\/strong>. \u2013 Vaba Eesti S\u00f5na, 13. XII 1990, lk 4.<br>Mardi Valgem\u00e4e, <strong>Otsekui parm piriseb<\/strong>. \u2013 Teater. Muusika. Kino, nr 7, 1991, lk 67\u201371. [Ilmar K\u00fclveti n\u00e4idendite retseptsioonist. Ilmunud ka: Vana arm ei roosteta. M\u00e4lestusteos Ilmar K\u00fclveti 85. s\u00fcnniaastap\u00e4evaks. Koostanud Vaike K\u00fclvet; toimetanud ja eess\u00f5na: Piret Noorhani. Tartu: Eesti Kirjandusmuuseum, 2005, 439 lk.]<br>Luule Epner, <strong>Kirjaniku \u00fclesandeks on kirjutada<\/strong>. \u2013 Keel ja Kirjandus, nr 11, 1995, lk 785. [Ilmar K\u00fclveti 75. s\u00fcnnip\u00e4evaks.]<br>Hellar Grabbi, <strong>K\u00fclveti k\u00e4ek\u00f5rval<\/strong>. \u2013 Tulgu uus taevas: m\u00f5tteid viiek\u00fcmnest kirjanikust. Tallinn: Virgela, 1999, 277 lk, lk 157\u2013158. [Varem ilmunud: Vaba Eestlane, 18. II 1997.]<br>Hellar Grabbi, <strong>Ilmar K\u00fclveti proosast<\/strong>. \u2013 Vana arm ei roosteta. M\u00e4lestusteos Ilmar K\u00fclveti 85. s\u00fcnniaastap\u00e4evaks. Koostanud Vaike K\u00fclvet; toimetanud ja eess\u00f5na: Piret Noorhani. Tartu: Eesti Kirjandusmuuseum, 2005, 439 lk.<br>Markus Larsson, <strong>M\u00e4lestuskilde Ilmar K\u00fclvetist ja \u201cAmeerika H\u00e4\u00e4lest\u201d<\/strong>. \u2013 Vana arm ei roosteta. M\u00e4lestusteos Ilmar K\u00fclveti 85. s\u00fcnniaastap\u00e4evaks. Koostanud Vaike K\u00fclvet; toimetanud ja eess\u00f5na: Piret Noorhani. Tartu: Eesti Kirjandusmuuseum, 2005, 439 lk.<br>Piret Noorhani, <strong>Ilmar K\u00fclvet \u2013 rahva h\u00e4\u00e4l raja tagant. [Eess\u00f5na.]<\/strong> \u2013 Vana arm ei roosteta. M\u00e4lestusteos Ilmar K\u00fclveti 85. s\u00fcnniaastap\u00e4evaks. Koostanud Vaike K\u00fclvet; toimetanud ja eess\u00f5na: Piret Noorhani. Tartu: Eesti Kirjandusmuuseum, 2005, 439 lk.<\/p>\n\n\n\n<p><em><strong>Arvustused<\/strong><\/em><br>Helmi Eller, <strong>Pagulus k\u00f5rvalpeeglis<\/strong>. \u2013 Eesti P\u00e4evaleht, 19. IV 1979, lk 7. [N\u00e4idendist \u2018Suletud aken\u2019.]<br>Arvo M\u00e4gi, <strong>Moodne satiir t\u00f5i vaidluse<\/strong>. \u2013 Eesti P\u00e4evaleht, 19. IV 1979, lk 1. [\u2018Suletud aken\u2019.]<br>B. Peensaar, <strong>\u2018Sild \u00fcle mere\u2019 n\u00e4eb j\u00e4lle lavavalgust<\/strong>. \u2013 Eesti P\u00e4evaleht, 16. IV 1980, lk 3.<br>Arvo M\u00e4gi, <strong>Maailma laanen laiali<\/strong>. \u2013 Eesti P\u00e4evaleht, 24. VII 1982, lk 5. [Raamatust \u2018Kuhu kuulud, Kristjan? ja teisi jutustusi\u2019.]<br>Ene H\u00f6lderlin, Olev Remsu, <strong>Seks ja poliitika<\/strong>. \u2013 Looming, nr 6, 1988, lk 839\u2013841. [Raamatust \u2018Suupill ja 500 tuubat\u2019.]<br>Arno Oja, <strong>Kas vana arm ka roostetab?<\/strong> \u2013 Keel ja Kirjandus, nr 2, 1989, lk 119\u2013120. [\u2018Suupill ja 500 tuubat\u2019.]<br>Tiit Pruuli, <strong>Arvustus raamatule \u2018Kes oskab lugeda hierogl\u00fc\u00fcfe?\u2019<\/strong> \u2013 Edasi, 7. IV 1990, lk 5.<br>Arno Oja, <strong>Pildikesi maapao rannalt<\/strong>. \u2013 Keel ja Kirjandus, nr 5, 1990, lk 309\u2013310. [Raamatust \u2018Kes oskab lugeda hierogl\u00fc\u00fcfe?\u2019]<br>Juta K\u00f5vamees-Kitching, <strong>Arvustus raamatule \u2018Kes oskab lugeda hierogl\u00fc\u00fcfe?\u2019<\/strong> \u2013 World Literature Today, no 1, 1991, lk 162.<br>Ott Raun, <strong>Igavene eestlane<\/strong>. \u2013 Looming, nr 5, 1997, lk 703\u2013704. [Raamatust \u2018Gulliveri k\u00e4ek\u00f5rval\u2019.]<br>Janika Kronberg, <strong>Ilmar K\u00fclveti marginaalsed inimesed<\/strong>. \u2013 Vikerkaar, nr 1\/2, 1997, lk 176\u2013178. [\u2018Gulliveri k\u00e4ek\u00f5rval\u2019.]<\/p>\n\n\n\n<p><em><strong>Intervjuud<\/strong><\/em><br>HO, <strong>Autor p\u00f5leva lambiga. Vestlus n\u00e4itekirjaniku Ilmar K\u00fclvetiga<\/strong>. \u2013 Teataja, 27. I 1968.<br><strong>Pole pagulasteatrit ilma paguluses kirjutatud n\u00e4idendita. Ilmar K\u00fclvet vestleb n\u00e4itekirjaniku probleemidest<\/strong>. \u2013 Teataja, 7. III 1970.<br>Felix Oinas, <strong>Kuidas kirjanikud kirjutavad. Ilmar K\u00fclvet<\/strong>. \u2013 Tulimuld, nr 4, 1985, lk 176\u2013178.<br>Olev Remsu, <strong>Meie k\u00fclalisi<\/strong>. \u2013 Sirp ja Vasar, 3. VI 1988, lk 6.<br><strong>Intervjuu Ilmar K\u00fclvetiga<\/strong>. \u2013 Vikerkaar, nr 10, 1988, lk 76\u201379.<br>Maret Aronovich, <strong>Intervjuu Ilmar K\u00fclvetiga<\/strong>. \u2013 Keel ja Kirjandus, nr 11, 1990, lk 680\u2013684.<br>Margot Visnap, <strong>Eesti dramaturg \u2013 uhke \u00fcksildane?<\/strong> \u2013 Teater. Muusika. Kino, nr 1, 1991, lk 62\u201366.<br>Urmas Ott, <strong>[intervjuu Ilmar K\u00fclvetiga TV-sarjas \u201cCarte blanche\u201d]<\/strong>. \u2013 Vana arm ei roosteta. M\u00e4lestusteos Ilmar K\u00fclveti 85. s\u00fcnniaastap\u00e4evaks. Koostanud Vaike K\u00fclvet; toimetanud ja eess\u00f5na: Piret Noorhani. Tartu: Eesti Kirjandusmuuseum, 2005, 439 lk.<\/p>\n","protected":false},"excerpt":{"rendered":"<p>ArtiklidLuule Epner, Ilmar K\u00fclveti n\u00e4idendite poeetikast. \u2013 Keel ja Kirjandus, nr 11, 1990, lk 673\u2013679.Hellar Grabbi, Ilmar K\u00fclvet 70. M\u00e4rkmeid tema loomingust. \u2013 Vaba Eesti S\u00f5na, 13. XII 1990, lk 4.Mardi Valgem\u00e4e, Otsekui parm piriseb. \u2013 Teater. Muusika. Kino, nr &#8230;<\/p>\n","protected":false},"author":43,"featured_media":0,"parent":7198,"menu_order":0,"comment_status":"closed","ping_status":"closed","template":"","meta":{"_acf_changed":false,"inline_featured_image":false,"footnotes":""},"class_list":["post-7202","page","type-page","status-publish","hentry"],"acf":[],"_links":{"self":[{"href":"https:\/\/sisu.ut.ee\/ewod\/et\/wp-json\/wp\/v2\/pages\/7202","targetHints":{"allow":["GET"]}}],"collection":[{"href":"https:\/\/sisu.ut.ee\/ewod\/et\/wp-json\/wp\/v2\/pages"}],"about":[{"href":"https:\/\/sisu.ut.ee\/ewod\/et\/wp-json\/wp\/v2\/types\/page"}],"author":[{"embeddable":true,"href":"https:\/\/sisu.ut.ee\/ewod\/et\/wp-json\/wp\/v2\/users\/43"}],"replies":[{"embeddable":true,"href":"https:\/\/sisu.ut.ee\/ewod\/et\/wp-json\/wp\/v2\/comments?post=7202"}],"version-history":[{"count":1,"href":"https:\/\/sisu.ut.ee\/ewod\/et\/wp-json\/wp\/v2\/pages\/7202\/revisions"}],"predecessor-version":[{"id":7203,"href":"https:\/\/sisu.ut.ee\/ewod\/et\/wp-json\/wp\/v2\/pages\/7202\/revisions\/7203"}],"up":[{"embeddable":true,"href":"https:\/\/sisu.ut.ee\/ewod\/et\/wp-json\/wp\/v2\/pages\/7198"}],"wp:attachment":[{"href":"https:\/\/sisu.ut.ee\/ewod\/et\/wp-json\/wp\/v2\/media?parent=7202"}],"curies":[{"name":"wp","href":"https:\/\/api.w.org\/{rel}","templated":true}]}}