{"id":7179,"date":"2025-05-05T16:58:30","date_gmt":"2025-05-05T13:58:30","guid":{"rendered":"https:\/\/sisu.ut.ee\/ewod\/?page_id=7179"},"modified":"2025-05-05T16:58:31","modified_gmt":"2025-05-05T13:58:31","slug":"leelo-tungla-kohta","status":"publish","type":"page","link":"https:\/\/sisu.ut.ee\/ewod\/et\/t\/leelo-tungal\/leelo-tungla-kohta\/","title":{"rendered":"Leelo Tungla kohta"},"content":{"rendered":"<p><em><strong>Artiklid<\/strong><\/em><br>Leena Kurvet-K\u00e4osaar, <strong>\u00d5nneliku lapsep\u00f5lve varjus: Leelo Tungla \u201eSeltsimees laps\u201c ning \u201eSamet ja saepuru\u201c<\/strong>. \u2013 Kirjandusp\u00e4rand kultuuriloos: artikleid ja uurimusi 2008-2014. Eesti Kultuuriloolise Arhiivi 85. aastap\u00e4evaks. Tartu, 2014, lk 128-147.<br><br><em><strong>Arvustused<\/strong><\/em><br>Viire Villandi, <strong>Ent luuletus kui \u00fcksikteos?<\/strong>. \u2013 Looming, nr 4, 1975, lk 695-696. [\u201e\u00d5itsev kuristik\u201c]<br>Astrid Reinla, <strong>\u00dcks ilus punakuldne muinasjutt<\/strong>. \u2013 Keel ja Kirjandus, nr 6, 1976, lk 370-371. [\u201e\u00d5itsev kuristik\u201c]<br>Ingvar Luha\u00e4\u00e4r, <strong>Neli viisi armstada<\/strong>. \u2013 Noorus, nr 12, 1977, lk 22. [\u201eM\u00fc\u00fcdita\u201c]<br>Ele S\u00fcvalep, <strong>Selgimise raamat<\/strong>. \u2013 Looming, nr 1, 1978, lk 167-169. [\u201eM\u00fc\u00fcdita\u201c]<br>Sirje Kiin, <strong>Kummalisest \u00f5itsemisest m\u00fc\u00fcdita kaseni<\/strong>. \u2013 Looming, nr 4, 1979, lk 585-586. [Ilmunud ka: Kirjandus kriitiku pilguga. Tallinn: Eesti Raamat, 1982, lk 54-56.] [\u201eRaamat ja kask\u201c]<br>Aire Kivistik, <strong>Argip\u00e4evalood<\/strong>. \u2013 Sirp ja Vasar 2. III 1979 [\u201eIlus vana naine\u201c]<br>Sirje Kiin, <strong>Pessa ja lendu l\u00e4heb siit<\/strong>. \u2013 Keel ja Kirjandus, nr 3, 1980, lk 180-182.<br>Ain Kaalep, Paul-Eerik Rummo,<strong> Kahekesi luuleteral<\/strong>. \u2013 Looming, nr 3, 1980, lk 427-428.<br>Silvia Nagelmaa, <strong>Otsingud ja stabiilsus<\/strong>. \u2013 Sirp ja Vasar 18. I 1980 [\u201eVeni, vidi, vidiit\u201c]<br>Toomas Haug, <strong>Luules\u00f5nu ja luhtumisi<\/strong>. \u2013 Looming, nr 2, 1980, lk 293-294. [\u201eVeni, vidi, vidiit\u201c]<br>Krista Muldma, <strong>Veel \u00fcks t\u00fcdrukujutt<\/strong>. \u2013 Sirp ja Vasar 14. XI 1980 [\u201eNeitsi Maarja neli p\u00e4eva\u201c]<br>Linnar Priim\u00e4gi, <strong>Laululuule<\/strong>. \u2013 Sirp ja Vasar 14. VIII 1981 [\u201eMullaketraja\u201c]<br>Toomas Haug, <strong>Naisterahvalik lauluraamat<\/strong>. \u2013 Looming, nr 9, 1981, lk 1334-1335. [\u201eMullaketraja\u201c]<br>Reet Krusten, <strong>Noorsooraamatust ilma hinnaalanduseta<\/strong>. \u2013 Keel ja Kirjandus, nr 8, 1981, lk 454-455. [\u201eNeitsi Maarja neli p\u00e4eva\u201c]<br>Linnar Priim\u00e4gi,<strong> [L. Tungal. Tedrem\u00e4ng]<\/strong>. \u2013 Edasi 4. IX 1982<br>Reet Krusten, <strong>Lasteraamat. Mitte ainult lastele<\/strong>. \u2013 Sirp ja Vasar 3. X 1986 [\u201eKirju liblika suvi\u201c]<br>Peeter K\u00fcnstler, <strong>On vajalik olla vajalik<\/strong>. \u2013 Sirp 12. VI 1992 [\u201eAinus kangelastegu on naeratus\u201c]<br>Aivo L\u00f5hmus, <strong>Pioneeride ja vampiiride s\u00f5da<\/strong>. \u2013 Favoriit, november, 1993, lk 14 [\u201eVampiir ja pioneer\u201c]<br>Aivar Kull, <strong>Leelo Tungla luulendab praeguse Eesti elu h\u00e4da<\/strong>. \u2013 Hommikuleht 16. III 1994 [\u201eEi nime, ei hinda\u201c]<br>Talvo Pabut, <strong>Aeg luules<\/strong>. \u2013 Kultuurileht 13. V 1994 [\u201eEi nime, ei hinda\u201c]<br>Reet Krusten, <strong>Muudkui kummitame, kollitame ja lollitame<\/strong>. \u2013 Postimees 24. III 1998 [\u201eKollitame! Kummitame!\u201c]<br>Ott Arder, <strong>H\u00f5ljumas on tasahilju valgekaanelisi vilju<\/strong>. \u2013 Eesti P\u00e4evaleht 16. II 2001 [\u201eMarjajuur lume all\u201c]<br>Berk Vaher, <strong>Laps t\u00e4iskasvanu hingega<\/strong>. \u2013 Postimees 30. I 2001 [\u201eMarjajuur lume all\u201c]<br>Rein Veidemann, <strong>Leelo Tungla k\u00f5vakaaneline deb\u00fc\u00fct<\/strong>. \u2013 Eesti P\u00e4evaleht 24. I 2001 [\u201eMarjajuur lume all\u201c]<br>Rein Veidemann, <strong>Kirjanik Leelo Tungal l\u00e4kitas j\u00f5uluvanale raamatut\u00e4ie salme<\/strong>. \u2013 Postimees 23. XI 2001 [\u201eKirjad j\u00f5uluvanale\u201c]<br>Sirje Olesk, <strong>Eesti elu ja ajalugu \u00fche naise v\u00e4rssides<\/strong>. \u2013 Postimees 27. VII 2002 [\u201eK\u00e4si on valge ja s\u00fcsi on must\u201c]<br>Elo Lindsalu, <strong>Tungla \u00fclesleitud laulud<\/strong>. \u2013 Eesti P\u00e4evaleht 20. IX 2002 [\u201eK\u00e4si on valge ja s\u00fcsi on must\u201c]<br>Rein Veidemann, <strong>Kolmeaastase lapse piltidest said alguse Leelo Tungla luuletused<\/strong>. \u2013 Postimees 31. V 2002 [\u201ePururikas laps\u201c]<br>Karl Martin Sinij\u00e4rv,<strong> Kohvik, kosmos, j\u00e4nkil\u00e4nd<\/strong>. \u2013 Sirp 14. XI 2003 [\u201eSiri Siiriuselt\u201c]<br>Rein Tootmaa, <strong>Pikk luuletee ei vao valusasse videvikku<\/strong>. \u2013 Videvik 27. III 2003 [\u201eK\u00e4si on valge ja s\u00fcsi on must\u201c]<br>Andrus Norak, <strong>Taimedest edasi\u2026<\/strong> \u2013 \u00d5petajate Leht 8. VIII 2003 [\u201eK\u00e4si on valge ja s\u00fcsi on must\u201c]<br>Krista Kumberg, <strong>Pipi teiselt planeedilt<\/strong>. \u2013 Postimees 9. I 2004 [\u201eSiri Siiriuselt\u201c]<br>Eerik Purje, <strong>Leidmiselauludega suul<\/strong>. \u2013 Eesti Elu 30. VII 2004 [\u201eK\u00e4si on valge ja s\u00fcsi on must\u201c]<br>Andrus Norak, <strong>K\u00e4si on valge ja s\u00fcsi on must<\/strong>. \u2013 N\u00e4daline 16. X 2004<br>Malle Reidolv, <strong>Aabitsatekst tulevase lugeja kasvatajana<\/strong>. \u2013 Raamatukogu, nr 5, 2004, lk 28-31.<br>Ilona Martson, <strong>Kaks naist tegid \u00fcheskoos ausa ja armsa j\u00f5uluraamatu<\/strong>. \u2013 Eesti P\u00e4evaleht 24. XII 2004 [\u201eV\u00e4ike j\u00f5ulusoov\u201c]<br>Krista Kumberg, <strong>P\u00f5nevikud k\u00f5ige v\u00e4iksematele<\/strong>. \u2013 Postimees 20. I 2006 [\u201eHernetont Ernestiine\u201c]<br>Veiko M\u00e4rka, <strong>Paps keerab k\u00e4ki ja mamps annab molli<\/strong>. \u2013 Eesti P\u00e4evaleht 21. VII 2006 [\u201eL\u00e4tikeelne j\u00e4\u00e4tis\u201c]<br>Jan Kaus, <strong>Autobiograafia luuletustes<\/strong>. \u2013 Postimees: Raamat 21. VI 2007 [\u201eT\u00e4isminevik\u201c]<br>Mariliin Vassenin, <strong>Elutarga inimese luule<\/strong>. \u2013 Postimees 1. IX 2007 [\u201eT\u00e4isminevik\u201c]<br>Vaapo Vaher, <strong>Kellele kirjanik kirjutab?<\/strong>. \u2013 Maaleht 6. IX 2007 [\u201eT\u00e4isminevik\u201c]<br>Mart Juur, <strong>Perekonnakroonika ja naermise \u00f5petus<\/strong>. \u2013 Postimees 3. V 2008 [\u201eSeltsimees laps\u201c]<br>Doris Kareva, <strong>Randlase koer<\/strong>. \u2013 Sirp 19. IX 2008 [\u201eSeltsimees laps\u201c]<br>Riina M\u00e4gi, <strong>Hea laps, seltsimees laps ja must lammas<\/strong>. \u2013 Vooremaa 13. IX 2008<br>Jaak Urmet, <strong>Teosest \u201eSeltsimees laps\u201c tuleb oodata \u00fclekujundamata versiooni<\/strong>. \u2013 Eesti P\u00e4evaleht 4. IV 2008<br>Krista Valdvee,<strong> Nostalgiline teejuht<\/strong>. \u2013 Sakala 10. IX 2008 [\u201eKristiina, see keskmine\u201c]<br>Sirje Olesk, <strong>Meie aja muinasjutt Stalinist ja tsirkusest<\/strong>. \u2013 Looming, nr 11, 2009, lk 1589-1591. [\u201eSeltsimees laps\u201c]<br>Liivi \u0160ein, <strong>Nutikas laps Leelo N\u00f5ukogude aja tsirkuse tragikoomilises maailmas<\/strong>. \u2013 Eesti P\u00e4evaleht 26. VI 2009 [\u201eSamet ja saepuru\u201c]<br>Rein Veidemann, <strong>Leelo Tungla seitsmes rahukevad<\/strong>. \u2013 Eesti P\u00e4evaleht 21. VII 2009 [\u201eSamet ja saepuru\u201c]<br>Krista Kumberg, <strong>K\u00e4es on s\u00fcdasuvi<\/strong>. \u2013 Postimees 12. VII 2012<br>Krista Kumberg, <strong>P\u00f6\u00f6rdes raamat<\/strong>. \u2013 Postimees 21. IX 2013 [\u201ePorgand t\u00f6\u00f6tab porgandina\u201c]<br>Berk Vaher, <strong>Neitsi Maarja korduskatse j\u00f5uda Riia bussile. \u00d5nnesoovidega Leelo Tunglale<\/strong>. \u2013 Looming, nr 6, 2017, lk 908-913.<br>Andrus Kasemaa, <strong>Leelo Tungla biit<\/strong>. \u2013 Sirp 8. XII 2017 [\u201eTeeleht\u201c]<br>Mari Niitra, <strong>\u00dclemlaul elluj\u00e4\u00e4misele, ehk, Kuidas Seltsimees lapsest kasvas kinnise k\u00e4ega luuletaja<\/strong>. \u2013 Sirp 23. III 2018 [\u201eNaisek\u00e4e puudutus\u201c]<br>Maria Lee Liivak, <strong>[Seltsimees laps]<\/strong>. \u2013 Elm, no. 47, 2018, p. 46-47.<br>Saara Mildeberg,<strong> 390 kilomeetrit vaba aega<\/strong>. \u2013 V\u00e4rske R\u00f5hk, nr 54, 2018, lk 131-135. [\u201eNeitsi Maarja neli p\u00e4eva\u201c]<\/p>\n\n\n\n<p><strong><em>Intervjuud<\/em><\/strong><br>Helen Vinkel, <strong>Kaks tundi k\u00fcsimusi ja vastuseid<\/strong>. \u2013 S\u00e4de 13. IV 1988<br>Meelike Saarna, <strong>Silmast silma<\/strong>. \u2013 Rahva H\u00e4\u00e4l 25. IV 1992<br>Leelo Tungal: <strong>\u201eV\u00f5ite mulle sina \u00f6elda\u201c<\/strong>. \u2013 Meie Meel 3. X 1992<br>Kersti Tarien, <strong>Hommikuvestlus Leelo Tunglaga<\/strong>. \u2013 \u00d5htuleht 6. IV 1993<br>\u00dcllar Ende, <strong>Leelo Tungla avastas salap\u00e4rase kirjaniku<\/strong>. \u2013 Meie Meel 23. II 1994<br><strong>Eesti elav luulekogu (vastused toimetuse k\u00fcsimustele)<\/strong>. \u2013 Keel ja Kirjandus, nr 1, 1994, lk 38-39.<br>Linda J\u00e4rve, <strong>Mida v\u00e4ga ootad, see tuleb<\/strong>. \u2013 Suveleht (\u00d5htuleht) 20. VII 1994<br>K\u00fclli Koppelmaa, <strong>Leelo Tungal: \u201eEestlastel on vajadus kultuuri j\u00e4rele\u201c<\/strong>. \u2013 Harjumaa 5. I 1994<br>Anu Saarem\u00e4gi, <strong>Tahaksime au sisse t\u00f5sta loomingulise inimese<\/strong>. \u2013 \u00d5petajate Leht 11. II 1994<br>Liivia Viitol, <strong>Kas te armastate loomi?<\/strong>. \u2013 Hommikuleht 18. VI 1994<br>Anne-Mari Alver, <strong>Leelo Tunglaga headust ja armastust otsimas<\/strong>. \u2013 Eesti Elu 30. V 1995<br>Kristi P\u00e4rn, <strong>R\u00f5\u00f5m normaalsusest<\/strong>. \u2013 P\u00e4evaleht 10. III 1995<br>T\u00f5nu Seero, <strong>August sai muhu<\/strong>. \u2013 Eesti S\u00f5numid 1. IV 1995<br>Hipe Tarvel, <strong>Kirjanik Leelo Tungal: heade s\u00f5nade kordamisel on maagiliselt hea m\u00f5ju<\/strong>. \u2013 Rahva H\u00e4\u00e4l 21. I 1995<br>Mai V\u00f6\u00f6rmann, <strong>J\u00f5uluvana t\u00fctrega Kloostri Aidas kala s\u00f6\u00f6mas<\/strong>. \u2013 Eesti P\u00e4evaleht 23. XII 1995<br>Silja Kabral, <strong>Leelo Tungla kirjanikutee algas \u00fcksindusest<\/strong>. \u2013 J\u00e4rva Teataja 11. V 1996<br>Sirje Maasikam\u00e4e, <strong>Leelo Tunglal on alati tuhat t\u00f6\u00f6d pooleli<\/strong>. \u2013 \u00d5htuleht 27. VIII 1996<br>T\u00f5nu Seero, <strong>K\u00e4nnu\u00e4mblike aeg saab ehk otsa<\/strong>. \u2013 S\u00f5numileht 12. X 1996<br>Liivia Viitol, <strong>Eesti laps on vastuv\u00f5tlik s\u00f5nale<\/strong>. \u2013 Kultuurileht 13. IX 1996<br>Kersti Eero, <strong>Suure Vankri kandidaat Leelo Tungal: muusika valdkonnas tekstiautor, aastat\u00f6\u00f6<\/strong>. \u2013 \u00d5htuleht 12. XII 1997<br>Lea Arme, <strong>Leelo Tungal<\/strong>. \u2013 Meie Meel 8. I 1997<br>Veiko M\u00e4rka, <strong>Leelo Tungal kaitseb normaalset maailma: Leelo Tungla peres on viis naist ja ja \u00fcks mees<\/strong>. \u2013 Postimees 8. III 1997<br>Ita Serman, Anneli Aasm\u00e4e, <strong>Elu kollidega on paratamatus: m\u00fctoloogilised eurouuringud on algamas<\/strong>. \u2013 \u00d5htuleht 27. I 1998<br>Tiina V\u00e4ljaste, <strong>Leelo Tungal teeb \u201eHead last\u201c tarkadele lastele<\/strong>. \u2013 Pere ja Kodu, nr 2, 1998, lk 50-53.<br>Anu M\u00f5istlik, <strong>Kiirabiga konverentsile<\/strong>. \u2013 \u00d5htuleht 13. VI 2000<br>Heili Sibrits, <strong>Leelo Tungal pidas raamaturiiulit halvaks kingiks<\/strong>. \u2013 Seltskond 20. VI 2000<br>Heili Sibrits, <strong>Leelo Tungal ei pea end t\u00fctardele heaks eeskujuks<\/strong>. \u2013 Seltskond 8. VIII 2000<br>Kaarel Kaas, <strong>Poetessi unen\u00e4gu sai t\u00f5eks<\/strong>. \u2013 Postimees 1. III 2002<br>Margit Kilumets, <strong>Valgus tolmuk\u00fcbemes<\/strong>. \u2013 Eesti Naine, nr 11, 2002, lk 10-13.<br>J\u00fcrgen Rooste, <strong>Me elame paremal ajal<\/strong>. \u2013 Sirp 14. XI 2003<br>Jaak Urmet, <strong>Leelo Tungal: ma tunnen ennast j\u00f5uluvana t\u00fctrena<\/strong>. \u2013 Eesti P\u00e4evaleht 24. XII 2004<br>Liina Valper, <strong>Leelo Tungal: iga\u00fches meist on laps alles<\/strong>. \u2013 V\u00f5rumaa Teataja 13. XI 2004<br>Sirje P\u00e4rismaa, <strong>Vanemuise laval Londoni kassid<\/strong>. \u2013 Maaleht 9. VI 2005<br><strong>Leelo Tungal pidi j\u00e4\u00e4tist s\u00fc\u00fces olema korralik laps<\/strong>. \u2013 SL \u00d5htuleht 25. VII 2005<br>Urve Eslas, <strong>Leelo Tungla koerad teevad koeratempe: elus ja ka raamatus<\/strong>. \u2013 Postimees 22. XII 2006<br>Ada Maltseva, <strong>Leelo Tungal: mulle meeldib lastele kirjutada<\/strong>. \u2013 Linnaleht 19. V 2006<br>Urve Tinnuri, <strong>Leelo Tungal: suvi on parim loomeaeg<\/strong>. \u2013 Elukiri, nr 8, 2006, lk 6-12.<br>Urve Eslas, <strong>S\u00f6\u00f6gilaud kirjaniku k\u00f6\u00f6gis on ostetud laulude eest<\/strong>. \u2013 Postimees 18. VI 2007<br>Ene Sepp, <strong>\u201eLaulupidu on eriline!\u201c<\/strong>. \u2013 SL \u00d5htuleht 9. VIII 2007<br>Rebekka Lotman, <strong>Leelo Tungal \u2013 l\u00e4bi \u00f5uduste raamatu poole<\/strong>. \u2013 Postimees 29. III 2008<br>Mari Peegel, <strong>Leelo Tungal: V\u00f5tikeverest olen kuulnud head<\/strong>. \u2013 Eesti P\u00e4evaleht 8. VIII 2008<br>Martin Hanson, <strong>Leelo Tungal: lapsest saati metsas<\/strong>. \u2013 Metsamees, nr 5, 2009, lk 23-26.<br>Kaarel Kressa, <strong>Leelo Tungal r\u00e4nnakul tagasi lapsep\u00f5lve<\/strong>. \u2013 Eesti P\u00e4evaleht 11. VII 2009<br>Piret M\u00e4eniit, <strong>Leelo Tungal \u2013 tegusa rahu retsept<\/strong>. \u2013 Kodutohter, nr 3, 2009, lk 8-13.<br>\u00dclo Russak, <strong>Leelo Tungal: Puhkan, kui ainult \u00fcks t\u00f6\u00f6 k\u00e4sil<\/strong>. \u2013 Harju Elu 17. VII 2009<br>Jan Kaus, <strong>\u201eVangilaagris ja v\u00e4lismaal oskavad eestlased \u00fchte hoida\u201c<\/strong>. \u2013 Sirp 18. VI 2010<br>Evelin Samuel, <strong>Leelo Tungal: lastega on lihtsam olla siiras<\/strong>. \u2013 Tervis Pluss, nr 12, 2010, lk 10-14.<br>Jaanus Kulli, <strong>Leelo Tungal: \u201eTee t\u00f6\u00f6d, siis l\u00e4heb armastus meelest \u00e4ra\u201c<\/strong>. \u2013 \u00d5htuleht 12. IX 2011<br>Verni Leivak, <strong>Leelo Tungal: olen kogu elu raamatutest abi saanud<\/strong>. \u2013 Postimees 21. I 2012<br>Lea Arme, <strong>K\u00f5ik, mis puutub, lauluks muutub<\/strong>. \u2013 Eesti Naine, nr 8, 2014, lk 6-11.<br>Mari Klein, <strong>Hea Laps saab 20-aastaseks<\/strong>. \u2013 \u00d5petajate Leht 28. III 2014<br>Anete Kruusm\u00e4gi,<strong> Iga lapse jaoks on kuskil raamat<\/strong>. \u2013 \u00d5htuleht 13. III 2014<br>Anete Kruusm\u00e4gi, <strong>Leelo Tungal: ei ole nii, et toks kirjutusmasinaga ja kroon kukub<\/strong>. \u2013 \u00d5htuleht 28. VI 2014<br>Rainer Kerge, <strong>Leelo Tungal: vanemad, \u00e4rge kaitske oma lapsi \u00f5petamise eest!<\/strong>. \u2013 \u00d5htuleht 14. III 2015<br>Merilyn Merisalu, <strong>Tegus Leelo Tungal hindab keelt ja lapsi<\/strong>. \u2013 Universitas Tartuensis, nr 6, 2015, lk 34-37.<br><strong>Leelo Tungal: S\u00f5naseadmisoskus tuleb kasuks igal alal<\/strong>. \u2013 \u00d5petajate Leht 15. V 2015<br>J\u00fcri Aarma, <strong>Leelo Tungal l\u00e4ks kooli juba n\u00e4dalavanuselt<\/strong>. \u2013 Maaleht 30. III 2017<br>Eneli Jaama, <strong>Leelo Tungal: imed on tavalised asjad, mitte haruldased n\u00e4htused<\/strong>. \u2013 Eesti P\u00e4evaleht 17. VI 2017<br>Ilona Martson, <strong>Minu lugu on minu lugu<\/strong>. \u2013 Looming, nr 6, 2017, lk 896-903.<br>\u00dclo Russak,<strong> Leelo Tungal: oleme viies p\u00f5lvkond siin Ruila koolis<\/strong>. \u2013 Harju Elu 30. VI 2017<br>Rein Veidemann, <strong>Hea laps, kellest on saanud Lauluema Leelo ja muudki<\/strong>. \u2013 Postimees 22. VI 2017<br>Rainer Kerge, <strong>Leelo Tungal: endisi aegu ei anna praegustega v\u00f5rreldagi, aga me ei ole ikka rahul<\/strong>. \u2013 \u00d5htuleht 29. XII 2018<br>Henry Linnard, <strong>Leelo Tungal: esimese kirjanduspreemia sain pr\u00fcgikastist p\u00e4\u00e4stetud teose eest!<\/strong>. \u2013 \u00d5htuleht 23. III 2018<br>Henry Linnard, <strong>Leelo Tungal: Siberist tagasi tulnud naine polnud minu ema<\/strong>. \u2013 \u00d5htuleht 17. IV 2018<br>Siiri Rebane, <strong>Leelo Tungal: \u201eMeil ei ole teist Eestit, kuhu minna\u201c<\/strong>. \u2013 Tiiu, nr 2, 2018, lk 20-29.<br>Liisa Tagel, <strong>Leelo Tungal: loodan, et mu lapselapsed ei pea kunagi kogema midagi sellist nagu mina lapsep\u00f5lves<\/strong>. \u2013 Eesti P\u00e4evaleht 17. III 2018<br>Kaire-K\u00fclli Vaatmann, <strong>Leelo Tungal p\u00e4\u00e4stab p\u00f5lvkondi<\/strong>.- Aplaus, nr 23, 2018, lk 32-38.<br>Pille-Riin Larm, <strong>Sadakond raamatut, tuhatkond laulu, \u00fcks Leelo Tungal<\/strong>. \u2013 Sirp 22. II 2019<br>Vilja Kiisler, <strong>Leelo Tungal: ohutunne on pead t\u00f5stnud v\u00e4ga paljude inimeste s\u00fcdames<\/strong>. \u2013 Eesti P\u00e4evaleht 18. III 2022<br>Rainer Kerge, <strong>Leelo Tungal: k\u00f5ige suurem karistus v\u00f5i k\u00e4ttemaks kurjusele on n\u00e4idata talle, et ta on naljakas<\/strong>. \u2013 \u00d5htuleht 22. VI 2022<br>Madis J\u00fcrgen, <strong>Leelo Tungal: olin naiivne, arvates, et n\u00fc\u00fcd on k\u00f5ik h\u00e4sti, kui N\u00f5ukogude Liit l\u00e4bi sai<\/strong>. \u2013 Maaleht 22. VI 2022.<\/p>\n","protected":false},"excerpt":{"rendered":"<p>ArtiklidLeena Kurvet-K\u00e4osaar, \u00d5nneliku lapsep\u00f5lve varjus: Leelo Tungla \u201eSeltsimees laps\u201c ning \u201eSamet ja saepuru\u201c. \u2013 Kirjandusp\u00e4rand kultuuriloos: artikleid ja uurimusi 2008-2014. Eesti Kultuuriloolise Arhiivi 85. aastap\u00e4evaks. Tartu, 2014, lk 128-147. ArvustusedViire Villandi, Ent luuletus kui \u00fcksikteos?. \u2013 Looming, nr 4, 1975, &#8230;<\/p>\n","protected":false},"author":43,"featured_media":0,"parent":7174,"menu_order":0,"comment_status":"closed","ping_status":"closed","template":"","meta":{"_acf_changed":false,"inline_featured_image":false,"footnotes":""},"class_list":["post-7179","page","type-page","status-publish","hentry"],"acf":[],"_links":{"self":[{"href":"https:\/\/sisu.ut.ee\/ewod\/et\/wp-json\/wp\/v2\/pages\/7179","targetHints":{"allow":["GET"]}}],"collection":[{"href":"https:\/\/sisu.ut.ee\/ewod\/et\/wp-json\/wp\/v2\/pages"}],"about":[{"href":"https:\/\/sisu.ut.ee\/ewod\/et\/wp-json\/wp\/v2\/types\/page"}],"author":[{"embeddable":true,"href":"https:\/\/sisu.ut.ee\/ewod\/et\/wp-json\/wp\/v2\/users\/43"}],"replies":[{"embeddable":true,"href":"https:\/\/sisu.ut.ee\/ewod\/et\/wp-json\/wp\/v2\/comments?post=7179"}],"version-history":[{"count":1,"href":"https:\/\/sisu.ut.ee\/ewod\/et\/wp-json\/wp\/v2\/pages\/7179\/revisions"}],"predecessor-version":[{"id":7183,"href":"https:\/\/sisu.ut.ee\/ewod\/et\/wp-json\/wp\/v2\/pages\/7179\/revisions\/7183"}],"up":[{"embeddable":true,"href":"https:\/\/sisu.ut.ee\/ewod\/et\/wp-json\/wp\/v2\/pages\/7174"}],"wp:attachment":[{"href":"https:\/\/sisu.ut.ee\/ewod\/et\/wp-json\/wp\/v2\/media?parent=7179"}],"curies":[{"name":"wp","href":"https:\/\/api.w.org\/{rel}","templated":true}]}}