{"id":7174,"date":"2024-04-03T23:40:44","date_gmt":"2024-04-03T20:40:44","guid":{"rendered":"https:\/\/sisu.ut.ee\/ewod\/?page_id=7174"},"modified":"2025-05-05T16:59:12","modified_gmt":"2025-05-05T13:59:12","slug":"leelo-tungal","status":"publish","type":"page","link":"https:\/\/sisu.ut.ee\/ewod\/et\/t\/leelo-tungal\/","title":{"rendered":"Leelo Tungal"},"content":{"rendered":"<figure class=\"wp-block-image alignright size-large is-resized\"><a href=\"https:\/\/sisu.ut.ee\/wp-content\/uploads\/sites\/108\/leelo_tungal.jpg\"><img loading=\"lazy\" decoding=\"async\" width=\"775\" height=\"1024\" src=\"https:\/\/sisu.ut.ee\/wp-content\/uploads\/sites\/108\/leelo_tungal-775x1024.jpg\" alt=\"\" class=\"wp-image-6103\" style=\"width:313px;height:auto\" srcset=\"https:\/\/sisu.ut.ee\/wp-content\/uploads\/sites\/108\/leelo_tungal-775x1024.jpg 775w, https:\/\/sisu.ut.ee\/wp-content\/uploads\/sites\/108\/leelo_tungal-227x300.jpg 227w, https:\/\/sisu.ut.ee\/wp-content\/uploads\/sites\/108\/leelo_tungal-768x1015.jpg 768w, https:\/\/sisu.ut.ee\/wp-content\/uploads\/sites\/108\/leelo_tungal-1162x1536.jpg 1162w, https:\/\/sisu.ut.ee\/wp-content\/uploads\/sites\/108\/leelo_tungal.jpg 1284w\" sizes=\"auto, (max-width: 775px) 100vw, 775px\"><\/a><\/figure>\n\n\n\n<p>Leelo Tungal (s\u00fcndinud 22. VI 1947) on luuletaja ning lastekirjanik.<\/p>\n\n\n\n<p>Tungal on s\u00fcndinud Tallinnas, \u00f5ppis Ruilas ja Tallinnas ning Tartu Riiklikus \u00dclikoolis eesti filoloogiat. On t\u00f6\u00f6tanud \u00f5petajana, mitmete v\u00e4ljaannete toimetuses, olnud Nukuteatri kirjandusala juhataja, toimetanud ajakirju T\u00e4heke, Pioneer ja Hea Laps. Kirjanike Liidu liige alates 1979. Oli abielus helilooja Raimo Kangroga (1949-2001). Nende t\u00fctred on kirjanik Maarja Kangro (1973), kunstnik Kirke Kangro (1975) ja t\u00f5lkija Anna-Magdaleena Kangro (1979).<\/p>\n\n\n\n<p>Tungal deb\u00fcteeris luuletustega 1958. aastal ajakirjas Pioneer, 1965. aastast ilmusid luuletused ajakirjades Noorus ja Looming. Esimesed luulekogud \u201eKummaliselt kiivitajad kurtsid\u201c (1966, Noorte Autorite Kassetis \u00fches J\u00fcri Tuuliku ja Ingvar Luha\u00e4\u00e4rega), \u201e\u00d5itsev kuristik\u201c (1974) ja \u201eM\u00fc\u00fcdita\u201c (1977) p\u00f5hinevad valdavalt isiklikel elamustel. J\u00e4rgmistes kogudes valitseb romantilisema elutunnetuse asemel asisem, m\u00f5tlikum alatoon. 1980. aastate kogudes \u201eMullaketraja\u201c (1981) ja \u201eTedrem\u00e4ng\u201c (1982) asetuvad kesksemale kohale pere, kodu ja rahva temaatika \u00fchendatuna rahvaliku luuletraditsiooniga. Luules kajastuvad ka heitlikud ajad \u2013 1980. aastate l\u00f5pu ja 1990. aastate alguse meeleolud (\u201eAinus kangelastegu on naeratus\u201c (1991), \u201eEi nime, ei hinda\u201c (1993)). Tungla luuletehniliselt valdavalt traditsioonilist, erksa ja ka vaimuka keeletajuga luulet koondavad valikkogud \u201eK\u00e4si on valge ja s\u00fcsi on must: luulet 1963-2002\u201c (2002), \u201eTeeleht: valik luuletusi 1963-2017\u201c (2017) ja \u201eT\u00e4isminevik: luuletusi 1963-2025\u201c (2025). Tema luulet on palju viisistatud ning Tungal on ka paljude laulutekstide autor.<\/p>\n\n\n\n<p>Suurema osa loomingust moodustab lastele m\u00f5eldud kirjandus. Tema r\u00f5\u00f5msameelne lasteluule on hea r\u00fctmiga, k\u00f5lakujundite ja mitmeplaanilise huumori rikas. Sageli leiab luulest ootamatuid t\u00e4henduslikke nihkeid. Loomingust leiab lapses\u00f5bralikku ja eakohast luulet nii mudilastele kui suurematele. Lasteluulet koondavad valikkogud \u201eLepatriinu faksiga: lasteluulet 1973-2004\u201c (2004) ja \u201eS\u00fcdasuvi: luulet lastele 1972-2012\u201c (2012).<\/p>\n\n\n\n<p>Lasteproosas leiab nii v\u00e4iksematele lugejatele m\u00f5eldud igap\u00e4eva kooli- ja koduringis liikuvat sooja kaasaelamisega lugusid kui ka veidi vanematele lugejatele m\u00f5eldud t\u00f5sisemaid eluprobleeme puudutavaid lugusid (nt \u201eKirju liblika suvi\u201c (1986)), ent siingi ei kao autorile iseloomulik elujaatav hoiak ja soojus. Teoseid l\u00e4bib oskus n\u00e4ha maailma l\u00e4bi laste ja noorte silmade.<\/p>\n\n\n\n<p>S\u00fcgava sisseelamise ja huumoriga on laetud autobiograafilise tagap\u00f5hjaga \u201eSeltsimees lapse\u201c triloogia: \u201eSeltsimees laps ja suured inimesed\u201c (2008), \u201eSamet ja saepuru\u201c (2009) ja \u201eNaisek\u00e4e puudutus ehk Seltsimees laps ja isa\u201c (2018). Friedeberttuglasliku v\u00e4ikese Illimari uudistava ja m\u00f5istap\u00fc\u00fcdva pilguga kujutatakse 1950. aastate esimese poole karmi n\u00f5ukogulikku maailma l\u00e4bi v\u00e4ikese t\u00fcdruku silmade, kelle ema on saadetud Siberisse. Elavat vastukaja p\u00e4lvinud teosest valmis 2018. aastal ka film (re\u017e. Moonika Siimets).<\/p>\n\n\n\n<p>Tungal on ka aabitsa ja lugemike autor, kirjutanud nukun\u00e4idendeid, ooperilibretosid (nt libreto R. Kangro ja A. Valkoneni rokkooperile \u201eP\u00f5hjaneitsi\u201c (1980, koos A. Jaaksooga)), olnud viljakas publitsist ja t\u00f5lkija.<\/p>\n\n\n\n<p>Leelo Tunglast on valminud dokumentaalfilm \u201eLeelo: \u00dckskord me naerame niikuinii\u201c (re\u017eiss\u00f6\u00f6r Marta Pulk, 2025).<\/p>\n\n\n\n<p>Ta on p\u00e4lvinud rikkalikult erinevaid auhindu, n\u00e4iteks: A. H. Tammsaare nimeline kirjanduspreemia lasteraamatu \u201eBarbara ja suvekoerad\u201c eest (1993), Eduard Vilde nimeline kirjandusauhind luulekogu \u201eAinus kangelastegu on naeratus\u201c eest (1993), Karl Eduard S\u00f6\u00f6di lasteluuleauhind \u201ePalju \u00f5nne s\u00fcnnip\u00e4evaks\u201c (1995), \u201eK\u00fcll on hea!\u201c (2000) ja \u201eL\u00e4tikeelne j\u00e4\u00e4tis\u201c (2006) eest, Julius Oro nimeline lastekirjanduse preemia (1999), mitmel korral on p\u00e4lvinud Eesti Lastekirjanduse Keskuse korraldatud Nukitsa konkursil auhinna ning 2007. aastal Muhvi auhinna, Eesti Kultuurkapitali kirjanduse sihtkapitali aastapreemia lastekirjanduse vallas 1997 ja 2017, Ferdinand Johann Wiedemanni keeleauhind (2015), Virumaa kirjandusauhind ja Balti Assamblee kirjanduspreemia triloogia \u201eSeltsimees laps\u201c eest (2019), Valget\u00e4he IV klassi teenetem\u00e4rk (2005), Eesti Vabariigi kultuuripreemia elut\u00f6\u00f6 eest (2019), EELK Teeneteristi III j\u00e4rgu orden (2020), Harjumaa aukodaniku teenetem\u00e4rk (2021) ning Tallinna vapim\u00e4rk (2022).<\/p>\n\n\n\n<p><em>A. K.<\/em><\/p>\n\n\n\n<h4 class=\"wp-block-heading\"><br>Raamatud eesti keeles<\/h4>\n\n\n\n<p><strong><em>Luule<\/em><\/strong><br><strong>Kummaliselt kiivitajad kurtsid<\/strong>: luuletusi 1962-1965. Tallinn: Eesti Raamat, 1966, 72 lk.<br><strong>\u00d5itsev kuristik<\/strong>. Tallinn: Eesti Raamat, 1974, 80 lk.<br><strong>M\u00fc\u00fcdita<\/strong>. Tallinn: Eesti Raamat, 1977, 71 lk.<br><strong>Raamat ja kask<\/strong>. Tallinn: Eesti Raamat, 1979, 84 lk.<br><strong>Veni, vidi, vidiit\u2026<\/strong>: luulet 1977-1978. Tallinn: Eesti Raamat, 1979, 71 lk.<br><strong>Mullaketraja<\/strong>: luulet 1978-1979. Tallinn: Eesti Raamat, 1981, 55 lk.<br><strong>Tedrem\u00e4ng<\/strong>: luulet 1979-1980. Tallinn: Eesti Raamat, 1982, 64 lk.<br><strong>Valguse aine<\/strong>. Tallinn: Eesti Raamat, 1986, 93 lk.<br><strong>Ainus kangelastegu on naeratus<\/strong>: luulet 1980-1989. Tallinn: Eesti Raamat, 1991, 94 lk.<br><strong>Ei nime, ei hinda<\/strong>: luulet 1990-1993. Tallinn: Monokkel, 1993, 55 lk.<br><strong>K\u00e4si on valge ja s\u00fcsi on must<\/strong>: luulet 1963-2002. Tallinn: Sild, 2002, 278 lk.<br><strong>T\u00e4isminevik<\/strong>: luuletusi 1963-2007. Tallinn: T\u00e4nap\u00e4ev, 2007, 369 lk.<br><strong>Teeleht<\/strong>: valik luuletusi 1963-2017. Tallinn: Tammerraamat, 2017, 235 lk.<br><strong>T\u00e4isminevik<\/strong>: luuletusi 1963-2025. Tallinn: T\u00e4nap\u00e4ev, 2025, 436 lk.<\/p>\n\n\n\n<p><em><strong>P<\/strong><\/em><strong><em>roosa<\/em><\/strong><br><strong>Ilus vana naine<\/strong>: jutustused. Tallinn: Eesti Raamat, 1978, 99 lk.<br>Lola Fiaccola,\u00a0<strong>Humanitaarm\u00f5rv Bestoonias<\/strong>. Tallinn: Monokkel, 1993, 79 lk.<\/p>\n\n\n\n<p><strong><em>Lasteluule<\/em><\/strong><br><strong>Koera elu<\/strong>. Tallinn: Eesti Raamat, 1976, 29 lk.<br><strong>Hundi lugemine<\/strong>. Tallinn: Eesti Raamat, 1978, 28 lk.<br><strong>Mooni avastamine<\/strong>. Emale. Tallinn: Eesti Raamat, 1978, 43 lk.<br><strong>V\u00e4ike ranits<\/strong>: luuletusi pisematele koolilastele. Tallinn: Eesti Raamat, 1982, 33 lk.<br><strong>Seltsis on segasem<\/strong>. Tallinn: Eesti Raamat, 1983, 34 lk.<br><strong>Tere-tere<\/strong>. Tallinn: Eesti Raamat, 1985, 33 lk.<br><strong>Sul on teha mehet\u00f6\u00f6<\/strong>. Tallinn: Eesti Raamat, 1987, 16 lk.<br><strong>Vana vahva lasteaed<\/strong>. Tallinn: Eesti Raamat, 1988, 143 lk.<br><strong>Ema abilised<\/strong>. Tallinn: Eesti Raamat, 1991, 16 lk.<br><strong>Minu kodu<\/strong>. Tallinn: Koolibri, Printest, 1991, 31 lk.<br><strong>Aastaring<\/strong>. Tallinn: Koolibri, 1992, 33 lk.<br><strong>Tondu<\/strong>: luuletus. Tallinn: Tiritamm, 1993, 31 lk.<br><strong>Palju \u00f5nne s\u00fcnnip\u00e4evaks<\/strong>. Tallinn: Kupar, 1994, 30 lk.<br><strong>P\u00f5rsap\u00f5li<\/strong>. Tallinn: Monokkel, 1994, 31 lk.<br><strong>P\u00e4kapiku p\u00e4hklikott<\/strong>: luuletusi ja piltm\u00f5istatusi pisiperele. Rapla: Ramona, 1996, 24 lk.<br><strong>Kassileegu<\/strong>: luuletus. Tallinn: Koolibri, 1996, 26 lk.<br><strong>Tubli lapse tunnikell<\/strong>: luuletus. Tallinn: Kirilille kirjastus, 1996, 9 lk.<br><strong>K\u00f5ik on emadele kallid<\/strong>: luuletus. Tallinn: Kunst, 1996, 15 lk.<br><strong>K\u00fcll on hea<\/strong>. Tallinn: Kirilille kirjastus, 1998, 36 lk.<br><strong>Marjajuur lume all<\/strong>. Tallinn: Prisma Prindi kirjastus, 2000, 78 lk.<br><strong>Kirjad j\u00f5uluvanale<\/strong>: j\u00f5ulusalme v\u00e4ikestele ja suurtele. Tallinn: Sild, 2001, 48 lk.<br><strong>Tema amet<\/strong>: vigurpilte ja vemmalv\u00e4rsse ametimeestest ja -naistest. Tallinn: Ilo, 2001, 27 lk.<br><strong>K\u00f5ige ilusam ema<\/strong>. Tallinn: T\u00e4nap\u00e4ev, 2002, 45 lk.<br><strong>Pururikas laps<\/strong>. Tallinn: Sild, 2002, 54 lk.<br><strong>Anna ja Aadama lood<\/strong>: lugusid ja luuletusi P\u00e4ka kooli lastest. Tallinn: Avita, 2003, 88 lk.<br><strong>V\u00e4ike j\u00f5ulusoov<\/strong>: j\u00f5ulusalme v\u00e4ikestele ja suurtele. Tallinn: T\u00e4nap\u00e4ev, 2004, 46 lk. [2. tr 2022]<br><strong>Lepatriinu faksiga: lasteluulet 1973-2004<\/strong>. Tallinn: Ilo, 2004, 221 lk.<br><strong>Koer tunneb koera<\/strong>: lugusid ja luuletusi s\u00f5pradest ja s\u00f5pradele. Tallinn: T\u00e4nap\u00e4ev, 2006, 314 lk.<br><strong>Salajutt<\/strong>: luuletusi v\u00e4iksematele. Tallinn: TEA kirjastus, 2006, 45 lk.<br><strong>L\u00e4tikeelne j\u00e4\u00e4tis ja teisi luuletusi<\/strong>. Tallinn: Tuum, 2006, 86 lk.<br><strong>Sabaga p\u00e4ike<\/strong>. Tallinn: TEA kirjastus, 2007, 36 lk.<br><strong>J\u00f5uluajal juhtuvadki imed<\/strong>. Tallinn: Tammerraamat, 2009, 94 lk.<br><strong>Loomabeebits<\/strong>. Tallinn: Tammerraamat, 2009, 71 lk.<br><strong>Liisbeti p\u00e4ev<\/strong>. Tallinn: Tammerraamat, 2011, 18 lk.<br><strong>Tragi t\u00fcdruk Kata<\/strong>. Tallinn: Tammerraamat, 2011, 18 lk.<br><strong>Meie koduloomad<\/strong>. Tallinn: Tammerraamat, 2012, 20 lk.<br><strong>S\u00fcdasuvi: luulet lastele 1972-2012<\/strong>. Tallinn: Tammerraamat, 2012, 518 lk.<br><strong>Porgand t\u00f6\u00f6tab porgandina<\/strong>. Tallinn: Tammerraamat, 2013, 58 lk.<br><strong>Konn kobrulehe all<\/strong>. Tallinn: Tammerraamat, 2015, 75 lk.<br><strong>Halloo!<\/strong>. Tallinn: Tammerraamat, 2017, 47 lk.<br><strong>Anni uhke uudis<\/strong>. Tallinn: Tammerraamat, 2020, 24 lk.<br><strong>Lotte ja ta s\u00f5prade laulud<\/strong>. Tallinn: Tammerraamat, 2020, 168 lk.<br><strong>Kas printsess peseb k\u00e4si?<\/strong>\u00a0Tallinn: T\u00e4nap\u00e4ev, 2020, 56 lk.<br><strong>J\u00f5ulud tulgu!: luuletusi lastele ja p\u00e4kapikkudele<\/strong>. Tallinn: Rahva Raamatu kirjastus, 2022, 57 lk.<br><strong>Laste maitse<\/strong>: lasteluulet. Tallinn: Tammerraamat, 2023, 62 lk<br><strong>Lasteaia liivakast<\/strong>. Tallinn: Tammerraamat, 2023, 27 lk.<\/p>\n\n\n\n<p><strong><em>Lasteproosa<\/em><\/strong><br><strong>Neitsi Maarja neli p\u00e4eva<\/strong>: noorsoojutustus. Tallinn: Eesti Raamat, 1980, 176 lk. [j\u00e4rgnevad tr\u00fckid: 2008, 2021.]<br><strong>Pool koera<\/strong>: lastejutustus. Tallinn: Eesti Raamat, 1983, 72 lk. [2. tr\u00fckk: 2015].<br><strong>Kartul, lehm ja kosmonaut<\/strong>: jutustus. Tallinn: Eesti Raamat, 1986, 79 lk.<br><strong>Kirju liblika suvi<\/strong>: lastejutustus. Tallinn: Eesti Raamat, 1986, 61 lk. [2. tr\u00fckk: 2015.]<br><strong>Kristiina, see keskmine<\/strong>. Tallinn: Eesti Raamat, 1989, 92 lk. [J\u00e4rgmised tr\u00fckid: 2008, 2020.]<br><strong>Pille, Madis ja teised<\/strong>: jutustused. Tallinn: Eesti Raamat, 1989, 100 lk. [2. tr\u00fckk: 2015.]<br><strong>Barbara ja suvekoerad<\/strong>: jutustus. Tallinn: Eesti Muusikafond, 1992, 63 lk. [2. tr\u00fckk: 2016.]<br><strong>Vaesed j\u00f5ulud, rikkad j\u00f5ulud<\/strong>: muinasjutt. Tallinn: Koolibri, 1993, 24 lk.<br><strong>Vampiir ja pioneer<\/strong>: jutustus. Tallinn: Koolibri, 1993, 70 lk.<br><strong>Barbara ja s\u00fcgiskoerad<\/strong>: jutustus. Tallinn: Huma 1994, 63 lk. [2. tr\u00fckk: 2016.]<br><strong>Ema Luule j\u00f5ulukaardid<\/strong>: jutt lastele. Tallinn: Ilo, 1995, 19 lk.<br><strong>Nagu kass ja koer<\/strong>: jutud lastele. Tallinn: Kupar, 1995, 46 lk. [2. tr\u00fckk: 2009.]<br><strong>Kollitame! Kummitame!, ehk, kollikooli kasvandike juhtumisi t\u00e4nap\u00e4eval<\/strong>. Tallinn: Hotger, 1997, 43 lk. [2. tr\u00fckk: 2022.]<br><strong>Krutski linna lood<\/strong>: muinasjutte ja nuputamist. Tallinn: Kupar, 1997, 44 lk.<br><strong>Appi, appi, Triibu-Liine!, ehk, Metsik kassistamine Vana-Inimlas<\/strong>. Tallinn: Ilo, 2002, 77 lk.<br><strong>Varesele valu<\/strong>: jutustus. Tallinn: Avita, 2002, 95 lk. [2. tr\u00fckk: 2022.]<br><strong>Juku, Kalle ja kotermann Tallinnas<\/strong>. Tallinn: Huma, 2002, 47 lk.<br><strong>Anna ja Aadama lood<\/strong>: lugusid ja luuletusi P\u00e4ka kooli lastest. Tallinn: Avita, 2003, 88 lk.<br><strong>Siri Siiriuselt<\/strong>: fantastiliselt tavaline lugu. Tallinn: T\u00e4nap\u00e4ev, 2003, 108 lk.<br><strong>Siil Felix ja p\u00e4kapikk Kerli<\/strong>: muinasjutud. Tallinn: Varrak, 2004, 87 lk.<br><strong>V\u00e4ike draakon ja p\u00e4kapikud<\/strong>. Tallinn: Kalev, 2005, 75 lk.<br><strong>Siil Felix ja kriminaalne loomaaed<\/strong>: muinasjutud. Tallinn: Varrak, 2005, 119 lk.<br><strong>Siil Felix ja sekelduste s\u00fcgis<\/strong>: jutustus. Tallinn: Varrak, 2005, 109 lk.<br><strong>Hernetont Ernestiine<\/strong>: jutustus. Tallinn: Eesti Ents\u00fcklopeediakirjastus, 2005, 54 lk.<br><strong>V\u00e4ike draakon ja lohe Moneywald<\/strong>. Tallinn: Kalev, 2006, 79 lk.<br><strong>Koer tunneb koera<\/strong>: lugusid ja luuletusi s\u00f5pradest ja s\u00f5pradele. Tallinn: T\u00e4nap\u00e4ev, 2006, 314 lk.<br><strong>Seltsimees laps ja suured inimesed<\/strong>: veel \u00fcks jutustus \u00f5nnelikust lapsep\u00f5lvest. Tallinn: T\u00e4nap\u00e4ev, 2008, 215 lk. [2. tr\u00fckk: 2018.]<br><strong>Samet ja saepuru ehk Seltsimees laps ja kirjat\u00e4hed<\/strong>. Tallinn: T\u00e4nap\u00e4ev, 2009, 213 lk. [2. tr\u00fckk: 2018.]<br><strong>Kama \u00fcks ja kama kaks<\/strong>: lasteluulet. Tallinn: Menu kirjastus, 2009, 69 lk.<br>Leelo Tungal, Peep Pedmanson,\u00a0<strong>Miriami lood<\/strong>. Tallinn: Eesti P\u00e4evaleht, 2009, 88 lk.<br><strong>Kaisa, Kaspar ja kommihaldjas Amanda<\/strong>. J\u00fcri: Kalev Chocolate Factory, 2009, 63 lk.<br><strong>Mustam\u00e4e sussimurdja<\/strong>. Tallinn: TEA kirjastus, 2009, 67 lk.<br><strong>Naljatilgad l\u00e4hevad laulupeole<\/strong>. Tallinn: Menu kirjastus, 2009, 71 lk.<br><strong>J\u00f5uluvana, kes kartis lapsi<\/strong>. Tallinn: Tammerraamat, 2010, 62 lk.<br><strong>Sinilillega lumememm<\/strong>. Tallinn: Ajakirjade Kirjastus, 2013, 71 lk.<br><strong>Vanaema on meil n\u00f5id<\/strong>. Tallinn: Tammerraamat, 2014, 22 lk.<br><strong>Puudel Pedro ja igatsustasu<\/strong>. Tartu: Petrone Print, 2014, 111 lk.<br><strong>Raha-haa-haa!<\/strong>. Tallinn: Tammerraamat, 2014, 93 lk.<br><strong>J\u00e4nesepoeg otsib s\u00f5pra<\/strong>. Tallinn: Tammerraamat, 2015, 24 lk.<br><strong>Maimetsa laste lood<\/strong>. Tallinn: T\u00e4nap\u00e4ev, 2015, 264 lk.<br><strong>Barbara ja koerad<\/strong>. Tallinn: Tammerraamat, 2016, 167 lk.<br><strong>Lumemees Ludvigi \u00f5nn<\/strong>. Tallinn: Tammerraamat, 2016, 23 lk.<br><strong>Delfiin Delila suur s\u00f5ber<\/strong>. Tallinn: Tammerraamat, 2017, 28 lk.<br><strong>Naisek\u00e4e puudutus ehk Seltsimees laps ja isa<\/strong>. Tallinn: T\u00e4nap\u00e4ev, 2018, 255 lk. [2. tr\u00fckk: 2018.]<br><strong>Seltsimees laps<\/strong>. Tallinn: T\u00e4nap\u00e4ev, 2018, 512 lk.<br><strong>P\u00e4kapikud askeldavad<\/strong>. Tallinn: Tammerraamat, 2018, 58 lk.<br><strong>Saba<\/strong>. Tallinn: Tammerraamat, 2018, 24 lk.<br><strong>J\u00e4nes Juliuse arvuti<\/strong>. Tallinn: Tammerraamat, 2019, 26 lk.<br><strong>Kati, Carl ja isev\u00e4rki farm<\/strong>. Tallinn: Rahvaraamat, 2020, 159 lk.<br><strong>Pulli koera p\u00e4evik<\/strong>. Tallinn: Eesti Ajaloomuuseum, 2021, 45 lk.<br><strong>Naljatilgad l\u00e4hevad laulupeole<\/strong>. Tallinn: Rahva Raamat, 2023, 71 lk.<\/p>\n\n\n\n<p><strong><em>Leelo Tungla kohta<\/em><\/strong><br><strong>Leelo Tungal: bibliograafia<\/strong>. Tallinn: Eesti Rahvusraamatukogu, 2022, 526 lk.<\/p>\n\n\n\n<h4 class=\"wp-block-heading\"><a href=\"https:\/\/sisu.ut.ee\/ewod\/et\/t\/leelo-tungal\/leelo-tungla-kohta\/\" data-type=\"page\" data-id=\"7179\">Artiklid ja arvustused Leelo Tungla kohta<\/a><\/h4>\n","protected":false},"excerpt":{"rendered":"<p>Leelo Tungal (s\u00fcndinud 22. VI 1947) on luuletaja ning lastekirjanik. Tungal on s\u00fcndinud Tallinnas, \u00f5ppis Ruilas ja Tallinnas ning Tartu Riiklikus \u00dclikoolis eesti filoloogiat. On t\u00f6\u00f6tanud \u00f5petajana, mitmete v\u00e4ljaannete toimetuses, olnud Nukuteatri kirjandusala juhataja, toimetanud ajakirju T\u00e4heke, Pioneer ja Hea &#8230;<\/p>\n","protected":false},"author":43,"featured_media":0,"parent":6510,"menu_order":0,"comment_status":"closed","ping_status":"closed","template":"","meta":{"_acf_changed":false,"inline_featured_image":false,"footnotes":""},"class_list":["post-7174","page","type-page","status-publish","hentry"],"acf":[],"_links":{"self":[{"href":"https:\/\/sisu.ut.ee\/ewod\/et\/wp-json\/wp\/v2\/pages\/7174","targetHints":{"allow":["GET"]}}],"collection":[{"href":"https:\/\/sisu.ut.ee\/ewod\/et\/wp-json\/wp\/v2\/pages"}],"about":[{"href":"https:\/\/sisu.ut.ee\/ewod\/et\/wp-json\/wp\/v2\/types\/page"}],"author":[{"embeddable":true,"href":"https:\/\/sisu.ut.ee\/ewod\/et\/wp-json\/wp\/v2\/users\/43"}],"replies":[{"embeddable":true,"href":"https:\/\/sisu.ut.ee\/ewod\/et\/wp-json\/wp\/v2\/comments?post=7174"}],"version-history":[{"count":5,"href":"https:\/\/sisu.ut.ee\/ewod\/et\/wp-json\/wp\/v2\/pages\/7174\/revisions"}],"predecessor-version":[{"id":7185,"href":"https:\/\/sisu.ut.ee\/ewod\/et\/wp-json\/wp\/v2\/pages\/7174\/revisions\/7185"}],"up":[{"embeddable":true,"href":"https:\/\/sisu.ut.ee\/ewod\/et\/wp-json\/wp\/v2\/pages\/6510"}],"wp:attachment":[{"href":"https:\/\/sisu.ut.ee\/ewod\/et\/wp-json\/wp\/v2\/media?parent=7174"}],"curies":[{"name":"wp","href":"https:\/\/api.w.org\/{rel}","templated":true}]}}